{"id":1969,"date":"2025-04-25T15:31:14","date_gmt":"2025-04-25T13:31:14","guid":{"rendered":"https:\/\/cv-creativa.de\/?page_id=1969"},"modified":"2025-04-25T15:31:14","modified_gmt":"2025-04-25T13:31:14","slug":"privacy-policy","status":"publish","type":"page","link":"https:\/\/cv-creativa.de\/de\/privacy-policy\/","title":{"rendered":"Privacy Policy"},"content":{"rendered":"<p>Bienvenido a https:\/\/cv-creativa.de (el &#8220;sitio&#8221;). Entendemos que la privacidad en l\u00ednea es importante para los usuarios de nuestro Sitio, especialmente cuando realizan negocios. Esta declaraci\u00f3n rige nuestras pol\u00edticas de privacidad con respecto a aquellos usuarios del Sitio (&#8220;Visitantes&#8221;) que visitan sin realizar transacciones comerciales y Visitantes que se registran para realizar transacciones comerciales en el Sitio y hacen uso de los diversos servicios ofrecidos por<br \/>\ncv-creativa (colectivamente, &#8220;Servicios&#8221;) (&#8220;Clientes autorizados&#8221;).<\/p>\n<h3>&#8220;Informaci\u00f3n de identificaci\u00f3n personal&#8221;<\/h3>\n<p>se refiere a cualquier informaci\u00f3n que identifique o pueda usarse para identificar, contactar o ubicar a la persona a quien pertenece dicha informaci\u00f3n, incluidos, entre otros, nombre, direcci\u00f3n, n\u00famero de tel\u00e9fono, n\u00famero de fax, direcci\u00f3n de correo electr\u00f3nico, perfiles financieros, seguridad social n\u00famero e informaci\u00f3n de la tarjeta de cr\u00e9dito. La informaci\u00f3n de identificaci\u00f3n personal no incluye informaci\u00f3n que se recopila de forma an\u00f3nima (es decir, sin la identificaci\u00f3n del usuario individual) o informaci\u00f3n demogr\u00e1fica no relacionada con una persona identificada.<\/p>\n<h3>Lo que personalmente se recopila informaci\u00f3n de identificaci\u00f3n?<\/h3>\n<p>Podemos recopilar informaci\u00f3n b\u00e1sica del perfil de usuario de todos nuestros Visitantes. Recopilamos la siguiente informaci\u00f3n adicional de nuestros Clientes Autorizados: Nombre, direcci\u00f3n de correo electr\u00f3nico,<\/p>\n<h3>Que organizaciones est\u00e1n recopilando la informaci\u00f3n?<\/h3>\n<p>Adem\u00e1s de nuestra recopilaci\u00f3n directa de informaci\u00f3n, nuestros proveedores de servicios externos (como compa\u00f1\u00edas de tarjetas de cr\u00e9dito, c\u00e1maras de compensaci\u00f3n y bancos) que pueden proporcionar servicios tales como servicios de cr\u00e9dito, seguros y dep\u00f3sito en garant\u00eda pueden recopilar esta informaci\u00f3n de nuestros Visitantes y Clientes autorizados. No controlamos c\u00f3mo estos terceros usan dicha informaci\u00f3n, pero les pedimos que divulguen c\u00f3mo usan la informaci\u00f3n personal que les proporcionan los Visitantes y los Clientes autorizados. Algunos de estos terceros pueden ser intermediarios que act\u00faan \u00fanicamente como eslabones en la cadena de distribuci\u00f3n y no almacenan, retienen ni utilizan la informaci\u00f3n que se les proporciona.<\/p>\n<h3>Como utiliza el Sitio la informaci\u00f3n de identificaci\u00f3n personal?<\/h3>\n<p>Usamos informaci\u00f3n de identificaci\u00f3n personal para personalizar el sitio, realizar ofertas de servicios adecuadas y cumplir con las solicitudes de compra y venta en el sitio. Podemos enviar correos electr\u00f3nicos a los Visitantes y Clientes autorizados sobre investigaciones u oportunidades de compra y venta en el Sitio o informaci\u00f3n relacionada con el tema del Sitio. Tambi\u00e9n podemos usar informaci\u00f3n de identificaci\u00f3n personal para contactar a los visitantes y clientes autorizados en respuesta a consultas espec\u00edficas o para proporcionar la informaci\u00f3n solicitada.<\/p>\n<h3>Con quien se podr\u00e1 compartir la informaci\u00f3n?<\/h3>\n<p>La informaci\u00f3n de identificaci\u00f3n personal sobre los Clientes autorizados se puede compartir con otros Clientes autorizados que deseen evaluar transacciones potenciales con otros Clientes autorizados. Podemos compartir informaci\u00f3n agregada sobre nuestros Visitantes, incluidos los datos demogr\u00e1ficos de nuestros Visitantes y Clientes autorizados, con nuestras agencias afiliadas y proveedores externos. Tambi\u00e9n ofrecemos la oportunidad de &#8220;optar por no recibir&#8221; informaci\u00f3n o ser contactado por nosotros o por cualquier agencia que act\u00fae en nuestro nombre.<\/p>\n<h3>\u00bfC\u00f3mo se almacena informaci\u00f3n de identificaci\u00f3n personal?<\/h3>\n<p>Informaci\u00f3n de identificaci\u00f3n personal recopilada por cv-creativa se almacena de forma segura y no es accesible para terceros o empleados de cv-creativa excepto para el uso indicado anteriormente.<\/p>\n<h3>Que opciones tienen los Visitantes sobre la recolecci\u00f3n, uso y distribucion de la informaci\u00f3n?<\/h3>\n<p>Los visitantes y clientes autorizados pueden optar por no recibir informaci\u00f3n no solicitada o de ser contactado por nosotros y \/ o nuestros proveedores y afiliados agencias respondiendo a mensajes de correo electr\u00f3nico con las instrucciones, o poni\u00e9ndose en contacto con nosotros a trav\u00e9s de nuestro Help Desk cv_creativa@gmx.de<\/p>\n<h3>Cookies<\/h3>\n<p>Una cookie es una cadena de informaci\u00f3n que los sitios web almacenan en la computadora de los visitantes y que se proporciona al sitio web a trav\u00e9s del navegador del visitante cada vez que este accede al sitio web.<\/p>\n<p>Utilizamos &#8220;cookies&#8221; para recopilar informaci\u00f3n. Puede indicar a su navegador que rechace todas las cookies o que indique cu\u00e1ndo se env\u00eda una cookie. Sin embargo, si no acepta las cookies, es posible que no pueda utilizar algunas partes de nuestro Servicio.<\/p>\n<h3>Se usan &#8220;cookies&#8221; en el Sitio?<\/h3>\n<p>Las cookies se utilizan por una variedad de razones. Utilizamos Cookies para obtener informaci\u00f3n sobre las preferencias de nuestros Visitantes y los servicios que seleccionan. Tambi\u00e9n utilizamos cookies por motivos de seguridad para proteger a nuestros clientes autorizados. Por ejemplo, si un Cliente autorizado inicia sesi\u00f3n y el sitio no se utiliza durante m\u00e1s de 10 minutos, autom\u00e1ticamente cerraremos la sesi\u00f3n del Cliente autorizado. Los visitantes que no deseen que se coloquen cookies en sus computadoras deben configurar sus navegadores para que rechacen las cookies antes de usarlas https:\/\/cv-creativa.de , con el inconveniente de que ciertas caracter\u00edsticas del sitio web pueden no funcionar correctamente sin la ayuda de cookies.<\/p>\n<h3>Cookies utilizadas por nuestros proveedores de servicios<\/h3>\n<p>Nuestros proveedores de servicios utilizan cookies y esas cookies pueden almacenarse en su computadora cuando visita nuestro sitio web. Puede encontrar m\u00e1s detalles sobre qu\u00e9 cookies se utilizan en nuestra p\u00e1gina de informaci\u00f3n sobre cookies.<\/p>\n<h3>C\u00f3mo utiliza cv-creativa los datos de acceso?<\/h3>\n<p>cv-creativa puede utilizar informaci\u00f3n de inicio de sesi\u00f3n, incluidas, entre otras, direcciones IP, ISP y tipos de navegador, versi\u00f3n del navegador, p\u00e1ginas visitadas, fecha y hora de la visita, para analizar tendencias, administrar el Sitio, rastrear el movimiento y el uso de un usuario y recopilar informaci\u00f3n demogr\u00e1fica amplia.<\/p>\n<h3>Que socios o proveedores de servicios tienen acceso a la informaci\u00f3n del visitantes y \/ o clientes autorizados en el sitio?<\/h3>\n<p>cv-creativa ha establecido y continuar\u00e1 estableciendo asociaciones y otras afiliaciones con diversos proveedores. Dichos proveedores pueden tener acceso a determinada informaci\u00f3n de identificaci\u00f3n personal cuando sea necesario para evaluar la idoneidad de los clientes autorizados para el servicio. Nuestra pol\u00edtica de privacidad no cubre la recopilaci\u00f3n o el uso de esta informaci\u00f3n.<\/p>\n<h3>Como se mantiene segura la Informaci\u00f3n?<\/h3>\n<p>Todos nuestros empleados est\u00e1n familiarizados con nuestra pol\u00edtica y pr\u00e1cticas de seguridad. La informaci\u00f3n de identificaci\u00f3n personal de nuestros visitantes y clientes autorizados solo es accesible para un n\u00famero limitado de empleados calificados a quienes se les proporciona una contrase\u00f1a para poder acceder a la informaci\u00f3n. Auditamos nuestros sistemas y procesos de seguridad peri\u00f3dicamente. La informaci\u00f3n confidencial, como n\u00fameros de tarjetas de cr\u00e9dito o n\u00fameros de seguro social, est\u00e1 protegida por protocolos de encriptaci\u00f3n, establecidos para proteger la informaci\u00f3n enviada a trav\u00e9s de Internet. Si bien tomamos medidas comercialmente razonables para mantener un sitio seguro, las comunicaciones electr\u00f3nicas y las bases de datos est\u00e1n sujetas a errores, manipulaciones e intrusiones, y no podemos garantizar que tales eventos no se llevar\u00e1n a cabo y no seremos responsables ante los Visitantes o Clientes autorizados para tales ocurrencias.<\/p>\n<h3>\u00bfC\u00f3mo pueden los visitantes corregir cualquier inexactitud en la informaci\u00f3n personalmente identificable?<\/h3>\n<p>Los visitantes y clientes autorizados pueden ponerse en contacto con nosotros para actualizar sus datos personales o corregir cualquier inexactitud envi\u00e1ndonos un correo electr\u00f3nico a la direcci\u00f3n cv_creativa@gmx.de .<\/p>\n<h3>Puede un Visitante eliminar o desactivar la informaci\u00f3n recolectada por el sitio?<\/h3>\n<p>Proporcionamos a los visitantes y clientes autorizados un mecanismo para eliminar\/desactivar la informaci\u00f3n de identificaci\u00f3n personal de la base de datos del sitio contactando. Sin embargo, debido a las copias de seguridad y los registros de eliminaciones, puede ser imposible eliminar la entrada de un Visitante sin conservar alguna informaci\u00f3n residual. Una persona que solicite que se desactive la informaci\u00f3n de identificaci\u00f3n personal, esta informaci\u00f3n se eliminar\u00e1 funcionalmente, y no venderemos, transferiremos ni utilizaremos la informaci\u00f3n de identificaci\u00f3n personal relacionada con esa persona de ninguna manera en el futuro.<\/p>\n<h3>Sus derechos<\/h3>\n<p>Estos son los derechos resumidos que tiene bajo la ley de protecci\u00f3n de datos<\/p>\n<ul>\n<li>Derecho de acceso<\/li>\n<li>Derecho de rectificaci\u00f3n<\/li>\n<li>El derecho a la supresi\u00f3n<\/li>\n<li>Derecho a restringir el tratamiento<\/li>\n<li>Derecho de oponerse al tratamiento<\/li>\n<li>El derecho a la portabilidad de los datos<\/li>\n<li>El derecho a presentar una reclamaci\u00f3n ante una autoridad de control<\/li>\n<li>El derecho a retirar el consentimiento<\/li>\n<\/ul>\n<h3>Privacidad de los ni\u00f1os<\/h3>\n<p>Nuestro Servicio no se dirige a &#8220;Ni\u00f1os&#8221;, a ninguna persona menor de 18 a\u00f1os, y no recopilamos a sabiendas informaci\u00f3n de identificaci\u00f3n personal de ni\u00f1os menores de 18 a\u00f1os.<\/p>\n<p>Si usted es un padre o tutor y sabe que su hijo nos ha proporcionado informaci\u00f3n personal, p\u00f3ngase en contacto con nosotros de inmediato en los datos de contacto proporcionados. Si llegamos a saber que los ni\u00f1os menores de 18 a\u00f1os han proporcionado informaci\u00f3n personal, eliminaremos la informaci\u00f3n de nuestros servidores de inmediato.<\/p>\n<h3>Observancia de las leyes<\/h3>\n<p>Divulgaci\u00f3n de informaci\u00f3n de identificaci\u00f3n personal para cumplir con la ley. Divulgaremos informaci\u00f3n de identificaci\u00f3n personal para cumplir con una orden judicial o citaci\u00f3n o una solicitud de una agencia de aplicaci\u00f3n de la ley para divulgar informaci\u00f3n. Tambi\u00e9n divulgaremos informaci\u00f3n de identificaci\u00f3n personal cuando sea razonablemente necesario para proteger la seguridad de nuestros visitantes y clientes autorizados.<\/p>\n<h3>Que pasa si la pol\u00edtica de privacidad cambia?<\/h3>\n<p>Informaremos a nuestros Visitantes y Clientes autorizados sobre los cambios en nuestra pol\u00edtica de privacidad mediante la publicaci\u00f3n de dichos cambios en el Sitio. Sin embargo, si cambiamos nuestra pol\u00edtica de privacidad de una manera que pueda causar la divulgaci\u00f3n de informaci\u00f3n de identificaci\u00f3n personal que un Visitante o Cliente autorizado ha solicitado previamente que no se divulgue, nos comunicaremos con dicho Visitante o Cliente autorizado para permitir que dicho Visitante o Cliente autorizado evite tal divulgaci\u00f3n.<\/p>\n<h3>Enlaces externos<\/h3>\n<p>Tenga en cuenta que al hacer clic en uno de estos enlaces, usted se est\u00e1 moviendo a otro sitio web. Le animamos a leer las declaraciones de privacidad de estos sitios vinculados, ya sus pol\u00edticas de privacidad pueden diferir de las nuestras.<\/p>\n<h3>Cont\u00e1ctenos<\/h3>\n<p>Si usted tiene alguna pregunta sobre esta Pol\u00edtica de Privacidad, por favor, p\u00f3ngase en contacto con nosotros: cv_creativa@gmx.de<\/p>\n<hr \/>\n<p>\u00daltima actualizaci\u00f3n: April 25, 2025<\/p>","protected":false},"excerpt":{"rendered":"<p>Bienvenido a https:\/\/cv-creativa.de (el &#8220;sitio&#8221;). Entendemos que la privacidad en l\u00ednea es importante para los usuarios de nuestro Sitio, especialmente cuando realizan negocios. Esta declaraci\u00f3n rige nuestras pol\u00edticas de privacidad con respecto a aquellos usuarios del Sitio (&#8220;Visitantes&#8221;) que visitan sin realizar transacciones comerciales y Visitantes que se registran para realizar transacciones comerciales en el&hellip;&nbsp;<a href=\"https:\/\/cv-creativa.de\/de\/privacy-policy\/\" rel=\"bookmark\">Weiterlesen &raquo;<span class=\"screen-reader-text\">Privacy Policy<\/span><\/a><\/p>","protected":false},"author":1,"featured_media":0,"parent":0,"menu_order":0,"comment_status":"closed","ping_status":"closed","template":"","meta":{"neve_meta_sidebar":"","neve_meta_container":"","neve_meta_enable_content_width":"off","neve_meta_content_width":0,"neve_meta_title_alignment":"","neve_meta_author_avatar":"","neve_post_elements_order":"","neve_meta_disable_header":"","neve_meta_disable_footer":"","neve_meta_disable_title":"","footnotes":""},"class_list":["post-1969","page","type-page","status-publish","hentry"],"yoast_head":"<!-- This site is optimized with the Yoast SEO plugin v27.6 - https:\/\/yoast.com\/product\/yoast-seo-wordpress\/ -->\n<title>Privacy Policy<\/title>\n<meta name=\"robots\" content=\"index, follow, max-snippet:-1, max-image-preview:large, max-video-preview:-1\" \/>\n<link rel=\"canonical\" href=\"https:\/\/cv-creativa.de\/de\/privacy-policy\/\" \/>\n<meta property=\"og:locale\" content=\"de_DE\" \/>\n<meta property=\"og:type\" content=\"article\" \/>\n<meta property=\"og:title\" content=\"Privacy Policy\" \/>\n<meta property=\"og:description\" content=\"Bienvenido a https:\/\/cv-creativa.de (el &#8220;sitio&#8221;). Entendemos que la privacidad en l\u00ednea es importante para los usuarios de nuestro Sitio, especialmente cuando realizan negocios. Esta declaraci\u00f3n rige nuestras pol\u00edticas de privacidad con respecto a aquellos usuarios del Sitio (&#8220;Visitantes&#8221;) que visitan sin realizar transacciones comerciales y Visitantes que se registran para realizar transacciones comerciales en el&hellip;&nbsp;Weiterlesen &raquo;Privacy Policy\" \/>\n<meta property=\"og:url\" content=\"https:\/\/cv-creativa.de\/de\/privacy-policy\/\" \/>\n<meta property=\"article:publisher\" content=\"https:\/\/www.facebook.com\/claudia.vigorenasalomon\" \/>\n<meta property=\"og:image\" content=\"https:\/\/cv-creativa.de\/wp-content\/uploads\/2021\/01\/cropped-Logo-nuevo.jpg\" \/>\n\t<meta property=\"og:image:width\" content=\"173\" \/>\n\t<meta property=\"og:image:height\" content=\"175\" \/>\n\t<meta property=\"og:image:type\" content=\"image\/jpeg\" \/>\n<meta name=\"twitter:card\" content=\"summary_large_image\" \/>\n<meta name=\"twitter:label1\" content=\"Gesch\u00e4tzte Lesezeit\" \/>\n\t<meta name=\"twitter:data1\" content=\"8\u00a0Minuten\" \/>\n<script type=\"application\/ld+json\" class=\"yoast-schema-graph\">{\"@context\":\"https:\\\/\\\/schema.org\",\"@graph\":[{\"@type\":\"WebPage\",\"@id\":\"https:\\\/\\\/cv-creativa.de\\\/privacy-policy\\\/\",\"url\":\"https:\\\/\\\/cv-creativa.de\\\/privacy-policy\\\/\",\"name\":\"Privacy Policy\",\"isPartOf\":{\"@id\":\"https:\\\/\\\/cv-creativa.de\\\/#website\"},\"datePublished\":\"2025-04-25T13:31:14+00:00\",\"breadcrumb\":{\"@id\":\"https:\\\/\\\/cv-creativa.de\\\/privacy-policy\\\/#breadcrumb\"},\"inLanguage\":\"de\",\"potentialAction\":[{\"@type\":\"ReadAction\",\"target\":[\"https:\\\/\\\/cv-creativa.de\\\/privacy-policy\\\/\"]}]},{\"@type\":\"BreadcrumbList\",\"@id\":\"https:\\\/\\\/cv-creativa.de\\\/privacy-policy\\\/#breadcrumb\",\"itemListElement\":[{\"@type\":\"ListItem\",\"position\":1,\"name\":\"Portada\",\"item\":\"https:\\\/\\\/cv-creativa.de\\\/\"},{\"@type\":\"ListItem\",\"position\":2,\"name\":\"Privacy Policy\"}]},{\"@type\":\"WebSite\",\"@id\":\"https:\\\/\\\/cv-creativa.de\\\/#website\",\"url\":\"https:\\\/\\\/cv-creativa.de\\\/\",\"name\":\"Crea tu mundo. Crea tu estilo.\",\"description\":\"\",\"publisher\":{\"@id\":\"https:\\\/\\\/cv-creativa.de\\\/#organization\"},\"potentialAction\":[{\"@type\":\"SearchAction\",\"target\":{\"@type\":\"EntryPoint\",\"urlTemplate\":\"https:\\\/\\\/cv-creativa.de\\\/?s={search_term_string}\"},\"query-input\":{\"@type\":\"PropertyValueSpecification\",\"valueRequired\":true,\"valueName\":\"search_term_string\"}}],\"inLanguage\":\"de\"},{\"@type\":\"Organization\",\"@id\":\"https:\\\/\\\/cv-creativa.de\\\/#organization\",\"name\":\"cv-creativa\",\"url\":\"https:\\\/\\\/cv-creativa.de\\\/\",\"logo\":{\"@type\":\"ImageObject\",\"inLanguage\":\"de\",\"@id\":\"https:\\\/\\\/cv-creativa.de\\\/#\\\/schema\\\/logo\\\/image\\\/\",\"url\":\"https:\\\/\\\/cv-creativa.de\\\/wp-content\\\/uploads\\\/2021\\\/01\\\/cropped-Logo-nuevo.jpg\",\"contentUrl\":\"https:\\\/\\\/cv-creativa.de\\\/wp-content\\\/uploads\\\/2021\\\/01\\\/cropped-Logo-nuevo.jpg\",\"width\":173,\"height\":175,\"caption\":\"cv-creativa\"},\"image\":{\"@id\":\"https:\\\/\\\/cv-creativa.de\\\/#\\\/schema\\\/logo\\\/image\\\/\"},\"sameAs\":[\"https:\\\/\\\/www.facebook.com\\\/claudia.vigorenasalomon\",\"https:\\\/\\\/www.instagram.com\\\/cv_creativa\\\/\",\"https:\\\/\\\/www.pinterest.de\\\/cv_vigorena\"]}]}<\/script>\n<!-- \/ Yoast SEO plugin. -->","yoast_head_json":{"title":"Privacy Policy","robots":{"index":"index","follow":"follow","max-snippet":"max-snippet:-1","max-image-preview":"max-image-preview:large","max-video-preview":"max-video-preview:-1"},"canonical":"https:\/\/cv-creativa.de\/de\/privacy-policy\/","og_locale":"de_DE","og_type":"article","og_title":"Privacy Policy","og_description":"Bienvenido a https:\/\/cv-creativa.de (el &#8220;sitio&#8221;). Entendemos que la privacidad en l\u00ednea es importante para los usuarios de nuestro Sitio, especialmente cuando realizan negocios. Esta declaraci\u00f3n rige nuestras pol\u00edticas de privacidad con respecto a aquellos usuarios del Sitio (&#8220;Visitantes&#8221;) que visitan sin realizar transacciones comerciales y Visitantes que se registran para realizar transacciones comerciales en el&hellip;&nbsp;Weiterlesen &raquo;Privacy Policy","og_url":"https:\/\/cv-creativa.de\/de\/privacy-policy\/","article_publisher":"https:\/\/www.facebook.com\/claudia.vigorenasalomon","og_image":[{"width":173,"height":175,"url":"https:\/\/cv-creativa.de\/wp-content\/uploads\/2021\/01\/cropped-Logo-nuevo.jpg","type":"image\/jpeg"}],"twitter_card":"summary_large_image","twitter_misc":{"Gesch\u00e4tzte Lesezeit":"8\u00a0Minuten"},"schema":{"@context":"https:\/\/schema.org","@graph":[{"@type":"WebPage","@id":"https:\/\/cv-creativa.de\/privacy-policy\/","url":"https:\/\/cv-creativa.de\/privacy-policy\/","name":"Privacy Policy","isPartOf":{"@id":"https:\/\/cv-creativa.de\/#website"},"datePublished":"2025-04-25T13:31:14+00:00","breadcrumb":{"@id":"https:\/\/cv-creativa.de\/privacy-policy\/#breadcrumb"},"inLanguage":"de","potentialAction":[{"@type":"ReadAction","target":["https:\/\/cv-creativa.de\/privacy-policy\/"]}]},{"@type":"BreadcrumbList","@id":"https:\/\/cv-creativa.de\/privacy-policy\/#breadcrumb","itemListElement":[{"@type":"ListItem","position":1,"name":"Portada","item":"https:\/\/cv-creativa.de\/"},{"@type":"ListItem","position":2,"name":"Privacy Policy"}]},{"@type":"WebSite","@id":"https:\/\/cv-creativa.de\/#website","url":"https:\/\/cv-creativa.de\/","name":"Crea tu mundo. Crea tu estilo.","description":"","publisher":{"@id":"https:\/\/cv-creativa.de\/#organization"},"potentialAction":[{"@type":"SearchAction","target":{"@type":"EntryPoint","urlTemplate":"https:\/\/cv-creativa.de\/?s={search_term_string}"},"query-input":{"@type":"PropertyValueSpecification","valueRequired":true,"valueName":"search_term_string"}}],"inLanguage":"de"},{"@type":"Organization","@id":"https:\/\/cv-creativa.de\/#organization","name":"cv-creativa","url":"https:\/\/cv-creativa.de\/","logo":{"@type":"ImageObject","inLanguage":"de","@id":"https:\/\/cv-creativa.de\/#\/schema\/logo\/image\/","url":"https:\/\/cv-creativa.de\/wp-content\/uploads\/2021\/01\/cropped-Logo-nuevo.jpg","contentUrl":"https:\/\/cv-creativa.de\/wp-content\/uploads\/2021\/01\/cropped-Logo-nuevo.jpg","width":173,"height":175,"caption":"cv-creativa"},"image":{"@id":"https:\/\/cv-creativa.de\/#\/schema\/logo\/image\/"},"sameAs":["https:\/\/www.facebook.com\/claudia.vigorenasalomon","https:\/\/www.instagram.com\/cv_creativa\/","https:\/\/www.pinterest.de\/cv_vigorena"]}]}},"_links":{"self":[{"href":"https:\/\/cv-creativa.de\/de\/wp-json\/wp\/v2\/pages\/1969","targetHints":{"allow":["GET"]}}],"collection":[{"href":"https:\/\/cv-creativa.de\/de\/wp-json\/wp\/v2\/pages"}],"about":[{"href":"https:\/\/cv-creativa.de\/de\/wp-json\/wp\/v2\/types\/page"}],"author":[{"embeddable":true,"href":"https:\/\/cv-creativa.de\/de\/wp-json\/wp\/v2\/users\/1"}],"replies":[{"embeddable":true,"href":"https:\/\/cv-creativa.de\/de\/wp-json\/wp\/v2\/comments?post=1969"}],"version-history":[{"count":3,"href":"https:\/\/cv-creativa.de\/de\/wp-json\/wp\/v2\/pages\/1969\/revisions"}],"predecessor-version":[{"id":1972,"href":"https:\/\/cv-creativa.de\/de\/wp-json\/wp\/v2\/pages\/1969\/revisions\/1972"}],"wp:attachment":[{"href":"https:\/\/cv-creativa.de\/de\/wp-json\/wp\/v2\/media?parent=1969"}],"curies":[{"name":"wp","href":"https:\/\/api.w.org\/{rel}","templated":true}]}}