{"id":273,"date":"2021-01-14T18:35:25","date_gmt":"2021-01-14T17:35:25","guid":{"rendered":"http:\/\/cv-creativa.de\/?page_id=273"},"modified":"2021-01-19T15:03:33","modified_gmt":"2021-01-19T14:03:33","slug":"quien-soy","status":"publish","type":"page","link":"https:\/\/cv-creativa.de\/de\/quien-soy\/","title":{"rendered":"Wer bin ich"},"content":{"rendered":"<div data-elementor-type=\"wp-page\" data-elementor-id=\"273\" class=\"elementor elementor-273\">\n\t\t\t\t\t\t<section class=\"elementor-section elementor-top-section elementor-element elementor-element-39434bfa elementor-section-content-middle elementor-section-boxed elementor-section-height-default elementor-section-height-default\" data-id=\"39434bfa\" data-element_type=\"section\" data-e-type=\"section\">\n\t\t\t\t\t\t<div class=\"elementor-container elementor-column-gap-default\">\n\t\t\t\t\t<div class=\"elementor-column elementor-col-50 elementor-top-column elementor-element elementor-element-4df53b8f\" data-id=\"4df53b8f\" data-element_type=\"column\" data-e-type=\"column\">\n\t\t\t<div class=\"elementor-widget-wrap elementor-element-populated\">\n\t\t\t\t\t\t<div class=\"elementor-element elementor-element-7a093dea elementor-widget-divider--view-line elementor-widget elementor-widget-divider\" data-id=\"7a093dea\" data-element_type=\"widget\" data-e-type=\"widget\" data-widget_type=\"divider.default\">\n\t\t\t\t<div class=\"elementor-widget-container\">\n\t\t\t\t\t\t\t<div class=\"elementor-divider\">\n\t\t\t<span class=\"elementor-divider-separator\">\n\t\t\t\t\t\t<\/span>\n\t\t<\/div>\n\t\t\t\t\t\t<\/div>\n\t\t\t\t<\/div>\n\t\t\t\t<div class=\"elementor-element elementor-element-7e3a7bfa elementor-widget elementor-widget-text-editor\" data-id=\"7e3a7bfa\" data-element_type=\"widget\" data-e-type=\"widget\" data-widget_type=\"text-editor.default\">\n\t\t\t\t<div class=\"elementor-widget-container\">\n\t\t\t\t\t\t\t\t\t<p>Hallo, mein Name ist Claudia Vigorena. Ich bin Chilenin und wurde im S\u00fcden der Welt, in Punta Arenas, geboren. Seit 2001 bin ich gl\u00fccklich verheiratet. Ich bin Mutter von vier Kindern, Designerin und liebe Handarbeiten, insbesondere solche aus Garn und Wolle.<\/p><p>Mein Interesse f\u00fcr Wolle reicht bis in meine Kindheit zur\u00fcck. Zu Hause strickte meine Mutter f\u00fcr uns (wir waren auch zu viert) alles M\u00f6gliche. Und da es in Punta Arenas im Winter so kalt und windig ist, schickte uns meine Gro\u00dfmutter auch gestrickte Kleidung. Jede Wolle war sch\u00f6ner als die andere, da mein Gro\u00dfvater sie aus der Wollfabrik schickte, in der er als Designer arbeitete. Mein Gro\u00dfvater war Textiltechniker und entwickelte neue Garne und Kombinationen. Er brachte uns bei, wie jedes Garn fallen sollte usw.<\/p><p>Mein erstes Gesch\u00e4ft war das Besticken und Verkaufen von K\u00fcchent\u00fcchern. Das war ziemlich erfolgreich! Seit ich 10 Jahre alt war, habe ich fast alle meine Pullover selbst gestrickt, damit niemand das Gleiche hatte wie ich. Ich habe auch gestrickt, um Geschenke zu machen.<\/p><p>Cuando comenc\u00e9 a estudiar dise\u00f1o dej\u00e9 de tejer por falta de tiempo, pero segu\u00ed bordando. Cada vez menos, hasta que lo dej\u00e9 por completo cuando nos mudamos a Alemania. Ah\u00ed mi ocupaci\u00f3n principal era la familia, aprender el idioma y la integraci\u00f3n. Trabajos que hice con gran \u00e9xito! (aparte del idioma&#8230;)<\/p><p>Im Jahr 2012 schlug mir meine Mutter vor, dass wir gemeinsam ein \u201eGesch\u00e4ft\u201d aufbauen und uns dem Stricken widmen sollten. Ein Jahr sp\u00e4ter starb sie an Krebs. Erst 2018 wagte ich mich langsam wieder an die Stricknadeln und die H\u00e4kelnadel heran. Ich fertigte Amigurumis als Geschenke an. Seitdem habe ich nicht mehr aufgeh\u00f6rt. Ich habe gemerkt, wie viel Freude es dem Beschenkten macht, etwas Einzigartiges zu besitzen, und wie viel Freude es mir macht, es herzustellen.<\/p><p>Meine Familie ist mein gr\u00f6\u00dfter Antrieb, sie unterst\u00fctzt mich unendlich und daf\u00fcr bin ich ihr von ganzem Herzen dankbar.<\/p>\t\t\t\t\t\t\t\t<\/div>\n\t\t\t\t<\/div>\n\t\t\t\t\t<\/div>\n\t\t<\/div>\n\t\t\t\t<div class=\"elementor-column elementor-col-50 elementor-top-column elementor-element elementor-element-5d72b43e elementor-sm-100\" data-id=\"5d72b43e\" data-element_type=\"column\" data-e-type=\"column\">\n\t\t\t<div class=\"elementor-widget-wrap elementor-element-populated\">\n\t\t\t\t\t\t<div class=\"elementor-element elementor-element-187620e9 gallery-spacing-custom elementor-widget elementor-widget-image-gallery\" data-id=\"187620e9\" data-element_type=\"widget\" data-e-type=\"widget\" data-widget_type=\"image-gallery.default\">\n\t\t\t\t<div class=\"elementor-widget-container\">\n\t\t\t\t\t\t\t<div class=\"elementor-image-gallery\">\n\t\t\t<div id='gallery-1' class='gallery galleryid-273 gallery-columns-1 gallery-size-full'><figure class='gallery-item'>\n\t\t\t<div class='gallery-icon portrait'>\n\t\t\t\t<a data-elementor-open-lightbox=\"yes\" data-elementor-lightbox-slideshow=\"187620e9\" data-elementor-lightbox-title=\"manta Rodrigo neu\" data-e-action-hash=\"#elementor-action%3Aaction%3Dlightbox%26settings%3DeyJpZCI6Mjk2LCJ1cmwiOiJodHRwczpcL1wvY3YtY3JlYXRpdmEuZGVcL3dwLWNvbnRlbnRcL3VwbG9hZHNcLzIwMjFcLzAxXC9tYW50YS1Sb2RyaWdvLW5ldS0xLXNjYWxlZC5qcGciLCJzbGlkZXNob3ciOiIxODc2MjBlOSJ9\" href='https:\/\/cv-creativa.de\/wp-content\/uploads\/2021\/01\/manta-Rodrigo-neu-1-scaled.jpg'><img fetchpriority=\"high\" decoding=\"async\" width=\"1246\" height=\"2560\" src=\"https:\/\/cv-creativa.de\/wp-content\/uploads\/2021\/01\/manta-Rodrigo-neu-1-scaled.jpg\" class=\"attachment-full size-full\" alt=\"\" srcset=\"https:\/\/cv-creativa.de\/wp-content\/uploads\/2021\/01\/manta-Rodrigo-neu-1-scaled.jpg 1246w, https:\/\/cv-creativa.de\/wp-content\/uploads\/2021\/01\/manta-Rodrigo-neu-1-scaled-600x1233.jpg 600w, https:\/\/cv-creativa.de\/wp-content\/uploads\/2021\/01\/manta-Rodrigo-neu-1-146x300.jpg 146w, https:\/\/cv-creativa.de\/wp-content\/uploads\/2021\/01\/manta-Rodrigo-neu-1-498x1024.jpg 498w, https:\/\/cv-creativa.de\/wp-content\/uploads\/2021\/01\/manta-Rodrigo-neu-1-768x1578.jpg 768w, https:\/\/cv-creativa.de\/wp-content\/uploads\/2021\/01\/manta-Rodrigo-neu-1-747x1536.jpg 747w, https:\/\/cv-creativa.de\/wp-content\/uploads\/2021\/01\/manta-Rodrigo-neu-1-997x2048.jpg 997w\" sizes=\"(max-width: 1246px) 100vw, 1246px\" \/><\/a>\n\t\t\t<\/div><\/figure>\n\t\t<\/div>\n\t\t<\/div>\n\t\t\t\t\t\t<\/div>\n\t\t\t\t<\/div>\n\t\t\t\t\t<\/div>\n\t\t<\/div>\n\t\t\t\t\t<\/div>\n\t\t<\/section>\n\t\t\t\t<\/div>","protected":false},"excerpt":{"rendered":"<p>Hola, mi nombre es Claudia Vigorena. Chilena. Nac\u00ed en el sur del mundo, Punta Arenas. Felizmente casada desde el a\u00f1o 2001. Soy mam\u00e1 de 4 hijos, die\u00f1adora, amante de las manualidades, especialmente de las creadas con hilos y lanas. Mi inter\u00e9s por las lanas se remonta a mi infancia. En mi casa mi mam\u00e1 tej\u00eda&hellip;&nbsp;<a href=\"https:\/\/cv-creativa.de\/de\/quien-soy\/\" rel=\"bookmark\">Weiterlesen &raquo;<span class=\"screen-reader-text\">Wer bin ich<\/span><\/a><\/p>","protected":false},"author":1,"featured_media":0,"parent":0,"menu_order":0,"comment_status":"closed","ping_status":"closed","template":"","meta":{"neve_meta_sidebar":"full-width","neve_meta_container":"","neve_meta_enable_content_width":"on","neve_meta_content_width":100,"neve_meta_title_alignment":"","neve_meta_author_avatar":"","neve_post_elements_order":"","neve_meta_disable_header":"","neve_meta_disable_footer":"","neve_meta_disable_title":"","footnotes":""},"class_list":["post-273","page","type-page","status-publish","hentry"],"yoast_head":"<!-- This site is optimized with the Yoast SEO plugin v27.5 - https:\/\/yoast.com\/product\/yoast-seo-wordpress\/ -->\n<title>Quien Soy<\/title>\n<meta name=\"robots\" content=\"index, follow, max-snippet:-1, max-image-preview:large, max-video-preview:-1\" \/>\n<link rel=\"canonical\" href=\"https:\/\/cv-creativa.de\/de\/quien-soy\/\" \/>\n<meta property=\"og:locale\" content=\"de_DE\" \/>\n<meta property=\"og:type\" content=\"article\" \/>\n<meta property=\"og:title\" content=\"Quien Soy\" \/>\n<meta property=\"og:description\" content=\"Hola, mi nombre es Claudia Vigorena. Chilena. Nac\u00ed en el sur del mundo, Punta Arenas. Felizmente casada desde el a\u00f1o 2001. Soy mam\u00e1 de 4 hijos, die\u00f1adora, amante de las manualidades, especialmente de las creadas con hilos y lanas. Mi inter\u00e9s por las lanas se remonta a mi infancia. En mi casa mi mam\u00e1 tej\u00eda&hellip;&nbsp;Weiterlesen &raquo;Quien Soy\" \/>\n<meta property=\"og:url\" content=\"https:\/\/cv-creativa.de\/de\/quien-soy\/\" \/>\n<meta property=\"article:publisher\" content=\"https:\/\/www.facebook.com\/claudia.vigorenasalomon\" \/>\n<meta property=\"article:modified_time\" content=\"2021-01-19T14:03:33+00:00\" \/>\n<meta property=\"og:image\" content=\"http:\/\/cv-creativa.de\/wp-content\/uploads\/2021\/01\/manta-Rodrigo-neu-1-scaled.jpg\" \/>\n<meta name=\"twitter:card\" content=\"summary_large_image\" \/>\n<meta name=\"twitter:label1\" content=\"Gesch\u00e4tzte Lesezeit\" \/>\n\t<meta name=\"twitter:data1\" content=\"2\u00a0Minuten\" \/>\n<script type=\"application\/ld+json\" class=\"yoast-schema-graph\">{\"@context\":\"https:\\\/\\\/schema.org\",\"@graph\":[{\"@type\":\"WebPage\",\"@id\":\"https:\\\/\\\/cv-creativa.de\\\/quien-soy\\\/\",\"url\":\"https:\\\/\\\/cv-creativa.de\\\/quien-soy\\\/\",\"name\":\"Quien Soy\",\"isPartOf\":{\"@id\":\"https:\\\/\\\/cv-creativa.de\\\/#website\"},\"primaryImageOfPage\":{\"@id\":\"https:\\\/\\\/cv-creativa.de\\\/quien-soy\\\/#primaryimage\"},\"image\":{\"@id\":\"https:\\\/\\\/cv-creativa.de\\\/quien-soy\\\/#primaryimage\"},\"thumbnailUrl\":\"http:\\\/\\\/cv-creativa.de\\\/wp-content\\\/uploads\\\/2021\\\/01\\\/manta-Rodrigo-neu-1-scaled.jpg\",\"datePublished\":\"2021-01-14T17:35:25+00:00\",\"dateModified\":\"2021-01-19T14:03:33+00:00\",\"breadcrumb\":{\"@id\":\"https:\\\/\\\/cv-creativa.de\\\/quien-soy\\\/#breadcrumb\"},\"inLanguage\":\"de\",\"potentialAction\":[{\"@type\":\"ReadAction\",\"target\":[\"https:\\\/\\\/cv-creativa.de\\\/quien-soy\\\/\"]}]},{\"@type\":\"ImageObject\",\"inLanguage\":\"de\",\"@id\":\"https:\\\/\\\/cv-creativa.de\\\/quien-soy\\\/#primaryimage\",\"url\":\"http:\\\/\\\/cv-creativa.de\\\/wp-content\\\/uploads\\\/2021\\\/01\\\/manta-Rodrigo-neu-1-scaled.jpg\",\"contentUrl\":\"http:\\\/\\\/cv-creativa.de\\\/wp-content\\\/uploads\\\/2021\\\/01\\\/manta-Rodrigo-neu-1-scaled.jpg\"},{\"@type\":\"BreadcrumbList\",\"@id\":\"https:\\\/\\\/cv-creativa.de\\\/quien-soy\\\/#breadcrumb\",\"itemListElement\":[{\"@type\":\"ListItem\",\"position\":1,\"name\":\"Portada\",\"item\":\"https:\\\/\\\/cv-creativa.de\\\/\"},{\"@type\":\"ListItem\",\"position\":2,\"name\":\"Quien Soy\"}]},{\"@type\":\"WebSite\",\"@id\":\"https:\\\/\\\/cv-creativa.de\\\/#website\",\"url\":\"https:\\\/\\\/cv-creativa.de\\\/\",\"name\":\"Crea tu mundo. Crea tu estilo.\",\"description\":\"\",\"publisher\":{\"@id\":\"https:\\\/\\\/cv-creativa.de\\\/#organization\"},\"potentialAction\":[{\"@type\":\"SearchAction\",\"target\":{\"@type\":\"EntryPoint\",\"urlTemplate\":\"https:\\\/\\\/cv-creativa.de\\\/?s={search_term_string}\"},\"query-input\":{\"@type\":\"PropertyValueSpecification\",\"valueRequired\":true,\"valueName\":\"search_term_string\"}}],\"inLanguage\":\"de\"},{\"@type\":\"Organization\",\"@id\":\"https:\\\/\\\/cv-creativa.de\\\/#organization\",\"name\":\"cv-creativa\",\"url\":\"https:\\\/\\\/cv-creativa.de\\\/\",\"logo\":{\"@type\":\"ImageObject\",\"inLanguage\":\"de\",\"@id\":\"https:\\\/\\\/cv-creativa.de\\\/#\\\/schema\\\/logo\\\/image\\\/\",\"url\":\"https:\\\/\\\/cv-creativa.de\\\/wp-content\\\/uploads\\\/2021\\\/01\\\/cropped-Logo-nuevo.jpg\",\"contentUrl\":\"https:\\\/\\\/cv-creativa.de\\\/wp-content\\\/uploads\\\/2021\\\/01\\\/cropped-Logo-nuevo.jpg\",\"width\":173,\"height\":175,\"caption\":\"cv-creativa\"},\"image\":{\"@id\":\"https:\\\/\\\/cv-creativa.de\\\/#\\\/schema\\\/logo\\\/image\\\/\"},\"sameAs\":[\"https:\\\/\\\/www.facebook.com\\\/claudia.vigorenasalomon\",\"https:\\\/\\\/www.instagram.com\\\/cv_creativa\\\/\",\"https:\\\/\\\/www.pinterest.de\\\/cv_vigorena\"]}]}<\/script>\n<!-- \/ Yoast SEO plugin. -->","yoast_head_json":{"title":"Wer bin ich","robots":{"index":"index","follow":"follow","max-snippet":"max-snippet:-1","max-image-preview":"max-image-preview:large","max-video-preview":"max-video-preview:-1"},"canonical":"https:\/\/cv-creativa.de\/de\/quien-soy\/","og_locale":"de_DE","og_type":"article","og_title":"Quien Soy","og_description":"Hola, mi nombre es Claudia Vigorena. Chilena. Nac\u00ed en el sur del mundo, Punta Arenas. Felizmente casada desde el a\u00f1o 2001. Soy mam\u00e1 de 4 hijos, die\u00f1adora, amante de las manualidades, especialmente de las creadas con hilos y lanas. Mi inter\u00e9s por las lanas se remonta a mi infancia. En mi casa mi mam\u00e1 tej\u00eda&hellip;&nbsp;Weiterlesen &raquo;Quien Soy","og_url":"https:\/\/cv-creativa.de\/de\/quien-soy\/","article_publisher":"https:\/\/www.facebook.com\/claudia.vigorenasalomon","article_modified_time":"2021-01-19T14:03:33+00:00","og_image":[{"url":"http:\/\/cv-creativa.de\/wp-content\/uploads\/2021\/01\/manta-Rodrigo-neu-1-scaled.jpg","type":"","width":"","height":""}],"twitter_card":"summary_large_image","twitter_misc":{"Gesch\u00e4tzte Lesezeit":"2\u00a0Minuten"},"schema":{"@context":"https:\/\/schema.org","@graph":[{"@type":"WebPage","@id":"https:\/\/cv-creativa.de\/quien-soy\/","url":"https:\/\/cv-creativa.de\/quien-soy\/","name":"Wer bin ich","isPartOf":{"@id":"https:\/\/cv-creativa.de\/#website"},"primaryImageOfPage":{"@id":"https:\/\/cv-creativa.de\/quien-soy\/#primaryimage"},"image":{"@id":"https:\/\/cv-creativa.de\/quien-soy\/#primaryimage"},"thumbnailUrl":"http:\/\/cv-creativa.de\/wp-content\/uploads\/2021\/01\/manta-Rodrigo-neu-1-scaled.jpg","datePublished":"2021-01-14T17:35:25+00:00","dateModified":"2021-01-19T14:03:33+00:00","breadcrumb":{"@id":"https:\/\/cv-creativa.de\/quien-soy\/#breadcrumb"},"inLanguage":"de","potentialAction":[{"@type":"ReadAction","target":["https:\/\/cv-creativa.de\/quien-soy\/"]}]},{"@type":"ImageObject","inLanguage":"de","@id":"https:\/\/cv-creativa.de\/quien-soy\/#primaryimage","url":"http:\/\/cv-creativa.de\/wp-content\/uploads\/2021\/01\/manta-Rodrigo-neu-1-scaled.jpg","contentUrl":"http:\/\/cv-creativa.de\/wp-content\/uploads\/2021\/01\/manta-Rodrigo-neu-1-scaled.jpg"},{"@type":"BreadcrumbList","@id":"https:\/\/cv-creativa.de\/quien-soy\/#breadcrumb","itemListElement":[{"@type":"ListItem","position":1,"name":"Portada","item":"https:\/\/cv-creativa.de\/"},{"@type":"ListItem","position":2,"name":"Quien Soy"}]},{"@type":"WebSite","@id":"https:\/\/cv-creativa.de\/#website","url":"https:\/\/cv-creativa.de\/","name":"Crea tu mundo. Crea tu estilo.","description":"","publisher":{"@id":"https:\/\/cv-creativa.de\/#organization"},"potentialAction":[{"@type":"SearchAction","target":{"@type":"EntryPoint","urlTemplate":"https:\/\/cv-creativa.de\/?s={search_term_string}"},"query-input":{"@type":"PropertyValueSpecification","valueRequired":true,"valueName":"search_term_string"}}],"inLanguage":"de"},{"@type":"Organization","@id":"https:\/\/cv-creativa.de\/#organization","name":"cv-creativa","url":"https:\/\/cv-creativa.de\/","logo":{"@type":"ImageObject","inLanguage":"de","@id":"https:\/\/cv-creativa.de\/#\/schema\/logo\/image\/","url":"https:\/\/cv-creativa.de\/wp-content\/uploads\/2021\/01\/cropped-Logo-nuevo.jpg","contentUrl":"https:\/\/cv-creativa.de\/wp-content\/uploads\/2021\/01\/cropped-Logo-nuevo.jpg","width":173,"height":175,"caption":"cv-creativa"},"image":{"@id":"https:\/\/cv-creativa.de\/#\/schema\/logo\/image\/"},"sameAs":["https:\/\/www.facebook.com\/claudia.vigorenasalomon","https:\/\/www.instagram.com\/cv_creativa\/","https:\/\/www.pinterest.de\/cv_vigorena"]}]}},"_links":{"self":[{"href":"https:\/\/cv-creativa.de\/de\/wp-json\/wp\/v2\/pages\/273","targetHints":{"allow":["GET"]}}],"collection":[{"href":"https:\/\/cv-creativa.de\/de\/wp-json\/wp\/v2\/pages"}],"about":[{"href":"https:\/\/cv-creativa.de\/de\/wp-json\/wp\/v2\/types\/page"}],"author":[{"embeddable":true,"href":"https:\/\/cv-creativa.de\/de\/wp-json\/wp\/v2\/users\/1"}],"replies":[{"embeddable":true,"href":"https:\/\/cv-creativa.de\/de\/wp-json\/wp\/v2\/comments?post=273"}],"version-history":[{"count":10,"href":"https:\/\/cv-creativa.de\/de\/wp-json\/wp\/v2\/pages\/273\/revisions"}],"predecessor-version":[{"id":319,"href":"https:\/\/cv-creativa.de\/de\/wp-json\/wp\/v2\/pages\/273\/revisions\/319"}],"wp:attachment":[{"href":"https:\/\/cv-creativa.de\/de\/wp-json\/wp\/v2\/media?parent=273"}],"curies":[{"name":"wp","href":"https:\/\/api.w.org\/{rel}","templated":true}]}}