{"id":1057,"date":"2021-07-12T15:34:45","date_gmt":"2021-07-12T13:34:45","guid":{"rendered":"https:\/\/cv-creativa.de\/?post_type=product&#038;p=1057"},"modified":"2026-01-30T09:10:19","modified_gmt":"2026-01-30T08:10:19","slug":"chal-mai","status":"publish","type":"product","link":"https:\/\/cv-creativa.de\/de\/produkt\/chal-mai\/","title":{"rendered":"Dreiecktuch Mai"},"content":{"rendered":"<p>Es un chal triangular a ganchillo, bien calado. Ideal tanto para la temporada de oto\u00f1o, primavera o las refrescantes tardes de verano, ya que est\u00e1 tejido con <strong><span style=\"color: #f4d1d1;\"><a style=\"color: #f4d1d1;\" href=\"https:\/\/cv-creativa.de\/de\/produkt\/eco-combi-jade\/\"><span style=\"color: #f4d1d1;\">ECO COMBI<\/span><\/a><\/span>:\u00a0<\/strong>Combinaci\u00f3n de ECO DENIM, ECO CRUDO Y ALGOD\u00d3N PEINADO. Tiene una caida muy agradable y es de textura suave. <b><\/b><\/p>\n<p><strong>ECO DENIM: <\/strong>Reciclado de tejanos post-consumidor, el residuo textil originado por los jeans se convierte en hilo y se a\u00f1ade viscosa reciclada ecol\u00f3gica (la viscosa proviene de restos de algod\u00f3n reciclada de prendas de vestir y de pulpa de madera), para que el hilo tenga ca\u00edda.<\/p>\n<p>50% tejano color denim (azul) reciclado<\/p>\n<p>50% viscosa reciclada ecol\u00f3gica\u00a0<strong><span style=\"color: #f4d1d1;\"><a style=\"color: #f4d1d1;\" href=\"https:\/\/www.tencel.com\/refibra\">https:\/\/www.tencel.com\/refibra<\/a><\/span><\/strong><\/p>\n<p><strong>ECO CRUDO:\u00a0<\/strong>100% algod\u00f3n reciclado peinado sin te\u00f1ir.<\/p>\n<p>Est\u00e1 disponible en 2 colores; Eco combi jade y eco combi sand\u00eda<\/p>\n<p>&nbsp;<\/p>","protected":false},"excerpt":{"rendered":"<p>Es un chal de forma triangular que va de abajo hacia arriba (chal bottom up). Las medida una vez bloqueado es de 95cmm de alto\u00a0\u00a0aproximadamente, sin contar los flecos. Tejido con Algod\u00f3n Eco de Casasol. filicolor.<\/p>\n<p>&nbsp;<\/p>\n<p><span style=\"color: #999999;\">Gem\u00e4\u00df \u00a7 19 Umsatzsteuergesetz (UStG) wird keine Umsatzsteuer erhoben.<strong> +<\/strong> Gastos de env\u00edo<\/span><\/p>","protected":false},"featured_media":1051,"comment_status":"open","ping_status":"closed","template":"","meta":{"neve_meta_sidebar":"","neve_meta_container":"","neve_meta_enable_content_width":"off","neve_meta_content_width":100,"neve_meta_title_alignment":"","neve_meta_author_avatar":"","neve_post_elements_order":"","neve_meta_disable_header":"","neve_meta_disable_footer":"","neve_meta_disable_title":""},"product_brand":[],"product_cat":[30],"product_tag":[129,148,147,149,63],"class_list":{"0":"post-1057","1":"product","2":"type-product","3":"status-publish","4":"has-post-thumbnail","6":"product_cat-croche","7":"product_tag-chal","8":"product_tag-chal-mai","9":"product_tag-chal-triangular","10":"product_tag-ecocombi-sandia","11":"product_tag-ganchillo","12":"product_shipping_class-ropa-lanas-y-accesorios","14":"first","15":"instock","16":"purchasable","17":"product-type-simple"},"yoast_head":"<!-- This site is optimized with the Yoast SEO plugin v27.6 - https:\/\/yoast.com\/product\/yoast-seo-wordpress\/ -->\n<title>Chal Mai -<\/title>\n<meta name=\"description\" content=\"Chal Mai, es un chal triangular calado tejido a ganchillo tanto para el oto\u00f1o, como para primavera o las refrescantes tardes de verano.\" \/>\n<meta name=\"robots\" content=\"index, follow, max-snippet:-1, max-image-preview:large, max-video-preview:-1\" \/>\n<link rel=\"canonical\" href=\"https:\/\/cv-creativa.de\/de\/produkt\/chal-mai\/\" \/>\n<meta property=\"og:locale\" content=\"de_DE\" \/>\n<meta property=\"og:type\" content=\"article\" \/>\n<meta property=\"og:title\" content=\"Chal Mai -\" \/>\n<meta property=\"og:description\" content=\"Chal Mai, es un chal triangular calado tejido a ganchillo tanto para el oto\u00f1o, como para primavera o las refrescantes tardes de verano.\" \/>\n<meta property=\"og:url\" content=\"https:\/\/cv-creativa.de\/de\/produkt\/chal-mai\/\" \/>\n<meta property=\"article:publisher\" content=\"https:\/\/www.facebook.com\/claudia.vigorenasalomon\" \/>\n<meta property=\"article:modified_time\" content=\"2026-01-30T08:10:19+00:00\" \/>\n<meta property=\"og:image\" content=\"http:\/\/cv-creativa.de\/wp-content\/uploads\/2021\/07\/Chal-Mai-sandia-4.jpeg\" \/>\n\t<meta property=\"og:image:width\" content=\"1370\" \/>\n\t<meta property=\"og:image:height\" content=\"1600\" \/>\n\t<meta property=\"og:image:type\" content=\"image\/jpeg\" \/>\n<meta name=\"twitter:card\" content=\"summary_large_image\" \/>\n<meta name=\"twitter:label1\" content=\"Gesch\u00e4tzte Lesezeit\" \/>\n\t<meta name=\"twitter:data1\" content=\"1\u00a0Minute\" \/>\n<script type=\"application\/ld+json\" class=\"yoast-schema-graph\">{\"@context\":\"https:\\\/\\\/schema.org\",\"@graph\":[{\"@type\":[\"WebPage\",\"ItemPage\"],\"@id\":\"https:\\\/\\\/cv-creativa.de\\\/producto\\\/chal-mai\\\/\",\"url\":\"https:\\\/\\\/cv-creativa.de\\\/producto\\\/chal-mai\\\/\",\"name\":\"Chal Mai -\",\"isPartOf\":{\"@id\":\"https:\\\/\\\/cv-creativa.de\\\/#website\"},\"primaryImageOfPage\":{\"@id\":\"https:\\\/\\\/cv-creativa.de\\\/producto\\\/chal-mai\\\/#primaryimage\"},\"image\":{\"@id\":\"https:\\\/\\\/cv-creativa.de\\\/producto\\\/chal-mai\\\/#primaryimage\"},\"thumbnailUrl\":\"https:\\\/\\\/cv-creativa.de\\\/wp-content\\\/uploads\\\/2021\\\/07\\\/Chal-Mai-sandia-4.jpeg\",\"datePublished\":\"2021-07-12T13:34:45+00:00\",\"dateModified\":\"2026-01-30T08:10:19+00:00\",\"description\":\"Chal Mai, es un chal triangular calado tejido a ganchillo tanto para el oto\u00f1o, como para primavera o las refrescantes tardes de verano.\",\"breadcrumb\":{\"@id\":\"https:\\\/\\\/cv-creativa.de\\\/producto\\\/chal-mai\\\/#breadcrumb\"},\"inLanguage\":\"de\",\"potentialAction\":[{\"@type\":\"ReadAction\",\"target\":[\"https:\\\/\\\/cv-creativa.de\\\/producto\\\/chal-mai\\\/\"]}]},{\"@type\":\"ImageObject\",\"inLanguage\":\"de\",\"@id\":\"https:\\\/\\\/cv-creativa.de\\\/producto\\\/chal-mai\\\/#primaryimage\",\"url\":\"https:\\\/\\\/cv-creativa.de\\\/wp-content\\\/uploads\\\/2021\\\/07\\\/Chal-Mai-sandia-4.jpeg\",\"contentUrl\":\"https:\\\/\\\/cv-creativa.de\\\/wp-content\\\/uploads\\\/2021\\\/07\\\/Chal-Mai-sandia-4.jpeg\",\"width\":1370,\"height\":1600},{\"@type\":\"BreadcrumbList\",\"@id\":\"https:\\\/\\\/cv-creativa.de\\\/producto\\\/chal-mai\\\/#breadcrumb\",\"itemListElement\":[{\"@type\":\"ListItem\",\"position\":1,\"name\":\"Portada\",\"item\":\"https:\\\/\\\/cv-creativa.de\\\/\"},{\"@type\":\"ListItem\",\"position\":2,\"name\":\"Tienda\",\"item\":\"https:\\\/\\\/cv-creativa.de\\\/tienda\\\/\"},{\"@type\":\"ListItem\",\"position\":3,\"name\":\"Chal Mai\"}]},{\"@type\":\"WebSite\",\"@id\":\"https:\\\/\\\/cv-creativa.de\\\/#website\",\"url\":\"https:\\\/\\\/cv-creativa.de\\\/\",\"name\":\"Crea tu mundo. Crea tu estilo.\",\"description\":\"\",\"publisher\":{\"@id\":\"https:\\\/\\\/cv-creativa.de\\\/#organization\"},\"potentialAction\":[{\"@type\":\"SearchAction\",\"target\":{\"@type\":\"EntryPoint\",\"urlTemplate\":\"https:\\\/\\\/cv-creativa.de\\\/?s={search_term_string}\"},\"query-input\":{\"@type\":\"PropertyValueSpecification\",\"valueRequired\":true,\"valueName\":\"search_term_string\"}}],\"inLanguage\":\"de\"},{\"@type\":\"Organization\",\"@id\":\"https:\\\/\\\/cv-creativa.de\\\/#organization\",\"name\":\"cv-creativa\",\"url\":\"https:\\\/\\\/cv-creativa.de\\\/\",\"logo\":{\"@type\":\"ImageObject\",\"inLanguage\":\"de\",\"@id\":\"https:\\\/\\\/cv-creativa.de\\\/#\\\/schema\\\/logo\\\/image\\\/\",\"url\":\"https:\\\/\\\/cv-creativa.de\\\/wp-content\\\/uploads\\\/2021\\\/01\\\/cropped-Logo-nuevo.jpg\",\"contentUrl\":\"https:\\\/\\\/cv-creativa.de\\\/wp-content\\\/uploads\\\/2021\\\/01\\\/cropped-Logo-nuevo.jpg\",\"width\":173,\"height\":175,\"caption\":\"cv-creativa\"},\"image\":{\"@id\":\"https:\\\/\\\/cv-creativa.de\\\/#\\\/schema\\\/logo\\\/image\\\/\"},\"sameAs\":[\"https:\\\/\\\/www.facebook.com\\\/claudia.vigorenasalomon\",\"https:\\\/\\\/www.instagram.com\\\/cv_creativa\\\/\",\"https:\\\/\\\/www.pinterest.de\\\/cv_vigorena\"]}]}<\/script>\n<!-- \/ Yoast SEO plugin. -->","yoast_head_json":{"title":"Chal Mai -","description":"Chal Mai, es un chal triangular calado tejido a ganchillo tanto para el oto\u00f1o, como para primavera o las refrescantes tardes de verano.","robots":{"index":"index","follow":"follow","max-snippet":"max-snippet:-1","max-image-preview":"max-image-preview:large","max-video-preview":"max-video-preview:-1"},"canonical":"https:\/\/cv-creativa.de\/de\/produkt\/chal-mai\/","og_locale":"de_DE","og_type":"article","og_title":"Chal Mai -","og_description":"Chal Mai, es un chal triangular calado tejido a ganchillo tanto para el oto\u00f1o, como para primavera o las refrescantes tardes de verano.","og_url":"https:\/\/cv-creativa.de\/de\/produkt\/chal-mai\/","article_publisher":"https:\/\/www.facebook.com\/claudia.vigorenasalomon","article_modified_time":"2026-01-30T08:10:19+00:00","og_image":[{"width":1370,"height":1600,"url":"http:\/\/cv-creativa.de\/wp-content\/uploads\/2021\/07\/Chal-Mai-sandia-4.jpeg","type":"image\/jpeg"}],"twitter_card":"summary_large_image","twitter_misc":{"Gesch\u00e4tzte Lesezeit":"1\u00a0Minute"},"schema":{"@context":"https:\/\/schema.org","@graph":[{"@type":["WebPage","ItemPage"],"@id":"https:\/\/cv-creativa.de\/producto\/chal-mai\/","url":"https:\/\/cv-creativa.de\/producto\/chal-mai\/","name":"Chal Mai -","isPartOf":{"@id":"https:\/\/cv-creativa.de\/#website"},"primaryImageOfPage":{"@id":"https:\/\/cv-creativa.de\/producto\/chal-mai\/#primaryimage"},"image":{"@id":"https:\/\/cv-creativa.de\/producto\/chal-mai\/#primaryimage"},"thumbnailUrl":"https:\/\/cv-creativa.de\/wp-content\/uploads\/2021\/07\/Chal-Mai-sandia-4.jpeg","datePublished":"2021-07-12T13:34:45+00:00","dateModified":"2026-01-30T08:10:19+00:00","description":"Chal Mai, es un chal triangular calado tejido a ganchillo tanto para el oto\u00f1o, como para primavera o las refrescantes tardes de verano.","breadcrumb":{"@id":"https:\/\/cv-creativa.de\/producto\/chal-mai\/#breadcrumb"},"inLanguage":"de","potentialAction":[{"@type":"ReadAction","target":["https:\/\/cv-creativa.de\/producto\/chal-mai\/"]}]},{"@type":"ImageObject","inLanguage":"de","@id":"https:\/\/cv-creativa.de\/producto\/chal-mai\/#primaryimage","url":"https:\/\/cv-creativa.de\/wp-content\/uploads\/2021\/07\/Chal-Mai-sandia-4.jpeg","contentUrl":"https:\/\/cv-creativa.de\/wp-content\/uploads\/2021\/07\/Chal-Mai-sandia-4.jpeg","width":1370,"height":1600},{"@type":"BreadcrumbList","@id":"https:\/\/cv-creativa.de\/producto\/chal-mai\/#breadcrumb","itemListElement":[{"@type":"ListItem","position":1,"name":"Portada","item":"https:\/\/cv-creativa.de\/"},{"@type":"ListItem","position":2,"name":"Tienda","item":"https:\/\/cv-creativa.de\/tienda\/"},{"@type":"ListItem","position":3,"name":"Chal Mai"}]},{"@type":"WebSite","@id":"https:\/\/cv-creativa.de\/#website","url":"https:\/\/cv-creativa.de\/","name":"Crea tu mundo. Crea tu estilo.","description":"","publisher":{"@id":"https:\/\/cv-creativa.de\/#organization"},"potentialAction":[{"@type":"SearchAction","target":{"@type":"EntryPoint","urlTemplate":"https:\/\/cv-creativa.de\/?s={search_term_string}"},"query-input":{"@type":"PropertyValueSpecification","valueRequired":true,"valueName":"search_term_string"}}],"inLanguage":"de"},{"@type":"Organization","@id":"https:\/\/cv-creativa.de\/#organization","name":"cv-creativa","url":"https:\/\/cv-creativa.de\/","logo":{"@type":"ImageObject","inLanguage":"de","@id":"https:\/\/cv-creativa.de\/#\/schema\/logo\/image\/","url":"https:\/\/cv-creativa.de\/wp-content\/uploads\/2021\/01\/cropped-Logo-nuevo.jpg","contentUrl":"https:\/\/cv-creativa.de\/wp-content\/uploads\/2021\/01\/cropped-Logo-nuevo.jpg","width":173,"height":175,"caption":"cv-creativa"},"image":{"@id":"https:\/\/cv-creativa.de\/#\/schema\/logo\/image\/"},"sameAs":["https:\/\/www.facebook.com\/claudia.vigorenasalomon","https:\/\/www.instagram.com\/cv_creativa\/","https:\/\/www.pinterest.de\/cv_vigorena"]}]}},"_links":{"self":[{"href":"https:\/\/cv-creativa.de\/de\/wp-json\/wp\/v2\/product\/1057","targetHints":{"allow":["GET"]}}],"collection":[{"href":"https:\/\/cv-creativa.de\/de\/wp-json\/wp\/v2\/product"}],"about":[{"href":"https:\/\/cv-creativa.de\/de\/wp-json\/wp\/v2\/types\/product"}],"replies":[{"embeddable":true,"href":"https:\/\/cv-creativa.de\/de\/wp-json\/wp\/v2\/comments?post=1057"}],"wp:featuredmedia":[{"embeddable":true,"href":"https:\/\/cv-creativa.de\/de\/wp-json\/wp\/v2\/media\/1051"}],"wp:attachment":[{"href":"https:\/\/cv-creativa.de\/de\/wp-json\/wp\/v2\/media?parent=1057"}],"wp:term":[{"taxonomy":"product_brand","embeddable":true,"href":"https:\/\/cv-creativa.de\/de\/wp-json\/wp\/v2\/product_brand?post=1057"},{"taxonomy":"product_cat","embeddable":true,"href":"https:\/\/cv-creativa.de\/de\/wp-json\/wp\/v2\/product_cat?post=1057"},{"taxonomy":"product_tag","embeddable":true,"href":"https:\/\/cv-creativa.de\/de\/wp-json\/wp\/v2\/product_tag?post=1057"}],"curies":[{"name":"wp","href":"https:\/\/api.w.org\/{rel}","templated":true}]}}