{"id":1104,"date":"2021-10-26T13:27:28","date_gmt":"2021-10-26T11:27:28","guid":{"rendered":"https:\/\/cv-creativa.de\/?post_type=product&#038;p=1104"},"modified":"2026-01-30T09:05:40","modified_gmt":"2026-01-30T08:05:40","slug":"echarpe-otono","status":"publish","type":"product","link":"https:\/\/cv-creativa.de\/de\/produkt\/echarpe-otono\/","title":{"rendered":"Herbstschal"},"content":{"rendered":"<p>Der Herbstschal, ein unverzichtbares Accessoire sowohl f\u00fcr den Herbst als auch f\u00fcr den Winter. Er ist mit Rundstricknadeln aus 100 % Kaschmir der Marke Pascuali_filati_naturali in der Farbe 40 Denim gestrickt. F\u00fcr den Pullover werden Stricknadeln der St\u00e4rke 3 empfohlen, ich habe jedoch Nadeln der St\u00e4rke 5 verwendet, um dem Strickst\u00fcck mehr Lockerheit und Bewegungsfreiheit zu verleihen. Er ist sehr leicht und extrem warm.<\/p>\n<p>Der gesamte Rand ist im Perlmuster gestrickt und an einer Seite befindet sich ein Blattmuster, das dem Design seinen Namen gibt.<\/p>\n<p>Die ungef\u00e4hren Ma\u00dfe betragen 146 x 70 cm.<\/p>\n<p>F\u00fcr dieses Design habe ich 6 Kn\u00e4uel \u00e0 25 g \u2013 112 m verwendet.<\/p>","protected":false},"excerpt":{"rendered":"<h1>Produktpflege:<\/h1>\n<h3>Waschen:<\/h3>\n<p>Es kann bei 30 \u00b0C \/ 86 \u00b0F mit einem milden Waschmittel f\u00fcr Feinw\u00e4sche gewaschen und flach liegend getrocknet werden, jedoch nicht direkt auf dem Herd. Ich pers\u00f6nlich empfehle, es von Hand zu waschen.<\/p>\n<h3>Ma\u00dfe:<\/h3>\n<p>Die ungef\u00e4hren Ma\u00dfe betragen 146 x 70 cm.<\/p>\n<p><span style=\"color: #999999;\">Gem\u00e4\u00df \u00a7 19 Umsatzsteuergesetz (UStG) wird keine Umsatzsteuer erhoben.<strong> +<\/strong> Gastos de env\u00edo<\/span><\/p>","protected":false},"featured_media":1093,"comment_status":"open","ping_status":"closed","template":"","meta":{"neve_meta_sidebar":"","neve_meta_container":"","neve_meta_enable_content_width":"off","neve_meta_content_width":100,"neve_meta_title_alignment":"","neve_meta_author_avatar":"","neve_post_elements_order":"","neve_meta_disable_header":"","neve_meta_disable_footer":"","neve_meta_disable_title":""},"product_brand":[],"product_cat":[32],"product_tag":[156,157,128,154,155],"class_list":{"0":"post-1104","1":"product","2":"type-product","3":"status-publish","4":"has-post-thumbnail","6":"product_cat-palillos","7":"product_tag-cachemira","8":"product_tag-denim","9":"product_tag-echarpe","10":"product_tag-estola","11":"product_tag-tejido-a-dos-agujas","12":"product_shipping_class-ropa-lanas-y-accesorios","14":"first","15":"outofstock","16":"purchasable","17":"product-type-simple"},"yoast_head":"<!-- This site is optimized with the Yoast SEO plugin v27.6 - https:\/\/yoast.com\/product\/yoast-seo-wordpress\/ -->\n<title>Echarpe Oto\u00f1o -<\/title>\n<meta name=\"description\" content=\"Echarpe oto\u00f1o un complemento ideal tanto para el oto\u00f1o como para el invierno, ya que es muy liviano y abrigador.\" \/>\n<meta name=\"robots\" content=\"index, follow, max-snippet:-1, max-image-preview:large, max-video-preview:-1\" \/>\n<link rel=\"canonical\" href=\"https:\/\/cv-creativa.de\/de\/produkt\/echarpe-otono\/\" \/>\n<meta property=\"og:locale\" content=\"de_DE\" \/>\n<meta property=\"og:type\" content=\"article\" \/>\n<meta property=\"og:title\" content=\"Echarpe Oto\u00f1o -\" \/>\n<meta property=\"og:description\" content=\"Echarpe oto\u00f1o un complemento ideal tanto para el oto\u00f1o como para el invierno, ya que es muy liviano y abrigador.\" \/>\n<meta property=\"og:url\" content=\"https:\/\/cv-creativa.de\/de\/produkt\/echarpe-otono\/\" \/>\n<meta property=\"article:publisher\" content=\"https:\/\/www.facebook.com\/claudia.vigorenasalomon\" \/>\n<meta property=\"article:modified_time\" content=\"2026-01-30T08:05:40+00:00\" \/>\n<meta property=\"og:image\" content=\"http:\/\/cv-creativa.de\/wp-content\/uploads\/2021\/10\/PXL_20211013_120648229.PORTRAIT-1.jpg\" \/>\n\t<meta property=\"og:image:width\" content=\"772\" \/>\n\t<meta property=\"og:image:height\" content=\"923\" \/>\n\t<meta property=\"og:image:type\" content=\"image\/jpeg\" \/>\n<meta name=\"twitter:card\" content=\"summary_large_image\" \/>\n<meta name=\"twitter:label1\" content=\"Gesch\u00e4tzte Lesezeit\" \/>\n\t<meta name=\"twitter:data1\" content=\"1\u00a0Minute\" \/>\n<script type=\"application\/ld+json\" class=\"yoast-schema-graph\">{\"@context\":\"https:\\\/\\\/schema.org\",\"@graph\":[{\"@type\":[\"WebPage\",\"ItemPage\"],\"@id\":\"https:\\\/\\\/cv-creativa.de\\\/producto\\\/echarpe-otono\\\/\",\"url\":\"https:\\\/\\\/cv-creativa.de\\\/producto\\\/echarpe-otono\\\/\",\"name\":\"Echarpe Oto\u00f1o -\",\"isPartOf\":{\"@id\":\"https:\\\/\\\/cv-creativa.de\\\/#website\"},\"primaryImageOfPage\":{\"@id\":\"https:\\\/\\\/cv-creativa.de\\\/producto\\\/echarpe-otono\\\/#primaryimage\"},\"image\":{\"@id\":\"https:\\\/\\\/cv-creativa.de\\\/producto\\\/echarpe-otono\\\/#primaryimage\"},\"thumbnailUrl\":\"https:\\\/\\\/cv-creativa.de\\\/wp-content\\\/uploads\\\/2021\\\/10\\\/PXL_20211013_120648229.PORTRAIT-1.jpg\",\"datePublished\":\"2021-10-26T11:27:28+00:00\",\"dateModified\":\"2026-01-30T08:05:40+00:00\",\"description\":\"Echarpe oto\u00f1o un complemento ideal tanto para el oto\u00f1o como para el invierno, ya que es muy liviano y abrigador.\",\"breadcrumb\":{\"@id\":\"https:\\\/\\\/cv-creativa.de\\\/producto\\\/echarpe-otono\\\/#breadcrumb\"},\"inLanguage\":\"de\",\"potentialAction\":[{\"@type\":\"ReadAction\",\"target\":[\"https:\\\/\\\/cv-creativa.de\\\/producto\\\/echarpe-otono\\\/\"]}]},{\"@type\":\"ImageObject\",\"inLanguage\":\"de\",\"@id\":\"https:\\\/\\\/cv-creativa.de\\\/producto\\\/echarpe-otono\\\/#primaryimage\",\"url\":\"https:\\\/\\\/cv-creativa.de\\\/wp-content\\\/uploads\\\/2021\\\/10\\\/PXL_20211013_120648229.PORTRAIT-1.jpg\",\"contentUrl\":\"https:\\\/\\\/cv-creativa.de\\\/wp-content\\\/uploads\\\/2021\\\/10\\\/PXL_20211013_120648229.PORTRAIT-1.jpg\",\"width\":772,\"height\":923},{\"@type\":\"BreadcrumbList\",\"@id\":\"https:\\\/\\\/cv-creativa.de\\\/producto\\\/echarpe-otono\\\/#breadcrumb\",\"itemListElement\":[{\"@type\":\"ListItem\",\"position\":1,\"name\":\"Portada\",\"item\":\"https:\\\/\\\/cv-creativa.de\\\/\"},{\"@type\":\"ListItem\",\"position\":2,\"name\":\"Tienda\",\"item\":\"https:\\\/\\\/cv-creativa.de\\\/tienda\\\/\"},{\"@type\":\"ListItem\",\"position\":3,\"name\":\"Echarpe Oto\u00f1o\"}]},{\"@type\":\"WebSite\",\"@id\":\"https:\\\/\\\/cv-creativa.de\\\/#website\",\"url\":\"https:\\\/\\\/cv-creativa.de\\\/\",\"name\":\"Crea tu mundo. Crea tu estilo.\",\"description\":\"\",\"publisher\":{\"@id\":\"https:\\\/\\\/cv-creativa.de\\\/#organization\"},\"potentialAction\":[{\"@type\":\"SearchAction\",\"target\":{\"@type\":\"EntryPoint\",\"urlTemplate\":\"https:\\\/\\\/cv-creativa.de\\\/?s={search_term_string}\"},\"query-input\":{\"@type\":\"PropertyValueSpecification\",\"valueRequired\":true,\"valueName\":\"search_term_string\"}}],\"inLanguage\":\"de\"},{\"@type\":\"Organization\",\"@id\":\"https:\\\/\\\/cv-creativa.de\\\/#organization\",\"name\":\"cv-creativa\",\"url\":\"https:\\\/\\\/cv-creativa.de\\\/\",\"logo\":{\"@type\":\"ImageObject\",\"inLanguage\":\"de\",\"@id\":\"https:\\\/\\\/cv-creativa.de\\\/#\\\/schema\\\/logo\\\/image\\\/\",\"url\":\"https:\\\/\\\/cv-creativa.de\\\/wp-content\\\/uploads\\\/2021\\\/01\\\/cropped-Logo-nuevo.jpg\",\"contentUrl\":\"https:\\\/\\\/cv-creativa.de\\\/wp-content\\\/uploads\\\/2021\\\/01\\\/cropped-Logo-nuevo.jpg\",\"width\":173,\"height\":175,\"caption\":\"cv-creativa\"},\"image\":{\"@id\":\"https:\\\/\\\/cv-creativa.de\\\/#\\\/schema\\\/logo\\\/image\\\/\"},\"sameAs\":[\"https:\\\/\\\/www.facebook.com\\\/claudia.vigorenasalomon\",\"https:\\\/\\\/www.instagram.com\\\/cv_creativa\\\/\",\"https:\\\/\\\/www.pinterest.de\\\/cv_vigorena\"]}]}<\/script>\n<!-- \/ Yoast SEO plugin. -->","yoast_head_json":{"title":"Echarpe Oto\u00f1o -","description":"Echarpe oto\u00f1o un complemento ideal tanto para el oto\u00f1o como para el invierno, ya que es muy liviano y abrigador.","robots":{"index":"index","follow":"follow","max-snippet":"max-snippet:-1","max-image-preview":"max-image-preview:large","max-video-preview":"max-video-preview:-1"},"canonical":"https:\/\/cv-creativa.de\/de\/produkt\/echarpe-otono\/","og_locale":"de_DE","og_type":"article","og_title":"Echarpe Oto\u00f1o -","og_description":"Echarpe oto\u00f1o un complemento ideal tanto para el oto\u00f1o como para el invierno, ya que es muy liviano y abrigador.","og_url":"https:\/\/cv-creativa.de\/de\/produkt\/echarpe-otono\/","article_publisher":"https:\/\/www.facebook.com\/claudia.vigorenasalomon","article_modified_time":"2026-01-30T08:05:40+00:00","og_image":[{"width":772,"height":923,"url":"http:\/\/cv-creativa.de\/wp-content\/uploads\/2021\/10\/PXL_20211013_120648229.PORTRAIT-1.jpg","type":"image\/jpeg"}],"twitter_card":"summary_large_image","twitter_misc":{"Gesch\u00e4tzte Lesezeit":"1\u00a0Minute"},"schema":{"@context":"https:\/\/schema.org","@graph":[{"@type":["WebPage","ItemPage"],"@id":"https:\/\/cv-creativa.de\/producto\/echarpe-otono\/","url":"https:\/\/cv-creativa.de\/producto\/echarpe-otono\/","name":"Echarpe Oto\u00f1o -","isPartOf":{"@id":"https:\/\/cv-creativa.de\/#website"},"primaryImageOfPage":{"@id":"https:\/\/cv-creativa.de\/producto\/echarpe-otono\/#primaryimage"},"image":{"@id":"https:\/\/cv-creativa.de\/producto\/echarpe-otono\/#primaryimage"},"thumbnailUrl":"https:\/\/cv-creativa.de\/wp-content\/uploads\/2021\/10\/PXL_20211013_120648229.PORTRAIT-1.jpg","datePublished":"2021-10-26T11:27:28+00:00","dateModified":"2026-01-30T08:05:40+00:00","description":"Echarpe oto\u00f1o un complemento ideal tanto para el oto\u00f1o como para el invierno, ya que es muy liviano y abrigador.","breadcrumb":{"@id":"https:\/\/cv-creativa.de\/producto\/echarpe-otono\/#breadcrumb"},"inLanguage":"de","potentialAction":[{"@type":"ReadAction","target":["https:\/\/cv-creativa.de\/producto\/echarpe-otono\/"]}]},{"@type":"ImageObject","inLanguage":"de","@id":"https:\/\/cv-creativa.de\/producto\/echarpe-otono\/#primaryimage","url":"https:\/\/cv-creativa.de\/wp-content\/uploads\/2021\/10\/PXL_20211013_120648229.PORTRAIT-1.jpg","contentUrl":"https:\/\/cv-creativa.de\/wp-content\/uploads\/2021\/10\/PXL_20211013_120648229.PORTRAIT-1.jpg","width":772,"height":923},{"@type":"BreadcrumbList","@id":"https:\/\/cv-creativa.de\/producto\/echarpe-otono\/#breadcrumb","itemListElement":[{"@type":"ListItem","position":1,"name":"Portada","item":"https:\/\/cv-creativa.de\/"},{"@type":"ListItem","position":2,"name":"Tienda","item":"https:\/\/cv-creativa.de\/tienda\/"},{"@type":"ListItem","position":3,"name":"Echarpe Oto\u00f1o"}]},{"@type":"WebSite","@id":"https:\/\/cv-creativa.de\/#website","url":"https:\/\/cv-creativa.de\/","name":"Crea tu mundo. Crea tu estilo.","description":"","publisher":{"@id":"https:\/\/cv-creativa.de\/#organization"},"potentialAction":[{"@type":"SearchAction","target":{"@type":"EntryPoint","urlTemplate":"https:\/\/cv-creativa.de\/?s={search_term_string}"},"query-input":{"@type":"PropertyValueSpecification","valueRequired":true,"valueName":"search_term_string"}}],"inLanguage":"de"},{"@type":"Organization","@id":"https:\/\/cv-creativa.de\/#organization","name":"cv-creativa","url":"https:\/\/cv-creativa.de\/","logo":{"@type":"ImageObject","inLanguage":"de","@id":"https:\/\/cv-creativa.de\/#\/schema\/logo\/image\/","url":"https:\/\/cv-creativa.de\/wp-content\/uploads\/2021\/01\/cropped-Logo-nuevo.jpg","contentUrl":"https:\/\/cv-creativa.de\/wp-content\/uploads\/2021\/01\/cropped-Logo-nuevo.jpg","width":173,"height":175,"caption":"cv-creativa"},"image":{"@id":"https:\/\/cv-creativa.de\/#\/schema\/logo\/image\/"},"sameAs":["https:\/\/www.facebook.com\/claudia.vigorenasalomon","https:\/\/www.instagram.com\/cv_creativa\/","https:\/\/www.pinterest.de\/cv_vigorena"]}]}},"_links":{"self":[{"href":"https:\/\/cv-creativa.de\/de\/wp-json\/wp\/v2\/product\/1104","targetHints":{"allow":["GET"]}}],"collection":[{"href":"https:\/\/cv-creativa.de\/de\/wp-json\/wp\/v2\/product"}],"about":[{"href":"https:\/\/cv-creativa.de\/de\/wp-json\/wp\/v2\/types\/product"}],"replies":[{"embeddable":true,"href":"https:\/\/cv-creativa.de\/de\/wp-json\/wp\/v2\/comments?post=1104"}],"wp:featuredmedia":[{"embeddable":true,"href":"https:\/\/cv-creativa.de\/de\/wp-json\/wp\/v2\/media\/1093"}],"wp:attachment":[{"href":"https:\/\/cv-creativa.de\/de\/wp-json\/wp\/v2\/media?parent=1104"}],"wp:term":[{"taxonomy":"product_brand","embeddable":true,"href":"https:\/\/cv-creativa.de\/de\/wp-json\/wp\/v2\/product_brand?post=1104"},{"taxonomy":"product_cat","embeddable":true,"href":"https:\/\/cv-creativa.de\/de\/wp-json\/wp\/v2\/product_cat?post=1104"},{"taxonomy":"product_tag","embeddable":true,"href":"https:\/\/cv-creativa.de\/de\/wp-json\/wp\/v2\/product_tag?post=1104"}],"curies":[{"name":"wp","href":"https:\/\/api.w.org\/{rel}","templated":true}]}}