{"id":1158,"date":"2021-12-23T12:49:30","date_gmt":"2021-12-23T11:49:30","guid":{"rendered":"https:\/\/cv-creativa.de\/?post_type=product&#038;p=1158"},"modified":"2026-01-30T09:04:42","modified_gmt":"2026-01-30T08:04:42","slug":"patron-cuello-alina","status":"publish","type":"product","link":"https:\/\/cv-creativa.de\/de\/produkt\/patron-cuello-alina\/","title":{"rendered":"Anleitung Alina Kragen"},"content":{"rendered":"<p>Este patr\u00f3n del cuello est\u00e1 pensado para quienes reci\u00e9n se est\u00e1n iniciando en la t\u00e9cnica del croch\u00e9. Tambi\u00e9n como una labor de descanso, o sea donde no tengas que pensar. Se teje circular, pero no tiene aumentos ni disminuciones.<\/p>\n<p>Se puede tejer con otros hilados, tanto m\u00e1s finos como m\u00e1s gruesos. Lo importante es fijarse en el diagrama, que debe ser m\u00faltiplo de 3. La medida que necesites para lograr el di\u00e1metro deseado, lo puedes calcular con una simple regla de 3 con los n\u00fameros de puntos que te d\u00e9 tu tejido de muestra en tu cuadrado de 10 x 10 cm.\u00a0 Yo calculo unos 5 cm m\u00e1s que el radio de mi cabeza.<\/p>\n<p>El cuello es para una talla de adulto.<\/p>\n<p>&nbsp;<\/p>","protected":false},"excerpt":{"rendered":"<h3>Materiales:<\/h3>\n<p>Para este dise\u00f1o he utilizado 2 madejas de<strong><a href=\"https:\/\/cv-creativa.de\/de\/produkt\/alpaca-fino-turquesa-verde\/\"> alpaka fino<\/a><\/strong> de la marca Pascuali Filati Naturali. Es de grosor DK-<\/p>\n<p>Cada madeja tiene 50 gr \/ 100m<\/p>\n<p>Croch\u00e9 n\u00b0 5<\/p>\n<h3>Zusammensetzung:<\/h3>\n<p>Est\u00e1 compuesta 100% de baby alpaca.<\/p>\n<p><span style=\"color: #999999;\">Gem\u00e4\u00df \u00a7 19 Umsatzsteuergesetz (UStG) wird keine Umsatzsteuer erhoben.<strong> +<\/strong> Gastos de env\u00edo<\/span><\/p>","protected":false},"featured_media":1151,"comment_status":"open","ping_status":"closed","template":"","meta":{"neve_meta_sidebar":"","neve_meta_container":"","neve_meta_enable_content_width":"off","neve_meta_content_width":100,"neve_meta_title_alignment":"","neve_meta_author_avatar":"","neve_post_elements_order":"","neve_meta_disable_header":"","neve_meta_disable_footer":"","neve_meta_disable_title":""},"product_brand":[],"product_cat":[143],"product_tag":[160,162,138,161,63,163,159],"class_list":{"0":"post-1158","1":"product","2":"type-product","3":"status-publish","4":"has-post-thumbnail","6":"product_cat-patrones","7":"product_tag-cowl","8":"product_tag-croche","9":"product_tag-cuello","10":"product_tag-cuello-alina","11":"product_tag-ganchillo","12":"product_tag-gehackelt","13":"product_tag-schlauchschal","15":"first","16":"instock","17":"downloadable","18":"purchasable","19":"product-type-simple"},"yoast_head":"<!-- This site is optimized with the Yoast SEO plugin v27.6 - https:\/\/yoast.com\/product\/yoast-seo-wordpress\/ -->\n<title>Patr\u00f3n cuello Alina -<\/title>\n<meta name=\"description\" content=\"Este patr\u00f3n est\u00e1 pensado para quienes reci\u00e9n se est\u00e1n iniciando en la t\u00e9cnica del croch\u00e9. Se teje circular, sin aumentos ni disminuciones.\" \/>\n<meta name=\"robots\" content=\"index, follow, max-snippet:-1, max-image-preview:large, max-video-preview:-1\" \/>\n<link rel=\"canonical\" href=\"https:\/\/cv-creativa.de\/de\/produkt\/patron-cuello-alina\/\" \/>\n<meta property=\"og:locale\" content=\"de_DE\" \/>\n<meta property=\"og:type\" content=\"article\" \/>\n<meta property=\"og:title\" content=\"Patr\u00f3n cuello Alina -\" \/>\n<meta property=\"og:description\" content=\"Este patr\u00f3n est\u00e1 pensado para quienes reci\u00e9n se est\u00e1n iniciando en la t\u00e9cnica del croch\u00e9. Se teje circular, sin aumentos ni disminuciones.\" \/>\n<meta property=\"og:url\" content=\"https:\/\/cv-creativa.de\/de\/produkt\/patron-cuello-alina\/\" \/>\n<meta property=\"article:publisher\" content=\"https:\/\/www.facebook.com\/claudia.vigorenasalomon\" \/>\n<meta property=\"article:modified_time\" content=\"2026-01-30T08:04:42+00:00\" \/>\n<meta property=\"og:image\" content=\"http:\/\/cv-creativa.de\/wp-content\/uploads\/2021\/12\/PXL_20211221_124137981.PORTRAIT.jpg\" \/>\n\t<meta property=\"og:image:width\" content=\"516\" \/>\n\t<meta property=\"og:image:height\" content=\"853\" \/>\n\t<meta property=\"og:image:type\" content=\"image\/jpeg\" \/>\n<meta name=\"twitter:card\" content=\"summary_large_image\" \/>\n<meta name=\"twitter:label1\" content=\"Gesch\u00e4tzte Lesezeit\" \/>\n\t<meta name=\"twitter:data1\" content=\"1\u00a0Minute\" \/>\n<script type=\"application\/ld+json\" class=\"yoast-schema-graph\">{\"@context\":\"https:\\\/\\\/schema.org\",\"@graph\":[{\"@type\":[\"WebPage\",\"ItemPage\"],\"@id\":\"https:\\\/\\\/cv-creativa.de\\\/producto\\\/patron-cuello-alina\\\/\",\"url\":\"https:\\\/\\\/cv-creativa.de\\\/producto\\\/patron-cuello-alina\\\/\",\"name\":\"Patr\u00f3n cuello Alina -\",\"isPartOf\":{\"@id\":\"https:\\\/\\\/cv-creativa.de\\\/#website\"},\"primaryImageOfPage\":{\"@id\":\"https:\\\/\\\/cv-creativa.de\\\/producto\\\/patron-cuello-alina\\\/#primaryimage\"},\"image\":{\"@id\":\"https:\\\/\\\/cv-creativa.de\\\/producto\\\/patron-cuello-alina\\\/#primaryimage\"},\"thumbnailUrl\":\"https:\\\/\\\/cv-creativa.de\\\/wp-content\\\/uploads\\\/2021\\\/12\\\/PXL_20211221_124137981.PORTRAIT.jpg\",\"datePublished\":\"2021-12-23T11:49:30+00:00\",\"dateModified\":\"2026-01-30T08:04:42+00:00\",\"description\":\"Este patr\u00f3n est\u00e1 pensado para quienes reci\u00e9n se est\u00e1n iniciando en la t\u00e9cnica del croch\u00e9. Se teje circular, sin aumentos ni disminuciones.\",\"breadcrumb\":{\"@id\":\"https:\\\/\\\/cv-creativa.de\\\/producto\\\/patron-cuello-alina\\\/#breadcrumb\"},\"inLanguage\":\"de\",\"potentialAction\":[{\"@type\":\"ReadAction\",\"target\":[\"https:\\\/\\\/cv-creativa.de\\\/producto\\\/patron-cuello-alina\\\/\"]}]},{\"@type\":\"ImageObject\",\"inLanguage\":\"de\",\"@id\":\"https:\\\/\\\/cv-creativa.de\\\/producto\\\/patron-cuello-alina\\\/#primaryimage\",\"url\":\"https:\\\/\\\/cv-creativa.de\\\/wp-content\\\/uploads\\\/2021\\\/12\\\/PXL_20211221_124137981.PORTRAIT.jpg\",\"contentUrl\":\"https:\\\/\\\/cv-creativa.de\\\/wp-content\\\/uploads\\\/2021\\\/12\\\/PXL_20211221_124137981.PORTRAIT.jpg\",\"width\":516,\"height\":853},{\"@type\":\"BreadcrumbList\",\"@id\":\"https:\\\/\\\/cv-creativa.de\\\/producto\\\/patron-cuello-alina\\\/#breadcrumb\",\"itemListElement\":[{\"@type\":\"ListItem\",\"position\":1,\"name\":\"Portada\",\"item\":\"https:\\\/\\\/cv-creativa.de\\\/\"},{\"@type\":\"ListItem\",\"position\":2,\"name\":\"Tienda\",\"item\":\"https:\\\/\\\/cv-creativa.de\\\/tienda\\\/\"},{\"@type\":\"ListItem\",\"position\":3,\"name\":\"Patr\u00f3n cuello Alina\"}]},{\"@type\":\"WebSite\",\"@id\":\"https:\\\/\\\/cv-creativa.de\\\/#website\",\"url\":\"https:\\\/\\\/cv-creativa.de\\\/\",\"name\":\"Crea tu mundo. Crea tu estilo.\",\"description\":\"\",\"publisher\":{\"@id\":\"https:\\\/\\\/cv-creativa.de\\\/#organization\"},\"potentialAction\":[{\"@type\":\"SearchAction\",\"target\":{\"@type\":\"EntryPoint\",\"urlTemplate\":\"https:\\\/\\\/cv-creativa.de\\\/?s={search_term_string}\"},\"query-input\":{\"@type\":\"PropertyValueSpecification\",\"valueRequired\":true,\"valueName\":\"search_term_string\"}}],\"inLanguage\":\"de\"},{\"@type\":\"Organization\",\"@id\":\"https:\\\/\\\/cv-creativa.de\\\/#organization\",\"name\":\"cv-creativa\",\"url\":\"https:\\\/\\\/cv-creativa.de\\\/\",\"logo\":{\"@type\":\"ImageObject\",\"inLanguage\":\"de\",\"@id\":\"https:\\\/\\\/cv-creativa.de\\\/#\\\/schema\\\/logo\\\/image\\\/\",\"url\":\"https:\\\/\\\/cv-creativa.de\\\/wp-content\\\/uploads\\\/2021\\\/01\\\/cropped-Logo-nuevo.jpg\",\"contentUrl\":\"https:\\\/\\\/cv-creativa.de\\\/wp-content\\\/uploads\\\/2021\\\/01\\\/cropped-Logo-nuevo.jpg\",\"width\":173,\"height\":175,\"caption\":\"cv-creativa\"},\"image\":{\"@id\":\"https:\\\/\\\/cv-creativa.de\\\/#\\\/schema\\\/logo\\\/image\\\/\"},\"sameAs\":[\"https:\\\/\\\/www.facebook.com\\\/claudia.vigorenasalomon\",\"https:\\\/\\\/www.instagram.com\\\/cv_creativa\\\/\",\"https:\\\/\\\/www.pinterest.de\\\/cv_vigorena\"]}]}<\/script>\n<!-- \/ Yoast SEO plugin. -->","yoast_head_json":{"title":"Patr\u00f3n cuello Alina -","description":"Este patr\u00f3n est\u00e1 pensado para quienes reci\u00e9n se est\u00e1n iniciando en la t\u00e9cnica del croch\u00e9. Se teje circular, sin aumentos ni disminuciones.","robots":{"index":"index","follow":"follow","max-snippet":"max-snippet:-1","max-image-preview":"max-image-preview:large","max-video-preview":"max-video-preview:-1"},"canonical":"https:\/\/cv-creativa.de\/de\/produkt\/patron-cuello-alina\/","og_locale":"de_DE","og_type":"article","og_title":"Patr\u00f3n cuello Alina -","og_description":"Este patr\u00f3n est\u00e1 pensado para quienes reci\u00e9n se est\u00e1n iniciando en la t\u00e9cnica del croch\u00e9. Se teje circular, sin aumentos ni disminuciones.","og_url":"https:\/\/cv-creativa.de\/de\/produkt\/patron-cuello-alina\/","article_publisher":"https:\/\/www.facebook.com\/claudia.vigorenasalomon","article_modified_time":"2026-01-30T08:04:42+00:00","og_image":[{"width":516,"height":853,"url":"http:\/\/cv-creativa.de\/wp-content\/uploads\/2021\/12\/PXL_20211221_124137981.PORTRAIT.jpg","type":"image\/jpeg"}],"twitter_card":"summary_large_image","twitter_misc":{"Gesch\u00e4tzte Lesezeit":"1\u00a0Minute"},"schema":{"@context":"https:\/\/schema.org","@graph":[{"@type":["WebPage","ItemPage"],"@id":"https:\/\/cv-creativa.de\/producto\/patron-cuello-alina\/","url":"https:\/\/cv-creativa.de\/producto\/patron-cuello-alina\/","name":"Patr\u00f3n cuello Alina -","isPartOf":{"@id":"https:\/\/cv-creativa.de\/#website"},"primaryImageOfPage":{"@id":"https:\/\/cv-creativa.de\/producto\/patron-cuello-alina\/#primaryimage"},"image":{"@id":"https:\/\/cv-creativa.de\/producto\/patron-cuello-alina\/#primaryimage"},"thumbnailUrl":"https:\/\/cv-creativa.de\/wp-content\/uploads\/2021\/12\/PXL_20211221_124137981.PORTRAIT.jpg","datePublished":"2021-12-23T11:49:30+00:00","dateModified":"2026-01-30T08:04:42+00:00","description":"Este patr\u00f3n est\u00e1 pensado para quienes reci\u00e9n se est\u00e1n iniciando en la t\u00e9cnica del croch\u00e9. Se teje circular, sin aumentos ni disminuciones.","breadcrumb":{"@id":"https:\/\/cv-creativa.de\/producto\/patron-cuello-alina\/#breadcrumb"},"inLanguage":"de","potentialAction":[{"@type":"ReadAction","target":["https:\/\/cv-creativa.de\/producto\/patron-cuello-alina\/"]}]},{"@type":"ImageObject","inLanguage":"de","@id":"https:\/\/cv-creativa.de\/producto\/patron-cuello-alina\/#primaryimage","url":"https:\/\/cv-creativa.de\/wp-content\/uploads\/2021\/12\/PXL_20211221_124137981.PORTRAIT.jpg","contentUrl":"https:\/\/cv-creativa.de\/wp-content\/uploads\/2021\/12\/PXL_20211221_124137981.PORTRAIT.jpg","width":516,"height":853},{"@type":"BreadcrumbList","@id":"https:\/\/cv-creativa.de\/producto\/patron-cuello-alina\/#breadcrumb","itemListElement":[{"@type":"ListItem","position":1,"name":"Portada","item":"https:\/\/cv-creativa.de\/"},{"@type":"ListItem","position":2,"name":"Tienda","item":"https:\/\/cv-creativa.de\/tienda\/"},{"@type":"ListItem","position":3,"name":"Patr\u00f3n cuello Alina"}]},{"@type":"WebSite","@id":"https:\/\/cv-creativa.de\/#website","url":"https:\/\/cv-creativa.de\/","name":"Crea tu mundo. Crea tu estilo.","description":"","publisher":{"@id":"https:\/\/cv-creativa.de\/#organization"},"potentialAction":[{"@type":"SearchAction","target":{"@type":"EntryPoint","urlTemplate":"https:\/\/cv-creativa.de\/?s={search_term_string}"},"query-input":{"@type":"PropertyValueSpecification","valueRequired":true,"valueName":"search_term_string"}}],"inLanguage":"de"},{"@type":"Organization","@id":"https:\/\/cv-creativa.de\/#organization","name":"cv-creativa","url":"https:\/\/cv-creativa.de\/","logo":{"@type":"ImageObject","inLanguage":"de","@id":"https:\/\/cv-creativa.de\/#\/schema\/logo\/image\/","url":"https:\/\/cv-creativa.de\/wp-content\/uploads\/2021\/01\/cropped-Logo-nuevo.jpg","contentUrl":"https:\/\/cv-creativa.de\/wp-content\/uploads\/2021\/01\/cropped-Logo-nuevo.jpg","width":173,"height":175,"caption":"cv-creativa"},"image":{"@id":"https:\/\/cv-creativa.de\/#\/schema\/logo\/image\/"},"sameAs":["https:\/\/www.facebook.com\/claudia.vigorenasalomon","https:\/\/www.instagram.com\/cv_creativa\/","https:\/\/www.pinterest.de\/cv_vigorena"]}]}},"_links":{"self":[{"href":"https:\/\/cv-creativa.de\/de\/wp-json\/wp\/v2\/product\/1158","targetHints":{"allow":["GET"]}}],"collection":[{"href":"https:\/\/cv-creativa.de\/de\/wp-json\/wp\/v2\/product"}],"about":[{"href":"https:\/\/cv-creativa.de\/de\/wp-json\/wp\/v2\/types\/product"}],"replies":[{"embeddable":true,"href":"https:\/\/cv-creativa.de\/de\/wp-json\/wp\/v2\/comments?post=1158"}],"wp:featuredmedia":[{"embeddable":true,"href":"https:\/\/cv-creativa.de\/de\/wp-json\/wp\/v2\/media\/1151"}],"wp:attachment":[{"href":"https:\/\/cv-creativa.de\/de\/wp-json\/wp\/v2\/media?parent=1158"}],"wp:term":[{"taxonomy":"product_brand","embeddable":true,"href":"https:\/\/cv-creativa.de\/de\/wp-json\/wp\/v2\/product_brand?post=1158"},{"taxonomy":"product_cat","embeddable":true,"href":"https:\/\/cv-creativa.de\/de\/wp-json\/wp\/v2\/product_cat?post=1158"},{"taxonomy":"product_tag","embeddable":true,"href":"https:\/\/cv-creativa.de\/de\/wp-json\/wp\/v2\/product_tag?post=1158"}],"curies":[{"name":"wp","href":"https:\/\/api.w.org\/{rel}","templated":true}]}}