{"id":1589,"date":"2023-05-02T16:25:32","date_gmt":"2023-05-02T14:25:32","guid":{"rendered":"https:\/\/cv-creativa.de\/?post_type=product&#038;p=1589"},"modified":"2026-02-03T08:26:06","modified_gmt":"2026-02-03T07:26:06","slug":"atlantis","status":"publish","type":"product","link":"https:\/\/cv-creativa.de\/de\/produkt\/atlantis\/","title":{"rendered":"ATLANTIS"},"content":{"rendered":"<h3><strong>Produktbeschreibung<\/strong><\/h3>\n<p><strong>Atlantis<\/strong> ist eines der feinsten Garne aus dem Pascuali-Sortiment. W\u00e4hrend die Kaschmirwolle f\u00fcr die Weichheit und W\u00e4rme des Garns sorgt, ist die Seide f\u00fcr den zarten Glanz verantwortlich. Zusammen ergeben sie ein gl\u00e4nzendes, glattes und unglaublich weiches Garn. Das Garn ist sehr fein und gleichzeitig widerstandsf\u00e4hig.<\/p>\n<p>Das feine Haar der inneren Schicht der Kaschmirziege f\u00fcr Atlantis stammt aus der Inneren Mongolei, die Maulbeerseide aus China. Das Garn wird in Italien gesponnen und dort auch gef\u00e4rbt.<\/p>\n<p>Atlantis ist ein Garn f\u00fcr sehr feine Strickarbeiten. Es l\u00e4sst sich sehr leicht verarbeiten und hat ein gleichm\u00e4\u00dfiges Maschenbild. Atlantis eignet sich f\u00fcr viele strukturierte Muster, wirkt aber auch sehr elegant, wenn es glatt gestrickt wird. Atlantis eignet sich besonders f\u00fcr feine, leichte und warme Strickwaren. Nat\u00fcrlich eignet es sich auch hervorragend zum H\u00e4keln. Das extrem feine Kaschmirhaar und die zarte Seide machen Atlantis zu einem Garn, das auch sehr empfindliche Menschen und Kinder gut vertragen, selbst bei direktem Hautkontakt.<\/p>\n<p>Atlantis eignet sich sehr gut f\u00fcr leichte Oberteile, aber auch Accessoires wie d\u00fcnne T\u00fccher und Schals passen perfekt zu diesem luxuri\u00f6sen Garn.<\/p>\n<p>&nbsp;<\/p>\n<h4><strong>Pflegehinweise:<\/strong><\/h4>\n<p>Wir empfehlen, Atlantis-Strickwaren von Hand in lauwarmem Wasser mit einem milden Wollwaschmittel zu waschen. Legen Sie sie anschlie\u00dfend zum Trocknen flach aus, vorzugsweise auf einem Frotteetuch, um Verformungen zu vermeiden. Nicht direkt \u00fcber einer W\u00e4rmequelle oder in der prallen Sonne trocknen.<\/p>","protected":false},"excerpt":{"rendered":"<h4><strong>Technische Daten<\/strong><\/h4>\n<h4>L\u00e4nge: 25 g ~ 116 m | 0,88 oz ~ 127 yds<br \/>\nNadelst\u00e4rke: 2,5 mm | 2 US | 12 UK<br \/>\nEmpfohlene Stichprobe: 25 Maschen, 35 Reihen pro 10 cm<br \/>\nVerbrauch: Pullover Gr\u00f6\u00dfe 38 ~ 325 g (13 Kn\u00e4uel)<br \/>\nPresentaci\u00f3n: 25 g | 0.88 oz ~ ovillo<\/h4>\n<h4>Herkunft<\/h4>\n<h4>Faser: Kaschmir ~ Mongolei | Maulbeerseide ~ China<br \/>\nIn Italien gesponnen<br \/>\nGef\u00e4rbt in Italien<\/h4>","protected":false},"featured_media":1592,"comment_status":"open","ping_status":"closed","template":"","meta":{"neve_meta_sidebar":"","neve_meta_container":"","neve_meta_enable_content_width":"off","neve_meta_content_width":100,"neve_meta_title_alignment":"","neve_meta_author_avatar":"","neve_post_elements_order":"","neve_meta_disable_header":"","neve_meta_disable_footer":"","neve_meta_disable_title":""},"product_brand":[484],"product_cat":[29],"product_tag":[156,91,278,279,133],"class_list":{"0":"post-1589","1":"product","2":"type-product","3":"status-publish","4":"has-post-thumbnail","6":"product_brand-pascuali","7":"product_cat-hilados","8":"product_tag-cachemira","9":"product_tag-pascuali-filati-naturali","10":"product_tag-perlmutt","11":"product_tag-perlweiss","12":"product_tag-seda","13":"product_shipping_class-ropa-lanas-y-accesorios","14":"pa_color-perlmutt-51","15":"pa_color-perlweiss-01","17":"first","18":"instock","19":"purchasable","20":"product-type-variable"},"yoast_head":"<!-- This site is optimized with the Yoast SEO plugin v27.5 - https:\/\/yoast.com\/product\/yoast-seo-wordpress\/ -->\n<title>ATLANTIS -<\/title>\n<meta name=\"description\" content=\"Atlantis es uno de los hilos m\u00e1s finos de la gama Pascuali. cachemira proporciona la suavidad y calidez del hilo, la seda es responsable del delicado brillo\" \/>\n<meta name=\"robots\" content=\"index, follow, max-snippet:-1, max-image-preview:large, max-video-preview:-1\" \/>\n<link rel=\"canonical\" href=\"https:\/\/cv-creativa.de\/de\/produkt\/atlantis\/\" \/>\n<meta property=\"og:locale\" content=\"de_DE\" \/>\n<meta property=\"og:type\" content=\"article\" \/>\n<meta property=\"og:title\" content=\"ATLANTIS -\" \/>\n<meta property=\"og:description\" content=\"Atlantis es uno de los hilos m\u00e1s finos de la gama Pascuali. cachemira proporciona la suavidad y calidez del hilo, la seda es responsable del delicado brillo\" \/>\n<meta property=\"og:url\" content=\"https:\/\/cv-creativa.de\/de\/produkt\/atlantis\/\" \/>\n<meta property=\"article:publisher\" content=\"https:\/\/www.facebook.com\/claudia.vigorenasalomon\" \/>\n<meta property=\"article:modified_time\" content=\"2026-02-03T07:26:06+00:00\" \/>\n<meta property=\"og:image\" content=\"http:\/\/cv-creativa.de\/wp-content\/uploads\/2023\/05\/ATLANTIS.jpg\" \/>\n\t<meta property=\"og:image:width\" content=\"773\" \/>\n\t<meta property=\"og:image:height\" content=\"566\" \/>\n\t<meta property=\"og:image:type\" content=\"image\/jpeg\" \/>\n<meta name=\"twitter:card\" content=\"summary_large_image\" \/>\n<meta name=\"twitter:label1\" content=\"Gesch\u00e4tzte Lesezeit\" \/>\n\t<meta name=\"twitter:data1\" content=\"2\u00a0Minuten\" \/>\n<script type=\"application\/ld+json\" class=\"yoast-schema-graph\">{\"@context\":\"https:\\\/\\\/schema.org\",\"@graph\":[{\"@type\":[\"WebPage\",\"ItemPage\"],\"@id\":\"https:\\\/\\\/cv-creativa.de\\\/producto\\\/atlantis\\\/\",\"url\":\"https:\\\/\\\/cv-creativa.de\\\/producto\\\/atlantis\\\/\",\"name\":\"ATLANTIS -\",\"isPartOf\":{\"@id\":\"https:\\\/\\\/cv-creativa.de\\\/#website\"},\"primaryImageOfPage\":{\"@id\":\"https:\\\/\\\/cv-creativa.de\\\/producto\\\/atlantis\\\/#primaryimage\"},\"image\":{\"@id\":\"https:\\\/\\\/cv-creativa.de\\\/producto\\\/atlantis\\\/#primaryimage\"},\"thumbnailUrl\":\"https:\\\/\\\/cv-creativa.de\\\/wp-content\\\/uploads\\\/2023\\\/05\\\/ATLANTIS.jpg\",\"datePublished\":\"2023-05-02T14:25:32+00:00\",\"dateModified\":\"2026-02-03T07:26:06+00:00\",\"description\":\"Atlantis es uno de los hilos m\u00e1s finos de la gama Pascuali. cachemira proporciona la suavidad y calidez del hilo, la seda es responsable del delicado brillo\",\"breadcrumb\":{\"@id\":\"https:\\\/\\\/cv-creativa.de\\\/producto\\\/atlantis\\\/#breadcrumb\"},\"inLanguage\":\"de\",\"potentialAction\":[{\"@type\":\"ReadAction\",\"target\":[\"https:\\\/\\\/cv-creativa.de\\\/producto\\\/atlantis\\\/\"]}]},{\"@type\":\"ImageObject\",\"inLanguage\":\"de\",\"@id\":\"https:\\\/\\\/cv-creativa.de\\\/producto\\\/atlantis\\\/#primaryimage\",\"url\":\"https:\\\/\\\/cv-creativa.de\\\/wp-content\\\/uploads\\\/2023\\\/05\\\/ATLANTIS.jpg\",\"contentUrl\":\"https:\\\/\\\/cv-creativa.de\\\/wp-content\\\/uploads\\\/2023\\\/05\\\/ATLANTIS.jpg\",\"width\":773,\"height\":566},{\"@type\":\"BreadcrumbList\",\"@id\":\"https:\\\/\\\/cv-creativa.de\\\/producto\\\/atlantis\\\/#breadcrumb\",\"itemListElement\":[{\"@type\":\"ListItem\",\"position\":1,\"name\":\"Portada\",\"item\":\"https:\\\/\\\/cv-creativa.de\\\/\"},{\"@type\":\"ListItem\",\"position\":2,\"name\":\"Tienda\",\"item\":\"https:\\\/\\\/cv-creativa.de\\\/tienda\\\/\"},{\"@type\":\"ListItem\",\"position\":3,\"name\":\"ATLANTIS\"}]},{\"@type\":\"WebSite\",\"@id\":\"https:\\\/\\\/cv-creativa.de\\\/#website\",\"url\":\"https:\\\/\\\/cv-creativa.de\\\/\",\"name\":\"Crea tu mundo. Crea tu estilo.\",\"description\":\"\",\"publisher\":{\"@id\":\"https:\\\/\\\/cv-creativa.de\\\/#organization\"},\"potentialAction\":[{\"@type\":\"SearchAction\",\"target\":{\"@type\":\"EntryPoint\",\"urlTemplate\":\"https:\\\/\\\/cv-creativa.de\\\/?s={search_term_string}\"},\"query-input\":{\"@type\":\"PropertyValueSpecification\",\"valueRequired\":true,\"valueName\":\"search_term_string\"}}],\"inLanguage\":\"de\"},{\"@type\":\"Organization\",\"@id\":\"https:\\\/\\\/cv-creativa.de\\\/#organization\",\"name\":\"cv-creativa\",\"url\":\"https:\\\/\\\/cv-creativa.de\\\/\",\"logo\":{\"@type\":\"ImageObject\",\"inLanguage\":\"de\",\"@id\":\"https:\\\/\\\/cv-creativa.de\\\/#\\\/schema\\\/logo\\\/image\\\/\",\"url\":\"https:\\\/\\\/cv-creativa.de\\\/wp-content\\\/uploads\\\/2021\\\/01\\\/cropped-Logo-nuevo.jpg\",\"contentUrl\":\"https:\\\/\\\/cv-creativa.de\\\/wp-content\\\/uploads\\\/2021\\\/01\\\/cropped-Logo-nuevo.jpg\",\"width\":173,\"height\":175,\"caption\":\"cv-creativa\"},\"image\":{\"@id\":\"https:\\\/\\\/cv-creativa.de\\\/#\\\/schema\\\/logo\\\/image\\\/\"},\"sameAs\":[\"https:\\\/\\\/www.facebook.com\\\/claudia.vigorenasalomon\",\"https:\\\/\\\/www.instagram.com\\\/cv_creativa\\\/\",\"https:\\\/\\\/www.pinterest.de\\\/cv_vigorena\"]}]}<\/script>\n<!-- \/ Yoast SEO plugin. -->","yoast_head_json":{"title":"ATLANTIS -","description":"Atlantis es uno de los hilos m\u00e1s finos de la gama Pascuali. cachemira proporciona la suavidad y calidez del hilo, la seda es responsable del delicado brillo","robots":{"index":"index","follow":"follow","max-snippet":"max-snippet:-1","max-image-preview":"max-image-preview:large","max-video-preview":"max-video-preview:-1"},"canonical":"https:\/\/cv-creativa.de\/de\/produkt\/atlantis\/","og_locale":"de_DE","og_type":"article","og_title":"ATLANTIS -","og_description":"Atlantis es uno de los hilos m\u00e1s finos de la gama Pascuali. cachemira proporciona la suavidad y calidez del hilo, la seda es responsable del delicado brillo","og_url":"https:\/\/cv-creativa.de\/de\/produkt\/atlantis\/","article_publisher":"https:\/\/www.facebook.com\/claudia.vigorenasalomon","article_modified_time":"2026-02-03T07:26:06+00:00","og_image":[{"width":773,"height":566,"url":"http:\/\/cv-creativa.de\/wp-content\/uploads\/2023\/05\/ATLANTIS.jpg","type":"image\/jpeg"}],"twitter_card":"summary_large_image","twitter_misc":{"Gesch\u00e4tzte Lesezeit":"2\u00a0Minuten"},"schema":{"@context":"https:\/\/schema.org","@graph":[{"@type":["WebPage","ItemPage"],"@id":"https:\/\/cv-creativa.de\/producto\/atlantis\/","url":"https:\/\/cv-creativa.de\/producto\/atlantis\/","name":"ATLANTIS -","isPartOf":{"@id":"https:\/\/cv-creativa.de\/#website"},"primaryImageOfPage":{"@id":"https:\/\/cv-creativa.de\/producto\/atlantis\/#primaryimage"},"image":{"@id":"https:\/\/cv-creativa.de\/producto\/atlantis\/#primaryimage"},"thumbnailUrl":"https:\/\/cv-creativa.de\/wp-content\/uploads\/2023\/05\/ATLANTIS.jpg","datePublished":"2023-05-02T14:25:32+00:00","dateModified":"2026-02-03T07:26:06+00:00","description":"Atlantis es uno de los hilos m\u00e1s finos de la gama Pascuali. cachemira proporciona la suavidad y calidez del hilo, la seda es responsable del delicado brillo","breadcrumb":{"@id":"https:\/\/cv-creativa.de\/producto\/atlantis\/#breadcrumb"},"inLanguage":"de","potentialAction":[{"@type":"ReadAction","target":["https:\/\/cv-creativa.de\/producto\/atlantis\/"]}]},{"@type":"ImageObject","inLanguage":"de","@id":"https:\/\/cv-creativa.de\/producto\/atlantis\/#primaryimage","url":"https:\/\/cv-creativa.de\/wp-content\/uploads\/2023\/05\/ATLANTIS.jpg","contentUrl":"https:\/\/cv-creativa.de\/wp-content\/uploads\/2023\/05\/ATLANTIS.jpg","width":773,"height":566},{"@type":"BreadcrumbList","@id":"https:\/\/cv-creativa.de\/producto\/atlantis\/#breadcrumb","itemListElement":[{"@type":"ListItem","position":1,"name":"Portada","item":"https:\/\/cv-creativa.de\/"},{"@type":"ListItem","position":2,"name":"Tienda","item":"https:\/\/cv-creativa.de\/tienda\/"},{"@type":"ListItem","position":3,"name":"ATLANTIS"}]},{"@type":"WebSite","@id":"https:\/\/cv-creativa.de\/#website","url":"https:\/\/cv-creativa.de\/","name":"Crea tu mundo. Crea tu estilo.","description":"","publisher":{"@id":"https:\/\/cv-creativa.de\/#organization"},"potentialAction":[{"@type":"SearchAction","target":{"@type":"EntryPoint","urlTemplate":"https:\/\/cv-creativa.de\/?s={search_term_string}"},"query-input":{"@type":"PropertyValueSpecification","valueRequired":true,"valueName":"search_term_string"}}],"inLanguage":"de"},{"@type":"Organization","@id":"https:\/\/cv-creativa.de\/#organization","name":"cv-creativa","url":"https:\/\/cv-creativa.de\/","logo":{"@type":"ImageObject","inLanguage":"de","@id":"https:\/\/cv-creativa.de\/#\/schema\/logo\/image\/","url":"https:\/\/cv-creativa.de\/wp-content\/uploads\/2021\/01\/cropped-Logo-nuevo.jpg","contentUrl":"https:\/\/cv-creativa.de\/wp-content\/uploads\/2021\/01\/cropped-Logo-nuevo.jpg","width":173,"height":175,"caption":"cv-creativa"},"image":{"@id":"https:\/\/cv-creativa.de\/#\/schema\/logo\/image\/"},"sameAs":["https:\/\/www.facebook.com\/claudia.vigorenasalomon","https:\/\/www.instagram.com\/cv_creativa\/","https:\/\/www.pinterest.de\/cv_vigorena"]}]}},"_links":{"self":[{"href":"https:\/\/cv-creativa.de\/de\/wp-json\/wp\/v2\/product\/1589","targetHints":{"allow":["GET"]}}],"collection":[{"href":"https:\/\/cv-creativa.de\/de\/wp-json\/wp\/v2\/product"}],"about":[{"href":"https:\/\/cv-creativa.de\/de\/wp-json\/wp\/v2\/types\/product"}],"replies":[{"embeddable":true,"href":"https:\/\/cv-creativa.de\/de\/wp-json\/wp\/v2\/comments?post=1589"}],"wp:featuredmedia":[{"embeddable":true,"href":"https:\/\/cv-creativa.de\/de\/wp-json\/wp\/v2\/media\/1592"}],"wp:attachment":[{"href":"https:\/\/cv-creativa.de\/de\/wp-json\/wp\/v2\/media?parent=1589"}],"wp:term":[{"taxonomy":"product_brand","embeddable":true,"href":"https:\/\/cv-creativa.de\/de\/wp-json\/wp\/v2\/product_brand?post=1589"},{"taxonomy":"product_cat","embeddable":true,"href":"https:\/\/cv-creativa.de\/de\/wp-json\/wp\/v2\/product_cat?post=1589"},{"taxonomy":"product_tag","embeddable":true,"href":"https:\/\/cv-creativa.de\/de\/wp-json\/wp\/v2\/product_tag?post=1589"}],"curies":[{"name":"wp","href":"https:\/\/api.w.org\/{rel}","templated":true}]}}