{"id":1593,"date":"2023-05-02T16:57:19","date_gmt":"2023-05-02T14:57:19","guid":{"rendered":"https:\/\/cv-creativa.de\/?post_type=product&#038;p=1593"},"modified":"2026-02-02T09:50:34","modified_gmt":"2026-02-02T08:50:34","slug":"alvor","status":"publish","type":"product","link":"https:\/\/cv-creativa.de\/de\/produkt\/alvor\/","title":{"rendered":"Alvor"},"content":{"rendered":"<h2>Beschreibung<\/h2>\n<p><strong>Alvor &#8211;<\/strong> Das sch\u00f6ne, leichte Naturgarn von Ros\u00e1rios4, Leinen wird durch Wolle gem\u00fctlicher, Wolle durch Leinen strapazierf\u00e4higer. Beide erg\u00e4nzen sich wunderbar. Schals, Kleidungsst\u00fccke ... ein Allround-Garn, das der Hersteller auch f\u00fcr Socken empfiehlt, die dank ihres Pflanzenfaseranteils sehr strapazierf\u00e4hig sind.<\/p>\n<p>&nbsp;<\/p>\n<p><strong>Hersteller:<\/strong> Ros\u00e1rios4<\/p>\n<p><strong>Zusammensetzung:<\/strong> 50 % Leinen, 50 % Wolle<\/p>\n<p><strong>L\u00e4nge:<\/strong> 100 g = 310 m (3,50 oz = 339 yd)<\/p>\n<p><strong>Wollst\u00e4rke:<\/strong> [2] Fina [Sport, Baby<\/p>\n<p><strong>Garnart:<\/strong> 3 f\u00e4dig, Ecofriendly-Kollektion, pure Natur, auch sch\u00f6n in Kombination mit<\/p>\n<p>kombination mit Aurora (Ros\u00e1rios4)<\/p>\n<p><strong>Nadelst\u00e4rke:<\/strong> 3-4 mm<\/p>\n<p><strong>Herstellerprobe in 10 cm<\/strong>24 M x 34 R<\/p>\n<p><strong>Empfohlene Menge f\u00fcr Damenpullover M<\/strong>: 550 g<\/p>","protected":false},"excerpt":{"rendered":"<h5>Beschreibung<\/h5>\n<p>50 % Leinen | 50 % Wolle<\/p>\n<h5>NADELN<\/h5>\n<p>3\u20134 mm (USA 4\u20136)<\/p>\n<h5>ST\u00c4RKE \u2013 KLASSIFIZIERUNG<\/h5>\n<p>[2] Fino | Sport, Baby<\/p>\n<h5>Laufl\u00e4nge<\/h5>\n<p>100 g = 310 m (3,50 oz = 339 yd)<\/p>\n<p><a href=\"https:\/\/rosarios4.com\/cuidados-e-simbolos-lavagem\/\"><img decoding=\"async\" class=\"alignleft size-full wp-image-2930\" src=\"https:\/\/rosarios4.com\/wp-content\/uploads\/2017\/10\/SECAGEM_HorizontalsemEstender.svg\" alt=\"Secagem horizontal sem estender\" width=\"24\" \/><\/a><a href=\"https:\/\/rosarios4.com\/cuidados-e-simbolos-lavagem\/\"><img decoding=\"async\" class=\"alignleft size-medium wp-image-2922\" src=\"https:\/\/rosarios4.com\/wp-content\/uploads\/2017\/10\/MAQUINASECAR_NaoUsar.svg\" alt=\"\" width=\"24\" \/><\/a><a href=\"https:\/\/rosarios4.com\/cuidados-e-simbolos-lavagem\/\"><img decoding=\"async\" class=\"alignleft size-medium wp-image-2919\" src=\"https:\/\/rosarios4.com\/wp-content\/uploads\/2017\/10\/LIMPEZA-A-SECO_c_essenciasMineraisePercloetileno.svg\" alt=\"\" width=\"24\" \/><\/a><a href=\"https:\/\/rosarios4.com\/cuidados-e-simbolos-lavagem\/\"><img decoding=\"async\" class=\"alignleft size-full wp-image-2910\" src=\"https:\/\/rosarios4.com\/wp-content\/uploads\/2017\/10\/LAVAGEM_delicada.svg\" alt=\"Lavagem delicada\" width=\"24\" \/><\/a><a href=\"https:\/\/rosarios4.com\/cuidados-e-simbolos-lavagem\/\"><img decoding=\"async\" class=\"alignleft size-full wp-image-2891\" src=\"https:\/\/rosarios4.com\/wp-content\/uploads\/2017\/10\/FERRO_max110graus.svg\" alt=\"\" width=\"24\" \/><\/a><a href=\"https:\/\/rosarios4.com\/cuidados-e-simbolos-lavagem\/\"><img decoding=\"async\" class=\"alignleft size-full wp-image-2890\" src=\"https:\/\/rosarios4.com\/wp-content\/uploads\/2017\/10\/Artboard-23USO-DE-LIXIVIA_NaoUsar.svg\" alt=\"\" width=\"24\" \/><\/a><\/p>\n<p>&nbsp;<\/p>\n<p>&nbsp;<\/p>\n<p>&nbsp;<\/p>","protected":false},"featured_media":1594,"comment_status":"open","ping_status":"closed","template":"","meta":{"neve_meta_sidebar":"","neve_meta_container":"","neve_meta_enable_content_width":"off","neve_meta_content_width":100,"neve_meta_title_alignment":"","neve_meta_author_avatar":"","neve_post_elements_order":"","neve_meta_disable_header":"","neve_meta_disable_footer":"","neve_meta_disable_title":""},"product_brand":[483],"product_cat":[29],"product_tag":[289,267,131,47,48,81,260,93],"class_list":{"0":"post-1593","1":"product","2":"type-product","3":"status-publish","4":"has-post-thumbnail","6":"product_brand-rosarios4","7":"product_cat-hilados","8":"product_tag-alvor","9":"product_tag-azul","10":"product_tag-lana","11":"product_tag-lino","12":"product_tag-natural","13":"product_tag-rojo","14":"product_tag-rosarios4","15":"product_tag-verde","16":"product_shipping_class-ropa-lanas-y-accesorios","17":"pa_color-alvor-azul-novelos","18":"pa_color-alvor-musgo","19":"pa_color-alvor-perola","20":"pa_color-alvor-vermelho-15","22":"first","23":"instock","24":"purchasable","25":"product-type-variable"},"yoast_head":"<!-- This site is optimized with the Yoast SEO plugin v27.5 - https:\/\/yoast.com\/product\/yoast-seo-wordpress\/ -->\n<title>Alvor -<\/title>\n<meta name=\"description\" content=\"un hilo todoterreno que el fabricante recomienda tambi\u00e9n para calcetines, que se vuelven muy resistentes gracias a su contenido en fibra vegetal.\" \/>\n<meta name=\"robots\" content=\"index, follow, max-snippet:-1, max-image-preview:large, max-video-preview:-1\" \/>\n<link rel=\"canonical\" href=\"https:\/\/cv-creativa.de\/de\/produkt\/alvor\/\" \/>\n<meta property=\"og:locale\" content=\"de_DE\" \/>\n<meta property=\"og:type\" content=\"article\" \/>\n<meta property=\"og:title\" content=\"Alvor -\" \/>\n<meta property=\"og:description\" content=\"un hilo todoterreno que el fabricante recomienda tambi\u00e9n para calcetines, que se vuelven muy resistentes gracias a su contenido en fibra vegetal.\" \/>\n<meta property=\"og:url\" content=\"https:\/\/cv-creativa.de\/de\/produkt\/alvor\/\" \/>\n<meta property=\"article:publisher\" content=\"https:\/\/www.facebook.com\/claudia.vigorenasalomon\" \/>\n<meta property=\"article:modified_time\" content=\"2026-02-02T08:50:34+00:00\" \/>\n<meta property=\"og:image\" content=\"http:\/\/cv-creativa.de\/wp-content\/uploads\/2023\/05\/IMG_4298.jpg\" \/>\n\t<meta property=\"og:image:width\" content=\"693\" \/>\n\t<meta property=\"og:image:height\" content=\"924\" \/>\n\t<meta property=\"og:image:type\" content=\"image\/jpeg\" \/>\n<meta name=\"twitter:card\" content=\"summary_large_image\" \/>\n<meta name=\"twitter:label1\" content=\"Gesch\u00e4tzte Lesezeit\" \/>\n\t<meta name=\"twitter:data1\" content=\"1\u00a0Minute\" \/>\n<script type=\"application\/ld+json\" class=\"yoast-schema-graph\">{\"@context\":\"https:\\\/\\\/schema.org\",\"@graph\":[{\"@type\":[\"WebPage\",\"ItemPage\"],\"@id\":\"https:\\\/\\\/cv-creativa.de\\\/producto\\\/alvor\\\/\",\"url\":\"https:\\\/\\\/cv-creativa.de\\\/producto\\\/alvor\\\/\",\"name\":\"Alvor -\",\"isPartOf\":{\"@id\":\"https:\\\/\\\/cv-creativa.de\\\/#website\"},\"primaryImageOfPage\":{\"@id\":\"https:\\\/\\\/cv-creativa.de\\\/producto\\\/alvor\\\/#primaryimage\"},\"image\":{\"@id\":\"https:\\\/\\\/cv-creativa.de\\\/producto\\\/alvor\\\/#primaryimage\"},\"thumbnailUrl\":\"https:\\\/\\\/cv-creativa.de\\\/wp-content\\\/uploads\\\/2023\\\/05\\\/IMG_4298.jpg\",\"datePublished\":\"2023-05-02T14:57:19+00:00\",\"dateModified\":\"2026-02-02T08:50:34+00:00\",\"description\":\"un hilo todoterreno que el fabricante recomienda tambi\u00e9n para calcetines, que se vuelven muy resistentes gracias a su contenido en fibra vegetal.\",\"breadcrumb\":{\"@id\":\"https:\\\/\\\/cv-creativa.de\\\/producto\\\/alvor\\\/#breadcrumb\"},\"inLanguage\":\"de\",\"potentialAction\":[{\"@type\":\"ReadAction\",\"target\":[\"https:\\\/\\\/cv-creativa.de\\\/producto\\\/alvor\\\/\"]}]},{\"@type\":\"ImageObject\",\"inLanguage\":\"de\",\"@id\":\"https:\\\/\\\/cv-creativa.de\\\/producto\\\/alvor\\\/#primaryimage\",\"url\":\"https:\\\/\\\/cv-creativa.de\\\/wp-content\\\/uploads\\\/2023\\\/05\\\/IMG_4298.jpg\",\"contentUrl\":\"https:\\\/\\\/cv-creativa.de\\\/wp-content\\\/uploads\\\/2023\\\/05\\\/IMG_4298.jpg\",\"width\":693,\"height\":924},{\"@type\":\"BreadcrumbList\",\"@id\":\"https:\\\/\\\/cv-creativa.de\\\/producto\\\/alvor\\\/#breadcrumb\",\"itemListElement\":[{\"@type\":\"ListItem\",\"position\":1,\"name\":\"Portada\",\"item\":\"https:\\\/\\\/cv-creativa.de\\\/\"},{\"@type\":\"ListItem\",\"position\":2,\"name\":\"Tienda\",\"item\":\"https:\\\/\\\/cv-creativa.de\\\/tienda\\\/\"},{\"@type\":\"ListItem\",\"position\":3,\"name\":\"Alvor\"}]},{\"@type\":\"WebSite\",\"@id\":\"https:\\\/\\\/cv-creativa.de\\\/#website\",\"url\":\"https:\\\/\\\/cv-creativa.de\\\/\",\"name\":\"Crea tu mundo. Crea tu estilo.\",\"description\":\"\",\"publisher\":{\"@id\":\"https:\\\/\\\/cv-creativa.de\\\/#organization\"},\"potentialAction\":[{\"@type\":\"SearchAction\",\"target\":{\"@type\":\"EntryPoint\",\"urlTemplate\":\"https:\\\/\\\/cv-creativa.de\\\/?s={search_term_string}\"},\"query-input\":{\"@type\":\"PropertyValueSpecification\",\"valueRequired\":true,\"valueName\":\"search_term_string\"}}],\"inLanguage\":\"de\"},{\"@type\":\"Organization\",\"@id\":\"https:\\\/\\\/cv-creativa.de\\\/#organization\",\"name\":\"cv-creativa\",\"url\":\"https:\\\/\\\/cv-creativa.de\\\/\",\"logo\":{\"@type\":\"ImageObject\",\"inLanguage\":\"de\",\"@id\":\"https:\\\/\\\/cv-creativa.de\\\/#\\\/schema\\\/logo\\\/image\\\/\",\"url\":\"https:\\\/\\\/cv-creativa.de\\\/wp-content\\\/uploads\\\/2021\\\/01\\\/cropped-Logo-nuevo.jpg\",\"contentUrl\":\"https:\\\/\\\/cv-creativa.de\\\/wp-content\\\/uploads\\\/2021\\\/01\\\/cropped-Logo-nuevo.jpg\",\"width\":173,\"height\":175,\"caption\":\"cv-creativa\"},\"image\":{\"@id\":\"https:\\\/\\\/cv-creativa.de\\\/#\\\/schema\\\/logo\\\/image\\\/\"},\"sameAs\":[\"https:\\\/\\\/www.facebook.com\\\/claudia.vigorenasalomon\",\"https:\\\/\\\/www.instagram.com\\\/cv_creativa\\\/\",\"https:\\\/\\\/www.pinterest.de\\\/cv_vigorena\"]}]}<\/script>\n<!-- \/ Yoast SEO plugin. -->","yoast_head_json":{"title":"Alvor -","description":"un hilo todoterreno que el fabricante recomienda tambi\u00e9n para calcetines, que se vuelven muy resistentes gracias a su contenido en fibra vegetal.","robots":{"index":"index","follow":"follow","max-snippet":"max-snippet:-1","max-image-preview":"max-image-preview:large","max-video-preview":"max-video-preview:-1"},"canonical":"https:\/\/cv-creativa.de\/de\/produkt\/alvor\/","og_locale":"de_DE","og_type":"article","og_title":"Alvor -","og_description":"un hilo todoterreno que el fabricante recomienda tambi\u00e9n para calcetines, que se vuelven muy resistentes gracias a su contenido en fibra vegetal.","og_url":"https:\/\/cv-creativa.de\/de\/produkt\/alvor\/","article_publisher":"https:\/\/www.facebook.com\/claudia.vigorenasalomon","article_modified_time":"2026-02-02T08:50:34+00:00","og_image":[{"width":693,"height":924,"url":"http:\/\/cv-creativa.de\/wp-content\/uploads\/2023\/05\/IMG_4298.jpg","type":"image\/jpeg"}],"twitter_card":"summary_large_image","twitter_misc":{"Gesch\u00e4tzte Lesezeit":"1\u00a0Minute"},"schema":{"@context":"https:\/\/schema.org","@graph":[{"@type":["WebPage","ItemPage"],"@id":"https:\/\/cv-creativa.de\/producto\/alvor\/","url":"https:\/\/cv-creativa.de\/producto\/alvor\/","name":"Alvor -","isPartOf":{"@id":"https:\/\/cv-creativa.de\/#website"},"primaryImageOfPage":{"@id":"https:\/\/cv-creativa.de\/producto\/alvor\/#primaryimage"},"image":{"@id":"https:\/\/cv-creativa.de\/producto\/alvor\/#primaryimage"},"thumbnailUrl":"https:\/\/cv-creativa.de\/wp-content\/uploads\/2023\/05\/IMG_4298.jpg","datePublished":"2023-05-02T14:57:19+00:00","dateModified":"2026-02-02T08:50:34+00:00","description":"un hilo todoterreno que el fabricante recomienda tambi\u00e9n para calcetines, que se vuelven muy resistentes gracias a su contenido en fibra vegetal.","breadcrumb":{"@id":"https:\/\/cv-creativa.de\/producto\/alvor\/#breadcrumb"},"inLanguage":"de","potentialAction":[{"@type":"ReadAction","target":["https:\/\/cv-creativa.de\/producto\/alvor\/"]}]},{"@type":"ImageObject","inLanguage":"de","@id":"https:\/\/cv-creativa.de\/producto\/alvor\/#primaryimage","url":"https:\/\/cv-creativa.de\/wp-content\/uploads\/2023\/05\/IMG_4298.jpg","contentUrl":"https:\/\/cv-creativa.de\/wp-content\/uploads\/2023\/05\/IMG_4298.jpg","width":693,"height":924},{"@type":"BreadcrumbList","@id":"https:\/\/cv-creativa.de\/producto\/alvor\/#breadcrumb","itemListElement":[{"@type":"ListItem","position":1,"name":"Portada","item":"https:\/\/cv-creativa.de\/"},{"@type":"ListItem","position":2,"name":"Tienda","item":"https:\/\/cv-creativa.de\/tienda\/"},{"@type":"ListItem","position":3,"name":"Alvor"}]},{"@type":"WebSite","@id":"https:\/\/cv-creativa.de\/#website","url":"https:\/\/cv-creativa.de\/","name":"Crea tu mundo. Crea tu estilo.","description":"","publisher":{"@id":"https:\/\/cv-creativa.de\/#organization"},"potentialAction":[{"@type":"SearchAction","target":{"@type":"EntryPoint","urlTemplate":"https:\/\/cv-creativa.de\/?s={search_term_string}"},"query-input":{"@type":"PropertyValueSpecification","valueRequired":true,"valueName":"search_term_string"}}],"inLanguage":"de"},{"@type":"Organization","@id":"https:\/\/cv-creativa.de\/#organization","name":"cv-creativa","url":"https:\/\/cv-creativa.de\/","logo":{"@type":"ImageObject","inLanguage":"de","@id":"https:\/\/cv-creativa.de\/#\/schema\/logo\/image\/","url":"https:\/\/cv-creativa.de\/wp-content\/uploads\/2021\/01\/cropped-Logo-nuevo.jpg","contentUrl":"https:\/\/cv-creativa.de\/wp-content\/uploads\/2021\/01\/cropped-Logo-nuevo.jpg","width":173,"height":175,"caption":"cv-creativa"},"image":{"@id":"https:\/\/cv-creativa.de\/#\/schema\/logo\/image\/"},"sameAs":["https:\/\/www.facebook.com\/claudia.vigorenasalomon","https:\/\/www.instagram.com\/cv_creativa\/","https:\/\/www.pinterest.de\/cv_vigorena"]}]}},"_links":{"self":[{"href":"https:\/\/cv-creativa.de\/de\/wp-json\/wp\/v2\/product\/1593","targetHints":{"allow":["GET"]}}],"collection":[{"href":"https:\/\/cv-creativa.de\/de\/wp-json\/wp\/v2\/product"}],"about":[{"href":"https:\/\/cv-creativa.de\/de\/wp-json\/wp\/v2\/types\/product"}],"replies":[{"embeddable":true,"href":"https:\/\/cv-creativa.de\/de\/wp-json\/wp\/v2\/comments?post=1593"}],"wp:featuredmedia":[{"embeddable":true,"href":"https:\/\/cv-creativa.de\/de\/wp-json\/wp\/v2\/media\/1594"}],"wp:attachment":[{"href":"https:\/\/cv-creativa.de\/de\/wp-json\/wp\/v2\/media?parent=1593"}],"wp:term":[{"taxonomy":"product_brand","embeddable":true,"href":"https:\/\/cv-creativa.de\/de\/wp-json\/wp\/v2\/product_brand?post=1593"},{"taxonomy":"product_cat","embeddable":true,"href":"https:\/\/cv-creativa.de\/de\/wp-json\/wp\/v2\/product_cat?post=1593"},{"taxonomy":"product_tag","embeddable":true,"href":"https:\/\/cv-creativa.de\/de\/wp-json\/wp\/v2\/product_tag?post=1593"}],"curies":[{"name":"wp","href":"https:\/\/api.w.org\/{rel}","templated":true}]}}