{"id":1603,"date":"2023-05-02T18:16:26","date_gmt":"2023-05-02T16:16:26","guid":{"rendered":"https:\/\/cv-creativa.de\/?post_type=product&#038;p=1603"},"modified":"2026-02-09T09:32:04","modified_gmt":"2026-02-09T08:32:04","slug":"bio-bamboo","status":"publish","type":"product","link":"https:\/\/cv-creativa.de\/de\/produkt\/bio-bamboo\/","title":{"rendered":"Bio-Bambus"},"content":{"rendered":"<p>Der Bio-Bambusgarn von <strong>Rosarios4<\/strong> Es besteht aus Bambusviskose. Es handelt sich um ein \u00f6kologisches Garn, das sich sehr weich anf\u00fchlt und daher f\u00fcr die ganze Familie geeignet ist, auch f\u00fcr Menschen mit besonders empfindlicher Haut, wie beispielsweise Babys.<\/p>\n<h3>Produktdetails<\/h3>\n<p>Rosarios4 pr\u00e4sentiert Bio Bamboo, ein antiallergisches und antibakterielles Garn aus 100 % Bambusviskose. Aufgrund seiner Zusammensetzung eignet sich dieses Garn hervorragend f\u00fcr empfindliche Haut. Wenn Sie f\u00fcr Babys stricken m\u00f6chten, ist dies eine ausgezeichnete Wahl.<\/p>\n<p>Bio Bamboo es muy suave y ligero, por lo que es perfecto para el caluroso verano. Con \u00e9l puedes tejer prendas y accesorios transpirables para toda la familia.<\/p>\n<h3>Inhaltsstoffe:<\/h3>\n<p>100 % Bambusviskose<br \/>\nBambusviskose f\u00fchlt sich sehr weich an. Es ist ein angenehmes Material, das nicht kratzt oder die Haut reizt. Au\u00dferdem hat es antiallergische und antibakterielle Eigenschaften.<\/p>\n<p>&nbsp;<\/p>\n<h3>Eigenschaften<\/h3>\n<p>Jedes Kn\u00e4uel enth\u00e4lt 100 Gramm und misst etwa 175 Meter.<br \/>\nIdeal zum Stricken mit 4,5\u20135 mm Stricknadeln oder 3,5\u20134 mm H\u00e4kelnadeln.<br \/>\nF\u00fcr eine Probe von 10 x 10 cm sind 27 Maschen und 32 Reihen erforderlich.<br \/>\nMaschinenwaschbar bei maximal 30 \u00b0C und mit Produkten ohne Bleichmittel.<br \/>\nNicht im W\u00e4schetrockner trocknen.<br \/>\nEs wird empfohlen, das Produkt liegend und im Schatten zu trocknen.<br \/>\nWie viele Kn\u00e4uel werden ben\u00f6tigt?<br \/>\nUm eine \u00e4rmellose Strickjacke in einer Gr\u00f6\u00dfe zu stricken, ben\u00f6tigen Sie 3 Kn\u00e4uel.<\/p>\n<div><\/div>","protected":false},"excerpt":{"rendered":"<h5>Beschreibung<\/h5>\n<p>100 % Viskose \u2013 Bambus<\/p>\n<h5>NADELN<\/h5>\n<p>4,5 \u2013 5 mm (USA 6 \u2013 7)<\/p>\n<h5>ST\u00c4RKE \u2013 KLASSIFIZIERUNG<\/h5>\n<p>[4] Mitel | Worsted, Aran<\/p>\n<h5>Laufl\u00e4nge<\/h5>\n<p>100 g = 175 m (3,50 oz = 191 yd)<\/p>\n<p>Gesch\u00e4tzte Menge f\u00fcr einen Pullover (Damen), Gr\u00f6\u00dfe M: 7 Kn\u00e4uel.<\/p>\n<h5>WASCHEN UND PFLEGE<\/h5>\n<p><a href=\"https:\/\/rosarios4.com\/cuidados-e-simbolos-lavagem\/\"><img decoding=\"async\" class=\"alignleft size-full wp-image-2911\" src=\"https:\/\/rosarios4.com\/wp-content\/uploads\/2017\/10\/LAVAGEM_MAO_max30graus.svg\" alt=\"Lavagem \u00e0 m\u00e3o - m\u00e1ximo 30\u00ba\" width=\"24\" \/><\/a><a href=\"https:\/\/rosarios4.com\/cuidados-e-simbolos-lavagem\/\"><img decoding=\"async\" class=\"alignleft size-full wp-image-2930\" src=\"https:\/\/rosarios4.com\/wp-content\/uploads\/2017\/10\/SECAGEM_HorizontalsemEstender.svg\" alt=\"Secagem horizontal sem estender\" width=\"24\" \/><\/a><a href=\"https:\/\/rosarios4.com\/cuidados-e-simbolos-lavagem\/\"><img decoding=\"async\" class=\"alignleft size-medium wp-image-2922\" src=\"https:\/\/rosarios4.com\/wp-content\/uploads\/2017\/10\/MAQUINASECAR_NaoUsar.svg\" alt=\"\" width=\"24\" \/><\/a><a href=\"https:\/\/rosarios4.com\/cuidados-e-simbolos-lavagem\/\"><img decoding=\"async\" class=\"alignleft size-medium wp-image-2919\" src=\"https:\/\/rosarios4.com\/wp-content\/uploads\/2017\/10\/LIMPEZA-A-SECO_c_essenciasMineraisePercloetileno.svg\" alt=\"\" width=\"24\" \/><\/a><a href=\"https:\/\/rosarios4.com\/cuidados-e-simbolos-lavagem\/\"><img decoding=\"async\" class=\"alignleft size-full wp-image-2891\" src=\"https:\/\/rosarios4.com\/wp-content\/uploads\/2017\/10\/FERRO_max110graus.svg\" alt=\"\" width=\"24\" \/><\/a><a href=\"https:\/\/rosarios4.com\/cuidados-e-simbolos-lavagem\/\"><img decoding=\"async\" class=\"alignleft size-full wp-image-2890\" src=\"https:\/\/rosarios4.com\/wp-content\/uploads\/2017\/10\/Artboard-23USO-DE-LIXIVIA_NaoUsar.svg\" alt=\"\" width=\"24\" \/><\/a><\/p>\n<p>Naturfasergarn (Ecofriendly Collection)<\/p>\n<p>&nbsp;<\/p>","protected":false},"featured_media":1605,"comment_status":"open","ping_status":"closed","template":"","meta":{"neve_meta_sidebar":"","neve_meta_container":"","neve_meta_enable_content_width":"off","neve_meta_content_width":100,"neve_meta_title_alignment":"","neve_meta_author_avatar":"","neve_post_elements_order":"","neve_meta_disable_header":"","neve_meta_disable_footer":"","neve_meta_disable_title":""},"product_brand":[483],"product_cat":[29],"product_tag":[293,294,292,291,290,93,99],"class_list":{"0":"post-1603","1":"product","2":"type-product","3":"status-publish","4":"has-post-thumbnail","6":"product_brand-rosarios4","7":"product_cat-hilados","8":"product_tag-bamboo","9":"product_tag-bio-bamboo","10":"product_tag-magenta","11":"product_tag-oliva","12":"product_tag-rosario4","13":"product_tag-verde","14":"product_tag-viscosa","15":"product_shipping_class-ropa-lanas-y-accesorios","16":"pa_color-bio-bamboo-magenta11","17":"pa_color-bio-bamboo-verde-oliva-25","19":"first","20":"instock","21":"purchasable","22":"product-type-variable"},"yoast_head":"<!-- This site is optimized with the Yoast SEO plugin v27.6 - https:\/\/yoast.com\/product\/yoast-seo-wordpress\/ -->\n<title>Bio bamboo -<\/title>\n<meta name=\"description\" content=\"Rosarios4 presenta Bio Bamboo, un hilo antial\u00e9rgico y antibacteriano hecho 100% de viscosa de bamb\u00fa. Excelente para pieles sensibles.\" \/>\n<meta name=\"robots\" content=\"index, follow, max-snippet:-1, max-image-preview:large, max-video-preview:-1\" \/>\n<link rel=\"canonical\" href=\"https:\/\/cv-creativa.de\/de\/produkt\/bio-bamboo\/\" \/>\n<meta property=\"og:locale\" content=\"de_DE\" \/>\n<meta property=\"og:type\" content=\"article\" \/>\n<meta property=\"og:title\" content=\"Bio bamboo -\" \/>\n<meta property=\"og:description\" content=\"Rosarios4 presenta Bio Bamboo, un hilo antial\u00e9rgico y antibacteriano hecho 100% de viscosa de bamb\u00fa. Excelente para pieles sensibles.\" \/>\n<meta property=\"og:url\" content=\"https:\/\/cv-creativa.de\/de\/produkt\/bio-bamboo\/\" \/>\n<meta property=\"article:publisher\" content=\"https:\/\/www.facebook.com\/claudia.vigorenasalomon\" \/>\n<meta property=\"article:modified_time\" content=\"2026-02-09T08:32:04+00:00\" \/>\n<meta property=\"og:image\" content=\"http:\/\/cv-creativa.de\/wp-content\/uploads\/2023\/05\/Bio-Bamboo-verde-oliva-25.jpg\" \/>\n\t<meta property=\"og:image:width\" content=\"441\" \/>\n\t<meta property=\"og:image:height\" content=\"767\" \/>\n\t<meta property=\"og:image:type\" content=\"image\/jpeg\" \/>\n<meta name=\"twitter:card\" content=\"summary_large_image\" \/>\n<meta name=\"twitter:label1\" content=\"Gesch\u00e4tzte Lesezeit\" \/>\n\t<meta name=\"twitter:data1\" content=\"2\u00a0Minuten\" \/>\n<script type=\"application\/ld+json\" class=\"yoast-schema-graph\">{\"@context\":\"https:\\\/\\\/schema.org\",\"@graph\":[{\"@type\":[\"WebPage\",\"ItemPage\"],\"@id\":\"https:\\\/\\\/cv-creativa.de\\\/producto\\\/bio-bamboo\\\/\",\"url\":\"https:\\\/\\\/cv-creativa.de\\\/producto\\\/bio-bamboo\\\/\",\"name\":\"Bio bamboo -\",\"isPartOf\":{\"@id\":\"https:\\\/\\\/cv-creativa.de\\\/#website\"},\"primaryImageOfPage\":{\"@id\":\"https:\\\/\\\/cv-creativa.de\\\/producto\\\/bio-bamboo\\\/#primaryimage\"},\"image\":{\"@id\":\"https:\\\/\\\/cv-creativa.de\\\/producto\\\/bio-bamboo\\\/#primaryimage\"},\"thumbnailUrl\":\"https:\\\/\\\/cv-creativa.de\\\/wp-content\\\/uploads\\\/2023\\\/05\\\/Bio-Bamboo-verde-oliva-25.jpg\",\"datePublished\":\"2023-05-02T16:16:26+00:00\",\"dateModified\":\"2026-02-09T08:32:04+00:00\",\"description\":\"Rosarios4 presenta Bio Bamboo, un hilo antial\u00e9rgico y antibacteriano hecho 100% de viscosa de bamb\u00fa. Excelente para pieles sensibles.\",\"breadcrumb\":{\"@id\":\"https:\\\/\\\/cv-creativa.de\\\/producto\\\/bio-bamboo\\\/#breadcrumb\"},\"inLanguage\":\"de\",\"potentialAction\":[{\"@type\":\"ReadAction\",\"target\":[\"https:\\\/\\\/cv-creativa.de\\\/producto\\\/bio-bamboo\\\/\"]}]},{\"@type\":\"ImageObject\",\"inLanguage\":\"de\",\"@id\":\"https:\\\/\\\/cv-creativa.de\\\/producto\\\/bio-bamboo\\\/#primaryimage\",\"url\":\"https:\\\/\\\/cv-creativa.de\\\/wp-content\\\/uploads\\\/2023\\\/05\\\/Bio-Bamboo-verde-oliva-25.jpg\",\"contentUrl\":\"https:\\\/\\\/cv-creativa.de\\\/wp-content\\\/uploads\\\/2023\\\/05\\\/Bio-Bamboo-verde-oliva-25.jpg\",\"width\":441,\"height\":767},{\"@type\":\"BreadcrumbList\",\"@id\":\"https:\\\/\\\/cv-creativa.de\\\/producto\\\/bio-bamboo\\\/#breadcrumb\",\"itemListElement\":[{\"@type\":\"ListItem\",\"position\":1,\"name\":\"Portada\",\"item\":\"https:\\\/\\\/cv-creativa.de\\\/\"},{\"@type\":\"ListItem\",\"position\":2,\"name\":\"Tienda\",\"item\":\"https:\\\/\\\/cv-creativa.de\\\/tienda\\\/\"},{\"@type\":\"ListItem\",\"position\":3,\"name\":\"Bio bamboo\"}]},{\"@type\":\"WebSite\",\"@id\":\"https:\\\/\\\/cv-creativa.de\\\/#website\",\"url\":\"https:\\\/\\\/cv-creativa.de\\\/\",\"name\":\"Crea tu mundo. Crea tu estilo.\",\"description\":\"\",\"publisher\":{\"@id\":\"https:\\\/\\\/cv-creativa.de\\\/#organization\"},\"potentialAction\":[{\"@type\":\"SearchAction\",\"target\":{\"@type\":\"EntryPoint\",\"urlTemplate\":\"https:\\\/\\\/cv-creativa.de\\\/?s={search_term_string}\"},\"query-input\":{\"@type\":\"PropertyValueSpecification\",\"valueRequired\":true,\"valueName\":\"search_term_string\"}}],\"inLanguage\":\"de\"},{\"@type\":\"Organization\",\"@id\":\"https:\\\/\\\/cv-creativa.de\\\/#organization\",\"name\":\"cv-creativa\",\"url\":\"https:\\\/\\\/cv-creativa.de\\\/\",\"logo\":{\"@type\":\"ImageObject\",\"inLanguage\":\"de\",\"@id\":\"https:\\\/\\\/cv-creativa.de\\\/#\\\/schema\\\/logo\\\/image\\\/\",\"url\":\"https:\\\/\\\/cv-creativa.de\\\/wp-content\\\/uploads\\\/2021\\\/01\\\/cropped-Logo-nuevo.jpg\",\"contentUrl\":\"https:\\\/\\\/cv-creativa.de\\\/wp-content\\\/uploads\\\/2021\\\/01\\\/cropped-Logo-nuevo.jpg\",\"width\":173,\"height\":175,\"caption\":\"cv-creativa\"},\"image\":{\"@id\":\"https:\\\/\\\/cv-creativa.de\\\/#\\\/schema\\\/logo\\\/image\\\/\"},\"sameAs\":[\"https:\\\/\\\/www.facebook.com\\\/claudia.vigorenasalomon\",\"https:\\\/\\\/www.instagram.com\\\/cv_creativa\\\/\",\"https:\\\/\\\/www.pinterest.de\\\/cv_vigorena\"]}]}<\/script>\n<!-- \/ Yoast SEO plugin. -->","yoast_head_json":{"title":"Bio bamboo -","description":"Rosarios4 presenta Bio Bamboo, un hilo antial\u00e9rgico y antibacteriano hecho 100% de viscosa de bamb\u00fa. Excelente para pieles sensibles.","robots":{"index":"index","follow":"follow","max-snippet":"max-snippet:-1","max-image-preview":"max-image-preview:large","max-video-preview":"max-video-preview:-1"},"canonical":"https:\/\/cv-creativa.de\/de\/produkt\/bio-bamboo\/","og_locale":"de_DE","og_type":"article","og_title":"Bio bamboo -","og_description":"Rosarios4 presenta Bio Bamboo, un hilo antial\u00e9rgico y antibacteriano hecho 100% de viscosa de bamb\u00fa. Excelente para pieles sensibles.","og_url":"https:\/\/cv-creativa.de\/de\/produkt\/bio-bamboo\/","article_publisher":"https:\/\/www.facebook.com\/claudia.vigorenasalomon","article_modified_time":"2026-02-09T08:32:04+00:00","og_image":[{"width":441,"height":767,"url":"http:\/\/cv-creativa.de\/wp-content\/uploads\/2023\/05\/Bio-Bamboo-verde-oliva-25.jpg","type":"image\/jpeg"}],"twitter_card":"summary_large_image","twitter_misc":{"Gesch\u00e4tzte Lesezeit":"2\u00a0Minuten"},"schema":{"@context":"https:\/\/schema.org","@graph":[{"@type":["WebPage","ItemPage"],"@id":"https:\/\/cv-creativa.de\/producto\/bio-bamboo\/","url":"https:\/\/cv-creativa.de\/producto\/bio-bamboo\/","name":"Bio bamboo -","isPartOf":{"@id":"https:\/\/cv-creativa.de\/#website"},"primaryImageOfPage":{"@id":"https:\/\/cv-creativa.de\/producto\/bio-bamboo\/#primaryimage"},"image":{"@id":"https:\/\/cv-creativa.de\/producto\/bio-bamboo\/#primaryimage"},"thumbnailUrl":"https:\/\/cv-creativa.de\/wp-content\/uploads\/2023\/05\/Bio-Bamboo-verde-oliva-25.jpg","datePublished":"2023-05-02T16:16:26+00:00","dateModified":"2026-02-09T08:32:04+00:00","description":"Rosarios4 presenta Bio Bamboo, un hilo antial\u00e9rgico y antibacteriano hecho 100% de viscosa de bamb\u00fa. Excelente para pieles sensibles.","breadcrumb":{"@id":"https:\/\/cv-creativa.de\/producto\/bio-bamboo\/#breadcrumb"},"inLanguage":"de","potentialAction":[{"@type":"ReadAction","target":["https:\/\/cv-creativa.de\/producto\/bio-bamboo\/"]}]},{"@type":"ImageObject","inLanguage":"de","@id":"https:\/\/cv-creativa.de\/producto\/bio-bamboo\/#primaryimage","url":"https:\/\/cv-creativa.de\/wp-content\/uploads\/2023\/05\/Bio-Bamboo-verde-oliva-25.jpg","contentUrl":"https:\/\/cv-creativa.de\/wp-content\/uploads\/2023\/05\/Bio-Bamboo-verde-oliva-25.jpg","width":441,"height":767},{"@type":"BreadcrumbList","@id":"https:\/\/cv-creativa.de\/producto\/bio-bamboo\/#breadcrumb","itemListElement":[{"@type":"ListItem","position":1,"name":"Portada","item":"https:\/\/cv-creativa.de\/"},{"@type":"ListItem","position":2,"name":"Tienda","item":"https:\/\/cv-creativa.de\/tienda\/"},{"@type":"ListItem","position":3,"name":"Bio bamboo"}]},{"@type":"WebSite","@id":"https:\/\/cv-creativa.de\/#website","url":"https:\/\/cv-creativa.de\/","name":"Crea tu mundo. Crea tu estilo.","description":"","publisher":{"@id":"https:\/\/cv-creativa.de\/#organization"},"potentialAction":[{"@type":"SearchAction","target":{"@type":"EntryPoint","urlTemplate":"https:\/\/cv-creativa.de\/?s={search_term_string}"},"query-input":{"@type":"PropertyValueSpecification","valueRequired":true,"valueName":"search_term_string"}}],"inLanguage":"de"},{"@type":"Organization","@id":"https:\/\/cv-creativa.de\/#organization","name":"cv-creativa","url":"https:\/\/cv-creativa.de\/","logo":{"@type":"ImageObject","inLanguage":"de","@id":"https:\/\/cv-creativa.de\/#\/schema\/logo\/image\/","url":"https:\/\/cv-creativa.de\/wp-content\/uploads\/2021\/01\/cropped-Logo-nuevo.jpg","contentUrl":"https:\/\/cv-creativa.de\/wp-content\/uploads\/2021\/01\/cropped-Logo-nuevo.jpg","width":173,"height":175,"caption":"cv-creativa"},"image":{"@id":"https:\/\/cv-creativa.de\/#\/schema\/logo\/image\/"},"sameAs":["https:\/\/www.facebook.com\/claudia.vigorenasalomon","https:\/\/www.instagram.com\/cv_creativa\/","https:\/\/www.pinterest.de\/cv_vigorena"]}]}},"_links":{"self":[{"href":"https:\/\/cv-creativa.de\/de\/wp-json\/wp\/v2\/product\/1603","targetHints":{"allow":["GET"]}}],"collection":[{"href":"https:\/\/cv-creativa.de\/de\/wp-json\/wp\/v2\/product"}],"about":[{"href":"https:\/\/cv-creativa.de\/de\/wp-json\/wp\/v2\/types\/product"}],"replies":[{"embeddable":true,"href":"https:\/\/cv-creativa.de\/de\/wp-json\/wp\/v2\/comments?post=1603"}],"wp:featuredmedia":[{"embeddable":true,"href":"https:\/\/cv-creativa.de\/de\/wp-json\/wp\/v2\/media\/1605"}],"wp:attachment":[{"href":"https:\/\/cv-creativa.de\/de\/wp-json\/wp\/v2\/media?parent=1603"}],"wp:term":[{"taxonomy":"product_brand","embeddable":true,"href":"https:\/\/cv-creativa.de\/de\/wp-json\/wp\/v2\/product_brand?post=1603"},{"taxonomy":"product_cat","embeddable":true,"href":"https:\/\/cv-creativa.de\/de\/wp-json\/wp\/v2\/product_cat?post=1603"},{"taxonomy":"product_tag","embeddable":true,"href":"https:\/\/cv-creativa.de\/de\/wp-json\/wp\/v2\/product_tag?post=1603"}],"curies":[{"name":"wp","href":"https:\/\/api.w.org\/{rel}","templated":true}]}}