{"id":1610,"date":"2023-05-02T19:34:27","date_gmt":"2023-05-02T17:34:27","guid":{"rendered":"https:\/\/cv-creativa.de\/?post_type=product&#038;p=1610"},"modified":"2026-02-09T17:08:51","modified_gmt":"2026-02-09T16:08:51","slug":"puno-winikunka","status":"publish","type":"product","link":"https:\/\/cv-creativa.de\/de\/produkt\/puno-winikunka\/","title":{"rendered":"Puno Winikunka"},"content":{"rendered":"<h3>Produktbeschreibung PUNO<\/h3>\n<p><strong>Puno<\/strong> ist eine fantastisch weiche Mischung aus Baumwolle und Alpakawolle. Die 70 % GOTS-zertifizierte Baumwolle und die 30 % Alpakawolle stammen aus Peru, wo sie auch f\u00fcr uns versponnen werden.<\/p>\n<p>Der Wunsch war es, ein Baumwollgarn in verschiedenen Farbt\u00f6nen herzustellen, ohne die Faser f\u00e4rben zu m\u00fcssen. Durch die Kombination mit den nat\u00fcrlichen Farbt\u00f6nen der Alpakas ist es uns gelungen, eine Palette in sch\u00f6nen und subtilen Naturt\u00f6nen zu kreieren.<\/p>\n<p>Die Mischung aus weicher Baumwolle und flauschiger Alpakawolle macht Puno zu einem idealen Garn f\u00fcr das ganze Jahr, das sich sowohl stricken als auch h\u00e4keln l\u00e4sst. Mit Puno lassen sich plastische Muster aller Art erzielen.<\/p>\n<p>Puno eignet sich sowohl f\u00fcr leichte Blusen als auch f\u00fcr Accessoires wie Schals oder T\u00fccher. Es ist angenehm weich und kann auch direkt auf der Haut getragen werden.<\/p>\n<p>&nbsp;<\/p>\n<h3>Produktbeschreibung Puno WINIKUNKA<\/h3>\n<p><strong>Puno Winikunka<\/strong> ist eine fantastisch weiche Mischung aus Baumwolle und Alpakawolle. Die 70 % GOTS-zertifizierte Baumwolle und die 30 % Alpakawolle stammen aus Peru, wo sie auch f\u00fcr Pascuali versponnen werden.<\/p>\n<p>Der mystische Berg Winikunka, auch bekannt als \u201eRegenbogenberg\u201d oder \u201eBerg der sieben Farben\u201d, inspirierte den Faden. Sein Gestein leuchtet in intensivem Gr\u00fcn, Violett, Gelb, Rot und Blau. Dieses beeindruckende Farbenspiel entstand durch Ablagerungen verschiedener Mineralien und Sedimente, die sich dort \u00fcber Millionen von Jahren gebildet haben. Das Farbenspiel unserer gesamten Reise durch Peru vereint Puno Winikunka in seiner breiten Farbpalette.<\/p>\n<p>Die Mischung aus weicher Baumwolle und flauschiger Alpakawolle macht Puno zu einem idealen Garn f\u00fcr das ganze Jahr, das sowohl gestrickt als auch geh\u00e4kelt werden kann. Skulpturale Motive aller Art kommen mit Puno besonders gut zur Geltung.<\/p>","protected":false},"excerpt":{"rendered":"<p><strong>Technische Daten<\/strong><\/p>\n<p>L\u00e4nge: 50 g ~ 200 m | 1,76 oz ~ 218 yds<br \/>\nNadelst\u00e4rke: 2,5 mm | 2 US | 12 UK<br \/>\nEmpfohlene Gr\u00f6\u00dfe: 27 Maschen, 32 Reihen pro 10 cm<br \/>\nVerbrauch: Pullover Gr\u00f6\u00dfe 38 ~ 300 g (6 Kn\u00e4uel)<br \/>\nVerpackung: 50 g | 1,76 oz ~ Kn\u00e4uel<\/p>\n<p><strong>Herkunft<\/strong><\/p>\n<p>Faser: Baumwolle ~Peru | Alpaka ~ Peru<br \/>\nGesponnen in Peru<br \/>\nGef\u00e4rbt in Peru<\/p>","protected":false},"featured_media":1617,"comment_status":"open","ping_status":"closed","template":"","meta":{"neve_meta_sidebar":"","neve_meta_container":"","neve_meta_enable_content_width":"off","neve_meta_content_width":100,"neve_meta_title_alignment":"","neve_meta_author_avatar":"","neve_post_elements_order":"","neve_meta_disable_header":"","neve_meta_disable_footer":"","neve_meta_disable_title":""},"product_brand":[484],"product_cat":[29],"product_tag":[39,153,91,297,298],"class_list":{"0":"post-1610","1":"product","2":"type-product","3":"status-publish","4":"has-post-thumbnail","6":"product_brand-pascuali","7":"product_cat-hilados","8":"product_tag-algodon","9":"product_tag-alpaca","10":"product_tag-pascuali-filati-naturali","11":"product_tag-puno","12":"product_tag-puno-winikunka","13":"product_shipping_class-ropa-lanas-y-accesorios","14":"pa_color-puno-eibe-28","15":"pa_color-puno-winikunka-gletscher-58","16":"pa_color-puno-winikunka-hagenbutte-66","17":"pa_color-puno-winikunka-ozean-59","18":"pa_color-puno-winikunka-rose-69","19":"pa_color-puno-wnikunka-lavendel-54","21":"first","22":"instock","23":"purchasable","24":"product-type-variable"},"yoast_head":"<!-- This site is optimized with the Yoast SEO plugin v27.6 - https:\/\/yoast.com\/product\/yoast-seo-wordpress\/ -->\n<title>Puno Winikunka -<\/title>\n<meta name=\"description\" content=\"La mezcla de suave algod\u00f3n con esponjosa lana de alpaca hace de Puno un hilo ideal para todo el a\u00f1o, que se puede tejer tanto a punto como a ganchillo.\" \/>\n<meta name=\"robots\" content=\"index, follow, max-snippet:-1, max-image-preview:large, max-video-preview:-1\" \/>\n<link rel=\"canonical\" href=\"https:\/\/cv-creativa.de\/de\/produkt\/puno-winikunka\/\" \/>\n<meta property=\"og:locale\" content=\"de_DE\" \/>\n<meta property=\"og:type\" content=\"article\" \/>\n<meta property=\"og:title\" content=\"Puno Winikunka -\" \/>\n<meta property=\"og:description\" content=\"La mezcla de suave algod\u00f3n con esponjosa lana de alpaca hace de Puno un hilo ideal para todo el a\u00f1o, que se puede tejer tanto a punto como a ganchillo.\" \/>\n<meta property=\"og:url\" content=\"https:\/\/cv-creativa.de\/de\/produkt\/puno-winikunka\/\" \/>\n<meta property=\"article:publisher\" content=\"https:\/\/www.facebook.com\/claudia.vigorenasalomon\" \/>\n<meta property=\"article:modified_time\" content=\"2026-02-09T16:08:51+00:00\" \/>\n<meta property=\"og:image\" content=\"http:\/\/cv-creativa.de\/wp-content\/uploads\/2023\/05\/Puno-Puno-Winikunka.jpg\" \/>\n\t<meta property=\"og:image:width\" content=\"738\" \/>\n\t<meta property=\"og:image:height\" content=\"670\" \/>\n\t<meta property=\"og:image:type\" content=\"image\/jpeg\" \/>\n<meta name=\"twitter:card\" content=\"summary_large_image\" \/>\n<meta name=\"twitter:label1\" content=\"Gesch\u00e4tzte Lesezeit\" \/>\n\t<meta name=\"twitter:data1\" content=\"2\u00a0Minuten\" \/>\n<script type=\"application\/ld+json\" class=\"yoast-schema-graph\">{\"@context\":\"https:\\\/\\\/schema.org\",\"@graph\":[{\"@type\":[\"WebPage\",\"ItemPage\"],\"@id\":\"https:\\\/\\\/cv-creativa.de\\\/producto\\\/puno-winikunka\\\/\",\"url\":\"https:\\\/\\\/cv-creativa.de\\\/producto\\\/puno-winikunka\\\/\",\"name\":\"Puno Winikunka -\",\"isPartOf\":{\"@id\":\"https:\\\/\\\/cv-creativa.de\\\/#website\"},\"primaryImageOfPage\":{\"@id\":\"https:\\\/\\\/cv-creativa.de\\\/producto\\\/puno-winikunka\\\/#primaryimage\"},\"image\":{\"@id\":\"https:\\\/\\\/cv-creativa.de\\\/producto\\\/puno-winikunka\\\/#primaryimage\"},\"thumbnailUrl\":\"https:\\\/\\\/cv-creativa.de\\\/wp-content\\\/uploads\\\/2023\\\/05\\\/Puno-Puno-Winikunka.jpg\",\"datePublished\":\"2023-05-02T17:34:27+00:00\",\"dateModified\":\"2026-02-09T16:08:51+00:00\",\"description\":\"La mezcla de suave algod\u00f3n con esponjosa lana de alpaca hace de Puno un hilo ideal para todo el a\u00f1o, que se puede tejer tanto a punto como a ganchillo.\",\"breadcrumb\":{\"@id\":\"https:\\\/\\\/cv-creativa.de\\\/producto\\\/puno-winikunka\\\/#breadcrumb\"},\"inLanguage\":\"de\",\"potentialAction\":[{\"@type\":\"ReadAction\",\"target\":[\"https:\\\/\\\/cv-creativa.de\\\/producto\\\/puno-winikunka\\\/\"]}]},{\"@type\":\"ImageObject\",\"inLanguage\":\"de\",\"@id\":\"https:\\\/\\\/cv-creativa.de\\\/producto\\\/puno-winikunka\\\/#primaryimage\",\"url\":\"https:\\\/\\\/cv-creativa.de\\\/wp-content\\\/uploads\\\/2023\\\/05\\\/Puno-Puno-Winikunka.jpg\",\"contentUrl\":\"https:\\\/\\\/cv-creativa.de\\\/wp-content\\\/uploads\\\/2023\\\/05\\\/Puno-Puno-Winikunka.jpg\",\"width\":738,\"height\":670},{\"@type\":\"BreadcrumbList\",\"@id\":\"https:\\\/\\\/cv-creativa.de\\\/producto\\\/puno-winikunka\\\/#breadcrumb\",\"itemListElement\":[{\"@type\":\"ListItem\",\"position\":1,\"name\":\"Portada\",\"item\":\"https:\\\/\\\/cv-creativa.de\\\/\"},{\"@type\":\"ListItem\",\"position\":2,\"name\":\"Tienda\",\"item\":\"https:\\\/\\\/cv-creativa.de\\\/tienda\\\/\"},{\"@type\":\"ListItem\",\"position\":3,\"name\":\"Puno Winikunka\"}]},{\"@type\":\"WebSite\",\"@id\":\"https:\\\/\\\/cv-creativa.de\\\/#website\",\"url\":\"https:\\\/\\\/cv-creativa.de\\\/\",\"name\":\"Crea tu mundo. Crea tu estilo.\",\"description\":\"\",\"publisher\":{\"@id\":\"https:\\\/\\\/cv-creativa.de\\\/#organization\"},\"potentialAction\":[{\"@type\":\"SearchAction\",\"target\":{\"@type\":\"EntryPoint\",\"urlTemplate\":\"https:\\\/\\\/cv-creativa.de\\\/?s={search_term_string}\"},\"query-input\":{\"@type\":\"PropertyValueSpecification\",\"valueRequired\":true,\"valueName\":\"search_term_string\"}}],\"inLanguage\":\"de\"},{\"@type\":\"Organization\",\"@id\":\"https:\\\/\\\/cv-creativa.de\\\/#organization\",\"name\":\"cv-creativa\",\"url\":\"https:\\\/\\\/cv-creativa.de\\\/\",\"logo\":{\"@type\":\"ImageObject\",\"inLanguage\":\"de\",\"@id\":\"https:\\\/\\\/cv-creativa.de\\\/#\\\/schema\\\/logo\\\/image\\\/\",\"url\":\"https:\\\/\\\/cv-creativa.de\\\/wp-content\\\/uploads\\\/2021\\\/01\\\/cropped-Logo-nuevo.jpg\",\"contentUrl\":\"https:\\\/\\\/cv-creativa.de\\\/wp-content\\\/uploads\\\/2021\\\/01\\\/cropped-Logo-nuevo.jpg\",\"width\":173,\"height\":175,\"caption\":\"cv-creativa\"},\"image\":{\"@id\":\"https:\\\/\\\/cv-creativa.de\\\/#\\\/schema\\\/logo\\\/image\\\/\"},\"sameAs\":[\"https:\\\/\\\/www.facebook.com\\\/claudia.vigorenasalomon\",\"https:\\\/\\\/www.instagram.com\\\/cv_creativa\\\/\",\"https:\\\/\\\/www.pinterest.de\\\/cv_vigorena\"]}]}<\/script>\n<!-- \/ Yoast SEO plugin. -->","yoast_head_json":{"title":"Puno Winikunka -","description":"La mezcla de suave algod\u00f3n con esponjosa lana de alpaca hace de Puno un hilo ideal para todo el a\u00f1o, que se puede tejer tanto a punto como a ganchillo.","robots":{"index":"index","follow":"follow","max-snippet":"max-snippet:-1","max-image-preview":"max-image-preview:large","max-video-preview":"max-video-preview:-1"},"canonical":"https:\/\/cv-creativa.de\/de\/produkt\/puno-winikunka\/","og_locale":"de_DE","og_type":"article","og_title":"Puno Winikunka -","og_description":"La mezcla de suave algod\u00f3n con esponjosa lana de alpaca hace de Puno un hilo ideal para todo el a\u00f1o, que se puede tejer tanto a punto como a ganchillo.","og_url":"https:\/\/cv-creativa.de\/de\/produkt\/puno-winikunka\/","article_publisher":"https:\/\/www.facebook.com\/claudia.vigorenasalomon","article_modified_time":"2026-02-09T16:08:51+00:00","og_image":[{"width":738,"height":670,"url":"http:\/\/cv-creativa.de\/wp-content\/uploads\/2023\/05\/Puno-Puno-Winikunka.jpg","type":"image\/jpeg"}],"twitter_card":"summary_large_image","twitter_misc":{"Gesch\u00e4tzte Lesezeit":"2\u00a0Minuten"},"schema":{"@context":"https:\/\/schema.org","@graph":[{"@type":["WebPage","ItemPage"],"@id":"https:\/\/cv-creativa.de\/producto\/puno-winikunka\/","url":"https:\/\/cv-creativa.de\/producto\/puno-winikunka\/","name":"Puno Winikunka -","isPartOf":{"@id":"https:\/\/cv-creativa.de\/#website"},"primaryImageOfPage":{"@id":"https:\/\/cv-creativa.de\/producto\/puno-winikunka\/#primaryimage"},"image":{"@id":"https:\/\/cv-creativa.de\/producto\/puno-winikunka\/#primaryimage"},"thumbnailUrl":"https:\/\/cv-creativa.de\/wp-content\/uploads\/2023\/05\/Puno-Puno-Winikunka.jpg","datePublished":"2023-05-02T17:34:27+00:00","dateModified":"2026-02-09T16:08:51+00:00","description":"La mezcla de suave algod\u00f3n con esponjosa lana de alpaca hace de Puno un hilo ideal para todo el a\u00f1o, que se puede tejer tanto a punto como a ganchillo.","breadcrumb":{"@id":"https:\/\/cv-creativa.de\/producto\/puno-winikunka\/#breadcrumb"},"inLanguage":"de","potentialAction":[{"@type":"ReadAction","target":["https:\/\/cv-creativa.de\/producto\/puno-winikunka\/"]}]},{"@type":"ImageObject","inLanguage":"de","@id":"https:\/\/cv-creativa.de\/producto\/puno-winikunka\/#primaryimage","url":"https:\/\/cv-creativa.de\/wp-content\/uploads\/2023\/05\/Puno-Puno-Winikunka.jpg","contentUrl":"https:\/\/cv-creativa.de\/wp-content\/uploads\/2023\/05\/Puno-Puno-Winikunka.jpg","width":738,"height":670},{"@type":"BreadcrumbList","@id":"https:\/\/cv-creativa.de\/producto\/puno-winikunka\/#breadcrumb","itemListElement":[{"@type":"ListItem","position":1,"name":"Portada","item":"https:\/\/cv-creativa.de\/"},{"@type":"ListItem","position":2,"name":"Tienda","item":"https:\/\/cv-creativa.de\/tienda\/"},{"@type":"ListItem","position":3,"name":"Puno Winikunka"}]},{"@type":"WebSite","@id":"https:\/\/cv-creativa.de\/#website","url":"https:\/\/cv-creativa.de\/","name":"Crea tu mundo. Crea tu estilo.","description":"","publisher":{"@id":"https:\/\/cv-creativa.de\/#organization"},"potentialAction":[{"@type":"SearchAction","target":{"@type":"EntryPoint","urlTemplate":"https:\/\/cv-creativa.de\/?s={search_term_string}"},"query-input":{"@type":"PropertyValueSpecification","valueRequired":true,"valueName":"search_term_string"}}],"inLanguage":"de"},{"@type":"Organization","@id":"https:\/\/cv-creativa.de\/#organization","name":"cv-creativa","url":"https:\/\/cv-creativa.de\/","logo":{"@type":"ImageObject","inLanguage":"de","@id":"https:\/\/cv-creativa.de\/#\/schema\/logo\/image\/","url":"https:\/\/cv-creativa.de\/wp-content\/uploads\/2021\/01\/cropped-Logo-nuevo.jpg","contentUrl":"https:\/\/cv-creativa.de\/wp-content\/uploads\/2021\/01\/cropped-Logo-nuevo.jpg","width":173,"height":175,"caption":"cv-creativa"},"image":{"@id":"https:\/\/cv-creativa.de\/#\/schema\/logo\/image\/"},"sameAs":["https:\/\/www.facebook.com\/claudia.vigorenasalomon","https:\/\/www.instagram.com\/cv_creativa\/","https:\/\/www.pinterest.de\/cv_vigorena"]}]}},"_links":{"self":[{"href":"https:\/\/cv-creativa.de\/de\/wp-json\/wp\/v2\/product\/1610","targetHints":{"allow":["GET"]}}],"collection":[{"href":"https:\/\/cv-creativa.de\/de\/wp-json\/wp\/v2\/product"}],"about":[{"href":"https:\/\/cv-creativa.de\/de\/wp-json\/wp\/v2\/types\/product"}],"replies":[{"embeddable":true,"href":"https:\/\/cv-creativa.de\/de\/wp-json\/wp\/v2\/comments?post=1610"}],"wp:featuredmedia":[{"embeddable":true,"href":"https:\/\/cv-creativa.de\/de\/wp-json\/wp\/v2\/media\/1617"}],"wp:attachment":[{"href":"https:\/\/cv-creativa.de\/de\/wp-json\/wp\/v2\/media?parent=1610"}],"wp:term":[{"taxonomy":"product_brand","embeddable":true,"href":"https:\/\/cv-creativa.de\/de\/wp-json\/wp\/v2\/product_brand?post=1610"},{"taxonomy":"product_cat","embeddable":true,"href":"https:\/\/cv-creativa.de\/de\/wp-json\/wp\/v2\/product_cat?post=1610"},{"taxonomy":"product_tag","embeddable":true,"href":"https:\/\/cv-creativa.de\/de\/wp-json\/wp\/v2\/product_tag?post=1610"}],"curies":[{"name":"wp","href":"https:\/\/api.w.org\/{rel}","templated":true}]}}