{"id":1625,"date":"2023-05-03T10:21:18","date_gmt":"2023-05-03T08:21:18","guid":{"rendered":"https:\/\/cv-creativa.de\/?post_type=product&#038;p=1625"},"modified":"2026-02-09T13:26:49","modified_gmt":"2026-02-09T12:26:49","slug":"caravela","status":"publish","type":"product","link":"https:\/\/cv-creativa.de\/de\/produkt\/caravela\/","title":{"rendered":"Caravela"},"content":{"rendered":"<h3><strong>Produktdetails<\/strong><\/h3>\n<p>Caravela von Ros\u00e1rios4 ist ein Garn, das vollst\u00e4ndig aus Bambusviskose hergestellt wird, was bedeutet, dass es zu 100 % aus Naturfasern besteht und ein sehr weiches und hautfreundliches Endergebnis bietet.<\/p>\n<p>Dieses Garn sorgt f\u00fcr ein sehr elegantes Endergebnis. Ihre Kleidungsst\u00fccke werden sch\u00f6n fallen, daher eignet es sich perfekt f\u00fcr Sommeroberteile, Strickjacken, Schals, Kleider und andere Projekte mit einer besonderen Note.<\/p>\n<p>Ros\u00e1rios4 Caravela besteht aus:<br \/>\n100 % Bambusviskose<br \/>\nPflegen Sie Ihre Haut mit dieser weichen, hypoallergenen und antibakteriellen Naturfaser aus Bambus, die f\u00fcr jeden Hauttyp geeignet ist.<\/p>\n<p>Ein atmungsaktives, weiches Garn mit nat\u00fcrlichem Glanz.<\/p>\n<p>Dieses Garn ist Teil der <strong>Ecofriendly Collection\u00ae<\/strong> von Ros\u00e1rios4 und ist ein \u00f6kologischer Faden, der die Umwelt sch\u00fctzt.<\/p>\n<h4><strong>Wichtige Informationen \u00fcber Caravela de Ros\u00e1rios4\u2026<\/strong><\/h4>\n<h4><\/h4>\n<h4>Jedes Kn\u00e4uel hat 100 Gramm und 350 Meter.<br \/>\nZum Stricken ben\u00f6tigst du eine H\u00e4kelnadel oder Stricknadel der St\u00e4rke 2,5 \u2013 3 mm.<br \/>\nF\u00fcr ein Muster (10 x 10) 26 Maschen anschlagen und 37 Reihen stricken.<\/h4>\n<p>Es kann bei einer maximalen Temperatur von 30 \u00b0C gewaschen werden.<br \/>\nEs kann bei einer maximalen Temperatur von 110 \u00b0C geb\u00fcgelt werden.<br \/>\nNicht im W\u00e4schetrockner trocknen.<\/p>\n<p><strong>Wie viele Kn\u00e4uel ben\u00f6tigst du f\u00fcr deine Projekte?<\/strong><br \/>\nF\u00fcr einen Kurzarmpullover in Gr\u00f6\u00dfe 42 ben\u00f6tigst du etwa 3 Kn\u00e4uel.<br \/>\nEs handelt sich um ein 100-Gramm-Kn\u00e4uel, sodass Sie nur wenige Kn\u00e4uel f\u00fcr Ihre Projekte ben\u00f6tigen.<\/p>\n<p>Stricken Sie Projekte mit elegantem Glanz dank des Garns Caravela.<\/p>\n<p>Hier ist ein Link zu einem kostenlosen Strickmuster.<\/p>\n<p><a href=\"https:\/\/rosarios4.com\/en\/montra\/298-caravela-dress\/\">https:\/\/rosarios4.com\/en\/montra\/298-caravela-dress\/<\/a><\/p>","protected":false},"excerpt":{"rendered":"<p><strong>Beschreibung<\/strong><\/p>\n<p>100 % Bambusviskose<\/p>\n<p><strong>NADELN<\/strong><\/p>\n<p>Stricknadeln: 2,5 \u2013 3 mm (USA 2 \u2013 3)<\/p>\n<p><strong>GARNGEWICHT<\/strong><\/p>\n<p>[2] Fein | Sport<\/p>\n<p>100 g = 350 m (3,50 oz = 382 yd)<\/p>\n<p>Garnverbrauch f\u00fcr einen Damenpullover, Gr\u00f6\u00dfe M: 6 Kn\u00e4uel.<\/p>\n<p><strong>WASCHEN UND PFLEGE<\/strong><\/p>\n<p><a href=\"https:\/\/rosarios4.com\/cuidados-e-simbolos-lavagem\/\"><img decoding=\"async\" class=\"alignleft size-medium wp-image-2912\" src=\"https:\/\/rosarios4.com\/wp-content\/uploads\/2017\/10\/LAVAGEM_MAQ_max30graus.svg\" alt=\"\" width=\"24\" \/><\/a><a href=\"https:\/\/rosarios4.com\/cuidados-e-simbolos-lavagem\/\"><img decoding=\"async\" class=\"alignleft size-medium wp-image-2922\" src=\"https:\/\/rosarios4.com\/wp-content\/uploads\/2017\/10\/MAQUINASECAR_NaoUsar.svg\" alt=\"\" width=\"24\" \/><\/a><a href=\"https:\/\/rosarios4.com\/cuidados-e-simbolos-lavagem\/\"><img decoding=\"async\" class=\"alignleft size-full wp-image-2890\" src=\"https:\/\/rosarios4.com\/wp-content\/uploads\/2017\/10\/Artboard-23USO-DE-LIXIVIA_NaoUsar.svg\" alt=\"\" width=\"24\" \/><\/a><a href=\"https:\/\/rosarios4.com\/cuidados-e-simbolos-lavagem\/\"><img decoding=\"async\" class=\"alignleft size-medium wp-image-2919\" src=\"https:\/\/rosarios4.com\/wp-content\/uploads\/2017\/10\/LIMPEZA-A-SECO_c_essenciasMineraisePercloetileno.svg\" alt=\"\" width=\"24\" \/><\/a><a href=\"https:\/\/rosarios4.com\/cuidados-e-simbolos-lavagem\/\"><img decoding=\"async\" class=\"alignleft size-full wp-image-2930\" src=\"https:\/\/rosarios4.com\/wp-content\/uploads\/2017\/10\/SECAGEM_HorizontalsemEstender.svg\" alt=\"Secagem horizontal sem estender\" width=\"24\" \/><\/a><a href=\"https:\/\/rosarios4.com\/cuidados-e-simbolos-lavagem\/\"><img decoding=\"async\" class=\"alignleft size-full wp-image-2891\" src=\"https:\/\/rosarios4.com\/wp-content\/uploads\/2017\/10\/FERRO_max110graus.svg\" alt=\"\" width=\"24\" \/><\/a><\/p>\n<p>&nbsp;<\/p>\n<p>Naturfasergarn (Ecofriendly Collection)<\/p>","protected":false},"featured_media":1629,"comment_status":"open","ping_status":"closed","template":"","meta":{"neve_meta_sidebar":"","neve_meta_container":"","neve_meta_enable_content_width":"off","neve_meta_content_width":100,"neve_meta_title_alignment":"","neve_meta_author_avatar":"","neve_post_elements_order":"","neve_meta_disable_header":"","neve_meta_disable_footer":"","neve_meta_disable_title":""},"product_brand":[483],"product_cat":[29],"product_tag":[293,100,260,99],"class_list":{"0":"post-1625","1":"product","2":"type-product","3":"status-publish","4":"has-post-thumbnail","6":"product_brand-rosarios4","7":"product_cat-hilados","8":"product_tag-bamboo","9":"product_tag-bambu","10":"product_tag-rosarios4","11":"product_tag-viscosa","12":"product_shipping_class-ropa-lanas-y-accesorios","13":"pa_color-caravela-turquesa-09","14":"pa_color-caravela-verde-olivo-25","16":"first","17":"instock","18":"purchasable","19":"product-type-variable"},"yoast_head":"<!-- This site is optimized with the Yoast SEO plugin v27.5 - https:\/\/yoast.com\/product\/yoast-seo-wordpress\/ -->\n<title>Caravela -<\/title>\n<meta name=\"description\" content=\"hilo hecho enteramente de viscosa de bamb\u00fa, lo que significa que es 100% de fibras naturales y ofrece un resultado final muy suave y delicado con la piel.\" \/>\n<meta name=\"robots\" content=\"index, follow, max-snippet:-1, max-image-preview:large, max-video-preview:-1\" \/>\n<link rel=\"canonical\" href=\"https:\/\/cv-creativa.de\/de\/produkt\/caravela\/\" \/>\n<meta property=\"og:locale\" content=\"de_DE\" \/>\n<meta property=\"og:type\" content=\"article\" \/>\n<meta property=\"og:title\" content=\"Caravela -\" \/>\n<meta property=\"og:description\" content=\"hilo hecho enteramente de viscosa de bamb\u00fa, lo que significa que es 100% de fibras naturales y ofrece un resultado final muy suave y delicado con la piel.\" \/>\n<meta property=\"og:url\" content=\"https:\/\/cv-creativa.de\/de\/produkt\/caravela\/\" \/>\n<meta property=\"article:publisher\" content=\"https:\/\/www.facebook.com\/claudia.vigorenasalomon\" \/>\n<meta property=\"article:modified_time\" content=\"2026-02-09T12:26:49+00:00\" \/>\n<meta property=\"og:image\" content=\"http:\/\/cv-creativa.de\/wp-content\/uploads\/2023\/05\/IMG_4310.jpg\" \/>\n\t<meta property=\"og:image:width\" content=\"999\" \/>\n\t<meta property=\"og:image:height\" content=\"643\" \/>\n\t<meta property=\"og:image:type\" content=\"image\/jpeg\" \/>\n<meta name=\"twitter:card\" content=\"summary_large_image\" \/>\n<meta name=\"twitter:label1\" content=\"Gesch\u00e4tzte Lesezeit\" \/>\n\t<meta name=\"twitter:data1\" content=\"2\u00a0Minuten\" \/>\n<script type=\"application\/ld+json\" class=\"yoast-schema-graph\">{\"@context\":\"https:\\\/\\\/schema.org\",\"@graph\":[{\"@type\":[\"WebPage\",\"ItemPage\"],\"@id\":\"https:\\\/\\\/cv-creativa.de\\\/producto\\\/caravela\\\/\",\"url\":\"https:\\\/\\\/cv-creativa.de\\\/producto\\\/caravela\\\/\",\"name\":\"Caravela -\",\"isPartOf\":{\"@id\":\"https:\\\/\\\/cv-creativa.de\\\/#website\"},\"primaryImageOfPage\":{\"@id\":\"https:\\\/\\\/cv-creativa.de\\\/producto\\\/caravela\\\/#primaryimage\"},\"image\":{\"@id\":\"https:\\\/\\\/cv-creativa.de\\\/producto\\\/caravela\\\/#primaryimage\"},\"thumbnailUrl\":\"https:\\\/\\\/cv-creativa.de\\\/wp-content\\\/uploads\\\/2023\\\/05\\\/IMG_4310.jpg\",\"datePublished\":\"2023-05-03T08:21:18+00:00\",\"dateModified\":\"2026-02-09T12:26:49+00:00\",\"description\":\"hilo hecho enteramente de viscosa de bamb\u00fa, lo que significa que es 100% de fibras naturales y ofrece un resultado final muy suave y delicado con la piel.\",\"breadcrumb\":{\"@id\":\"https:\\\/\\\/cv-creativa.de\\\/producto\\\/caravela\\\/#breadcrumb\"},\"inLanguage\":\"de\",\"potentialAction\":[{\"@type\":\"ReadAction\",\"target\":[\"https:\\\/\\\/cv-creativa.de\\\/producto\\\/caravela\\\/\"]}]},{\"@type\":\"ImageObject\",\"inLanguage\":\"de\",\"@id\":\"https:\\\/\\\/cv-creativa.de\\\/producto\\\/caravela\\\/#primaryimage\",\"url\":\"https:\\\/\\\/cv-creativa.de\\\/wp-content\\\/uploads\\\/2023\\\/05\\\/IMG_4310.jpg\",\"contentUrl\":\"https:\\\/\\\/cv-creativa.de\\\/wp-content\\\/uploads\\\/2023\\\/05\\\/IMG_4310.jpg\",\"width\":999,\"height\":643},{\"@type\":\"BreadcrumbList\",\"@id\":\"https:\\\/\\\/cv-creativa.de\\\/producto\\\/caravela\\\/#breadcrumb\",\"itemListElement\":[{\"@type\":\"ListItem\",\"position\":1,\"name\":\"Portada\",\"item\":\"https:\\\/\\\/cv-creativa.de\\\/\"},{\"@type\":\"ListItem\",\"position\":2,\"name\":\"Tienda\",\"item\":\"https:\\\/\\\/cv-creativa.de\\\/tienda\\\/\"},{\"@type\":\"ListItem\",\"position\":3,\"name\":\"Caravela\"}]},{\"@type\":\"WebSite\",\"@id\":\"https:\\\/\\\/cv-creativa.de\\\/#website\",\"url\":\"https:\\\/\\\/cv-creativa.de\\\/\",\"name\":\"Crea tu mundo. Crea tu estilo.\",\"description\":\"\",\"publisher\":{\"@id\":\"https:\\\/\\\/cv-creativa.de\\\/#organization\"},\"potentialAction\":[{\"@type\":\"SearchAction\",\"target\":{\"@type\":\"EntryPoint\",\"urlTemplate\":\"https:\\\/\\\/cv-creativa.de\\\/?s={search_term_string}\"},\"query-input\":{\"@type\":\"PropertyValueSpecification\",\"valueRequired\":true,\"valueName\":\"search_term_string\"}}],\"inLanguage\":\"de\"},{\"@type\":\"Organization\",\"@id\":\"https:\\\/\\\/cv-creativa.de\\\/#organization\",\"name\":\"cv-creativa\",\"url\":\"https:\\\/\\\/cv-creativa.de\\\/\",\"logo\":{\"@type\":\"ImageObject\",\"inLanguage\":\"de\",\"@id\":\"https:\\\/\\\/cv-creativa.de\\\/#\\\/schema\\\/logo\\\/image\\\/\",\"url\":\"https:\\\/\\\/cv-creativa.de\\\/wp-content\\\/uploads\\\/2021\\\/01\\\/cropped-Logo-nuevo.jpg\",\"contentUrl\":\"https:\\\/\\\/cv-creativa.de\\\/wp-content\\\/uploads\\\/2021\\\/01\\\/cropped-Logo-nuevo.jpg\",\"width\":173,\"height\":175,\"caption\":\"cv-creativa\"},\"image\":{\"@id\":\"https:\\\/\\\/cv-creativa.de\\\/#\\\/schema\\\/logo\\\/image\\\/\"},\"sameAs\":[\"https:\\\/\\\/www.facebook.com\\\/claudia.vigorenasalomon\",\"https:\\\/\\\/www.instagram.com\\\/cv_creativa\\\/\",\"https:\\\/\\\/www.pinterest.de\\\/cv_vigorena\"]}]}<\/script>\n<!-- \/ Yoast SEO plugin. -->","yoast_head_json":{"title":"Caravela -","description":"hilo hecho enteramente de viscosa de bamb\u00fa, lo que significa que es 100% de fibras naturales y ofrece un resultado final muy suave y delicado con la piel.","robots":{"index":"index","follow":"follow","max-snippet":"max-snippet:-1","max-image-preview":"max-image-preview:large","max-video-preview":"max-video-preview:-1"},"canonical":"https:\/\/cv-creativa.de\/de\/produkt\/caravela\/","og_locale":"de_DE","og_type":"article","og_title":"Caravela -","og_description":"hilo hecho enteramente de viscosa de bamb\u00fa, lo que significa que es 100% de fibras naturales y ofrece un resultado final muy suave y delicado con la piel.","og_url":"https:\/\/cv-creativa.de\/de\/produkt\/caravela\/","article_publisher":"https:\/\/www.facebook.com\/claudia.vigorenasalomon","article_modified_time":"2026-02-09T12:26:49+00:00","og_image":[{"width":999,"height":643,"url":"http:\/\/cv-creativa.de\/wp-content\/uploads\/2023\/05\/IMG_4310.jpg","type":"image\/jpeg"}],"twitter_card":"summary_large_image","twitter_misc":{"Gesch\u00e4tzte Lesezeit":"2\u00a0Minuten"},"schema":{"@context":"https:\/\/schema.org","@graph":[{"@type":["WebPage","ItemPage"],"@id":"https:\/\/cv-creativa.de\/producto\/caravela\/","url":"https:\/\/cv-creativa.de\/producto\/caravela\/","name":"Caravela -","isPartOf":{"@id":"https:\/\/cv-creativa.de\/#website"},"primaryImageOfPage":{"@id":"https:\/\/cv-creativa.de\/producto\/caravela\/#primaryimage"},"image":{"@id":"https:\/\/cv-creativa.de\/producto\/caravela\/#primaryimage"},"thumbnailUrl":"https:\/\/cv-creativa.de\/wp-content\/uploads\/2023\/05\/IMG_4310.jpg","datePublished":"2023-05-03T08:21:18+00:00","dateModified":"2026-02-09T12:26:49+00:00","description":"hilo hecho enteramente de viscosa de bamb\u00fa, lo que significa que es 100% de fibras naturales y ofrece un resultado final muy suave y delicado con la piel.","breadcrumb":{"@id":"https:\/\/cv-creativa.de\/producto\/caravela\/#breadcrumb"},"inLanguage":"de","potentialAction":[{"@type":"ReadAction","target":["https:\/\/cv-creativa.de\/producto\/caravela\/"]}]},{"@type":"ImageObject","inLanguage":"de","@id":"https:\/\/cv-creativa.de\/producto\/caravela\/#primaryimage","url":"https:\/\/cv-creativa.de\/wp-content\/uploads\/2023\/05\/IMG_4310.jpg","contentUrl":"https:\/\/cv-creativa.de\/wp-content\/uploads\/2023\/05\/IMG_4310.jpg","width":999,"height":643},{"@type":"BreadcrumbList","@id":"https:\/\/cv-creativa.de\/producto\/caravela\/#breadcrumb","itemListElement":[{"@type":"ListItem","position":1,"name":"Portada","item":"https:\/\/cv-creativa.de\/"},{"@type":"ListItem","position":2,"name":"Tienda","item":"https:\/\/cv-creativa.de\/tienda\/"},{"@type":"ListItem","position":3,"name":"Caravela"}]},{"@type":"WebSite","@id":"https:\/\/cv-creativa.de\/#website","url":"https:\/\/cv-creativa.de\/","name":"Crea tu mundo. Crea tu estilo.","description":"","publisher":{"@id":"https:\/\/cv-creativa.de\/#organization"},"potentialAction":[{"@type":"SearchAction","target":{"@type":"EntryPoint","urlTemplate":"https:\/\/cv-creativa.de\/?s={search_term_string}"},"query-input":{"@type":"PropertyValueSpecification","valueRequired":true,"valueName":"search_term_string"}}],"inLanguage":"de"},{"@type":"Organization","@id":"https:\/\/cv-creativa.de\/#organization","name":"cv-creativa","url":"https:\/\/cv-creativa.de\/","logo":{"@type":"ImageObject","inLanguage":"de","@id":"https:\/\/cv-creativa.de\/#\/schema\/logo\/image\/","url":"https:\/\/cv-creativa.de\/wp-content\/uploads\/2021\/01\/cropped-Logo-nuevo.jpg","contentUrl":"https:\/\/cv-creativa.de\/wp-content\/uploads\/2021\/01\/cropped-Logo-nuevo.jpg","width":173,"height":175,"caption":"cv-creativa"},"image":{"@id":"https:\/\/cv-creativa.de\/#\/schema\/logo\/image\/"},"sameAs":["https:\/\/www.facebook.com\/claudia.vigorenasalomon","https:\/\/www.instagram.com\/cv_creativa\/","https:\/\/www.pinterest.de\/cv_vigorena"]}]}},"_links":{"self":[{"href":"https:\/\/cv-creativa.de\/de\/wp-json\/wp\/v2\/product\/1625","targetHints":{"allow":["GET"]}}],"collection":[{"href":"https:\/\/cv-creativa.de\/de\/wp-json\/wp\/v2\/product"}],"about":[{"href":"https:\/\/cv-creativa.de\/de\/wp-json\/wp\/v2\/types\/product"}],"replies":[{"embeddable":true,"href":"https:\/\/cv-creativa.de\/de\/wp-json\/wp\/v2\/comments?post=1625"}],"wp:featuredmedia":[{"embeddable":true,"href":"https:\/\/cv-creativa.de\/de\/wp-json\/wp\/v2\/media\/1629"}],"wp:attachment":[{"href":"https:\/\/cv-creativa.de\/de\/wp-json\/wp\/v2\/media?parent=1625"}],"wp:term":[{"taxonomy":"product_brand","embeddable":true,"href":"https:\/\/cv-creativa.de\/de\/wp-json\/wp\/v2\/product_brand?post=1625"},{"taxonomy":"product_cat","embeddable":true,"href":"https:\/\/cv-creativa.de\/de\/wp-json\/wp\/v2\/product_cat?post=1625"},{"taxonomy":"product_tag","embeddable":true,"href":"https:\/\/cv-creativa.de\/de\/wp-json\/wp\/v2\/product_tag?post=1625"}],"curies":[{"name":"wp","href":"https:\/\/api.w.org\/{rel}","templated":true}]}}