{"id":1885,"date":"2025-01-13T11:34:23","date_gmt":"2025-01-13T10:34:23","guid":{"rendered":"https:\/\/cv-creativa.de\/?post_type=product&#038;p=1885"},"modified":"2026-02-03T08:20:08","modified_gmt":"2026-02-03T07:20:08","slug":"arroyo","status":"publish","type":"product","link":"https:\/\/cv-creativa.de\/de\/produkt\/arroyo\/","title":{"rendered":"Arroyo"},"content":{"rendered":"<p><strong>Arroyo<\/strong> ist ein weiches und strapazierf\u00e4higes Sportgarn, das sich schnell zu einem Favoriten unter Strickerinnen entwickelt hat. Es eignet sich perfekt f\u00fcr leichte (aber warme) Alltagsgarderobe und dank der Superwash-Ausr\u00fcstung ist es pflegeleicht. Betrachten Sie es als den kleinen Bruder von R\u00edos. (Apropos Babys: Es eignet sich auch perfekt f\u00fcr sie.)<\/p>\n<p><strong>Ideal f\u00fcr:<\/strong> Schals, T\u00fccher, Accessoires, Spitzen, Strukturmuster, Z\u00f6pfe, leichte Kleidungsst\u00fccke, Artikel f\u00fcr Babys und Kinder.<\/p>\n<p>Achten Sie darauf, dass Sie gen\u00fcgend Garn kaufen, um Ihr Projekt fertigzustellen, da jede Packung eine andere F\u00e4rbung aufweist und die Str\u00e4nge von Packung zu Packung variieren k\u00f6nnen. Selbst innerhalb einer Packung k\u00f6nnen die Str\u00e4nge voneinander abweichen. Um eine zuf\u00e4llige Farbverteilung zu gew\u00e4hrleisten, arbeiten Sie mit zwei Kn\u00e4ueln gleichzeitig und wechseln Sie dabei einige Reihen von jedem Kn\u00e4uel ab.<\/p>\n<p>Beim F\u00e4rben der Garne wird immer dieselbe Rezeptur verwendet, aber jeder Garncharge wird eine andere Chargennummer zugewiesen. Die Unterschiede zwischen den einzelnen F\u00e4rbungen k\u00f6nnen sehr subtil oder sehr auff\u00e4llig sein, insbesondere bei bunten Garnen.<\/p>\n<p>Die Zuweisung einer Farbstoffchargennummer dient in erster Linie dazu, die Str\u00e4nge zu identifizieren, die zusammen etikettiert und verpackt werden k\u00f6nnen. Nachdem ein Qualit\u00e4tssicherungsteam die Str\u00e4nge gepr\u00fcft hat, werden sie zur Etikettierung weitergeleitet und in Beutel zu f\u00fcnf oder zehn Einheiten (je nach Garn) verpackt.<br \/>\nSobald die S\u00e4cke in den Garnl\u00e4den angekommen sind, werden die meisten Str\u00e4nge auf verschiedene Regale verteilt, wo sie sich vermischen k\u00f6nnen. Der Farbbatch-Code ist sehr hilfreich, um gleiche Str\u00e4nge zu finden.<\/p>\n<p>Leider gibt es keine Aufzeichnungen dar\u00fcber, welche Filiale welche Charge erh\u00e4lt, und  es ist unm\u00f6glich herauszufinden, wo man Str\u00e4nge aus derselben Charge finden kann.<\/p>\n<p>Die Farben auf den Fotos dienen nur als Referenz. Wie bereits erw\u00e4hnt, k\u00f6nnen sie aufgrund des Handf\u00e4rbeprozesses um mehr oder weniger als einen Farbton abweichen.<\/p>\n<p>&nbsp;<\/p>","protected":false},"excerpt":{"rendered":"<p><strong>Gewicht des Garns:<\/strong> DK\/Sport<\/p>\n<p><strong>Fadenzahl:<\/strong> 4 f\u00e4dig<\/p>\n<p><strong>L\u00e4nge:<\/strong> 335 Yards (306 Meter)<\/p>\n<p><strong>Gewicht des Strangs:<\/strong> 100 Gramm (3,53 Unzen)<\/p>\n<p><strong>Kaliber:<\/strong> 20,0 bis 22,0 Punkte = 4 Zoll<\/p>\n<p><strong>Nadelst\u00e4rke:<\/strong> US 4 &#8211; 6 o 3.5 &#8211; 4mm<\/p>\n<p><strong>Tama\u00f1o del gancho:<\/strong> US E-4 bis 7 oder 3,5-4,5 mm<\/p>\n<p>Zusammensetzung 100 % superwash-Merinowolle<\/p>\n<p><strong>Pflegehinweise:<\/strong> Maschinenwaschbar, Schonwaschgang, kaltes Wasser, nicht im Trockner trocknen, flach liegend trocknen.<\/p>\n<p>&nbsp;<\/p>","protected":false},"featured_media":1899,"comment_status":"open","ping_status":"closed","template":"","meta":{"neve_meta_sidebar":"","neve_meta_container":"","neve_meta_enable_content_width":"off","neve_meta_content_width":100,"neve_meta_title_alignment":"","neve_meta_author_avatar":"","neve_post_elements_order":"","neve_meta_disable_header":"","neve_meta_disable_footer":"","neve_meta_disable_title":""},"product_brand":[485],"product_cat":[29],"product_tag":[401,412,402,404,403,400,140,406,374,109],"class_list":{"0":"post-1885","1":"product","2":"type-product","3":"status-publish","4":"has-post-thumbnail","6":"product_brand-malabrigo","7":"product_cat-hilados","8":"product_tag-arroyo","9":"product_tag-bobby-blue","10":"product_tag-cereza","11":"product_tag-frank-ochre","12":"product_tag-fresco-y-seco","13":"product_tag-malabrigo","14":"product_tag-merino","15":"product_tag-reflecting-pool","16":"product_tag-superwash","17":"product_tag-tenido-a-mano","18":"product_shipping_class-ropa-lanas-y-accesorios","19":"pa_color-malabrigo-arroyo-bobby-blue","20":"pa_color-malabrigo-arroyo-cereza","21":"pa_color-malabrigo-arroyo-frank-ochre","22":"pa_color-malabrigo-arroyo-fresco-y-seco","23":"pa_color-malabrigo-arroyo-reflecting-pool","25":"first","26":"instock","27":"purchasable","28":"product-type-variable"},"yoast_head":"<!-- This site is optimized with the Yoast SEO plugin v27.6 - https:\/\/yoast.com\/product\/yoast-seo-wordpress\/ -->\n<title>Arroyo para tus tejidos, lo m\u00e1s suave para tu piel.<\/title>\n<meta name=\"description\" content=\"Lana deportiva suave y resistente, perfecto para esas prendas ligeras (pero c\u00e1lidas) de todos los d\u00edas como chales, bufandas y accesorios.\" \/>\n<meta name=\"robots\" content=\"index, follow, max-snippet:-1, max-image-preview:large, max-video-preview:-1\" \/>\n<link rel=\"canonical\" href=\"https:\/\/cv-creativa.de\/de\/produkt\/arroyo\/\" \/>\n<meta property=\"og:locale\" content=\"de_DE\" \/>\n<meta property=\"og:type\" content=\"article\" \/>\n<meta property=\"og:title\" content=\"Arroyo para tus tejidos, lo m\u00e1s suave para tu piel.\" \/>\n<meta property=\"og:description\" content=\"Lana deportiva suave y resistente, perfecto para esas prendas ligeras (pero c\u00e1lidas) de todos los d\u00edas como chales, bufandas y accesorios.\" \/>\n<meta property=\"og:url\" content=\"https:\/\/cv-creativa.de\/de\/produkt\/arroyo\/\" \/>\n<meta property=\"article:publisher\" content=\"https:\/\/www.facebook.com\/claudia.vigorenasalomon\" \/>\n<meta property=\"article:modified_time\" content=\"2026-02-03T07:20:08+00:00\" \/>\n<meta property=\"og:image\" content=\"http:\/\/cv-creativa.de\/wp-content\/uploads\/2025\/01\/Malabrigo-Arroyo.webp\" \/>\n\t<meta property=\"og:image:width\" content=\"600\" \/>\n\t<meta property=\"og:image:height\" content=\"600\" \/>\n\t<meta property=\"og:image:type\" content=\"image\/webp\" \/>\n<meta name=\"twitter:card\" content=\"summary_large_image\" \/>\n<meta name=\"twitter:label1\" content=\"Gesch\u00e4tzte Lesezeit\" \/>\n\t<meta name=\"twitter:data1\" content=\"2\u00a0Minuten\" \/>\n<script type=\"application\/ld+json\" class=\"yoast-schema-graph\">{\"@context\":\"https:\\\/\\\/schema.org\",\"@graph\":[{\"@type\":[\"WebPage\",\"ItemPage\"],\"@id\":\"https:\\\/\\\/cv-creativa.de\\\/producto\\\/arroyo\\\/\",\"url\":\"https:\\\/\\\/cv-creativa.de\\\/producto\\\/arroyo\\\/\",\"name\":\"Arroyo para tus tejidos, lo m\u00e1s suave para tu piel.\",\"isPartOf\":{\"@id\":\"https:\\\/\\\/cv-creativa.de\\\/#website\"},\"primaryImageOfPage\":{\"@id\":\"https:\\\/\\\/cv-creativa.de\\\/producto\\\/arroyo\\\/#primaryimage\"},\"image\":{\"@id\":\"https:\\\/\\\/cv-creativa.de\\\/producto\\\/arroyo\\\/#primaryimage\"},\"thumbnailUrl\":\"https:\\\/\\\/cv-creativa.de\\\/wp-content\\\/uploads\\\/2025\\\/01\\\/Malabrigo-Arroyo.webp\",\"datePublished\":\"2025-01-13T10:34:23+00:00\",\"dateModified\":\"2026-02-03T07:20:08+00:00\",\"description\":\"Lana deportiva suave y resistente, perfecto para esas prendas ligeras (pero c\u00e1lidas) de todos los d\u00edas como chales, bufandas y accesorios.\",\"breadcrumb\":{\"@id\":\"https:\\\/\\\/cv-creativa.de\\\/producto\\\/arroyo\\\/#breadcrumb\"},\"inLanguage\":\"de\",\"potentialAction\":[{\"@type\":\"ReadAction\",\"target\":[\"https:\\\/\\\/cv-creativa.de\\\/producto\\\/arroyo\\\/\"]}]},{\"@type\":\"ImageObject\",\"inLanguage\":\"de\",\"@id\":\"https:\\\/\\\/cv-creativa.de\\\/producto\\\/arroyo\\\/#primaryimage\",\"url\":\"https:\\\/\\\/cv-creativa.de\\\/wp-content\\\/uploads\\\/2025\\\/01\\\/Malabrigo-Arroyo.webp\",\"contentUrl\":\"https:\\\/\\\/cv-creativa.de\\\/wp-content\\\/uploads\\\/2025\\\/01\\\/Malabrigo-Arroyo.webp\",\"width\":600,\"height\":600},{\"@type\":\"BreadcrumbList\",\"@id\":\"https:\\\/\\\/cv-creativa.de\\\/producto\\\/arroyo\\\/#breadcrumb\",\"itemListElement\":[{\"@type\":\"ListItem\",\"position\":1,\"name\":\"Portada\",\"item\":\"https:\\\/\\\/cv-creativa.de\\\/\"},{\"@type\":\"ListItem\",\"position\":2,\"name\":\"Tienda\",\"item\":\"https:\\\/\\\/cv-creativa.de\\\/tienda\\\/\"},{\"@type\":\"ListItem\",\"position\":3,\"name\":\"Arroyo\"}]},{\"@type\":\"WebSite\",\"@id\":\"https:\\\/\\\/cv-creativa.de\\\/#website\",\"url\":\"https:\\\/\\\/cv-creativa.de\\\/\",\"name\":\"Crea tu mundo. Crea tu estilo.\",\"description\":\"\",\"publisher\":{\"@id\":\"https:\\\/\\\/cv-creativa.de\\\/#organization\"},\"potentialAction\":[{\"@type\":\"SearchAction\",\"target\":{\"@type\":\"EntryPoint\",\"urlTemplate\":\"https:\\\/\\\/cv-creativa.de\\\/?s={search_term_string}\"},\"query-input\":{\"@type\":\"PropertyValueSpecification\",\"valueRequired\":true,\"valueName\":\"search_term_string\"}}],\"inLanguage\":\"de\"},{\"@type\":\"Organization\",\"@id\":\"https:\\\/\\\/cv-creativa.de\\\/#organization\",\"name\":\"cv-creativa\",\"url\":\"https:\\\/\\\/cv-creativa.de\\\/\",\"logo\":{\"@type\":\"ImageObject\",\"inLanguage\":\"de\",\"@id\":\"https:\\\/\\\/cv-creativa.de\\\/#\\\/schema\\\/logo\\\/image\\\/\",\"url\":\"https:\\\/\\\/cv-creativa.de\\\/wp-content\\\/uploads\\\/2021\\\/01\\\/cropped-Logo-nuevo.jpg\",\"contentUrl\":\"https:\\\/\\\/cv-creativa.de\\\/wp-content\\\/uploads\\\/2021\\\/01\\\/cropped-Logo-nuevo.jpg\",\"width\":173,\"height\":175,\"caption\":\"cv-creativa\"},\"image\":{\"@id\":\"https:\\\/\\\/cv-creativa.de\\\/#\\\/schema\\\/logo\\\/image\\\/\"},\"sameAs\":[\"https:\\\/\\\/www.facebook.com\\\/claudia.vigorenasalomon\",\"https:\\\/\\\/www.instagram.com\\\/cv_creativa\\\/\",\"https:\\\/\\\/www.pinterest.de\\\/cv_vigorena\"]}]}<\/script>\n<!-- \/ Yoast SEO plugin. -->","yoast_head_json":{"title":"Arroyo para tus tejidos, lo m\u00e1s suave para tu piel.","description":"Lana deportiva suave y resistente, perfecto para esas prendas ligeras (pero c\u00e1lidas) de todos los d\u00edas como chales, bufandas y accesorios.","robots":{"index":"index","follow":"follow","max-snippet":"max-snippet:-1","max-image-preview":"max-image-preview:large","max-video-preview":"max-video-preview:-1"},"canonical":"https:\/\/cv-creativa.de\/de\/produkt\/arroyo\/","og_locale":"de_DE","og_type":"article","og_title":"Arroyo para tus tejidos, lo m\u00e1s suave para tu piel.","og_description":"Lana deportiva suave y resistente, perfecto para esas prendas ligeras (pero c\u00e1lidas) de todos los d\u00edas como chales, bufandas y accesorios.","og_url":"https:\/\/cv-creativa.de\/de\/produkt\/arroyo\/","article_publisher":"https:\/\/www.facebook.com\/claudia.vigorenasalomon","article_modified_time":"2026-02-03T07:20:08+00:00","og_image":[{"width":600,"height":600,"url":"http:\/\/cv-creativa.de\/wp-content\/uploads\/2025\/01\/Malabrigo-Arroyo.webp","type":"image\/webp"}],"twitter_card":"summary_large_image","twitter_misc":{"Gesch\u00e4tzte Lesezeit":"2\u00a0Minuten"},"schema":{"@context":"https:\/\/schema.org","@graph":[{"@type":["WebPage","ItemPage"],"@id":"https:\/\/cv-creativa.de\/producto\/arroyo\/","url":"https:\/\/cv-creativa.de\/producto\/arroyo\/","name":"Arroyo para tus tejidos, lo m\u00e1s suave para tu piel.","isPartOf":{"@id":"https:\/\/cv-creativa.de\/#website"},"primaryImageOfPage":{"@id":"https:\/\/cv-creativa.de\/producto\/arroyo\/#primaryimage"},"image":{"@id":"https:\/\/cv-creativa.de\/producto\/arroyo\/#primaryimage"},"thumbnailUrl":"https:\/\/cv-creativa.de\/wp-content\/uploads\/2025\/01\/Malabrigo-Arroyo.webp","datePublished":"2025-01-13T10:34:23+00:00","dateModified":"2026-02-03T07:20:08+00:00","description":"Lana deportiva suave y resistente, perfecto para esas prendas ligeras (pero c\u00e1lidas) de todos los d\u00edas como chales, bufandas y accesorios.","breadcrumb":{"@id":"https:\/\/cv-creativa.de\/producto\/arroyo\/#breadcrumb"},"inLanguage":"de","potentialAction":[{"@type":"ReadAction","target":["https:\/\/cv-creativa.de\/producto\/arroyo\/"]}]},{"@type":"ImageObject","inLanguage":"de","@id":"https:\/\/cv-creativa.de\/producto\/arroyo\/#primaryimage","url":"https:\/\/cv-creativa.de\/wp-content\/uploads\/2025\/01\/Malabrigo-Arroyo.webp","contentUrl":"https:\/\/cv-creativa.de\/wp-content\/uploads\/2025\/01\/Malabrigo-Arroyo.webp","width":600,"height":600},{"@type":"BreadcrumbList","@id":"https:\/\/cv-creativa.de\/producto\/arroyo\/#breadcrumb","itemListElement":[{"@type":"ListItem","position":1,"name":"Portada","item":"https:\/\/cv-creativa.de\/"},{"@type":"ListItem","position":2,"name":"Tienda","item":"https:\/\/cv-creativa.de\/tienda\/"},{"@type":"ListItem","position":3,"name":"Arroyo"}]},{"@type":"WebSite","@id":"https:\/\/cv-creativa.de\/#website","url":"https:\/\/cv-creativa.de\/","name":"Crea tu mundo. Crea tu estilo.","description":"","publisher":{"@id":"https:\/\/cv-creativa.de\/#organization"},"potentialAction":[{"@type":"SearchAction","target":{"@type":"EntryPoint","urlTemplate":"https:\/\/cv-creativa.de\/?s={search_term_string}"},"query-input":{"@type":"PropertyValueSpecification","valueRequired":true,"valueName":"search_term_string"}}],"inLanguage":"de"},{"@type":"Organization","@id":"https:\/\/cv-creativa.de\/#organization","name":"cv-creativa","url":"https:\/\/cv-creativa.de\/","logo":{"@type":"ImageObject","inLanguage":"de","@id":"https:\/\/cv-creativa.de\/#\/schema\/logo\/image\/","url":"https:\/\/cv-creativa.de\/wp-content\/uploads\/2021\/01\/cropped-Logo-nuevo.jpg","contentUrl":"https:\/\/cv-creativa.de\/wp-content\/uploads\/2021\/01\/cropped-Logo-nuevo.jpg","width":173,"height":175,"caption":"cv-creativa"},"image":{"@id":"https:\/\/cv-creativa.de\/#\/schema\/logo\/image\/"},"sameAs":["https:\/\/www.facebook.com\/claudia.vigorenasalomon","https:\/\/www.instagram.com\/cv_creativa\/","https:\/\/www.pinterest.de\/cv_vigorena"]}]}},"_links":{"self":[{"href":"https:\/\/cv-creativa.de\/de\/wp-json\/wp\/v2\/product\/1885","targetHints":{"allow":["GET"]}}],"collection":[{"href":"https:\/\/cv-creativa.de\/de\/wp-json\/wp\/v2\/product"}],"about":[{"href":"https:\/\/cv-creativa.de\/de\/wp-json\/wp\/v2\/types\/product"}],"replies":[{"embeddable":true,"href":"https:\/\/cv-creativa.de\/de\/wp-json\/wp\/v2\/comments?post=1885"}],"wp:featuredmedia":[{"embeddable":true,"href":"https:\/\/cv-creativa.de\/de\/wp-json\/wp\/v2\/media\/1899"}],"wp:attachment":[{"href":"https:\/\/cv-creativa.de\/de\/wp-json\/wp\/v2\/media?parent=1885"}],"wp:term":[{"taxonomy":"product_brand","embeddable":true,"href":"https:\/\/cv-creativa.de\/de\/wp-json\/wp\/v2\/product_brand?post=1885"},{"taxonomy":"product_cat","embeddable":true,"href":"https:\/\/cv-creativa.de\/de\/wp-json\/wp\/v2\/product_cat?post=1885"},{"taxonomy":"product_tag","embeddable":true,"href":"https:\/\/cv-creativa.de\/de\/wp-json\/wp\/v2\/product_tag?post=1885"}],"curies":[{"name":"wp","href":"https:\/\/api.w.org\/{rel}","templated":true}]}}