{"id":1999,"date":"2025-11-10T09:47:12","date_gmt":"2025-11-10T08:47:12","guid":{"rendered":"https:\/\/cv-creativa.de\/?post_type=product&#038;p=1999"},"modified":"2026-01-27T09:03:23","modified_gmt":"2026-01-27T08:03:23","slug":"patron-cardigan-alicia","status":"publish","type":"product","link":"https:\/\/cv-creativa.de\/de\/produkt\/patron-cardigan-alicia\/","title":{"rendered":"Anleitung Cardigan Alicia"},"content":{"rendered":"<p>M\u00e1s que un patr\u00f3n, una historia de amistad y luz en el oto\u00f1o, \u00e9poca del a\u00f1o, que para m\u00ed tiene una de<br \/>\nlas paletas de colores m\u00e1s bellas y acogedoras.<br \/>\nNace de una colaboraci\u00f3n muy querida y significativa. El dise\u00f1o del Cardigan Alicia es intencionalmente<br \/>\nsencillo y oversize, tejido solo con puntos del derecho y del rev\u00e9s. Pero su color es lo que le da su alma,<br \/>\ny la inspiraci\u00f3n viene directamente de mi vida en Alemania:<\/p>\n<p><em>&#8220;Aqu\u00ed, el oto\u00f1o es hermoso pero los d\u00edas pueden volverse bastante grises. Este color vibrante,<\/em><br \/>\n<em>inspirado en la paleta del oto\u00f1o, hace que la naturaleza resalte y que el d\u00eda se vea m\u00e1s iluminado,<\/em><br \/>\n<em>incluso cuando el cielo est\u00e1 cubierto. Y en los d\u00edas de sol, <strong>\u00a1parece que brille la propia naturaleza!<\/strong><\/em><br \/>\n<em>Esa luz y esa vitalidad es lo que Alicia ha sido para m\u00ed.<\/em><\/p>\n<p>Es un dise\u00f1o pensado para brillar solo o en complemento perfecto con el dise\u00f1o de Alicia, <a href=\"https:\/\/catsinwollebach.com\/\"><span style=\"color: #f1d4d4;\"><strong>@catsinwollenbach<\/strong><\/span><\/a> en los medios sociales, <strong><span style=\"color: #f1d4d4;\"><a style=\"color: #f1d4d4;\" href=\"https:\/\/www.ravelry.com\/patterns\/library\/bosque-interior-tee\">BOSQUE INTERIOR TEE<\/a><\/span><\/strong>, \u00a1te ivito a verlo!<\/p>","protected":false},"excerpt":{"rendered":"<h3><strong>Cardigan Alicia<\/strong><\/h3>\n<p>El Cardigan Alicia se teje de arriba abajo con aumentos de ragl\u00e1n en el canes\u00fa y un escote en<br \/>\nV. La forma del escote se consigue con vueltas cortas, elevando la parte superior del cuello.<\/p>\n<p>El cuerpo se teje en plano con puntos de derecho y rev\u00e9s seg\u00fan las instrucciones y las mangas se tejen en redondo.<br \/>\nEl cardigan tiene un ajuste oversize y est\u00e1 dise\u00f1ado para tener aproximadamente 28 cm [11 pulgadas] de holgura positiva, lo que significa que est\u00e1 dise\u00f1ado para ser 28 cm [11 pulgadas] m\u00e1s grande en contorno que la medida de tu busto.<\/p>\n<p>&nbsp;<\/p>\n<p><span style=\"color: #999999;\">Gem\u00e4\u00df \u00a7 19 Umsatzsteuergesetz (UStG) wird keine Umsatzsteuer erhoben.<strong> +<\/strong> Gastos de env\u00edo<\/span><\/p>","protected":false},"featured_media":2010,"comment_status":"open","ping_status":"closed","template":"","meta":{"neve_meta_sidebar":"","neve_meta_container":"","neve_meta_enable_content_width":"off","neve_meta_content_width":100,"neve_meta_title_alignment":"","neve_meta_author_avatar":"","neve_post_elements_order":"","neve_meta_disable_header":"","neve_meta_disable_footer":"","neve_meta_disable_title":""},"product_brand":[],"product_cat":[143],"product_tag":[434,431,432,84,433,155],"class_list":{"0":"post-1999","1":"product","2":"type-product","3":"status-publish","4":"has-post-thumbnail","6":"product_cat-patrones","7":"product_tag-bosque-interior-tee","8":"product_tag-cardigan","9":"product_tag-lana-merino-primium","10":"product_tag-mostaza","11":"product_tag-otono","12":"product_tag-tejido-a-dos-agujas","13":"product_shipping_class-pt","15":"first","16":"instock","17":"downloadable","18":"purchasable","19":"product-type-simple"},"yoast_head":"<!-- This site is optimized with the Yoast SEO plugin v27.5 - https:\/\/yoast.com\/product\/yoast-seo-wordpress\/ -->\n<title>Patr\u00f3n Cardigan Alicia -<\/title>\n<meta name=\"description\" content=\"M\u00e1s que un patr\u00f3n, una historia de amistad y luz en el oto\u00f1o, \u00e9poca del a\u00f1o, que para m\u00ed tiene una delas paletas de colores m\u00e1s bellas y acogedoras.\" \/>\n<meta name=\"robots\" content=\"index, follow, max-snippet:-1, max-image-preview:large, max-video-preview:-1\" \/>\n<link rel=\"canonical\" href=\"https:\/\/cv-creativa.de\/de\/produkt\/patron-cardigan-alicia\/\" \/>\n<meta property=\"og:locale\" content=\"de_DE\" \/>\n<meta property=\"og:type\" content=\"article\" \/>\n<meta property=\"og:title\" content=\"Patr\u00f3n Cardigan Alicia -\" \/>\n<meta property=\"og:description\" content=\"M\u00e1s que un patr\u00f3n, una historia de amistad y luz en el oto\u00f1o, \u00e9poca del a\u00f1o, que para m\u00ed tiene una delas paletas de colores m\u00e1s bellas y acogedoras.\" \/>\n<meta property=\"og:url\" content=\"https:\/\/cv-creativa.de\/de\/produkt\/patron-cardigan-alicia\/\" \/>\n<meta property=\"article:publisher\" content=\"https:\/\/www.facebook.com\/claudia.vigorenasalomon\" \/>\n<meta property=\"article:modified_time\" content=\"2026-01-27T08:03:23+00:00\" \/>\n<meta property=\"og:image\" content=\"http:\/\/cv-creativa.de\/wp-content\/uploads\/2025\/11\/Cardigan-Alicia-Breskens.jpg\" \/>\n\t<meta property=\"og:image:width\" content=\"651\" \/>\n\t<meta property=\"og:image:height\" content=\"869\" \/>\n\t<meta property=\"og:image:type\" content=\"image\/jpeg\" \/>\n<meta name=\"twitter:card\" content=\"summary_large_image\" \/>\n<meta name=\"twitter:label1\" content=\"Gesch\u00e4tzte Lesezeit\" \/>\n\t<meta name=\"twitter:data1\" content=\"1\u00a0Minute\" \/>\n<script type=\"application\/ld+json\" class=\"yoast-schema-graph\">{\"@context\":\"https:\\\/\\\/schema.org\",\"@graph\":[{\"@type\":[\"WebPage\",\"ItemPage\"],\"@id\":\"https:\\\/\\\/cv-creativa.de\\\/producto\\\/patron-cardigan-alicia\\\/\",\"url\":\"https:\\\/\\\/cv-creativa.de\\\/producto\\\/patron-cardigan-alicia\\\/\",\"name\":\"Patr\u00f3n Cardigan Alicia -\",\"isPartOf\":{\"@id\":\"https:\\\/\\\/cv-creativa.de\\\/#website\"},\"primaryImageOfPage\":{\"@id\":\"https:\\\/\\\/cv-creativa.de\\\/producto\\\/patron-cardigan-alicia\\\/#primaryimage\"},\"image\":{\"@id\":\"https:\\\/\\\/cv-creativa.de\\\/producto\\\/patron-cardigan-alicia\\\/#primaryimage\"},\"thumbnailUrl\":\"https:\\\/\\\/cv-creativa.de\\\/wp-content\\\/uploads\\\/2025\\\/11\\\/Cardigan-Alicia-Breskens.jpg\",\"datePublished\":\"2025-11-10T08:47:12+00:00\",\"dateModified\":\"2026-01-27T08:03:23+00:00\",\"description\":\"M\u00e1s que un patr\u00f3n, una historia de amistad y luz en el oto\u00f1o, \u00e9poca del a\u00f1o, que para m\u00ed tiene una delas paletas de colores m\u00e1s bellas y acogedoras.\",\"breadcrumb\":{\"@id\":\"https:\\\/\\\/cv-creativa.de\\\/producto\\\/patron-cardigan-alicia\\\/#breadcrumb\"},\"inLanguage\":\"de\",\"potentialAction\":[{\"@type\":\"ReadAction\",\"target\":[\"https:\\\/\\\/cv-creativa.de\\\/producto\\\/patron-cardigan-alicia\\\/\"]}]},{\"@type\":\"ImageObject\",\"inLanguage\":\"de\",\"@id\":\"https:\\\/\\\/cv-creativa.de\\\/producto\\\/patron-cardigan-alicia\\\/#primaryimage\",\"url\":\"https:\\\/\\\/cv-creativa.de\\\/wp-content\\\/uploads\\\/2025\\\/11\\\/Cardigan-Alicia-Breskens.jpg\",\"contentUrl\":\"https:\\\/\\\/cv-creativa.de\\\/wp-content\\\/uploads\\\/2025\\\/11\\\/Cardigan-Alicia-Breskens.jpg\",\"width\":651,\"height\":869},{\"@type\":\"BreadcrumbList\",\"@id\":\"https:\\\/\\\/cv-creativa.de\\\/producto\\\/patron-cardigan-alicia\\\/#breadcrumb\",\"itemListElement\":[{\"@type\":\"ListItem\",\"position\":1,\"name\":\"Portada\",\"item\":\"https:\\\/\\\/cv-creativa.de\\\/\"},{\"@type\":\"ListItem\",\"position\":2,\"name\":\"Tienda\",\"item\":\"https:\\\/\\\/cv-creativa.de\\\/tienda\\\/\"},{\"@type\":\"ListItem\",\"position\":3,\"name\":\"Patr\u00f3n Cardigan Alicia\"}]},{\"@type\":\"WebSite\",\"@id\":\"https:\\\/\\\/cv-creativa.de\\\/#website\",\"url\":\"https:\\\/\\\/cv-creativa.de\\\/\",\"name\":\"Crea tu mundo. Crea tu estilo.\",\"description\":\"\",\"publisher\":{\"@id\":\"https:\\\/\\\/cv-creativa.de\\\/#organization\"},\"potentialAction\":[{\"@type\":\"SearchAction\",\"target\":{\"@type\":\"EntryPoint\",\"urlTemplate\":\"https:\\\/\\\/cv-creativa.de\\\/?s={search_term_string}\"},\"query-input\":{\"@type\":\"PropertyValueSpecification\",\"valueRequired\":true,\"valueName\":\"search_term_string\"}}],\"inLanguage\":\"de\"},{\"@type\":\"Organization\",\"@id\":\"https:\\\/\\\/cv-creativa.de\\\/#organization\",\"name\":\"cv-creativa\",\"url\":\"https:\\\/\\\/cv-creativa.de\\\/\",\"logo\":{\"@type\":\"ImageObject\",\"inLanguage\":\"de\",\"@id\":\"https:\\\/\\\/cv-creativa.de\\\/#\\\/schema\\\/logo\\\/image\\\/\",\"url\":\"https:\\\/\\\/cv-creativa.de\\\/wp-content\\\/uploads\\\/2021\\\/01\\\/cropped-Logo-nuevo.jpg\",\"contentUrl\":\"https:\\\/\\\/cv-creativa.de\\\/wp-content\\\/uploads\\\/2021\\\/01\\\/cropped-Logo-nuevo.jpg\",\"width\":173,\"height\":175,\"caption\":\"cv-creativa\"},\"image\":{\"@id\":\"https:\\\/\\\/cv-creativa.de\\\/#\\\/schema\\\/logo\\\/image\\\/\"},\"sameAs\":[\"https:\\\/\\\/www.facebook.com\\\/claudia.vigorenasalomon\",\"https:\\\/\\\/www.instagram.com\\\/cv_creativa\\\/\",\"https:\\\/\\\/www.pinterest.de\\\/cv_vigorena\"]}]}<\/script>\n<!-- \/ Yoast SEO plugin. -->","yoast_head_json":{"title":"Patr\u00f3n Cardigan Alicia -","description":"M\u00e1s que un patr\u00f3n, una historia de amistad y luz en el oto\u00f1o, \u00e9poca del a\u00f1o, que para m\u00ed tiene una delas paletas de colores m\u00e1s bellas y acogedoras.","robots":{"index":"index","follow":"follow","max-snippet":"max-snippet:-1","max-image-preview":"max-image-preview:large","max-video-preview":"max-video-preview:-1"},"canonical":"https:\/\/cv-creativa.de\/de\/produkt\/patron-cardigan-alicia\/","og_locale":"de_DE","og_type":"article","og_title":"Patr\u00f3n Cardigan Alicia -","og_description":"M\u00e1s que un patr\u00f3n, una historia de amistad y luz en el oto\u00f1o, \u00e9poca del a\u00f1o, que para m\u00ed tiene una delas paletas de colores m\u00e1s bellas y acogedoras.","og_url":"https:\/\/cv-creativa.de\/de\/produkt\/patron-cardigan-alicia\/","article_publisher":"https:\/\/www.facebook.com\/claudia.vigorenasalomon","article_modified_time":"2026-01-27T08:03:23+00:00","og_image":[{"width":651,"height":869,"url":"http:\/\/cv-creativa.de\/wp-content\/uploads\/2025\/11\/Cardigan-Alicia-Breskens.jpg","type":"image\/jpeg"}],"twitter_card":"summary_large_image","twitter_misc":{"Gesch\u00e4tzte Lesezeit":"1\u00a0Minute"},"schema":{"@context":"https:\/\/schema.org","@graph":[{"@type":["WebPage","ItemPage"],"@id":"https:\/\/cv-creativa.de\/producto\/patron-cardigan-alicia\/","url":"https:\/\/cv-creativa.de\/producto\/patron-cardigan-alicia\/","name":"Patr\u00f3n Cardigan Alicia -","isPartOf":{"@id":"https:\/\/cv-creativa.de\/#website"},"primaryImageOfPage":{"@id":"https:\/\/cv-creativa.de\/producto\/patron-cardigan-alicia\/#primaryimage"},"image":{"@id":"https:\/\/cv-creativa.de\/producto\/patron-cardigan-alicia\/#primaryimage"},"thumbnailUrl":"https:\/\/cv-creativa.de\/wp-content\/uploads\/2025\/11\/Cardigan-Alicia-Breskens.jpg","datePublished":"2025-11-10T08:47:12+00:00","dateModified":"2026-01-27T08:03:23+00:00","description":"M\u00e1s que un patr\u00f3n, una historia de amistad y luz en el oto\u00f1o, \u00e9poca del a\u00f1o, que para m\u00ed tiene una delas paletas de colores m\u00e1s bellas y acogedoras.","breadcrumb":{"@id":"https:\/\/cv-creativa.de\/producto\/patron-cardigan-alicia\/#breadcrumb"},"inLanguage":"de","potentialAction":[{"@type":"ReadAction","target":["https:\/\/cv-creativa.de\/producto\/patron-cardigan-alicia\/"]}]},{"@type":"ImageObject","inLanguage":"de","@id":"https:\/\/cv-creativa.de\/producto\/patron-cardigan-alicia\/#primaryimage","url":"https:\/\/cv-creativa.de\/wp-content\/uploads\/2025\/11\/Cardigan-Alicia-Breskens.jpg","contentUrl":"https:\/\/cv-creativa.de\/wp-content\/uploads\/2025\/11\/Cardigan-Alicia-Breskens.jpg","width":651,"height":869},{"@type":"BreadcrumbList","@id":"https:\/\/cv-creativa.de\/producto\/patron-cardigan-alicia\/#breadcrumb","itemListElement":[{"@type":"ListItem","position":1,"name":"Portada","item":"https:\/\/cv-creativa.de\/"},{"@type":"ListItem","position":2,"name":"Tienda","item":"https:\/\/cv-creativa.de\/tienda\/"},{"@type":"ListItem","position":3,"name":"Patr\u00f3n Cardigan Alicia"}]},{"@type":"WebSite","@id":"https:\/\/cv-creativa.de\/#website","url":"https:\/\/cv-creativa.de\/","name":"Crea tu mundo. Crea tu estilo.","description":"","publisher":{"@id":"https:\/\/cv-creativa.de\/#organization"},"potentialAction":[{"@type":"SearchAction","target":{"@type":"EntryPoint","urlTemplate":"https:\/\/cv-creativa.de\/?s={search_term_string}"},"query-input":{"@type":"PropertyValueSpecification","valueRequired":true,"valueName":"search_term_string"}}],"inLanguage":"de"},{"@type":"Organization","@id":"https:\/\/cv-creativa.de\/#organization","name":"cv-creativa","url":"https:\/\/cv-creativa.de\/","logo":{"@type":"ImageObject","inLanguage":"de","@id":"https:\/\/cv-creativa.de\/#\/schema\/logo\/image\/","url":"https:\/\/cv-creativa.de\/wp-content\/uploads\/2021\/01\/cropped-Logo-nuevo.jpg","contentUrl":"https:\/\/cv-creativa.de\/wp-content\/uploads\/2021\/01\/cropped-Logo-nuevo.jpg","width":173,"height":175,"caption":"cv-creativa"},"image":{"@id":"https:\/\/cv-creativa.de\/#\/schema\/logo\/image\/"},"sameAs":["https:\/\/www.facebook.com\/claudia.vigorenasalomon","https:\/\/www.instagram.com\/cv_creativa\/","https:\/\/www.pinterest.de\/cv_vigorena"]}]}},"_links":{"self":[{"href":"https:\/\/cv-creativa.de\/de\/wp-json\/wp\/v2\/product\/1999","targetHints":{"allow":["GET"]}}],"collection":[{"href":"https:\/\/cv-creativa.de\/de\/wp-json\/wp\/v2\/product"}],"about":[{"href":"https:\/\/cv-creativa.de\/de\/wp-json\/wp\/v2\/types\/product"}],"replies":[{"embeddable":true,"href":"https:\/\/cv-creativa.de\/de\/wp-json\/wp\/v2\/comments?post=1999"}],"wp:featuredmedia":[{"embeddable":true,"href":"https:\/\/cv-creativa.de\/de\/wp-json\/wp\/v2\/media\/2010"}],"wp:attachment":[{"href":"https:\/\/cv-creativa.de\/de\/wp-json\/wp\/v2\/media?parent=1999"}],"wp:term":[{"taxonomy":"product_brand","embeddable":true,"href":"https:\/\/cv-creativa.de\/de\/wp-json\/wp\/v2\/product_brand?post=1999"},{"taxonomy":"product_cat","embeddable":true,"href":"https:\/\/cv-creativa.de\/de\/wp-json\/wp\/v2\/product_cat?post=1999"},{"taxonomy":"product_tag","embeddable":true,"href":"https:\/\/cv-creativa.de\/de\/wp-json\/wp\/v2\/product_tag?post=1999"}],"curies":[{"name":"wp","href":"https:\/\/api.w.org\/{rel}","templated":true}]}}