{"id":376,"date":"2021-01-30T16:12:42","date_gmt":"2021-01-30T15:12:42","guid":{"rendered":"http:\/\/cv-creativa.de\/?post_type=product&#038;p=376"},"modified":"2026-02-10T08:32:02","modified_gmt":"2026-02-10T07:32:02","slug":"veggie-air","status":"publish","type":"product","link":"https:\/\/cv-creativa.de\/de\/produkt\/veggie-air\/","title":{"rendered":"Veggie Air"},"content":{"rendered":"<p><strong>BEI VEGGIE AIR GARANTIEREN WIR DIE METERANZAHL. DAS GEWICHT KANN JE NACH FARBE LEICHT VARIIEREN, DA DUNKLE FARBT\u00d6NE DURCH DAS F\u00c4RBEVERFAHREN ETWAS SCHWERER AUSFALLEN.<\/strong><\/p>\n<p><strong>dralon\u00ae:\u00a0<\/strong>Trockengesponnene Faser, die auf dem Markt ihresgleichen sucht.<\/p>\n<p>Eigenschaften dieser Faser, aus der mehr als 90 % der Strickwaren f\u00fcr Babys und Kinder gefertigt werden:<\/p>\n<ul>\n<li>Sehr weich und angenehm im Griff.<\/li>\n<li>Ein sehr strapazierf\u00e4higes Garn, das widerstandsf\u00e4hig gegen Verschlei\u00df, Schmutz und Einlaufen beim Waschen ist.<\/li>\n<li>Waschbar bis 30 \u00b0C und sehr schnelltrocknend.<\/li>\n<li>Spendet angenehme W\u00e4rme.<\/li>\n<li>Widerstandsf\u00e4hig gegen Bakterien, Milben, Motten...<\/li>\n<li>Aufgrund ihrer hypoallergenen Eigenschaften ist sie eine der am besten geeigneten Fasern f\u00fcr Babykleidung. Sie reduziert das Risiko von Allergien oder Reizungen auf ein Minimum und ist \u00e4u\u00dferst vertr\u00e4glich f\u00fcr empfindliche Haut. Die gro\u00dfe Mehrheit der Kinder mit atopischer Haut vertr\u00e4gt Kleidungsst\u00fccke aus dieser Faser sehr gut.<\/li>\n<\/ul>\n<p><strong><em>\u00a0<\/em><\/strong><strong>dralon\u00ae-GARANTIE<\/strong><\/p>\n<p>Das Qualit\u00e4tsmanagement von dralon\u00ae garantiert, dass alle an Spinnereikunden gelieferten dralon\u00ae-Fasern der dralon\u00ae-Faserdefinition entsprechen, sodass das Endprodukt als dralon\u00ae gekennzeichnet werden kann. Diese erf\u00fcllen die Norm ISO 2076.<\/p>\n<p>Damit ein Produkt als 100 % dralon\u00ae gilt, darf das Zusammensetzungsetikett keine anderen Mischungen wie Polyester, Polyamid, Polypropylen usw. enthalten \u2013 es muss ausschlie\u00dflich 100 % dralon\u00ae angegeben sein. Es darf auch nicht mit Wolle gemischt werden; obwohl dies eine Naturfaser ist, w\u00fcrde dralon\u00ae in diesem Fall seine hypoallergenen Eigenschaften verlieren.<\/p>","protected":false},"excerpt":{"rendered":"<p>Als \u00e4u\u00dferst vielseitige Faser f\u00fcr Kleidung, Accessoires oder Dekoration ist die Veggie Air schlauchf\u00f6rmig geflochten \u2013 ideal zum Stricken mit Nadelst\u00e4rke 7\u20139.<\/p>\n<p>Veggie Air, 2 mm St\u00e4rke im 50-Gramm-Format (ca. 50 Meter Laufl\u00e4nge).<\/p>","protected":false},"featured_media":378,"comment_status":"open","ping_status":"closed","template":"","meta":{"neve_meta_sidebar":"","neve_meta_container":"","neve_meta_enable_content_width":"off","neve_meta_content_width":100,"neve_meta_title_alignment":"","neve_meta_author_avatar":"","neve_post_elements_order":"","neve_meta_disable_header":"","neve_meta_disable_footer":"","neve_meta_disable_title":""},"product_brand":[486],"product_cat":[29],"product_tag":[51,53,52,50],"class_list":{"0":"post-376","1":"product","2":"type-product","3":"status-publish","4":"has-post-thumbnail","6":"product_brand-casasol","7":"product_cat-hilados","8":"product_tag-air","9":"product_tag-caramelo","10":"product_tag-dralon","11":"product_tag-veggie","13":"first","14":"instock","15":"purchasable","16":"product-type-simple"},"yoast_head":"<!-- This site is optimized with the Yoast SEO plugin v27.5 - https:\/\/yoast.com\/product\/yoast-seo-wordpress\/ -->\n<title>Veggie Air -<\/title>\n<meta name=\"description\" content=\"Fibra adecuada para tejer ropa de beb\u00e9, debido a su car\u00e1cter hipoalerg\u00e9nico, que reduce la posibilidad de alergias o irritaciones al m\u00ednimo.\" \/>\n<meta name=\"robots\" content=\"index, follow, max-snippet:-1, max-image-preview:large, max-video-preview:-1\" \/>\n<link rel=\"canonical\" href=\"https:\/\/cv-creativa.de\/de\/produkt\/veggie-air\/\" \/>\n<meta property=\"og:locale\" content=\"de_DE\" \/>\n<meta property=\"og:type\" content=\"article\" \/>\n<meta property=\"og:title\" content=\"Veggie Air -\" \/>\n<meta property=\"og:description\" content=\"Fibra adecuada para tejer ropa de beb\u00e9, debido a su car\u00e1cter hipoalerg\u00e9nico, que reduce la posibilidad de alergias o irritaciones al m\u00ednimo.\" \/>\n<meta property=\"og:url\" content=\"https:\/\/cv-creativa.de\/de\/produkt\/veggie-air\/\" \/>\n<meta property=\"article:publisher\" content=\"https:\/\/www.facebook.com\/claudia.vigorenasalomon\" \/>\n<meta property=\"article:modified_time\" content=\"2026-02-10T07:32:02+00:00\" \/>\n<meta property=\"og:image\" content=\"http:\/\/cv-creativa.de\/wp-content\/uploads\/2021\/01\/dralon-Veggie-Air-caramelo.jpg\" \/>\n\t<meta property=\"og:image:width\" content=\"610\" \/>\n\t<meta property=\"og:image:height\" content=\"586\" \/>\n\t<meta property=\"og:image:type\" content=\"image\/jpeg\" \/>\n<meta name=\"twitter:card\" content=\"summary_large_image\" \/>\n<meta name=\"twitter:label1\" content=\"Gesch\u00e4tzte Lesezeit\" \/>\n\t<meta name=\"twitter:data1\" content=\"2\u00a0Minuten\" \/>\n<script type=\"application\/ld+json\" class=\"yoast-schema-graph\">{\"@context\":\"https:\\\/\\\/schema.org\",\"@graph\":[{\"@type\":[\"WebPage\",\"ItemPage\"],\"@id\":\"https:\\\/\\\/cv-creativa.de\\\/producto\\\/veggie-air\\\/\",\"url\":\"https:\\\/\\\/cv-creativa.de\\\/producto\\\/veggie-air\\\/\",\"name\":\"Veggie Air -\",\"isPartOf\":{\"@id\":\"https:\\\/\\\/cv-creativa.de\\\/#website\"},\"primaryImageOfPage\":{\"@id\":\"https:\\\/\\\/cv-creativa.de\\\/producto\\\/veggie-air\\\/#primaryimage\"},\"image\":{\"@id\":\"https:\\\/\\\/cv-creativa.de\\\/producto\\\/veggie-air\\\/#primaryimage\"},\"thumbnailUrl\":\"https:\\\/\\\/cv-creativa.de\\\/wp-content\\\/uploads\\\/2021\\\/01\\\/dralon-Veggie-Air-caramelo.jpg\",\"datePublished\":\"2021-01-30T15:12:42+00:00\",\"dateModified\":\"2026-02-10T07:32:02+00:00\",\"description\":\"Fibra adecuada para tejer ropa de beb\u00e9, debido a su car\u00e1cter hipoalerg\u00e9nico, que reduce la posibilidad de alergias o irritaciones al m\u00ednimo.\",\"breadcrumb\":{\"@id\":\"https:\\\/\\\/cv-creativa.de\\\/producto\\\/veggie-air\\\/#breadcrumb\"},\"inLanguage\":\"de\",\"potentialAction\":[{\"@type\":\"ReadAction\",\"target\":[\"https:\\\/\\\/cv-creativa.de\\\/producto\\\/veggie-air\\\/\"]}]},{\"@type\":\"ImageObject\",\"inLanguage\":\"de\",\"@id\":\"https:\\\/\\\/cv-creativa.de\\\/producto\\\/veggie-air\\\/#primaryimage\",\"url\":\"https:\\\/\\\/cv-creativa.de\\\/wp-content\\\/uploads\\\/2021\\\/01\\\/dralon-Veggie-Air-caramelo.jpg\",\"contentUrl\":\"https:\\\/\\\/cv-creativa.de\\\/wp-content\\\/uploads\\\/2021\\\/01\\\/dralon-Veggie-Air-caramelo.jpg\",\"width\":610,\"height\":586},{\"@type\":\"BreadcrumbList\",\"@id\":\"https:\\\/\\\/cv-creativa.de\\\/producto\\\/veggie-air\\\/#breadcrumb\",\"itemListElement\":[{\"@type\":\"ListItem\",\"position\":1,\"name\":\"Portada\",\"item\":\"https:\\\/\\\/cv-creativa.de\\\/\"},{\"@type\":\"ListItem\",\"position\":2,\"name\":\"Tienda\",\"item\":\"https:\\\/\\\/cv-creativa.de\\\/tienda\\\/\"},{\"@type\":\"ListItem\",\"position\":3,\"name\":\"Veggie Air\"}]},{\"@type\":\"WebSite\",\"@id\":\"https:\\\/\\\/cv-creativa.de\\\/#website\",\"url\":\"https:\\\/\\\/cv-creativa.de\\\/\",\"name\":\"Crea tu mundo. Crea tu estilo.\",\"description\":\"\",\"publisher\":{\"@id\":\"https:\\\/\\\/cv-creativa.de\\\/#organization\"},\"potentialAction\":[{\"@type\":\"SearchAction\",\"target\":{\"@type\":\"EntryPoint\",\"urlTemplate\":\"https:\\\/\\\/cv-creativa.de\\\/?s={search_term_string}\"},\"query-input\":{\"@type\":\"PropertyValueSpecification\",\"valueRequired\":true,\"valueName\":\"search_term_string\"}}],\"inLanguage\":\"de\"},{\"@type\":\"Organization\",\"@id\":\"https:\\\/\\\/cv-creativa.de\\\/#organization\",\"name\":\"cv-creativa\",\"url\":\"https:\\\/\\\/cv-creativa.de\\\/\",\"logo\":{\"@type\":\"ImageObject\",\"inLanguage\":\"de\",\"@id\":\"https:\\\/\\\/cv-creativa.de\\\/#\\\/schema\\\/logo\\\/image\\\/\",\"url\":\"https:\\\/\\\/cv-creativa.de\\\/wp-content\\\/uploads\\\/2021\\\/01\\\/cropped-Logo-nuevo.jpg\",\"contentUrl\":\"https:\\\/\\\/cv-creativa.de\\\/wp-content\\\/uploads\\\/2021\\\/01\\\/cropped-Logo-nuevo.jpg\",\"width\":173,\"height\":175,\"caption\":\"cv-creativa\"},\"image\":{\"@id\":\"https:\\\/\\\/cv-creativa.de\\\/#\\\/schema\\\/logo\\\/image\\\/\"},\"sameAs\":[\"https:\\\/\\\/www.facebook.com\\\/claudia.vigorenasalomon\",\"https:\\\/\\\/www.instagram.com\\\/cv_creativa\\\/\",\"https:\\\/\\\/www.pinterest.de\\\/cv_vigorena\"]}]}<\/script>\n<!-- \/ Yoast SEO plugin. -->","yoast_head_json":{"title":"Veggie Air -","description":"Fibra adecuada para tejer ropa de beb\u00e9, debido a su car\u00e1cter hipoalerg\u00e9nico, que reduce la posibilidad de alergias o irritaciones al m\u00ednimo.","robots":{"index":"index","follow":"follow","max-snippet":"max-snippet:-1","max-image-preview":"max-image-preview:large","max-video-preview":"max-video-preview:-1"},"canonical":"https:\/\/cv-creativa.de\/de\/produkt\/veggie-air\/","og_locale":"de_DE","og_type":"article","og_title":"Veggie Air -","og_description":"Fibra adecuada para tejer ropa de beb\u00e9, debido a su car\u00e1cter hipoalerg\u00e9nico, que reduce la posibilidad de alergias o irritaciones al m\u00ednimo.","og_url":"https:\/\/cv-creativa.de\/de\/produkt\/veggie-air\/","article_publisher":"https:\/\/www.facebook.com\/claudia.vigorenasalomon","article_modified_time":"2026-02-10T07:32:02+00:00","og_image":[{"width":610,"height":586,"url":"http:\/\/cv-creativa.de\/wp-content\/uploads\/2021\/01\/dralon-Veggie-Air-caramelo.jpg","type":"image\/jpeg"}],"twitter_card":"summary_large_image","twitter_misc":{"Gesch\u00e4tzte Lesezeit":"2\u00a0Minuten"},"schema":{"@context":"https:\/\/schema.org","@graph":[{"@type":["WebPage","ItemPage"],"@id":"https:\/\/cv-creativa.de\/producto\/veggie-air\/","url":"https:\/\/cv-creativa.de\/producto\/veggie-air\/","name":"Veggie Air -","isPartOf":{"@id":"https:\/\/cv-creativa.de\/#website"},"primaryImageOfPage":{"@id":"https:\/\/cv-creativa.de\/producto\/veggie-air\/#primaryimage"},"image":{"@id":"https:\/\/cv-creativa.de\/producto\/veggie-air\/#primaryimage"},"thumbnailUrl":"https:\/\/cv-creativa.de\/wp-content\/uploads\/2021\/01\/dralon-Veggie-Air-caramelo.jpg","datePublished":"2021-01-30T15:12:42+00:00","dateModified":"2026-02-10T07:32:02+00:00","description":"Fibra adecuada para tejer ropa de beb\u00e9, debido a su car\u00e1cter hipoalerg\u00e9nico, que reduce la posibilidad de alergias o irritaciones al m\u00ednimo.","breadcrumb":{"@id":"https:\/\/cv-creativa.de\/producto\/veggie-air\/#breadcrumb"},"inLanguage":"de","potentialAction":[{"@type":"ReadAction","target":["https:\/\/cv-creativa.de\/producto\/veggie-air\/"]}]},{"@type":"ImageObject","inLanguage":"de","@id":"https:\/\/cv-creativa.de\/producto\/veggie-air\/#primaryimage","url":"https:\/\/cv-creativa.de\/wp-content\/uploads\/2021\/01\/dralon-Veggie-Air-caramelo.jpg","contentUrl":"https:\/\/cv-creativa.de\/wp-content\/uploads\/2021\/01\/dralon-Veggie-Air-caramelo.jpg","width":610,"height":586},{"@type":"BreadcrumbList","@id":"https:\/\/cv-creativa.de\/producto\/veggie-air\/#breadcrumb","itemListElement":[{"@type":"ListItem","position":1,"name":"Portada","item":"https:\/\/cv-creativa.de\/"},{"@type":"ListItem","position":2,"name":"Tienda","item":"https:\/\/cv-creativa.de\/tienda\/"},{"@type":"ListItem","position":3,"name":"Veggie Air"}]},{"@type":"WebSite","@id":"https:\/\/cv-creativa.de\/#website","url":"https:\/\/cv-creativa.de\/","name":"Crea tu mundo. Crea tu estilo.","description":"","publisher":{"@id":"https:\/\/cv-creativa.de\/#organization"},"potentialAction":[{"@type":"SearchAction","target":{"@type":"EntryPoint","urlTemplate":"https:\/\/cv-creativa.de\/?s={search_term_string}"},"query-input":{"@type":"PropertyValueSpecification","valueRequired":true,"valueName":"search_term_string"}}],"inLanguage":"de"},{"@type":"Organization","@id":"https:\/\/cv-creativa.de\/#organization","name":"cv-creativa","url":"https:\/\/cv-creativa.de\/","logo":{"@type":"ImageObject","inLanguage":"de","@id":"https:\/\/cv-creativa.de\/#\/schema\/logo\/image\/","url":"https:\/\/cv-creativa.de\/wp-content\/uploads\/2021\/01\/cropped-Logo-nuevo.jpg","contentUrl":"https:\/\/cv-creativa.de\/wp-content\/uploads\/2021\/01\/cropped-Logo-nuevo.jpg","width":173,"height":175,"caption":"cv-creativa"},"image":{"@id":"https:\/\/cv-creativa.de\/#\/schema\/logo\/image\/"},"sameAs":["https:\/\/www.facebook.com\/claudia.vigorenasalomon","https:\/\/www.instagram.com\/cv_creativa\/","https:\/\/www.pinterest.de\/cv_vigorena"]}]}},"_links":{"self":[{"href":"https:\/\/cv-creativa.de\/de\/wp-json\/wp\/v2\/product\/376","targetHints":{"allow":["GET"]}}],"collection":[{"href":"https:\/\/cv-creativa.de\/de\/wp-json\/wp\/v2\/product"}],"about":[{"href":"https:\/\/cv-creativa.de\/de\/wp-json\/wp\/v2\/types\/product"}],"replies":[{"embeddable":true,"href":"https:\/\/cv-creativa.de\/de\/wp-json\/wp\/v2\/comments?post=376"}],"wp:featuredmedia":[{"embeddable":true,"href":"https:\/\/cv-creativa.de\/de\/wp-json\/wp\/v2\/media\/378"}],"wp:attachment":[{"href":"https:\/\/cv-creativa.de\/de\/wp-json\/wp\/v2\/media?parent=376"}],"wp:term":[{"taxonomy":"product_brand","embeddable":true,"href":"https:\/\/cv-creativa.de\/de\/wp-json\/wp\/v2\/product_brand?post=376"},{"taxonomy":"product_cat","embeddable":true,"href":"https:\/\/cv-creativa.de\/de\/wp-json\/wp\/v2\/product_cat?post=376"},{"taxonomy":"product_tag","embeddable":true,"href":"https:\/\/cv-creativa.de\/de\/wp-json\/wp\/v2\/product_tag?post=376"}],"curies":[{"name":"wp","href":"https:\/\/api.w.org\/{rel}","templated":true}]}}