{"id":538,"date":"2021-02-05T11:59:08","date_gmt":"2021-02-05T10:59:08","guid":{"rendered":"http:\/\/cv-creativa.de\/?post_type=product&#038;p=538"},"modified":"2026-01-30T16:03:04","modified_gmt":"2026-01-30T15:03:04","slug":"mdegrade","status":"publish","type":"product","link":"https:\/\/cv-creativa.de\/de\/produkt\/mdegrade\/","title":{"rendered":"Baumwolle Degrad\u00e9"},"content":{"rendered":"<div class=\"wpb_text_column\">\n<div class=\"wpb_wrapper\">\n<h4><strong>Technische Daten:<\/strong><\/h4>\n<\/div>\n<\/div>\n<div class=\"wpb_text_column\">\n<div class=\"wpb_wrapper\">\n<p><strong>Zusammensetzung:<\/strong>\u00a0100 % gek\u00e4mmte Bio-Baumwolle und Detox<\/p>\n<p><strong>Farben:<\/strong>\u00a05 Kombifarben in St\u00e4rke L und 5 Farbverl\u00e4ufe in St\u00e4rke L<\/p>\n<p><strong>Format:\u00a0<\/strong>Kegel in Combi und Kn\u00e4uel in Farbverlauf<\/p>\n<p><strong>St\u00e4rke:<\/strong><\/p>\n<p><strong>L<\/strong>\u00a06-f\u00e4dig\u00a0<strong>(1.5mm)<\/strong> presentaci\u00f3n COMBIS 200 gramos\/400 metros. Aguja 3-5 mm.<\/p>\n<p><strong>L<\/strong>\u00a06-f\u00e4dig\u00a0<strong>(1.5mm)<\/strong> presentaci\u00f3n DEGRAD\u00c9 en malla de 3 ovillos, cada uno de 200 gramos\/400 metros, total 600 gramos\/1.200 metros. Aguja 3-5 mm<\/p>\n<p><strong>Anwendungen:\u00a0<\/strong>Bekleidung wie Schals, Pullover ... Dekoration, Accessoires ...<\/p>\n<p>Sowohl COMBI-Baumwolle als auch DEGRAD\u00c9-Baumwolle sind zu 100 % gek\u00e4mmte, biologische und entgiftete Baumwollarten mit denselben Qualit\u00e4tszertifikaten, die aus biologischer Baumwolle hergestellt und entgiftet gef\u00e4rbt sind.<\/p>\n<p>COMBI: Hierbei handelt es sich um eine Kombination aus gek\u00e4mmten Baumwollf\u00e4den, um einen mehrfarbigen Faden zu erhalten, der, wenn er allein mit COMBI-Garn gewebt wird, eine gewagte Kombination sein kann, aber in Kombination mit anderen L-Baumwollarten elegant und modern wirkt.<\/p>\n<p>DEGRAD\u00c9: Es handelt sich um dieselbe Farbe, die zu 60 % heller und zu 60 % dunkler gef\u00e4rbt wird, um 3 Kn\u00e4uel in derselben Farbpalette zu erhalten, 3 Kn\u00e4uel mit Farbwechsel f\u00fcr einen perfekten Farbverlauf.<\/p>\n<p>Der Vorteil ist, dass Sie die Farb\u00e4nderung selbst bestimmen k\u00f6nnen und diese nicht wie bei anderen Herstellern durch das Kn\u00e4uel vorgegeben ist.<\/p>\n<p>Das Garn, das sich abnutzt, hat dieselbe Farbe wie die gek\u00e4mmte Baumwolle L (im Falle der Farbe Lachs w\u00e4re dies also die Farbe, die sich um 60 % mehr und um 0 % weniger abnutzt). Wenn also Material fehlt, muss kein Degrad\u00e9-Garn gekauft werden, sondern nur eine Rolle gek\u00e4mmte Baumwolle L.<\/p>\n<p>Sowohl COMBIS als auch DEGRAD\u00c9 k\u00f6nnen mit der gek\u00e4mmten Baumwolle L gemischt werden, da sie die gleiche Fadendicke und eine Verpackungsgr\u00f6\u00dfe von 200 Gramm\/400 Meter haben.<\/p>\n<\/div>\n<\/div>","protected":false},"excerpt":{"rendered":"<p>Degrad\u00e9-Kollektion: Die DEGRAD\u00c9-Kollektion besteht aus einem KIT mit 3 Kn\u00e4ueln \u00e0 200 Gramm Baumwolle L in 3 verschiedenen Farbt\u00f6nen derselben Farbe. Jedes Kn\u00e4uel hat eine L\u00e4nge von 400 Metern, sodass das Kit insgesamt 600 Gramm und 1.200 Meter umfasst.<\/p>\n<p>Empfohlene Nadelst\u00e4rke: 3 \u2013 5 mm.<\/p>\n<p>&nbsp;<\/p>","protected":false},"featured_media":550,"comment_status":"open","ping_status":"closed","template":"","meta":{"neve_meta_sidebar":"","neve_meta_container":"","neve_meta_enable_content_width":"off","neve_meta_content_width":100,"neve_meta_title_alignment":"","neve_meta_author_avatar":"","neve_post_elements_order":"","neve_meta_disable_header":"","neve_meta_disable_footer":"","neve_meta_disable_title":""},"product_brand":[486],"product_cat":[29],"product_tag":[39,27,73,40,75],"class_list":{"0":"post-538","1":"product","2":"type-product","3":"status-publish","4":"has-post-thumbnail","6":"product_brand-casasol","7":"product_cat-hilados","8":"product_tag-algodon","9":"product_tag-algodon-peinado","10":"product_tag-casasol-filicolor","11":"product_tag-degrade","12":"product_tag-salmon","13":"product_shipping_class-ropa-lanas-y-accesorios","14":"pa_color-degrade-jade","15":"pa_color-degrade-malva","16":"pa_color-salmon","18":"first","19":"instock","20":"purchasable","21":"product-type-variable"},"yoast_head":"<!-- This site is optimized with the Yoast SEO plugin v27.5 - https:\/\/yoast.com\/product\/yoast-seo-wordpress\/ -->\n<title>Algod\u00f3n degrad\u00e9 - %<\/title>\n<meta name=\"description\" content=\"Si quieres tejer algo con el algod\u00f3n degrad\u00e9 color Salm\u00f3n de Casasol.filicolor, lo encuentras en mi tienda online. Hay variedad de colores.\" \/>\n<meta name=\"robots\" content=\"index, follow, max-snippet:-1, max-image-preview:large, max-video-preview:-1\" \/>\n<link rel=\"canonical\" href=\"https:\/\/cv-creativa.de\/de\/produkt\/mdegrade\/\" \/>\n<meta property=\"og:locale\" content=\"de_DE\" \/>\n<meta property=\"og:type\" content=\"article\" \/>\n<meta property=\"og:title\" content=\"Algod\u00f3n degrad\u00e9 - %\" \/>\n<meta property=\"og:description\" content=\"Si quieres tejer algo con el algod\u00f3n degrad\u00e9 color Salm\u00f3n de Casasol.filicolor, lo encuentras en mi tienda online. Hay variedad de colores.\" \/>\n<meta property=\"og:url\" content=\"https:\/\/cv-creativa.de\/de\/produkt\/mdegrade\/\" \/>\n<meta property=\"article:publisher\" content=\"https:\/\/www.facebook.com\/claudia.vigorenasalomon\" \/>\n<meta property=\"article:modified_time\" content=\"2026-01-30T15:03:04+00:00\" \/>\n<meta property=\"og:image\" content=\"http:\/\/cv-creativa.de\/wp-content\/uploads\/2021\/02\/Algodon-degrade-Salmon2.jpg\" \/>\n\t<meta property=\"og:image:width\" content=\"488\" \/>\n\t<meta property=\"og:image:height\" content=\"649\" \/>\n\t<meta property=\"og:image:type\" content=\"image\/jpeg\" \/>\n<meta name=\"twitter:card\" content=\"summary_large_image\" \/>\n<meta name=\"twitter:label1\" content=\"Gesch\u00e4tzte Lesezeit\" \/>\n\t<meta name=\"twitter:data1\" content=\"2\u00a0Minuten\" \/>\n<script type=\"application\/ld+json\" class=\"yoast-schema-graph\">{\"@context\":\"https:\\\/\\\/schema.org\",\"@graph\":[{\"@type\":[\"WebPage\",\"ItemPage\"],\"@id\":\"https:\\\/\\\/cv-creativa.de\\\/producto\\\/mdegrade\\\/\",\"url\":\"https:\\\/\\\/cv-creativa.de\\\/producto\\\/mdegrade\\\/\",\"name\":\"Algod\u00f3n degrad\u00e9 - %\",\"isPartOf\":{\"@id\":\"https:\\\/\\\/cv-creativa.de\\\/#website\"},\"primaryImageOfPage\":{\"@id\":\"https:\\\/\\\/cv-creativa.de\\\/producto\\\/mdegrade\\\/#primaryimage\"},\"image\":{\"@id\":\"https:\\\/\\\/cv-creativa.de\\\/producto\\\/mdegrade\\\/#primaryimage\"},\"thumbnailUrl\":\"https:\\\/\\\/cv-creativa.de\\\/wp-content\\\/uploads\\\/2021\\\/02\\\/Algodon-degrade-Salmon2.jpg\",\"datePublished\":\"2021-02-05T10:59:08+00:00\",\"dateModified\":\"2026-01-30T15:03:04+00:00\",\"description\":\"Si quieres tejer algo con el algod\u00f3n degrad\u00e9 color Salm\u00f3n de Casasol.filicolor, lo encuentras en mi tienda online. Hay variedad de colores.\",\"breadcrumb\":{\"@id\":\"https:\\\/\\\/cv-creativa.de\\\/producto\\\/mdegrade\\\/#breadcrumb\"},\"inLanguage\":\"de\",\"potentialAction\":[{\"@type\":\"ReadAction\",\"target\":[\"https:\\\/\\\/cv-creativa.de\\\/producto\\\/mdegrade\\\/\"]}]},{\"@type\":\"ImageObject\",\"inLanguage\":\"de\",\"@id\":\"https:\\\/\\\/cv-creativa.de\\\/producto\\\/mdegrade\\\/#primaryimage\",\"url\":\"https:\\\/\\\/cv-creativa.de\\\/wp-content\\\/uploads\\\/2021\\\/02\\\/Algodon-degrade-Salmon2.jpg\",\"contentUrl\":\"https:\\\/\\\/cv-creativa.de\\\/wp-content\\\/uploads\\\/2021\\\/02\\\/Algodon-degrade-Salmon2.jpg\",\"width\":488,\"height\":649},{\"@type\":\"BreadcrumbList\",\"@id\":\"https:\\\/\\\/cv-creativa.de\\\/producto\\\/mdegrade\\\/#breadcrumb\",\"itemListElement\":[{\"@type\":\"ListItem\",\"position\":1,\"name\":\"Portada\",\"item\":\"https:\\\/\\\/cv-creativa.de\\\/\"},{\"@type\":\"ListItem\",\"position\":2,\"name\":\"Tienda\",\"item\":\"https:\\\/\\\/cv-creativa.de\\\/tienda\\\/\"},{\"@type\":\"ListItem\",\"position\":3,\"name\":\"Algod\u00f3n degrad\u00e9\"}]},{\"@type\":\"WebSite\",\"@id\":\"https:\\\/\\\/cv-creativa.de\\\/#website\",\"url\":\"https:\\\/\\\/cv-creativa.de\\\/\",\"name\":\"Crea tu mundo. Crea tu estilo.\",\"description\":\"\",\"publisher\":{\"@id\":\"https:\\\/\\\/cv-creativa.de\\\/#organization\"},\"potentialAction\":[{\"@type\":\"SearchAction\",\"target\":{\"@type\":\"EntryPoint\",\"urlTemplate\":\"https:\\\/\\\/cv-creativa.de\\\/?s={search_term_string}\"},\"query-input\":{\"@type\":\"PropertyValueSpecification\",\"valueRequired\":true,\"valueName\":\"search_term_string\"}}],\"inLanguage\":\"de\"},{\"@type\":\"Organization\",\"@id\":\"https:\\\/\\\/cv-creativa.de\\\/#organization\",\"name\":\"cv-creativa\",\"url\":\"https:\\\/\\\/cv-creativa.de\\\/\",\"logo\":{\"@type\":\"ImageObject\",\"inLanguage\":\"de\",\"@id\":\"https:\\\/\\\/cv-creativa.de\\\/#\\\/schema\\\/logo\\\/image\\\/\",\"url\":\"https:\\\/\\\/cv-creativa.de\\\/wp-content\\\/uploads\\\/2021\\\/01\\\/cropped-Logo-nuevo.jpg\",\"contentUrl\":\"https:\\\/\\\/cv-creativa.de\\\/wp-content\\\/uploads\\\/2021\\\/01\\\/cropped-Logo-nuevo.jpg\",\"width\":173,\"height\":175,\"caption\":\"cv-creativa\"},\"image\":{\"@id\":\"https:\\\/\\\/cv-creativa.de\\\/#\\\/schema\\\/logo\\\/image\\\/\"},\"sameAs\":[\"https:\\\/\\\/www.facebook.com\\\/claudia.vigorenasalomon\",\"https:\\\/\\\/www.instagram.com\\\/cv_creativa\\\/\",\"https:\\\/\\\/www.pinterest.de\\\/cv_vigorena\"]}]}<\/script>\n<!-- \/ Yoast SEO plugin. -->","yoast_head_json":{"title":"Algod\u00f3n degrad\u00e9 - %","description":"Si quieres tejer algo con el algod\u00f3n degrad\u00e9 color Salm\u00f3n de Casasol.filicolor, lo encuentras en mi tienda online. Hay variedad de colores.","robots":{"index":"index","follow":"follow","max-snippet":"max-snippet:-1","max-image-preview":"max-image-preview:large","max-video-preview":"max-video-preview:-1"},"canonical":"https:\/\/cv-creativa.de\/de\/produkt\/mdegrade\/","og_locale":"de_DE","og_type":"article","og_title":"Algod\u00f3n degrad\u00e9 - %","og_description":"Si quieres tejer algo con el algod\u00f3n degrad\u00e9 color Salm\u00f3n de Casasol.filicolor, lo encuentras en mi tienda online. Hay variedad de colores.","og_url":"https:\/\/cv-creativa.de\/de\/produkt\/mdegrade\/","article_publisher":"https:\/\/www.facebook.com\/claudia.vigorenasalomon","article_modified_time":"2026-01-30T15:03:04+00:00","og_image":[{"width":488,"height":649,"url":"http:\/\/cv-creativa.de\/wp-content\/uploads\/2021\/02\/Algodon-degrade-Salmon2.jpg","type":"image\/jpeg"}],"twitter_card":"summary_large_image","twitter_misc":{"Gesch\u00e4tzte Lesezeit":"2\u00a0Minuten"},"schema":{"@context":"https:\/\/schema.org","@graph":[{"@type":["WebPage","ItemPage"],"@id":"https:\/\/cv-creativa.de\/producto\/mdegrade\/","url":"https:\/\/cv-creativa.de\/producto\/mdegrade\/","name":"Algod\u00f3n degrad\u00e9 - %","isPartOf":{"@id":"https:\/\/cv-creativa.de\/#website"},"primaryImageOfPage":{"@id":"https:\/\/cv-creativa.de\/producto\/mdegrade\/#primaryimage"},"image":{"@id":"https:\/\/cv-creativa.de\/producto\/mdegrade\/#primaryimage"},"thumbnailUrl":"https:\/\/cv-creativa.de\/wp-content\/uploads\/2021\/02\/Algodon-degrade-Salmon2.jpg","datePublished":"2021-02-05T10:59:08+00:00","dateModified":"2026-01-30T15:03:04+00:00","description":"Si quieres tejer algo con el algod\u00f3n degrad\u00e9 color Salm\u00f3n de Casasol.filicolor, lo encuentras en mi tienda online. Hay variedad de colores.","breadcrumb":{"@id":"https:\/\/cv-creativa.de\/producto\/mdegrade\/#breadcrumb"},"inLanguage":"de","potentialAction":[{"@type":"ReadAction","target":["https:\/\/cv-creativa.de\/producto\/mdegrade\/"]}]},{"@type":"ImageObject","inLanguage":"de","@id":"https:\/\/cv-creativa.de\/producto\/mdegrade\/#primaryimage","url":"https:\/\/cv-creativa.de\/wp-content\/uploads\/2021\/02\/Algodon-degrade-Salmon2.jpg","contentUrl":"https:\/\/cv-creativa.de\/wp-content\/uploads\/2021\/02\/Algodon-degrade-Salmon2.jpg","width":488,"height":649},{"@type":"BreadcrumbList","@id":"https:\/\/cv-creativa.de\/producto\/mdegrade\/#breadcrumb","itemListElement":[{"@type":"ListItem","position":1,"name":"Portada","item":"https:\/\/cv-creativa.de\/"},{"@type":"ListItem","position":2,"name":"Tienda","item":"https:\/\/cv-creativa.de\/tienda\/"},{"@type":"ListItem","position":3,"name":"Algod\u00f3n degrad\u00e9"}]},{"@type":"WebSite","@id":"https:\/\/cv-creativa.de\/#website","url":"https:\/\/cv-creativa.de\/","name":"Crea tu mundo. Crea tu estilo.","description":"","publisher":{"@id":"https:\/\/cv-creativa.de\/#organization"},"potentialAction":[{"@type":"SearchAction","target":{"@type":"EntryPoint","urlTemplate":"https:\/\/cv-creativa.de\/?s={search_term_string}"},"query-input":{"@type":"PropertyValueSpecification","valueRequired":true,"valueName":"search_term_string"}}],"inLanguage":"de"},{"@type":"Organization","@id":"https:\/\/cv-creativa.de\/#organization","name":"cv-creativa","url":"https:\/\/cv-creativa.de\/","logo":{"@type":"ImageObject","inLanguage":"de","@id":"https:\/\/cv-creativa.de\/#\/schema\/logo\/image\/","url":"https:\/\/cv-creativa.de\/wp-content\/uploads\/2021\/01\/cropped-Logo-nuevo.jpg","contentUrl":"https:\/\/cv-creativa.de\/wp-content\/uploads\/2021\/01\/cropped-Logo-nuevo.jpg","width":173,"height":175,"caption":"cv-creativa"},"image":{"@id":"https:\/\/cv-creativa.de\/#\/schema\/logo\/image\/"},"sameAs":["https:\/\/www.facebook.com\/claudia.vigorenasalomon","https:\/\/www.instagram.com\/cv_creativa\/","https:\/\/www.pinterest.de\/cv_vigorena"]}]}},"_links":{"self":[{"href":"https:\/\/cv-creativa.de\/de\/wp-json\/wp\/v2\/product\/538","targetHints":{"allow":["GET"]}}],"collection":[{"href":"https:\/\/cv-creativa.de\/de\/wp-json\/wp\/v2\/product"}],"about":[{"href":"https:\/\/cv-creativa.de\/de\/wp-json\/wp\/v2\/types\/product"}],"replies":[{"embeddable":true,"href":"https:\/\/cv-creativa.de\/de\/wp-json\/wp\/v2\/comments?post=538"}],"wp:featuredmedia":[{"embeddable":true,"href":"https:\/\/cv-creativa.de\/de\/wp-json\/wp\/v2\/media\/550"}],"wp:attachment":[{"href":"https:\/\/cv-creativa.de\/de\/wp-json\/wp\/v2\/media?parent=538"}],"wp:term":[{"taxonomy":"product_brand","embeddable":true,"href":"https:\/\/cv-creativa.de\/de\/wp-json\/wp\/v2\/product_brand?post=538"},{"taxonomy":"product_cat","embeddable":true,"href":"https:\/\/cv-creativa.de\/de\/wp-json\/wp\/v2\/product_cat?post=538"},{"taxonomy":"product_tag","embeddable":true,"href":"https:\/\/cv-creativa.de\/de\/wp-json\/wp\/v2\/product_tag?post=538"}],"curies":[{"name":"wp","href":"https:\/\/api.w.org\/{rel}","templated":true}]}}