{"id":561,"date":"2021-02-05T15:23:16","date_gmt":"2021-02-05T14:23:16","guid":{"rendered":"http:\/\/cv-creativa.de\/?post_type=product&#038;p=561"},"modified":"2026-02-09T14:18:30","modified_gmt":"2026-02-09T13:18:30","slug":"lino-natural","status":"publish","type":"product","link":"https:\/\/cv-creativa.de\/de\/produkt\/lino-natural\/","title":{"rendered":"Naturleinen"},"content":{"rendered":"<div class=\"wpb_text_column\">\n<div class=\"wpb_wrapper\">\n<h1><strong>Naturleinen \u2013 Farbleinen<\/strong><\/h1>\n<\/div>\n<\/div>\n<div class=\"wpb_text_column\">\n<div class=\"wpb_wrapper\">\n<h4><strong>Technische Daten:<\/strong><\/h4>\n<\/div>\n<\/div>\n<div class=\"wpb_text_column\">\n<div class=\"wpb_wrapper\">\n<p><strong>Zusammensetzung:<\/strong>\u00a0100 % Naturleinen<\/p>\n<p>Nat\u00fcrliche, pflanzliche, biologisch abbaubare Faser<\/p>\n<p>Leinenkordel mit verschiedenen Str\u00e4ngen<\/p>\n<p>Elastizit\u00e4t 2 %<\/p>\n<p>TEX-Nummer (Leinenqualit\u00e4t) LEA 6<\/p>\n<p><strong>Farben:<\/strong>\u00a0Naturfarben, ungef\u00e4rbt oder 10 Farben<\/p>\n<p><strong>Format:\u00a0<\/strong>Kegel<\/p>\n<p><strong>St\u00e4rke:<\/strong><\/p>\n<ul>\n<li>2 f\u00e4dig GUAR2\u00a0<strong>(1,2 mm)<\/strong> 200 Gramm\/180 Meter. Nadelst\u00e4rke 3-5 mm<\/li>\n<li>5 f\u00e4dig GUAR5\u00a0<strong>(2 mm)<\/strong> 200 Gramm\/140 Meter. Nadelst\u00e4rke 5-7 mm<\/li>\n<li>7 f\u00e4dig GUAR7<strong>\u00a0(2,5 mm)<\/strong> 200 Gramm\/100 Meter. Nadel 6-8 mm<\/li>\n<li>10 f\u00e4dig GUAR10\u00a0<strong>(2,75 mm)<\/strong> 200 Gramm\/80 Meter. Nadelst\u00e4rke 7-9 mm<\/li>\n<li>12 f\u00e4dig GUAR12\u00a0<strong>(3 mm)<\/strong> 200 Gramm\/58 Meter. Nadelst\u00e4rke 9-10 mm<\/li>\n<\/ul>\n<p><strong>Anwendungen:<\/strong>\u00a0Vor allem f\u00fcr Accessoires und Dekoration (Taschen, Teppiche, Lampen ...), aber auch f\u00fcr Wandteppiche und Webst\u00fchle in der 12-Faden-Ausf\u00fchrung, da es sich um ein dickes Material handelt. Es ist eines unserer \u00e4ltesten Materialien und wurde fr\u00fcher GUARNICIONERO genannt, weil es zur Dekoration von Tieren wie Pferden, Maultieren, Eseln ... an Feiertagen diente. Seine Haptik macht es zum idealen Material f\u00fcr die Herstellung von Accessoires wie Taschen oder rustikaleren Artikeln wie Espadrilles, ohne dabei seinen modernen und zugleich rustikalen Charakter zu verlieren.<\/p>\n<\/div>\n<\/div>","protected":false},"excerpt":{"rendered":"<p>5-F\u00e4diges Leinen <strong>(2 mm)<\/strong>\u00a0200 Gramm\/140 Meter.<\/p>\n<p>Aguja recomendada: 5-7 mm<\/p>","protected":false},"featured_media":562,"comment_status":"open","ping_status":"closed","template":"","meta":{"neve_meta_sidebar":"","neve_meta_container":"","neve_meta_enable_content_width":"off","neve_meta_content_width":100,"neve_meta_title_alignment":"","neve_meta_author_avatar":"","neve_post_elements_order":"","neve_meta_disable_header":"","neve_meta_disable_footer":"","neve_meta_disable_title":""},"product_brand":[486],"product_cat":[29],"product_tag":[73,47,48,49],"class_list":{"0":"post-561","1":"product","2":"type-product","3":"status-publish","4":"has-post-thumbnail","6":"product_brand-casasol","7":"product_cat-hilados","8":"product_tag-casasol-filicolor","9":"product_tag-lino","10":"product_tag-natural","11":"product_tag-pistacho","12":"product_shipping_class-ropa-lanas-y-accesorios","14":"first","15":"instock","16":"purchasable","17":"product-type-simple"},"yoast_head":"<!-- This site is optimized with the Yoast SEO plugin v27.6 - https:\/\/yoast.com\/product\/yoast-seo-wordpress\/ -->\n<title>Lino Natural -<\/title>\n<meta name=\"description\" content=\"100% lino natural, fibra natural y vegetal, biodegradable de diferentes grosores. Ideal para complementos y decoraci\u00f3n y tambi\u00e9n tapices y telares.\" \/>\n<meta name=\"robots\" content=\"index, follow, max-snippet:-1, max-image-preview:large, max-video-preview:-1\" \/>\n<link rel=\"canonical\" href=\"https:\/\/cv-creativa.de\/de\/produkt\/lino-natural\/\" \/>\n<meta property=\"og:locale\" content=\"de_DE\" \/>\n<meta property=\"og:type\" content=\"article\" \/>\n<meta property=\"og:title\" content=\"Lino Natural -\" \/>\n<meta property=\"og:description\" content=\"100% lino natural, fibra natural y vegetal, biodegradable de diferentes grosores. Ideal para complementos y decoraci\u00f3n y tambi\u00e9n tapices y telares.\" \/>\n<meta property=\"og:url\" content=\"https:\/\/cv-creativa.de\/de\/produkt\/lino-natural\/\" \/>\n<meta property=\"article:publisher\" content=\"https:\/\/www.facebook.com\/claudia.vigorenasalomon\" \/>\n<meta property=\"article:modified_time\" content=\"2026-02-09T13:18:30+00:00\" \/>\n<meta property=\"og:image\" content=\"http:\/\/cv-creativa.de\/wp-content\/uploads\/2021\/02\/Lino-natural-Pistacho.jpg\" \/>\n\t<meta property=\"og:image:width\" content=\"356\" \/>\n\t<meta property=\"og:image:height\" content=\"499\" \/>\n\t<meta property=\"og:image:type\" content=\"image\/jpeg\" \/>\n<meta name=\"twitter:card\" content=\"summary_large_image\" \/>\n<meta name=\"twitter:label1\" content=\"Gesch\u00e4tzte Lesezeit\" \/>\n\t<meta name=\"twitter:data1\" content=\"2\u00a0Minuten\" \/>\n<script type=\"application\/ld+json\" class=\"yoast-schema-graph\">{\"@context\":\"https:\\\/\\\/schema.org\",\"@graph\":[{\"@type\":[\"WebPage\",\"ItemPage\"],\"@id\":\"https:\\\/\\\/cv-creativa.de\\\/producto\\\/lino-natural\\\/\",\"url\":\"https:\\\/\\\/cv-creativa.de\\\/producto\\\/lino-natural\\\/\",\"name\":\"Lino Natural -\",\"isPartOf\":{\"@id\":\"https:\\\/\\\/cv-creativa.de\\\/#website\"},\"primaryImageOfPage\":{\"@id\":\"https:\\\/\\\/cv-creativa.de\\\/producto\\\/lino-natural\\\/#primaryimage\"},\"image\":{\"@id\":\"https:\\\/\\\/cv-creativa.de\\\/producto\\\/lino-natural\\\/#primaryimage\"},\"thumbnailUrl\":\"https:\\\/\\\/cv-creativa.de\\\/wp-content\\\/uploads\\\/2021\\\/02\\\/Lino-natural-Pistacho.jpg\",\"datePublished\":\"2021-02-05T14:23:16+00:00\",\"dateModified\":\"2026-02-09T13:18:30+00:00\",\"description\":\"100% lino natural, fibra natural y vegetal, biodegradable de diferentes grosores. Ideal para complementos y decoraci\u00f3n y tambi\u00e9n tapices y telares.\",\"breadcrumb\":{\"@id\":\"https:\\\/\\\/cv-creativa.de\\\/producto\\\/lino-natural\\\/#breadcrumb\"},\"inLanguage\":\"de\",\"potentialAction\":[{\"@type\":\"ReadAction\",\"target\":[\"https:\\\/\\\/cv-creativa.de\\\/producto\\\/lino-natural\\\/\"]}]},{\"@type\":\"ImageObject\",\"inLanguage\":\"de\",\"@id\":\"https:\\\/\\\/cv-creativa.de\\\/producto\\\/lino-natural\\\/#primaryimage\",\"url\":\"https:\\\/\\\/cv-creativa.de\\\/wp-content\\\/uploads\\\/2021\\\/02\\\/Lino-natural-Pistacho.jpg\",\"contentUrl\":\"https:\\\/\\\/cv-creativa.de\\\/wp-content\\\/uploads\\\/2021\\\/02\\\/Lino-natural-Pistacho.jpg\",\"width\":356,\"height\":499},{\"@type\":\"BreadcrumbList\",\"@id\":\"https:\\\/\\\/cv-creativa.de\\\/producto\\\/lino-natural\\\/#breadcrumb\",\"itemListElement\":[{\"@type\":\"ListItem\",\"position\":1,\"name\":\"Portada\",\"item\":\"https:\\\/\\\/cv-creativa.de\\\/\"},{\"@type\":\"ListItem\",\"position\":2,\"name\":\"Tienda\",\"item\":\"https:\\\/\\\/cv-creativa.de\\\/tienda\\\/\"},{\"@type\":\"ListItem\",\"position\":3,\"name\":\"Lino Natural\"}]},{\"@type\":\"WebSite\",\"@id\":\"https:\\\/\\\/cv-creativa.de\\\/#website\",\"url\":\"https:\\\/\\\/cv-creativa.de\\\/\",\"name\":\"Crea tu mundo. Crea tu estilo.\",\"description\":\"\",\"publisher\":{\"@id\":\"https:\\\/\\\/cv-creativa.de\\\/#organization\"},\"potentialAction\":[{\"@type\":\"SearchAction\",\"target\":{\"@type\":\"EntryPoint\",\"urlTemplate\":\"https:\\\/\\\/cv-creativa.de\\\/?s={search_term_string}\"},\"query-input\":{\"@type\":\"PropertyValueSpecification\",\"valueRequired\":true,\"valueName\":\"search_term_string\"}}],\"inLanguage\":\"de\"},{\"@type\":\"Organization\",\"@id\":\"https:\\\/\\\/cv-creativa.de\\\/#organization\",\"name\":\"cv-creativa\",\"url\":\"https:\\\/\\\/cv-creativa.de\\\/\",\"logo\":{\"@type\":\"ImageObject\",\"inLanguage\":\"de\",\"@id\":\"https:\\\/\\\/cv-creativa.de\\\/#\\\/schema\\\/logo\\\/image\\\/\",\"url\":\"https:\\\/\\\/cv-creativa.de\\\/wp-content\\\/uploads\\\/2021\\\/01\\\/cropped-Logo-nuevo.jpg\",\"contentUrl\":\"https:\\\/\\\/cv-creativa.de\\\/wp-content\\\/uploads\\\/2021\\\/01\\\/cropped-Logo-nuevo.jpg\",\"width\":173,\"height\":175,\"caption\":\"cv-creativa\"},\"image\":{\"@id\":\"https:\\\/\\\/cv-creativa.de\\\/#\\\/schema\\\/logo\\\/image\\\/\"},\"sameAs\":[\"https:\\\/\\\/www.facebook.com\\\/claudia.vigorenasalomon\",\"https:\\\/\\\/www.instagram.com\\\/cv_creativa\\\/\",\"https:\\\/\\\/www.pinterest.de\\\/cv_vigorena\"]}]}<\/script>\n<!-- \/ Yoast SEO plugin. -->","yoast_head_json":{"title":"Lino Natural -","description":"100% lino natural, fibra natural y vegetal, biodegradable de diferentes grosores. Ideal para complementos y decoraci\u00f3n y tambi\u00e9n tapices y telares.","robots":{"index":"index","follow":"follow","max-snippet":"max-snippet:-1","max-image-preview":"max-image-preview:large","max-video-preview":"max-video-preview:-1"},"canonical":"https:\/\/cv-creativa.de\/de\/produkt\/lino-natural\/","og_locale":"de_DE","og_type":"article","og_title":"Lino Natural -","og_description":"100% lino natural, fibra natural y vegetal, biodegradable de diferentes grosores. Ideal para complementos y decoraci\u00f3n y tambi\u00e9n tapices y telares.","og_url":"https:\/\/cv-creativa.de\/de\/produkt\/lino-natural\/","article_publisher":"https:\/\/www.facebook.com\/claudia.vigorenasalomon","article_modified_time":"2026-02-09T13:18:30+00:00","og_image":[{"width":356,"height":499,"url":"http:\/\/cv-creativa.de\/wp-content\/uploads\/2021\/02\/Lino-natural-Pistacho.jpg","type":"image\/jpeg"}],"twitter_card":"summary_large_image","twitter_misc":{"Gesch\u00e4tzte Lesezeit":"2\u00a0Minuten"},"schema":{"@context":"https:\/\/schema.org","@graph":[{"@type":["WebPage","ItemPage"],"@id":"https:\/\/cv-creativa.de\/producto\/lino-natural\/","url":"https:\/\/cv-creativa.de\/producto\/lino-natural\/","name":"Lino Natural -","isPartOf":{"@id":"https:\/\/cv-creativa.de\/#website"},"primaryImageOfPage":{"@id":"https:\/\/cv-creativa.de\/producto\/lino-natural\/#primaryimage"},"image":{"@id":"https:\/\/cv-creativa.de\/producto\/lino-natural\/#primaryimage"},"thumbnailUrl":"https:\/\/cv-creativa.de\/wp-content\/uploads\/2021\/02\/Lino-natural-Pistacho.jpg","datePublished":"2021-02-05T14:23:16+00:00","dateModified":"2026-02-09T13:18:30+00:00","description":"100% lino natural, fibra natural y vegetal, biodegradable de diferentes grosores. Ideal para complementos y decoraci\u00f3n y tambi\u00e9n tapices y telares.","breadcrumb":{"@id":"https:\/\/cv-creativa.de\/producto\/lino-natural\/#breadcrumb"},"inLanguage":"de","potentialAction":[{"@type":"ReadAction","target":["https:\/\/cv-creativa.de\/producto\/lino-natural\/"]}]},{"@type":"ImageObject","inLanguage":"de","@id":"https:\/\/cv-creativa.de\/producto\/lino-natural\/#primaryimage","url":"https:\/\/cv-creativa.de\/wp-content\/uploads\/2021\/02\/Lino-natural-Pistacho.jpg","contentUrl":"https:\/\/cv-creativa.de\/wp-content\/uploads\/2021\/02\/Lino-natural-Pistacho.jpg","width":356,"height":499},{"@type":"BreadcrumbList","@id":"https:\/\/cv-creativa.de\/producto\/lino-natural\/#breadcrumb","itemListElement":[{"@type":"ListItem","position":1,"name":"Portada","item":"https:\/\/cv-creativa.de\/"},{"@type":"ListItem","position":2,"name":"Tienda","item":"https:\/\/cv-creativa.de\/tienda\/"},{"@type":"ListItem","position":3,"name":"Lino Natural"}]},{"@type":"WebSite","@id":"https:\/\/cv-creativa.de\/#website","url":"https:\/\/cv-creativa.de\/","name":"Crea tu mundo. Crea tu estilo.","description":"","publisher":{"@id":"https:\/\/cv-creativa.de\/#organization"},"potentialAction":[{"@type":"SearchAction","target":{"@type":"EntryPoint","urlTemplate":"https:\/\/cv-creativa.de\/?s={search_term_string}"},"query-input":{"@type":"PropertyValueSpecification","valueRequired":true,"valueName":"search_term_string"}}],"inLanguage":"de"},{"@type":"Organization","@id":"https:\/\/cv-creativa.de\/#organization","name":"cv-creativa","url":"https:\/\/cv-creativa.de\/","logo":{"@type":"ImageObject","inLanguage":"de","@id":"https:\/\/cv-creativa.de\/#\/schema\/logo\/image\/","url":"https:\/\/cv-creativa.de\/wp-content\/uploads\/2021\/01\/cropped-Logo-nuevo.jpg","contentUrl":"https:\/\/cv-creativa.de\/wp-content\/uploads\/2021\/01\/cropped-Logo-nuevo.jpg","width":173,"height":175,"caption":"cv-creativa"},"image":{"@id":"https:\/\/cv-creativa.de\/#\/schema\/logo\/image\/"},"sameAs":["https:\/\/www.facebook.com\/claudia.vigorenasalomon","https:\/\/www.instagram.com\/cv_creativa\/","https:\/\/www.pinterest.de\/cv_vigorena"]}]}},"_links":{"self":[{"href":"https:\/\/cv-creativa.de\/de\/wp-json\/wp\/v2\/product\/561","targetHints":{"allow":["GET"]}}],"collection":[{"href":"https:\/\/cv-creativa.de\/de\/wp-json\/wp\/v2\/product"}],"about":[{"href":"https:\/\/cv-creativa.de\/de\/wp-json\/wp\/v2\/types\/product"}],"replies":[{"embeddable":true,"href":"https:\/\/cv-creativa.de\/de\/wp-json\/wp\/v2\/comments?post=561"}],"wp:featuredmedia":[{"embeddable":true,"href":"https:\/\/cv-creativa.de\/de\/wp-json\/wp\/v2\/media\/562"}],"wp:attachment":[{"href":"https:\/\/cv-creativa.de\/de\/wp-json\/wp\/v2\/media?parent=561"}],"wp:term":[{"taxonomy":"product_brand","embeddable":true,"href":"https:\/\/cv-creativa.de\/de\/wp-json\/wp\/v2\/product_brand?post=561"},{"taxonomy":"product_cat","embeddable":true,"href":"https:\/\/cv-creativa.de\/de\/wp-json\/wp\/v2\/product_cat?post=561"},{"taxonomy":"product_tag","embeddable":true,"href":"https:\/\/cv-creativa.de\/de\/wp-json\/wp\/v2\/product_tag?post=561"}],"curies":[{"name":"wp","href":"https:\/\/api.w.org\/{rel}","templated":true}]}}