{"id":565,"date":"2021-02-05T16:01:31","date_gmt":"2021-02-05T15:01:31","guid":{"rendered":"http:\/\/cv-creativa.de\/?post_type=product&#038;p=565"},"modified":"2026-01-30T15:09:03","modified_gmt":"2026-01-30T14:09:03","slug":"combi","status":"publish","type":"product","link":"https:\/\/cv-creativa.de\/de\/produkt\/combi\/","title":{"rendered":"Kombi-Baumwolle"},"content":{"rendered":"<div class=\"wpb_text_column\">\n<div class=\"wpb_wrapper\"><\/div>\n<\/div>\n<div class=\"wpb_text_column\">\n<div class=\"wpb_wrapper\">\n<h2 data-path-to-node=\"11\">Baumwolle Combi und Degrad\u00e9: 100 % organische Kreativit\u00e4t<\/h2>\n<p data-path-to-node=\"12\">Bringen Sie Ihre Projekte auf die n\u00e4chste Stufe mit dem <b data-path-to-node=\"12\" data-index-in-node=\"46\">Baumwolle Combi und Degrad\u00e9 von Casasol<\/b>Ein Garn von h\u00f6chster Qualit\u00e4t (gek\u00e4mmte Bio-Baumwolle und entgiftet), entwickelt f\u00fcr alle, die Weichheit, Nachhaltigkeit und vollst\u00e4ndige Kontrolle \u00fcber die Farbe suchen.<\/p>\n<p data-path-to-node=\"13\"><b data-path-to-node=\"13\" data-index-in-node=\"0\">Was macht diese Produktreihe so besonders?<\/b><\/p>\n<ul data-path-to-node=\"14\">\n<li>\n<p data-path-to-node=\"14,0,0\"><b data-path-to-node=\"14,0,0\" data-index-in-node=\"0\">Kombi (mehrfarbig):<\/b><span class=\"citation-17 citation-end-17\"> Eine Kombination aus Str\u00e4ngen, die einen gewagten mehrfarbigen Effekt erzeugt.<\/span> <span class=\"citation-16\">Ideal zum alleinigen Stricken oder zum Mischen mit <\/span><i data-path-to-node=\"14,0,0\" data-index-in-node=\"125\"><span class=\"citation-16\">Gek\u00e4mmte Baumwolle L<\/span><\/i><span class=\"citation-16 citation-end-16\"> f\u00fcr ein elegantes und modernes Endergebnis.<\/span><\/p>\n<div class=\"source-inline-chip-container ng-star-inserted\"><\/div>\n<\/li>\n<li>\n<p data-path-to-node=\"14,1,0\"><b data-path-to-node=\"14,1,0\" data-index-in-node=\"0\"><span class=\"citation-15\">Degrad\u00e9 (Perfekter \u00dcbergang):<\/span><\/b><span class=\"citation-15 citation-end-15\"> 3er-Pack Kn\u00e4uel in derselben Farbpalette (ein Grundton, ein um 60 % hellerer und ein um 60 % dunklerer Ton).<\/span> <b data-path-to-node=\"14,1,0\" data-index-in-node=\"132\">Du entscheidest, wo die Farbe ge\u00e4ndert werden soll.<\/b>, ohne die Einschr\u00e4nkungen automatischer abgebauter Kn\u00e4uel<\/p>\n<\/li>\n<\/ul>\n<p><strong>Es handelt sich um ein Produkt von @Casasol.Filicolor.<\/strong><\/p>\n<\/div>\n<\/div>","protected":false},"excerpt":{"rendered":"<p data-path-to-node=\"15\"><b data-path-to-node=\"15\" data-index-in-node=\"0\">Technische Daten:<\/b><\/p>\n<ul data-path-to-node=\"16\">\n<li>\n<p data-path-to-node=\"16,0,0\"><b data-path-to-node=\"16,0,0\" data-index-in-node=\"0\"><span class=\"citation-14\">Zusammensetzung:<\/span><\/b><span class=\"citation-14 citation-end-14\"> 100 % gek\u00e4mmte Bio-Baumwolle, entgiftet (zertifiziert).<\/span><\/p>\n<div class=\"source-inline-chip-container ng-star-inserted\"><\/div>\n<\/li>\n<li>\n<p data-path-to-node=\"16,1,0\"><b data-path-to-node=\"16,1,0\" data-index-in-node=\"0\">Grosor L:<\/b><span class=\"citation-13 citation-end-13\"> 6 f\u00e4dig (1,5 mm).<\/span><\/p>\n<\/li>\n<li>\n<p data-path-to-node=\"16,1,0\"><span class=\"citation-12 citation-end-12\"><strong>Empfohlene Nadelst\u00e4rke:<\/strong> 3 &#8211; 5 mm<\/span><\/p>\n<\/li>\n<li>\n<p data-path-to-node=\"16,1,0\"><b data-path-to-node=\"16,2,0\" data-index-in-node=\"0\">Menge<\/b> 200 g \/ 400 m pro Einheit (das Degrad\u00e9-Paket enth\u00e4lt 3 Einheiten, insgesamt 1.200 m).<\/p>\n<\/li>\n<li>\n<p data-path-to-node=\"16,3,0\"><b data-path-to-node=\"16,3,0\" data-index-in-node=\"0\"><span class=\"citation-11\">Volle Kompatibilit\u00e4t:<\/span><\/b><span class=\"citation-11\"> Sowohl Combi als auch Degrad\u00e9 haben die gleiche Dicke wie unser <\/span><i data-path-to-node=\"16,3,0\" data-index-in-node=\"88\"><span class=\"citation-11\">Gek\u00e4mmte Baumwolle L<\/span><\/i><span class=\"citation-11 citation-end-11\">, sodass Sie sie ohne Texturunterschiede kombinieren k\u00f6nnen.<\/span><\/p>\n<div class=\"source-inline-chip-container ng-star-inserted\"><\/div>\n<\/li>\n<\/ul>\n<blockquote data-path-to-node=\"17\">\n<p data-path-to-node=\"17,0\"><b data-path-to-node=\"17,0\" data-index-in-node=\"0\">Expertentipp:<\/b> Wenn Ihnen bei einem Projekt mit Degrad\u00e9 das Material ausgeht, ben\u00f6tigen Sie kein weiteres komplettes Kn\u00e4uel, sondern k\u00f6nnen mit einem Kegel aus gek\u00e4mmter Baumwolle L in der Grundfarbe weiterarbeiten.<\/p>\n<\/blockquote>\n<p>COMBI AGUADULCE ENTH\u00c4LT STR\u00c4NGE IN DEN FARBEN HIMMELBLAU, STAHLBLAU, T\u00dcRKIS, BLAUGR\u00dcN, MINZGR\u00dcN UND WASSERGR\u00dcN.<\/p>\n<p>COMBI C\u00d3RDOBA ENTH\u00c4LT STR\u00c4NGE IN DEN FARBEN SENF, NUDE-ROSA, WASSERMELONE, KESSEL, MALVE UND KAMEL.<\/p>\n<p>COMBI JADE ENTH\u00c4LT FASERN IN DEN FARBEN HIMMELBLAU, STAHLBLAU, T\u00dcRKIS, JADE UND MINZGR\u00dcN.<\/p>\n<p>&nbsp;<\/p>\n<p>&nbsp;<\/p>","protected":false},"featured_media":560,"comment_status":"open","ping_status":"closed","template":"","meta":{"neve_meta_sidebar":"","neve_meta_container":"","neve_meta_enable_content_width":"off","neve_meta_content_width":100,"neve_meta_title_alignment":"","neve_meta_author_avatar":"","neve_post_elements_order":"","neve_meta_disable_header":"","neve_meta_disable_footer":"","neve_meta_disable_title":""},"product_brand":[486],"product_cat":[29],"product_tag":[45,39,43,42],"class_list":{"0":"post-565","1":"product","2":"type-product","3":"status-publish","4":"has-post-thumbnail","6":"product_brand-casasol","7":"product_cat-hilados","8":"product_tag-aguadulce","9":"product_tag-algodon","10":"product_tag-combi","11":"product_tag-peinado","12":"product_shipping_class-ropa-lanas-y-accesorios","13":"pa_color-combi-aguadulce","14":"pa_color-combi-cordoba","15":"pa_color-combi-jade","17":"first","18":"instock","19":"purchasable","20":"product-type-variable"},"yoast_head":"<!-- This site is optimized with the Yoast SEO plugin v27.5 - https:\/\/yoast.com\/product\/yoast-seo-wordpress\/ -->\n<title>Algod\u00f3n Combi -<\/title>\n<meta name=\"description\" content=\"Descubre el Algod\u00f3n Combi y Degrad\u00e9 de Casasol. Algod\u00f3n 100% org\u00e1nico y d\u00e9tox en grosor L. Crea mezclas \u00fanicas y degradados perfectos a tu medida.\" \/>\n<meta name=\"robots\" content=\"index, follow, max-snippet:-1, max-image-preview:large, max-video-preview:-1\" \/>\n<link rel=\"canonical\" href=\"https:\/\/cv-creativa.de\/de\/produkt\/combi\/\" \/>\n<meta property=\"og:locale\" content=\"de_DE\" \/>\n<meta property=\"og:type\" content=\"article\" \/>\n<meta property=\"og:title\" content=\"Algod\u00f3n Combi -\" \/>\n<meta property=\"og:description\" content=\"Descubre el Algod\u00f3n Combi y Degrad\u00e9 de Casasol. Algod\u00f3n 100% org\u00e1nico y d\u00e9tox en grosor L. Crea mezclas \u00fanicas y degradados perfectos a tu medida.\" \/>\n<meta property=\"og:url\" content=\"https:\/\/cv-creativa.de\/de\/produkt\/combi\/\" \/>\n<meta property=\"article:publisher\" content=\"https:\/\/www.facebook.com\/claudia.vigorenasalomon\" \/>\n<meta property=\"article:modified_time\" content=\"2026-01-30T14:09:03+00:00\" \/>\n<meta property=\"og:image\" content=\"http:\/\/cv-creativa.de\/wp-content\/uploads\/2021\/02\/Algodon-peinado-Combi-Aguadulce-1.jpg\" \/>\n\t<meta property=\"og:image:width\" content=\"766\" \/>\n\t<meta property=\"og:image:height\" content=\"840\" \/>\n\t<meta property=\"og:image:type\" content=\"image\/jpeg\" \/>\n<meta name=\"twitter:card\" content=\"summary_large_image\" \/>\n<meta name=\"twitter:label1\" content=\"Gesch\u00e4tzte Lesezeit\" \/>\n\t<meta name=\"twitter:data1\" content=\"1\u00a0Minute\" \/>\n<script type=\"application\/ld+json\" class=\"yoast-schema-graph\">{\"@context\":\"https:\\\/\\\/schema.org\",\"@graph\":[{\"@type\":[\"WebPage\",\"ItemPage\"],\"@id\":\"https:\\\/\\\/cv-creativa.de\\\/producto\\\/combi\\\/\",\"url\":\"https:\\\/\\\/cv-creativa.de\\\/producto\\\/combi\\\/\",\"name\":\"Algod\u00f3n Combi -\",\"isPartOf\":{\"@id\":\"https:\\\/\\\/cv-creativa.de\\\/#website\"},\"primaryImageOfPage\":{\"@id\":\"https:\\\/\\\/cv-creativa.de\\\/producto\\\/combi\\\/#primaryimage\"},\"image\":{\"@id\":\"https:\\\/\\\/cv-creativa.de\\\/producto\\\/combi\\\/#primaryimage\"},\"thumbnailUrl\":\"https:\\\/\\\/cv-creativa.de\\\/wp-content\\\/uploads\\\/2021\\\/02\\\/Algodon-peinado-Combi-Aguadulce-1.jpg\",\"datePublished\":\"2021-02-05T15:01:31+00:00\",\"dateModified\":\"2026-01-30T14:09:03+00:00\",\"description\":\"Descubre el Algod\u00f3n Combi y Degrad\u00e9 de Casasol. Algod\u00f3n 100% org\u00e1nico y d\u00e9tox en grosor L. Crea mezclas \u00fanicas y degradados perfectos a tu medida.\",\"breadcrumb\":{\"@id\":\"https:\\\/\\\/cv-creativa.de\\\/producto\\\/combi\\\/#breadcrumb\"},\"inLanguage\":\"de\",\"potentialAction\":[{\"@type\":\"ReadAction\",\"target\":[\"https:\\\/\\\/cv-creativa.de\\\/producto\\\/combi\\\/\"]}]},{\"@type\":\"ImageObject\",\"inLanguage\":\"de\",\"@id\":\"https:\\\/\\\/cv-creativa.de\\\/producto\\\/combi\\\/#primaryimage\",\"url\":\"https:\\\/\\\/cv-creativa.de\\\/wp-content\\\/uploads\\\/2021\\\/02\\\/Algodon-peinado-Combi-Aguadulce-1.jpg\",\"contentUrl\":\"https:\\\/\\\/cv-creativa.de\\\/wp-content\\\/uploads\\\/2021\\\/02\\\/Algodon-peinado-Combi-Aguadulce-1.jpg\",\"width\":766,\"height\":840},{\"@type\":\"BreadcrumbList\",\"@id\":\"https:\\\/\\\/cv-creativa.de\\\/producto\\\/combi\\\/#breadcrumb\",\"itemListElement\":[{\"@type\":\"ListItem\",\"position\":1,\"name\":\"Portada\",\"item\":\"https:\\\/\\\/cv-creativa.de\\\/\"},{\"@type\":\"ListItem\",\"position\":2,\"name\":\"Tienda\",\"item\":\"https:\\\/\\\/cv-creativa.de\\\/tienda\\\/\"},{\"@type\":\"ListItem\",\"position\":3,\"name\":\"Algod\u00f3n Combi\"}]},{\"@type\":\"WebSite\",\"@id\":\"https:\\\/\\\/cv-creativa.de\\\/#website\",\"url\":\"https:\\\/\\\/cv-creativa.de\\\/\",\"name\":\"Crea tu mundo. Crea tu estilo.\",\"description\":\"\",\"publisher\":{\"@id\":\"https:\\\/\\\/cv-creativa.de\\\/#organization\"},\"potentialAction\":[{\"@type\":\"SearchAction\",\"target\":{\"@type\":\"EntryPoint\",\"urlTemplate\":\"https:\\\/\\\/cv-creativa.de\\\/?s={search_term_string}\"},\"query-input\":{\"@type\":\"PropertyValueSpecification\",\"valueRequired\":true,\"valueName\":\"search_term_string\"}}],\"inLanguage\":\"de\"},{\"@type\":\"Organization\",\"@id\":\"https:\\\/\\\/cv-creativa.de\\\/#organization\",\"name\":\"cv-creativa\",\"url\":\"https:\\\/\\\/cv-creativa.de\\\/\",\"logo\":{\"@type\":\"ImageObject\",\"inLanguage\":\"de\",\"@id\":\"https:\\\/\\\/cv-creativa.de\\\/#\\\/schema\\\/logo\\\/image\\\/\",\"url\":\"https:\\\/\\\/cv-creativa.de\\\/wp-content\\\/uploads\\\/2021\\\/01\\\/cropped-Logo-nuevo.jpg\",\"contentUrl\":\"https:\\\/\\\/cv-creativa.de\\\/wp-content\\\/uploads\\\/2021\\\/01\\\/cropped-Logo-nuevo.jpg\",\"width\":173,\"height\":175,\"caption\":\"cv-creativa\"},\"image\":{\"@id\":\"https:\\\/\\\/cv-creativa.de\\\/#\\\/schema\\\/logo\\\/image\\\/\"},\"sameAs\":[\"https:\\\/\\\/www.facebook.com\\\/claudia.vigorenasalomon\",\"https:\\\/\\\/www.instagram.com\\\/cv_creativa\\\/\",\"https:\\\/\\\/www.pinterest.de\\\/cv_vigorena\"]}]}<\/script>\n<!-- \/ Yoast SEO plugin. -->","yoast_head_json":{"title":"Algod\u00f3n Combi -","description":"Descubre el Algod\u00f3n Combi y Degrad\u00e9 de Casasol. Algod\u00f3n 100% org\u00e1nico y d\u00e9tox en grosor L. Crea mezclas \u00fanicas y degradados perfectos a tu medida.","robots":{"index":"index","follow":"follow","max-snippet":"max-snippet:-1","max-image-preview":"max-image-preview:large","max-video-preview":"max-video-preview:-1"},"canonical":"https:\/\/cv-creativa.de\/de\/produkt\/combi\/","og_locale":"de_DE","og_type":"article","og_title":"Algod\u00f3n Combi -","og_description":"Descubre el Algod\u00f3n Combi y Degrad\u00e9 de Casasol. Algod\u00f3n 100% org\u00e1nico y d\u00e9tox en grosor L. Crea mezclas \u00fanicas y degradados perfectos a tu medida.","og_url":"https:\/\/cv-creativa.de\/de\/produkt\/combi\/","article_publisher":"https:\/\/www.facebook.com\/claudia.vigorenasalomon","article_modified_time":"2026-01-30T14:09:03+00:00","og_image":[{"width":766,"height":840,"url":"http:\/\/cv-creativa.de\/wp-content\/uploads\/2021\/02\/Algodon-peinado-Combi-Aguadulce-1.jpg","type":"image\/jpeg"}],"twitter_card":"summary_large_image","twitter_misc":{"Gesch\u00e4tzte Lesezeit":"1\u00a0Minute"},"schema":{"@context":"https:\/\/schema.org","@graph":[{"@type":["WebPage","ItemPage"],"@id":"https:\/\/cv-creativa.de\/producto\/combi\/","url":"https:\/\/cv-creativa.de\/producto\/combi\/","name":"Algod\u00f3n Combi -","isPartOf":{"@id":"https:\/\/cv-creativa.de\/#website"},"primaryImageOfPage":{"@id":"https:\/\/cv-creativa.de\/producto\/combi\/#primaryimage"},"image":{"@id":"https:\/\/cv-creativa.de\/producto\/combi\/#primaryimage"},"thumbnailUrl":"https:\/\/cv-creativa.de\/wp-content\/uploads\/2021\/02\/Algodon-peinado-Combi-Aguadulce-1.jpg","datePublished":"2021-02-05T15:01:31+00:00","dateModified":"2026-01-30T14:09:03+00:00","description":"Descubre el Algod\u00f3n Combi y Degrad\u00e9 de Casasol. Algod\u00f3n 100% org\u00e1nico y d\u00e9tox en grosor L. Crea mezclas \u00fanicas y degradados perfectos a tu medida.","breadcrumb":{"@id":"https:\/\/cv-creativa.de\/producto\/combi\/#breadcrumb"},"inLanguage":"de","potentialAction":[{"@type":"ReadAction","target":["https:\/\/cv-creativa.de\/producto\/combi\/"]}]},{"@type":"ImageObject","inLanguage":"de","@id":"https:\/\/cv-creativa.de\/producto\/combi\/#primaryimage","url":"https:\/\/cv-creativa.de\/wp-content\/uploads\/2021\/02\/Algodon-peinado-Combi-Aguadulce-1.jpg","contentUrl":"https:\/\/cv-creativa.de\/wp-content\/uploads\/2021\/02\/Algodon-peinado-Combi-Aguadulce-1.jpg","width":766,"height":840},{"@type":"BreadcrumbList","@id":"https:\/\/cv-creativa.de\/producto\/combi\/#breadcrumb","itemListElement":[{"@type":"ListItem","position":1,"name":"Portada","item":"https:\/\/cv-creativa.de\/"},{"@type":"ListItem","position":2,"name":"Tienda","item":"https:\/\/cv-creativa.de\/tienda\/"},{"@type":"ListItem","position":3,"name":"Algod\u00f3n Combi"}]},{"@type":"WebSite","@id":"https:\/\/cv-creativa.de\/#website","url":"https:\/\/cv-creativa.de\/","name":"Crea tu mundo. Crea tu estilo.","description":"","publisher":{"@id":"https:\/\/cv-creativa.de\/#organization"},"potentialAction":[{"@type":"SearchAction","target":{"@type":"EntryPoint","urlTemplate":"https:\/\/cv-creativa.de\/?s={search_term_string}"},"query-input":{"@type":"PropertyValueSpecification","valueRequired":true,"valueName":"search_term_string"}}],"inLanguage":"de"},{"@type":"Organization","@id":"https:\/\/cv-creativa.de\/#organization","name":"cv-creativa","url":"https:\/\/cv-creativa.de\/","logo":{"@type":"ImageObject","inLanguage":"de","@id":"https:\/\/cv-creativa.de\/#\/schema\/logo\/image\/","url":"https:\/\/cv-creativa.de\/wp-content\/uploads\/2021\/01\/cropped-Logo-nuevo.jpg","contentUrl":"https:\/\/cv-creativa.de\/wp-content\/uploads\/2021\/01\/cropped-Logo-nuevo.jpg","width":173,"height":175,"caption":"cv-creativa"},"image":{"@id":"https:\/\/cv-creativa.de\/#\/schema\/logo\/image\/"},"sameAs":["https:\/\/www.facebook.com\/claudia.vigorenasalomon","https:\/\/www.instagram.com\/cv_creativa\/","https:\/\/www.pinterest.de\/cv_vigorena"]}]}},"_links":{"self":[{"href":"https:\/\/cv-creativa.de\/de\/wp-json\/wp\/v2\/product\/565","targetHints":{"allow":["GET"]}}],"collection":[{"href":"https:\/\/cv-creativa.de\/de\/wp-json\/wp\/v2\/product"}],"about":[{"href":"https:\/\/cv-creativa.de\/de\/wp-json\/wp\/v2\/types\/product"}],"replies":[{"embeddable":true,"href":"https:\/\/cv-creativa.de\/de\/wp-json\/wp\/v2\/comments?post=565"}],"wp:featuredmedia":[{"embeddable":true,"href":"https:\/\/cv-creativa.de\/de\/wp-json\/wp\/v2\/media\/560"}],"wp:attachment":[{"href":"https:\/\/cv-creativa.de\/de\/wp-json\/wp\/v2\/media?parent=565"}],"wp:term":[{"taxonomy":"product_brand","embeddable":true,"href":"https:\/\/cv-creativa.de\/de\/wp-json\/wp\/v2\/product_brand?post=565"},{"taxonomy":"product_cat","embeddable":true,"href":"https:\/\/cv-creativa.de\/de\/wp-json\/wp\/v2\/product_cat?post=565"},{"taxonomy":"product_tag","embeddable":true,"href":"https:\/\/cv-creativa.de\/de\/wp-json\/wp\/v2\/product_tag?post=565"}],"curies":[{"name":"wp","href":"https:\/\/api.w.org\/{rel}","templated":true}]}}