{"id":578,"date":"2021-02-09T13:57:24","date_gmt":"2021-02-09T12:57:24","guid":{"rendered":"http:\/\/cv-creativa.de\/?post_type=product&#038;p=578"},"modified":"2026-01-30T10:48:15","modified_gmt":"2026-01-30T09:48:15","slug":"jabon-eco-sol","status":"publish","type":"product","link":"https:\/\/cv-creativa.de\/de\/produkt\/jabon-eco-sol\/","title":{"rendered":"\u00d6ko-Seife Sol"},"content":{"rendered":"<p>Jab\u00f3n 100% natural para prendas delicadas tejidas a mano.<\/p>\n<p>Te recomendamos poner 1 cucharada por cada 3-4 litros de agua para lavar tus prendas. Remueve agua y jab\u00f3n para que se mezcle bien, y deja en remojo una media hora. Este jab\u00f3n no hace mucha espuma debido a sus tensoactivos naturales, pero recuerda que el poder limpiador no est\u00e1 en la espuma, as\u00ed que no hace falta que a\u00f1adas m\u00e1s cantidad de jab\u00f3n.<\/p>\n<p>El olor a lavanda perdura en la prenda seca, dejando tu armario con un agradable olor a campo. Y todo a base de aceites esenciales, sin perfumes sint\u00e9ticos.<\/p>\n<p>Si tienes la piel sensible, no hace falta que uses guantes para lavar tus prendas, ya que este jab\u00f3n es muy suave. Est\u00e1 formulado para cuidar y respetar tus prendas de lana, algod\u00f3n, lino\u2026 y tambi\u00e9n las pieles m\u00e1s delicadas o con alg\u00fan problema cut\u00e1neo,<\/p>\n<p>Composici\u00f3n: Aqua, Cocamidopropyl beta\u00edne, Glycerin, Olea europaea fruit oil*, Calendula officinalis flower extract*, Xanthan gum, , Lavandula angustifolia herb oil*, Citric acid, Linalool**.<\/p>\n<p>*Procedente de agricultura ecol\u00f3gica. ** Procedente de aceites esenciales.<\/p>\n<p>100% ingredientes naturales y org\u00e1nicos. No testado en animales.<\/p>\n<p>Fabricado en Espa\u00f1a, con proveedores de proximidad, y comercio justo.<\/p>\n<p>Formato: botella PET 200 ml. con tap\u00f3n dispensador disc top. No todos los pl\u00e1sticos son iguales. Entre los aceptados como seguros por evidencias cient\u00edficas de que no movilizan sustancias qu\u00edmicas capaces de causar c\u00e1ncer o la interrupci\u00f3n de las hormonas tenemos el tereftalato de polietileno (PET marcado con el n\u00famero 1), se suele usar para alimentaci\u00f3n, y en este caso para envasar nuestro jab\u00f3n 100% natural.<\/p>\n<p>Olor: lavanda<\/p>\n<p><strong>Este es un producto @Casasol<\/strong><\/p>","protected":false},"excerpt":{"rendered":"<p>Jab\u00f3n 100% natural para prendas delicadas tejidas a mano.<\/p>\n<p>&nbsp;<\/p>\n<p><span style=\"color: #999999;\">Gem\u00e4\u00df \u00a7 19 Umsatzsteuergesetz (UStG) wird keine Umsatzsteuer erhoben.<strong> +<\/strong> Gastos de env\u00edo<\/span><\/p>","protected":false},"featured_media":582,"comment_status":"open","ping_status":"closed","template":"","meta":{"neve_meta_sidebar":"","neve_meta_container":"","neve_meta_enable_content_width":"off","neve_meta_content_width":100,"neve_meta_title_alignment":"","neve_meta_author_avatar":"","neve_post_elements_order":"","neve_meta_disable_header":"","neve_meta_disable_footer":"","neve_meta_disable_title":""},"product_brand":[486],"product_cat":[33],"product_tag":[73,55,54,76,48],"class_list":{"0":"post-578","1":"product","2":"type-product","3":"status-publish","4":"has-post-thumbnail","6":"product_brand-casasol","7":"product_cat-varios","8":"product_tag-casasol-filicolor","9":"product_tag-ecologico","10":"product_tag-jabon","11":"product_tag-lavanda","12":"product_tag-natural","13":"product_shipping_class-ropa-lanas-y-accesorios","15":"first","16":"instock","17":"purchasable","18":"product-type-simple"},"yoast_head":"<!-- This site is optimized with the Yoast SEO plugin v27.5 - https:\/\/yoast.com\/product\/yoast-seo-wordpress\/ -->\n<title>Jab\u00f3n Eco Sol -<\/title>\n<meta name=\"robots\" content=\"index, follow, max-snippet:-1, max-image-preview:large, max-video-preview:-1\" \/>\n<link rel=\"canonical\" href=\"https:\/\/cv-creativa.de\/de\/produkt\/jabon-eco-sol\/\" \/>\n<meta property=\"og:locale\" content=\"de_DE\" \/>\n<meta property=\"og:type\" content=\"article\" \/>\n<meta property=\"og:title\" content=\"Jab\u00f3n Eco Sol -\" \/>\n<meta property=\"og:description\" content=\"Jab\u00f3n 100% natural para prendas delicadas tejidas a mano.  &nbsp;  De conformidad con el art\u00edculo 19 de la Ley alemana del impuesto sobre el valor a\u00f1adido (UStG), no se aplicar\u00e1 el impuesto sobre el valor a\u00f1adido. + Gastos de env\u00edo\" \/>\n<meta property=\"og:url\" content=\"https:\/\/cv-creativa.de\/de\/produkt\/jabon-eco-sol\/\" \/>\n<meta property=\"article:publisher\" content=\"https:\/\/www.facebook.com\/claudia.vigorenasalomon\" \/>\n<meta property=\"article:modified_time\" content=\"2026-01-30T09:48:15+00:00\" \/>\n<meta property=\"og:image\" content=\"http:\/\/cv-creativa.de\/wp-content\/uploads\/2021\/02\/jabon-Eco-Sol2.jpg\" \/>\n\t<meta property=\"og:image:width\" content=\"479\" \/>\n\t<meta property=\"og:image:height\" content=\"485\" \/>\n\t<meta property=\"og:image:type\" content=\"image\/jpeg\" \/>\n<meta name=\"twitter:card\" content=\"summary_large_image\" \/>\n<meta name=\"twitter:label1\" content=\"Gesch\u00e4tzte Lesezeit\" \/>\n\t<meta name=\"twitter:data1\" content=\"2\u00a0Minuten\" \/>\n<script type=\"application\/ld+json\" class=\"yoast-schema-graph\">{\"@context\":\"https:\\\/\\\/schema.org\",\"@graph\":[{\"@type\":[\"WebPage\",\"ItemPage\"],\"@id\":\"https:\\\/\\\/cv-creativa.de\\\/producto\\\/jabon-eco-sol\\\/\",\"url\":\"https:\\\/\\\/cv-creativa.de\\\/producto\\\/jabon-eco-sol\\\/\",\"name\":\"Jab\u00f3n Eco Sol -\",\"isPartOf\":{\"@id\":\"https:\\\/\\\/cv-creativa.de\\\/#website\"},\"primaryImageOfPage\":{\"@id\":\"https:\\\/\\\/cv-creativa.de\\\/producto\\\/jabon-eco-sol\\\/#primaryimage\"},\"image\":{\"@id\":\"https:\\\/\\\/cv-creativa.de\\\/producto\\\/jabon-eco-sol\\\/#primaryimage\"},\"thumbnailUrl\":\"https:\\\/\\\/cv-creativa.de\\\/wp-content\\\/uploads\\\/2021\\\/02\\\/jabon-Eco-Sol2.jpg\",\"datePublished\":\"2021-02-09T12:57:24+00:00\",\"dateModified\":\"2026-01-30T09:48:15+00:00\",\"breadcrumb\":{\"@id\":\"https:\\\/\\\/cv-creativa.de\\\/producto\\\/jabon-eco-sol\\\/#breadcrumb\"},\"inLanguage\":\"de\",\"potentialAction\":[{\"@type\":\"ReadAction\",\"target\":[\"https:\\\/\\\/cv-creativa.de\\\/producto\\\/jabon-eco-sol\\\/\"]}]},{\"@type\":\"ImageObject\",\"inLanguage\":\"de\",\"@id\":\"https:\\\/\\\/cv-creativa.de\\\/producto\\\/jabon-eco-sol\\\/#primaryimage\",\"url\":\"https:\\\/\\\/cv-creativa.de\\\/wp-content\\\/uploads\\\/2021\\\/02\\\/jabon-Eco-Sol2.jpg\",\"contentUrl\":\"https:\\\/\\\/cv-creativa.de\\\/wp-content\\\/uploads\\\/2021\\\/02\\\/jabon-Eco-Sol2.jpg\",\"width\":479,\"height\":485},{\"@type\":\"BreadcrumbList\",\"@id\":\"https:\\\/\\\/cv-creativa.de\\\/producto\\\/jabon-eco-sol\\\/#breadcrumb\",\"itemListElement\":[{\"@type\":\"ListItem\",\"position\":1,\"name\":\"Portada\",\"item\":\"https:\\\/\\\/cv-creativa.de\\\/\"},{\"@type\":\"ListItem\",\"position\":2,\"name\":\"Tienda\",\"item\":\"https:\\\/\\\/cv-creativa.de\\\/tienda\\\/\"},{\"@type\":\"ListItem\",\"position\":3,\"name\":\"Jab\u00f3n Eco Sol\"}]},{\"@type\":\"WebSite\",\"@id\":\"https:\\\/\\\/cv-creativa.de\\\/#website\",\"url\":\"https:\\\/\\\/cv-creativa.de\\\/\",\"name\":\"Crea tu mundo. Crea tu estilo.\",\"description\":\"\",\"publisher\":{\"@id\":\"https:\\\/\\\/cv-creativa.de\\\/#organization\"},\"potentialAction\":[{\"@type\":\"SearchAction\",\"target\":{\"@type\":\"EntryPoint\",\"urlTemplate\":\"https:\\\/\\\/cv-creativa.de\\\/?s={search_term_string}\"},\"query-input\":{\"@type\":\"PropertyValueSpecification\",\"valueRequired\":true,\"valueName\":\"search_term_string\"}}],\"inLanguage\":\"de\"},{\"@type\":\"Organization\",\"@id\":\"https:\\\/\\\/cv-creativa.de\\\/#organization\",\"name\":\"cv-creativa\",\"url\":\"https:\\\/\\\/cv-creativa.de\\\/\",\"logo\":{\"@type\":\"ImageObject\",\"inLanguage\":\"de\",\"@id\":\"https:\\\/\\\/cv-creativa.de\\\/#\\\/schema\\\/logo\\\/image\\\/\",\"url\":\"https:\\\/\\\/cv-creativa.de\\\/wp-content\\\/uploads\\\/2021\\\/01\\\/cropped-Logo-nuevo.jpg\",\"contentUrl\":\"https:\\\/\\\/cv-creativa.de\\\/wp-content\\\/uploads\\\/2021\\\/01\\\/cropped-Logo-nuevo.jpg\",\"width\":173,\"height\":175,\"caption\":\"cv-creativa\"},\"image\":{\"@id\":\"https:\\\/\\\/cv-creativa.de\\\/#\\\/schema\\\/logo\\\/image\\\/\"},\"sameAs\":[\"https:\\\/\\\/www.facebook.com\\\/claudia.vigorenasalomon\",\"https:\\\/\\\/www.instagram.com\\\/cv_creativa\\\/\",\"https:\\\/\\\/www.pinterest.de\\\/cv_vigorena\"]}]}<\/script>\n<!-- \/ Yoast SEO plugin. -->","yoast_head_json":{"title":"Jab\u00f3n Eco Sol -","robots":{"index":"index","follow":"follow","max-snippet":"max-snippet:-1","max-image-preview":"max-image-preview:large","max-video-preview":"max-video-preview:-1"},"canonical":"https:\/\/cv-creativa.de\/de\/produkt\/jabon-eco-sol\/","og_locale":"de_DE","og_type":"article","og_title":"Jab\u00f3n Eco Sol -","og_description":"Jab\u00f3n 100% natural para prendas delicadas tejidas a mano.  &nbsp;  De conformidad con el art\u00edculo 19 de la Ley alemana del impuesto sobre el valor a\u00f1adido (UStG), no se aplicar\u00e1 el impuesto sobre el valor a\u00f1adido. + Gastos de env\u00edo","og_url":"https:\/\/cv-creativa.de\/de\/produkt\/jabon-eco-sol\/","article_publisher":"https:\/\/www.facebook.com\/claudia.vigorenasalomon","article_modified_time":"2026-01-30T09:48:15+00:00","og_image":[{"width":479,"height":485,"url":"http:\/\/cv-creativa.de\/wp-content\/uploads\/2021\/02\/jabon-Eco-Sol2.jpg","type":"image\/jpeg"}],"twitter_card":"summary_large_image","twitter_misc":{"Gesch\u00e4tzte Lesezeit":"2\u00a0Minuten"},"schema":{"@context":"https:\/\/schema.org","@graph":[{"@type":["WebPage","ItemPage"],"@id":"https:\/\/cv-creativa.de\/producto\/jabon-eco-sol\/","url":"https:\/\/cv-creativa.de\/producto\/jabon-eco-sol\/","name":"Jab\u00f3n Eco Sol -","isPartOf":{"@id":"https:\/\/cv-creativa.de\/#website"},"primaryImageOfPage":{"@id":"https:\/\/cv-creativa.de\/producto\/jabon-eco-sol\/#primaryimage"},"image":{"@id":"https:\/\/cv-creativa.de\/producto\/jabon-eco-sol\/#primaryimage"},"thumbnailUrl":"https:\/\/cv-creativa.de\/wp-content\/uploads\/2021\/02\/jabon-Eco-Sol2.jpg","datePublished":"2021-02-09T12:57:24+00:00","dateModified":"2026-01-30T09:48:15+00:00","breadcrumb":{"@id":"https:\/\/cv-creativa.de\/producto\/jabon-eco-sol\/#breadcrumb"},"inLanguage":"de","potentialAction":[{"@type":"ReadAction","target":["https:\/\/cv-creativa.de\/producto\/jabon-eco-sol\/"]}]},{"@type":"ImageObject","inLanguage":"de","@id":"https:\/\/cv-creativa.de\/producto\/jabon-eco-sol\/#primaryimage","url":"https:\/\/cv-creativa.de\/wp-content\/uploads\/2021\/02\/jabon-Eco-Sol2.jpg","contentUrl":"https:\/\/cv-creativa.de\/wp-content\/uploads\/2021\/02\/jabon-Eco-Sol2.jpg","width":479,"height":485},{"@type":"BreadcrumbList","@id":"https:\/\/cv-creativa.de\/producto\/jabon-eco-sol\/#breadcrumb","itemListElement":[{"@type":"ListItem","position":1,"name":"Portada","item":"https:\/\/cv-creativa.de\/"},{"@type":"ListItem","position":2,"name":"Tienda","item":"https:\/\/cv-creativa.de\/tienda\/"},{"@type":"ListItem","position":3,"name":"Jab\u00f3n Eco Sol"}]},{"@type":"WebSite","@id":"https:\/\/cv-creativa.de\/#website","url":"https:\/\/cv-creativa.de\/","name":"Crea tu mundo. Crea tu estilo.","description":"","publisher":{"@id":"https:\/\/cv-creativa.de\/#organization"},"potentialAction":[{"@type":"SearchAction","target":{"@type":"EntryPoint","urlTemplate":"https:\/\/cv-creativa.de\/?s={search_term_string}"},"query-input":{"@type":"PropertyValueSpecification","valueRequired":true,"valueName":"search_term_string"}}],"inLanguage":"de"},{"@type":"Organization","@id":"https:\/\/cv-creativa.de\/#organization","name":"cv-creativa","url":"https:\/\/cv-creativa.de\/","logo":{"@type":"ImageObject","inLanguage":"de","@id":"https:\/\/cv-creativa.de\/#\/schema\/logo\/image\/","url":"https:\/\/cv-creativa.de\/wp-content\/uploads\/2021\/01\/cropped-Logo-nuevo.jpg","contentUrl":"https:\/\/cv-creativa.de\/wp-content\/uploads\/2021\/01\/cropped-Logo-nuevo.jpg","width":173,"height":175,"caption":"cv-creativa"},"image":{"@id":"https:\/\/cv-creativa.de\/#\/schema\/logo\/image\/"},"sameAs":["https:\/\/www.facebook.com\/claudia.vigorenasalomon","https:\/\/www.instagram.com\/cv_creativa\/","https:\/\/www.pinterest.de\/cv_vigorena"]}]}},"_links":{"self":[{"href":"https:\/\/cv-creativa.de\/de\/wp-json\/wp\/v2\/product\/578","targetHints":{"allow":["GET"]}}],"collection":[{"href":"https:\/\/cv-creativa.de\/de\/wp-json\/wp\/v2\/product"}],"about":[{"href":"https:\/\/cv-creativa.de\/de\/wp-json\/wp\/v2\/types\/product"}],"replies":[{"embeddable":true,"href":"https:\/\/cv-creativa.de\/de\/wp-json\/wp\/v2\/comments?post=578"}],"wp:featuredmedia":[{"embeddable":true,"href":"https:\/\/cv-creativa.de\/de\/wp-json\/wp\/v2\/media\/582"}],"wp:attachment":[{"href":"https:\/\/cv-creativa.de\/de\/wp-json\/wp\/v2\/media?parent=578"}],"wp:term":[{"taxonomy":"product_brand","embeddable":true,"href":"https:\/\/cv-creativa.de\/de\/wp-json\/wp\/v2\/product_brand?post=578"},{"taxonomy":"product_cat","embeddable":true,"href":"https:\/\/cv-creativa.de\/de\/wp-json\/wp\/v2\/product_cat?post=578"},{"taxonomy":"product_tag","embeddable":true,"href":"https:\/\/cv-creativa.de\/de\/wp-json\/wp\/v2\/product_tag?post=578"}],"curies":[{"name":"wp","href":"https:\/\/api.w.org\/{rel}","templated":true}]}}