{"id":583,"date":"2021-02-09T16:50:58","date_gmt":"2021-02-09T15:50:58","guid":{"rendered":"http:\/\/cv-creativa.de\/?post_type=product&#038;p=583"},"modified":"2026-01-30T10:47:09","modified_gmt":"2026-01-30T09:47:09","slug":"asa-piel-vegana-para-clutch","status":"publish","type":"product","link":"https:\/\/cv-creativa.de\/de\/produkt\/asa-piel-vegana-para-clutch\/","title":{"rendered":"Veganer Ledergriff f\u00fcr Clutch"},"content":{"rendered":"<p>Vollst\u00e4ndig veganer Ledergriff aus von Pi\u00f1atex patentiertem Ananasleder<br \/>\nKomplett handgefertigt, St\u00fcck f\u00fcr St\u00fcck von @otrora, Lederhandwerkerin. Ma\u00dfe: 27 cm inklusive Karabinerhaken. Zu jedem Griff geh\u00f6rt das Muster f\u00fcr die Clutch von @susiseenreda. Garn nicht im Lieferumfang enthalten. Der Griff dient auch zum Befestigen des Etuis.<\/p>","protected":false},"excerpt":{"rendered":"<p>Farbe Platinium (Metallic-Grau)<\/p>\n<p>&nbsp;<\/p>\n<p><span style=\"color: #999999;\">Gem\u00e4\u00df \u00a7 19 Umsatzsteuergesetz (UStG) wird keine Umsatzsteuer erhoben.<strong> +<\/strong> Gastos de env\u00edo<\/span><\/p>","protected":false},"featured_media":584,"comment_status":"open","ping_status":"closed","template":"","meta":{"neve_meta_sidebar":"","neve_meta_container":"","neve_meta_enable_content_width":"off","neve_meta_content_width":100,"neve_meta_title_alignment":"","neve_meta_author_avatar":"","neve_post_elements_order":"","neve_meta_disable_header":"","neve_meta_disable_footer":"","neve_meta_disable_title":""},"product_brand":[486],"product_cat":[33],"product_tag":[56,58,60,57,59],"class_list":{"0":"post-583","1":"product","2":"type-product","3":"status-publish","4":"has-post-thumbnail","6":"product_brand-casasol","7":"product_cat-varios","8":"product_tag-asa","9":"product_tag-clutch","10":"product_tag-gris","11":"product_tag-piel-vegana","12":"product_tag-platinium","13":"product_shipping_class-ropa-lanas-y-accesorios","15":"first","16":"instock","17":"purchasable","18":"product-type-simple"},"yoast_head":"<!-- This site is optimized with the Yoast SEO plugin v27.6 - https:\/\/yoast.com\/product\/yoast-seo-wordpress\/ -->\n<title>Asa piel vegana para clutch -<\/title>\n<meta name=\"robots\" content=\"index, follow, max-snippet:-1, max-image-preview:large, max-video-preview:-1\" \/>\n<link rel=\"canonical\" href=\"https:\/\/cv-creativa.de\/de\/produkt\/asa-piel-vegana-para-clutch\/\" \/>\n<meta property=\"og:locale\" content=\"de_DE\" \/>\n<meta property=\"og:type\" content=\"article\" \/>\n<meta property=\"og:title\" content=\"Asa piel vegana para clutch -\" \/>\n<meta property=\"og:description\" content=\"Color Platinium. (Gris metalizado)  &nbsp;  De conformidad con el art\u00edculo 19 de la Ley alemana del impuesto sobre el valor a\u00f1adido (UStG), no se aplicar\u00e1 el impuesto sobre el valor a\u00f1adido. + Gastos de env\u00edo\" \/>\n<meta property=\"og:url\" content=\"https:\/\/cv-creativa.de\/de\/produkt\/asa-piel-vegana-para-clutch\/\" \/>\n<meta property=\"article:publisher\" content=\"https:\/\/www.facebook.com\/claudia.vigorenasalomon\" \/>\n<meta property=\"article:modified_time\" content=\"2026-01-30T09:47:09+00:00\" \/>\n<meta property=\"og:image\" content=\"http:\/\/cv-creativa.de\/wp-content\/uploads\/2021\/02\/Asa-piel-vegana.jpg\" \/>\n\t<meta property=\"og:image:width\" content=\"482\" \/>\n\t<meta property=\"og:image:height\" content=\"443\" \/>\n\t<meta property=\"og:image:type\" content=\"image\/jpeg\" \/>\n<meta name=\"twitter:card\" content=\"summary_large_image\" \/>\n<meta name=\"twitter:label1\" content=\"Gesch\u00e4tzte Lesezeit\" \/>\n\t<meta name=\"twitter:data1\" content=\"1\u00a0Minute\" \/>\n<script type=\"application\/ld+json\" class=\"yoast-schema-graph\">{\"@context\":\"https:\\\/\\\/schema.org\",\"@graph\":[{\"@type\":[\"WebPage\",\"ItemPage\"],\"@id\":\"https:\\\/\\\/cv-creativa.de\\\/producto\\\/asa-piel-vegana-para-clutch\\\/\",\"url\":\"https:\\\/\\\/cv-creativa.de\\\/producto\\\/asa-piel-vegana-para-clutch\\\/\",\"name\":\"Asa piel vegana para clutch -\",\"isPartOf\":{\"@id\":\"https:\\\/\\\/cv-creativa.de\\\/#website\"},\"primaryImageOfPage\":{\"@id\":\"https:\\\/\\\/cv-creativa.de\\\/producto\\\/asa-piel-vegana-para-clutch\\\/#primaryimage\"},\"image\":{\"@id\":\"https:\\\/\\\/cv-creativa.de\\\/producto\\\/asa-piel-vegana-para-clutch\\\/#primaryimage\"},\"thumbnailUrl\":\"https:\\\/\\\/cv-creativa.de\\\/wp-content\\\/uploads\\\/2021\\\/02\\\/Asa-piel-vegana.jpg\",\"datePublished\":\"2021-02-09T15:50:58+00:00\",\"dateModified\":\"2026-01-30T09:47:09+00:00\",\"breadcrumb\":{\"@id\":\"https:\\\/\\\/cv-creativa.de\\\/producto\\\/asa-piel-vegana-para-clutch\\\/#breadcrumb\"},\"inLanguage\":\"de\",\"potentialAction\":[{\"@type\":\"ReadAction\",\"target\":[\"https:\\\/\\\/cv-creativa.de\\\/producto\\\/asa-piel-vegana-para-clutch\\\/\"]}]},{\"@type\":\"ImageObject\",\"inLanguage\":\"de\",\"@id\":\"https:\\\/\\\/cv-creativa.de\\\/producto\\\/asa-piel-vegana-para-clutch\\\/#primaryimage\",\"url\":\"https:\\\/\\\/cv-creativa.de\\\/wp-content\\\/uploads\\\/2021\\\/02\\\/Asa-piel-vegana.jpg\",\"contentUrl\":\"https:\\\/\\\/cv-creativa.de\\\/wp-content\\\/uploads\\\/2021\\\/02\\\/Asa-piel-vegana.jpg\",\"width\":482,\"height\":443},{\"@type\":\"BreadcrumbList\",\"@id\":\"https:\\\/\\\/cv-creativa.de\\\/producto\\\/asa-piel-vegana-para-clutch\\\/#breadcrumb\",\"itemListElement\":[{\"@type\":\"ListItem\",\"position\":1,\"name\":\"Portada\",\"item\":\"https:\\\/\\\/cv-creativa.de\\\/\"},{\"@type\":\"ListItem\",\"position\":2,\"name\":\"Tienda\",\"item\":\"https:\\\/\\\/cv-creativa.de\\\/tienda\\\/\"},{\"@type\":\"ListItem\",\"position\":3,\"name\":\"Asa piel vegana para clutch\"}]},{\"@type\":\"WebSite\",\"@id\":\"https:\\\/\\\/cv-creativa.de\\\/#website\",\"url\":\"https:\\\/\\\/cv-creativa.de\\\/\",\"name\":\"Crea tu mundo. Crea tu estilo.\",\"description\":\"\",\"publisher\":{\"@id\":\"https:\\\/\\\/cv-creativa.de\\\/#organization\"},\"potentialAction\":[{\"@type\":\"SearchAction\",\"target\":{\"@type\":\"EntryPoint\",\"urlTemplate\":\"https:\\\/\\\/cv-creativa.de\\\/?s={search_term_string}\"},\"query-input\":{\"@type\":\"PropertyValueSpecification\",\"valueRequired\":true,\"valueName\":\"search_term_string\"}}],\"inLanguage\":\"de\"},{\"@type\":\"Organization\",\"@id\":\"https:\\\/\\\/cv-creativa.de\\\/#organization\",\"name\":\"cv-creativa\",\"url\":\"https:\\\/\\\/cv-creativa.de\\\/\",\"logo\":{\"@type\":\"ImageObject\",\"inLanguage\":\"de\",\"@id\":\"https:\\\/\\\/cv-creativa.de\\\/#\\\/schema\\\/logo\\\/image\\\/\",\"url\":\"https:\\\/\\\/cv-creativa.de\\\/wp-content\\\/uploads\\\/2021\\\/01\\\/cropped-Logo-nuevo.jpg\",\"contentUrl\":\"https:\\\/\\\/cv-creativa.de\\\/wp-content\\\/uploads\\\/2021\\\/01\\\/cropped-Logo-nuevo.jpg\",\"width\":173,\"height\":175,\"caption\":\"cv-creativa\"},\"image\":{\"@id\":\"https:\\\/\\\/cv-creativa.de\\\/#\\\/schema\\\/logo\\\/image\\\/\"},\"sameAs\":[\"https:\\\/\\\/www.facebook.com\\\/claudia.vigorenasalomon\",\"https:\\\/\\\/www.instagram.com\\\/cv_creativa\\\/\",\"https:\\\/\\\/www.pinterest.de\\\/cv_vigorena\"]}]}<\/script>\n<!-- \/ Yoast SEO plugin. -->","yoast_head_json":{"title":"Asa piel vegana para clutch -","robots":{"index":"index","follow":"follow","max-snippet":"max-snippet:-1","max-image-preview":"max-image-preview:large","max-video-preview":"max-video-preview:-1"},"canonical":"https:\/\/cv-creativa.de\/de\/produkt\/asa-piel-vegana-para-clutch\/","og_locale":"de_DE","og_type":"article","og_title":"Asa piel vegana para clutch -","og_description":"Color Platinium. (Gris metalizado)  &nbsp;  De conformidad con el art\u00edculo 19 de la Ley alemana del impuesto sobre el valor a\u00f1adido (UStG), no se aplicar\u00e1 el impuesto sobre el valor a\u00f1adido. + Gastos de env\u00edo","og_url":"https:\/\/cv-creativa.de\/de\/produkt\/asa-piel-vegana-para-clutch\/","article_publisher":"https:\/\/www.facebook.com\/claudia.vigorenasalomon","article_modified_time":"2026-01-30T09:47:09+00:00","og_image":[{"width":482,"height":443,"url":"http:\/\/cv-creativa.de\/wp-content\/uploads\/2021\/02\/Asa-piel-vegana.jpg","type":"image\/jpeg"}],"twitter_card":"summary_large_image","twitter_misc":{"Gesch\u00e4tzte Lesezeit":"1\u00a0Minute"},"schema":{"@context":"https:\/\/schema.org","@graph":[{"@type":["WebPage","ItemPage"],"@id":"https:\/\/cv-creativa.de\/producto\/asa-piel-vegana-para-clutch\/","url":"https:\/\/cv-creativa.de\/producto\/asa-piel-vegana-para-clutch\/","name":"Asa piel vegana para clutch -","isPartOf":{"@id":"https:\/\/cv-creativa.de\/#website"},"primaryImageOfPage":{"@id":"https:\/\/cv-creativa.de\/producto\/asa-piel-vegana-para-clutch\/#primaryimage"},"image":{"@id":"https:\/\/cv-creativa.de\/producto\/asa-piel-vegana-para-clutch\/#primaryimage"},"thumbnailUrl":"https:\/\/cv-creativa.de\/wp-content\/uploads\/2021\/02\/Asa-piel-vegana.jpg","datePublished":"2021-02-09T15:50:58+00:00","dateModified":"2026-01-30T09:47:09+00:00","breadcrumb":{"@id":"https:\/\/cv-creativa.de\/producto\/asa-piel-vegana-para-clutch\/#breadcrumb"},"inLanguage":"de","potentialAction":[{"@type":"ReadAction","target":["https:\/\/cv-creativa.de\/producto\/asa-piel-vegana-para-clutch\/"]}]},{"@type":"ImageObject","inLanguage":"de","@id":"https:\/\/cv-creativa.de\/producto\/asa-piel-vegana-para-clutch\/#primaryimage","url":"https:\/\/cv-creativa.de\/wp-content\/uploads\/2021\/02\/Asa-piel-vegana.jpg","contentUrl":"https:\/\/cv-creativa.de\/wp-content\/uploads\/2021\/02\/Asa-piel-vegana.jpg","width":482,"height":443},{"@type":"BreadcrumbList","@id":"https:\/\/cv-creativa.de\/producto\/asa-piel-vegana-para-clutch\/#breadcrumb","itemListElement":[{"@type":"ListItem","position":1,"name":"Portada","item":"https:\/\/cv-creativa.de\/"},{"@type":"ListItem","position":2,"name":"Tienda","item":"https:\/\/cv-creativa.de\/tienda\/"},{"@type":"ListItem","position":3,"name":"Asa piel vegana para clutch"}]},{"@type":"WebSite","@id":"https:\/\/cv-creativa.de\/#website","url":"https:\/\/cv-creativa.de\/","name":"Crea tu mundo. Crea tu estilo.","description":"","publisher":{"@id":"https:\/\/cv-creativa.de\/#organization"},"potentialAction":[{"@type":"SearchAction","target":{"@type":"EntryPoint","urlTemplate":"https:\/\/cv-creativa.de\/?s={search_term_string}"},"query-input":{"@type":"PropertyValueSpecification","valueRequired":true,"valueName":"search_term_string"}}],"inLanguage":"de"},{"@type":"Organization","@id":"https:\/\/cv-creativa.de\/#organization","name":"cv-creativa","url":"https:\/\/cv-creativa.de\/","logo":{"@type":"ImageObject","inLanguage":"de","@id":"https:\/\/cv-creativa.de\/#\/schema\/logo\/image\/","url":"https:\/\/cv-creativa.de\/wp-content\/uploads\/2021\/01\/cropped-Logo-nuevo.jpg","contentUrl":"https:\/\/cv-creativa.de\/wp-content\/uploads\/2021\/01\/cropped-Logo-nuevo.jpg","width":173,"height":175,"caption":"cv-creativa"},"image":{"@id":"https:\/\/cv-creativa.de\/#\/schema\/logo\/image\/"},"sameAs":["https:\/\/www.facebook.com\/claudia.vigorenasalomon","https:\/\/www.instagram.com\/cv_creativa\/","https:\/\/www.pinterest.de\/cv_vigorena"]}]}},"_links":{"self":[{"href":"https:\/\/cv-creativa.de\/de\/wp-json\/wp\/v2\/product\/583","targetHints":{"allow":["GET"]}}],"collection":[{"href":"https:\/\/cv-creativa.de\/de\/wp-json\/wp\/v2\/product"}],"about":[{"href":"https:\/\/cv-creativa.de\/de\/wp-json\/wp\/v2\/types\/product"}],"replies":[{"embeddable":true,"href":"https:\/\/cv-creativa.de\/de\/wp-json\/wp\/v2\/comments?post=583"}],"wp:featuredmedia":[{"embeddable":true,"href":"https:\/\/cv-creativa.de\/de\/wp-json\/wp\/v2\/media\/584"}],"wp:attachment":[{"href":"https:\/\/cv-creativa.de\/de\/wp-json\/wp\/v2\/media?parent=583"}],"wp:term":[{"taxonomy":"product_brand","embeddable":true,"href":"https:\/\/cv-creativa.de\/de\/wp-json\/wp\/v2\/product_brand?post=583"},{"taxonomy":"product_cat","embeddable":true,"href":"https:\/\/cv-creativa.de\/de\/wp-json\/wp\/v2\/product_cat?post=583"},{"taxonomy":"product_tag","embeddable":true,"href":"https:\/\/cv-creativa.de\/de\/wp-json\/wp\/v2\/product_tag?post=583"}],"curies":[{"name":"wp","href":"https:\/\/api.w.org\/{rel}","templated":true}]}}