{"id":594,"date":"2021-02-09T17:40:38","date_gmt":"2021-02-09T16:40:38","guid":{"rendered":"http:\/\/cv-creativa.de\/?post_type=product&#038;p=594"},"modified":"2026-02-10T09:00:13","modified_gmt":"2026-02-10T08:00:13","slug":"weggie-wool","status":"publish","type":"product","link":"https:\/\/cv-creativa.de\/de\/produkt\/weggie-wool\/","title":{"rendered":"Veggie Wool PETITE"},"content":{"rendered":"<div class=\"wpb_text_column\">\n<div class=\"wpb_wrapper\">\n<h3><strong>Veggie Wool \u2013 Vegane Wolle<\/strong><\/h3>\n<\/div>\n<\/div>\n<div class=\"wpb_text_column\">\n<div class=\"wpb_wrapper\">\n<p><strong>Zusammensetzung:<\/strong>\u00a0100 % dralon\u00ae, vegane Wolle<br \/>\n<strong>Farben:<\/strong>\u00a015 Farben<br \/>\n<strong>Format:\u00a0<\/strong>250-Gramm-Kn\u00e4uel und 500-Gramm-Konus<br \/>\n<strong>St\u00e4rke:<br \/>\n<\/strong><strong>5-f\u00e4dig (1 mm)<\/strong> Petit 250 Gramm \/ 500 Meter und 500 Gramm \/ 1.000 Meter. Nadelst\u00e4rke 4\u20135,5 mm.<br \/>\n<strong>10-f\u00e4dig (1,7 mm)<\/strong> Original 250 Gramm \/ 250 Meter und 500 Gramm \/ 500 Meter. Nadelst\u00e4rke 5\u20137 mm.<br \/>\n<strong>Schlauchgarn (2 mm)<\/strong> Veggie Air 50 Gramm \/ 50 Meter. Nadelst\u00e4rke 7\u20139 mm.<\/p>\n<p><small>BEI VEGGIE AIR WIRD DIE LAUFL\u00c4NGE GARANTIERT. DAS GEWICHT KANN JE NACH FARBE LEICHT VARIIEREN, DA DUNKLE FARBT\u00d6NE DURCH DAS F\u00c4RBEVERFAHREN ETWAS SCHWERER AUSFALLEN.<\/small><\/p>\n<\/div>\n<\/div>\n<p><strong>Anwendungen:\u00a0<\/strong>Super vielseitige Faser f\u00fcr Kleidung, Accessoires, Zubeh\u00f6r oder Dekoration \u2013 je nach gew\u00e4hlter Garnst\u00e4rke.<strong>\u00a0<\/strong><\/p>\n<p><strong>dralon\u00ae:\u00a0<\/strong>Trockengesponnene Faser, die auf dem Markt ihresgleichen sucht.<\/p>\n<p>Eigenschaften dieser Faser, aus der mehr als 90 % der Strickwaren f\u00fcr Babys und Kinder gefertigt werden:<\/p>\n<ul>\n<li>Sehr weich und angenehm im Griff.<\/li>\n<li>Ein sehr strapazierf\u00e4higes Garn, das widerstandsf\u00e4hig gegen Verschlei\u00df, Schmutz und Einlaufen beim Waschen ist.<\/li>\n<li>Waschbar bis 30 \u00b0C und sehr schnelltrocknend.<\/li>\n<li>Spendet angenehme W\u00e4rme.<\/li>\n<li>Widerstandsf\u00e4hig gegen Bakterien, Milben, Motten...<\/li>\n<li>Aufgrund ihrer hypoallergenen Eigenschaften ist sie eine der am besten geeigneten Fasern f\u00fcr Babykleidung. Sie reduziert das Risiko von Allergien oder Reizungen auf ein Minimum und ist \u00e4u\u00dferst vertr\u00e4glich f\u00fcr empfindliche Haut. Die gro\u00dfe Mehrheit der Kinder mit atopischer Haut vertr\u00e4gt Kleidungsst\u00fccke aus dieser Faser sehr gut.<strong><em>\u00a0<\/em><\/strong><\/li>\n<\/ul>","protected":false},"excerpt":{"rendered":"<p>Veggie Wool Arena PETTITE<\/p>\n<p>500 gr\/ 1000 m<\/p>\n<p>Empfohlene Nadelst\u00e4rke: 4\u20135,5 mm<\/p>\n<p>&nbsp;<\/p>","protected":false},"featured_media":1408,"comment_status":"open","ping_status":"closed","template":"","meta":{"neve_meta_sidebar":"","neve_meta_container":"","neve_meta_enable_content_width":"off","neve_meta_content_width":100,"neve_meta_title_alignment":"","neve_meta_author_avatar":"","neve_post_elements_order":"","neve_meta_disable_header":"","neve_meta_disable_footer":"","neve_meta_disable_title":""},"product_brand":[486],"product_cat":[29],"product_tag":[67,52,50,69],"class_list":{"0":"post-594","1":"product","2":"type-product","3":"status-publish","4":"has-post-thumbnail","6":"product_brand-casasol","7":"product_cat-hilados","8":"product_tag-arena","9":"product_tag-dralon","10":"product_tag-veggie","11":"product_tag-veggie-wool","12":"product_shipping_class-ropa-lanas-y-accesorios","13":"pa_color-arena","14":"pa_color-azul","15":"pa_color-gris","16":"pa_color-jade","18":"first","19":"instock","20":"purchasable","21":"product-type-variable"},"yoast_head":"<!-- This site is optimized with the Yoast SEO plugin v27.5 - https:\/\/yoast.com\/product\/yoast-seo-wordpress\/ -->\n<title>Veggie Wool PETITE -<\/title>\n<meta name=\"description\" content=\"Descubre Veggie Wool Petit de Casasol: la fibra vegana m\u00e1s suave e hipoalerg\u00e9nica. Ideal para ropa de beb\u00e9 y pieles at\u00f3picas. Calidad dralon\u00ae en tus agujas\" \/>\n<meta name=\"robots\" content=\"index, follow, max-snippet:-1, max-image-preview:large, max-video-preview:-1\" \/>\n<link rel=\"canonical\" href=\"https:\/\/cv-creativa.de\/de\/produkt\/weggie-wool\/\" \/>\n<meta property=\"og:locale\" content=\"de_DE\" \/>\n<meta property=\"og:type\" content=\"article\" \/>\n<meta property=\"og:title\" content=\"Veggie Wool PETITE -\" \/>\n<meta property=\"og:description\" content=\"Descubre Veggie Wool Petit de Casasol: la fibra vegana m\u00e1s suave e hipoalerg\u00e9nica. Ideal para ropa de beb\u00e9 y pieles at\u00f3picas. Calidad dralon\u00ae en tus agujas\" \/>\n<meta property=\"og:url\" content=\"https:\/\/cv-creativa.de\/de\/produkt\/weggie-wool\/\" \/>\n<meta property=\"article:publisher\" content=\"https:\/\/www.facebook.com\/claudia.vigorenasalomon\" \/>\n<meta property=\"article:modified_time\" content=\"2026-02-10T08:00:13+00:00\" \/>\n<meta property=\"og:image\" content=\"http:\/\/cv-creativa.de\/wp-content\/uploads\/2021\/02\/veggi-Wool.jpg\" \/>\n\t<meta property=\"og:image:width\" content=\"281\" \/>\n\t<meta property=\"og:image:height\" content=\"257\" \/>\n\t<meta property=\"og:image:type\" content=\"image\/jpeg\" \/>\n<meta name=\"twitter:card\" content=\"summary_large_image\" \/>\n<meta name=\"twitter:label1\" content=\"Gesch\u00e4tzte Lesezeit\" \/>\n\t<meta name=\"twitter:data1\" content=\"2\u00a0Minuten\" \/>\n<script type=\"application\/ld+json\" class=\"yoast-schema-graph\">{\"@context\":\"https:\\\/\\\/schema.org\",\"@graph\":[{\"@type\":[\"WebPage\",\"ItemPage\"],\"@id\":\"https:\\\/\\\/cv-creativa.de\\\/producto\\\/weggie-wool\\\/\",\"url\":\"https:\\\/\\\/cv-creativa.de\\\/producto\\\/weggie-wool\\\/\",\"name\":\"Veggie Wool PETITE -\",\"isPartOf\":{\"@id\":\"https:\\\/\\\/cv-creativa.de\\\/#website\"},\"primaryImageOfPage\":{\"@id\":\"https:\\\/\\\/cv-creativa.de\\\/producto\\\/weggie-wool\\\/#primaryimage\"},\"image\":{\"@id\":\"https:\\\/\\\/cv-creativa.de\\\/producto\\\/weggie-wool\\\/#primaryimage\"},\"thumbnailUrl\":\"https:\\\/\\\/cv-creativa.de\\\/wp-content\\\/uploads\\\/2021\\\/02\\\/veggi-Wool.jpg\",\"datePublished\":\"2021-02-09T16:40:38+00:00\",\"dateModified\":\"2026-02-10T08:00:13+00:00\",\"description\":\"Descubre Veggie Wool Petit de Casasol: la fibra vegana m\u00e1s suave e hipoalerg\u00e9nica. Ideal para ropa de beb\u00e9 y pieles at\u00f3picas. Calidad dralon\u00ae en tus agujas\",\"breadcrumb\":{\"@id\":\"https:\\\/\\\/cv-creativa.de\\\/producto\\\/weggie-wool\\\/#breadcrumb\"},\"inLanguage\":\"de\",\"potentialAction\":[{\"@type\":\"ReadAction\",\"target\":[\"https:\\\/\\\/cv-creativa.de\\\/producto\\\/weggie-wool\\\/\"]}]},{\"@type\":\"ImageObject\",\"inLanguage\":\"de\",\"@id\":\"https:\\\/\\\/cv-creativa.de\\\/producto\\\/weggie-wool\\\/#primaryimage\",\"url\":\"https:\\\/\\\/cv-creativa.de\\\/wp-content\\\/uploads\\\/2021\\\/02\\\/veggi-Wool.jpg\",\"contentUrl\":\"https:\\\/\\\/cv-creativa.de\\\/wp-content\\\/uploads\\\/2021\\\/02\\\/veggi-Wool.jpg\",\"width\":281,\"height\":257},{\"@type\":\"BreadcrumbList\",\"@id\":\"https:\\\/\\\/cv-creativa.de\\\/producto\\\/weggie-wool\\\/#breadcrumb\",\"itemListElement\":[{\"@type\":\"ListItem\",\"position\":1,\"name\":\"Portada\",\"item\":\"https:\\\/\\\/cv-creativa.de\\\/\"},{\"@type\":\"ListItem\",\"position\":2,\"name\":\"Tienda\",\"item\":\"https:\\\/\\\/cv-creativa.de\\\/tienda\\\/\"},{\"@type\":\"ListItem\",\"position\":3,\"name\":\"Veggie Wool PETITE\"}]},{\"@type\":\"WebSite\",\"@id\":\"https:\\\/\\\/cv-creativa.de\\\/#website\",\"url\":\"https:\\\/\\\/cv-creativa.de\\\/\",\"name\":\"Crea tu mundo. Crea tu estilo.\",\"description\":\"\",\"publisher\":{\"@id\":\"https:\\\/\\\/cv-creativa.de\\\/#organization\"},\"potentialAction\":[{\"@type\":\"SearchAction\",\"target\":{\"@type\":\"EntryPoint\",\"urlTemplate\":\"https:\\\/\\\/cv-creativa.de\\\/?s={search_term_string}\"},\"query-input\":{\"@type\":\"PropertyValueSpecification\",\"valueRequired\":true,\"valueName\":\"search_term_string\"}}],\"inLanguage\":\"de\"},{\"@type\":\"Organization\",\"@id\":\"https:\\\/\\\/cv-creativa.de\\\/#organization\",\"name\":\"cv-creativa\",\"url\":\"https:\\\/\\\/cv-creativa.de\\\/\",\"logo\":{\"@type\":\"ImageObject\",\"inLanguage\":\"de\",\"@id\":\"https:\\\/\\\/cv-creativa.de\\\/#\\\/schema\\\/logo\\\/image\\\/\",\"url\":\"https:\\\/\\\/cv-creativa.de\\\/wp-content\\\/uploads\\\/2021\\\/01\\\/cropped-Logo-nuevo.jpg\",\"contentUrl\":\"https:\\\/\\\/cv-creativa.de\\\/wp-content\\\/uploads\\\/2021\\\/01\\\/cropped-Logo-nuevo.jpg\",\"width\":173,\"height\":175,\"caption\":\"cv-creativa\"},\"image\":{\"@id\":\"https:\\\/\\\/cv-creativa.de\\\/#\\\/schema\\\/logo\\\/image\\\/\"},\"sameAs\":[\"https:\\\/\\\/www.facebook.com\\\/claudia.vigorenasalomon\",\"https:\\\/\\\/www.instagram.com\\\/cv_creativa\\\/\",\"https:\\\/\\\/www.pinterest.de\\\/cv_vigorena\"]}]}<\/script>\n<!-- \/ Yoast SEO plugin. -->","yoast_head_json":{"title":"Veggie Wool PETITE -","description":"Descubre Veggie Wool Petit de Casasol: la fibra vegana m\u00e1s suave e hipoalerg\u00e9nica. Ideal para ropa de beb\u00e9 y pieles at\u00f3picas. Calidad dralon\u00ae en tus agujas","robots":{"index":"index","follow":"follow","max-snippet":"max-snippet:-1","max-image-preview":"max-image-preview:large","max-video-preview":"max-video-preview:-1"},"canonical":"https:\/\/cv-creativa.de\/de\/produkt\/weggie-wool\/","og_locale":"de_DE","og_type":"article","og_title":"Veggie Wool PETITE -","og_description":"Descubre Veggie Wool Petit de Casasol: la fibra vegana m\u00e1s suave e hipoalerg\u00e9nica. Ideal para ropa de beb\u00e9 y pieles at\u00f3picas. Calidad dralon\u00ae en tus agujas","og_url":"https:\/\/cv-creativa.de\/de\/produkt\/weggie-wool\/","article_publisher":"https:\/\/www.facebook.com\/claudia.vigorenasalomon","article_modified_time":"2026-02-10T08:00:13+00:00","og_image":[{"width":281,"height":257,"url":"http:\/\/cv-creativa.de\/wp-content\/uploads\/2021\/02\/veggi-Wool.jpg","type":"image\/jpeg"}],"twitter_card":"summary_large_image","twitter_misc":{"Gesch\u00e4tzte Lesezeit":"2\u00a0Minuten"},"schema":{"@context":"https:\/\/schema.org","@graph":[{"@type":["WebPage","ItemPage"],"@id":"https:\/\/cv-creativa.de\/producto\/weggie-wool\/","url":"https:\/\/cv-creativa.de\/producto\/weggie-wool\/","name":"Veggie Wool PETITE -","isPartOf":{"@id":"https:\/\/cv-creativa.de\/#website"},"primaryImageOfPage":{"@id":"https:\/\/cv-creativa.de\/producto\/weggie-wool\/#primaryimage"},"image":{"@id":"https:\/\/cv-creativa.de\/producto\/weggie-wool\/#primaryimage"},"thumbnailUrl":"https:\/\/cv-creativa.de\/wp-content\/uploads\/2021\/02\/veggi-Wool.jpg","datePublished":"2021-02-09T16:40:38+00:00","dateModified":"2026-02-10T08:00:13+00:00","description":"Descubre Veggie Wool Petit de Casasol: la fibra vegana m\u00e1s suave e hipoalerg\u00e9nica. Ideal para ropa de beb\u00e9 y pieles at\u00f3picas. Calidad dralon\u00ae en tus agujas","breadcrumb":{"@id":"https:\/\/cv-creativa.de\/producto\/weggie-wool\/#breadcrumb"},"inLanguage":"de","potentialAction":[{"@type":"ReadAction","target":["https:\/\/cv-creativa.de\/producto\/weggie-wool\/"]}]},{"@type":"ImageObject","inLanguage":"de","@id":"https:\/\/cv-creativa.de\/producto\/weggie-wool\/#primaryimage","url":"https:\/\/cv-creativa.de\/wp-content\/uploads\/2021\/02\/veggi-Wool.jpg","contentUrl":"https:\/\/cv-creativa.de\/wp-content\/uploads\/2021\/02\/veggi-Wool.jpg","width":281,"height":257},{"@type":"BreadcrumbList","@id":"https:\/\/cv-creativa.de\/producto\/weggie-wool\/#breadcrumb","itemListElement":[{"@type":"ListItem","position":1,"name":"Portada","item":"https:\/\/cv-creativa.de\/"},{"@type":"ListItem","position":2,"name":"Tienda","item":"https:\/\/cv-creativa.de\/tienda\/"},{"@type":"ListItem","position":3,"name":"Veggie Wool PETITE"}]},{"@type":"WebSite","@id":"https:\/\/cv-creativa.de\/#website","url":"https:\/\/cv-creativa.de\/","name":"Crea tu mundo. Crea tu estilo.","description":"","publisher":{"@id":"https:\/\/cv-creativa.de\/#organization"},"potentialAction":[{"@type":"SearchAction","target":{"@type":"EntryPoint","urlTemplate":"https:\/\/cv-creativa.de\/?s={search_term_string}"},"query-input":{"@type":"PropertyValueSpecification","valueRequired":true,"valueName":"search_term_string"}}],"inLanguage":"de"},{"@type":"Organization","@id":"https:\/\/cv-creativa.de\/#organization","name":"cv-creativa","url":"https:\/\/cv-creativa.de\/","logo":{"@type":"ImageObject","inLanguage":"de","@id":"https:\/\/cv-creativa.de\/#\/schema\/logo\/image\/","url":"https:\/\/cv-creativa.de\/wp-content\/uploads\/2021\/01\/cropped-Logo-nuevo.jpg","contentUrl":"https:\/\/cv-creativa.de\/wp-content\/uploads\/2021\/01\/cropped-Logo-nuevo.jpg","width":173,"height":175,"caption":"cv-creativa"},"image":{"@id":"https:\/\/cv-creativa.de\/#\/schema\/logo\/image\/"},"sameAs":["https:\/\/www.facebook.com\/claudia.vigorenasalomon","https:\/\/www.instagram.com\/cv_creativa\/","https:\/\/www.pinterest.de\/cv_vigorena"]}]}},"_links":{"self":[{"href":"https:\/\/cv-creativa.de\/de\/wp-json\/wp\/v2\/product\/594","targetHints":{"allow":["GET"]}}],"collection":[{"href":"https:\/\/cv-creativa.de\/de\/wp-json\/wp\/v2\/product"}],"about":[{"href":"https:\/\/cv-creativa.de\/de\/wp-json\/wp\/v2\/types\/product"}],"replies":[{"embeddable":true,"href":"https:\/\/cv-creativa.de\/de\/wp-json\/wp\/v2\/comments?post=594"}],"wp:featuredmedia":[{"embeddable":true,"href":"https:\/\/cv-creativa.de\/de\/wp-json\/wp\/v2\/media\/1408"}],"wp:attachment":[{"href":"https:\/\/cv-creativa.de\/de\/wp-json\/wp\/v2\/media?parent=594"}],"wp:term":[{"taxonomy":"product_brand","embeddable":true,"href":"https:\/\/cv-creativa.de\/de\/wp-json\/wp\/v2\/product_brand?post=594"},{"taxonomy":"product_cat","embeddable":true,"href":"https:\/\/cv-creativa.de\/de\/wp-json\/wp\/v2\/product_cat?post=594"},{"taxonomy":"product_tag","embeddable":true,"href":"https:\/\/cv-creativa.de\/de\/wp-json\/wp\/v2\/product_tag?post=594"}],"curies":[{"name":"wp","href":"https:\/\/api.w.org\/{rel}","templated":true}]}}