{"id":617,"date":"2021-02-10T15:26:02","date_gmt":"2021-02-10T14:26:02","guid":{"rendered":"http:\/\/cv-creativa.de\/?post_type=product&#038;p=617"},"modified":"2026-02-09T16:26:12","modified_gmt":"2026-02-09T15:26:12","slug":"palomita-worsted","status":"publish","type":"product","link":"https:\/\/cv-creativa.de\/de\/produkt\/palomita-worsted\/","title":{"rendered":"Palomita Worsted"},"content":{"rendered":"<div class=\"wpb_text_column\">\n<div class=\"wpb_wrapper\">\n<h1><strong>Baumwolle mit Wolloptik \u2013 Popcorn<\/strong><\/h1>\n<\/div>\n<\/div>\n<div class=\"wpb_text_column\">\n<div class=\"wpb_wrapper\">\n<h4><strong>Technische Daten:<\/strong><\/h4>\n<\/div>\n<\/div>\n<div class=\"wpb_text_column\">\n<div class=\"wpb_wrapper\">\n<p><strong>Zusammensetzung:<\/strong>\u00a0100 % Baumwolle<\/p>\n<p><strong>Farben:<\/strong>\u00a08 Farben<\/p>\n<p><strong>Format:\u00a0<\/strong>Kn\u00e4uel<\/p>\n<p><strong>St\u00e4rke:\u00a0<\/strong><strong>(2 mm)<\/strong> 100 Gramm\/170 Meter und 200 Gramm\/340 Meter. Nadelst\u00e4rke 4-6 mm<\/p>\n<p><strong>Anwendungen:\u00a0<\/strong>Wir empfehlen es f\u00fcr Kleidung, Babydecken usw., da es sich um Baumwolle ohne Acrylanteil handelt.<\/p>\n<p>Es handelt sich um ein Garn aus 100 % Baumwolle mit Wollstruktur, das einen Woll-Effekt hat, aber da es zu 100 % aus Baumwolle besteht, w\u00e4rmt es nicht. Es wird f\u00fcr den Fr\u00fchling und Herbst empfohlen, da es ein weiches und leichtes Material ist, aber nicht wie Wolle w\u00e4rmt, da es zu 100 % aus Baumwolle besteht. Sein gekr\u00e4useltes Aussehen verleiht ihm eine flauschige Optik, die sich sehr angenehm anf\u00fchlt, und er bildet eine Kr\u00e4uselung, die an Popcorn erinnert, daher auch sein Name.<\/p>\n<p>Um Baumwolle mit Woll-Effekt zu erhalten, verdichten wir die Baumwolle nicht, um sie zu flechten, sondern wickeln nach dem Spinnen einen Faden um den Baumwollfaden, wodurch die Baumwolle flauschig bleibt, aber widerstandsf\u00e4hig wird und eine Textur erh\u00e4lt, wodurch dieser Popcorn-Effekt erzielt wird.<\/p>\n<p>Es hat fast ein Jahr gedauert, bis wir eine 100 %ige Baumwolle entwickelt hatten, die wie Wolle aussieht, sowohl f\u00fcr den Herbst als auch f\u00fcr den Fr\u00fchling geeignet ist, nichts wiegt und besonders weich und leicht ist.<\/p>\n<\/div>\n<\/div>","protected":false},"excerpt":{"rendered":"<p>Algod\u00f3n efecto lana \u2013 Palomitas Ficha t\u00e9cnica: Composici\u00f3n:\u00a0100% algod\u00f3n Colores:\u00a08 colores Formato:\u00a0Ovillo Grosor:\u00a0(2 mm) 100 gramos\/ 170 metros y 200 gramos\/340 metros. Aguja 4-6 mm Aplicaciones:\u00a0Lo recomendamos para prendas de vestir, mantas de beb\u00e9\u2026 al ser un algod\u00f3n sin nada de acr\u00edlico. Es un hilo compuesto por 100% algod\u00f3n con textura de lana, es efecto&hellip;&nbsp;<a href=\"https:\/\/cv-creativa.de\/de\/produkt\/palomita-worsted\/\" rel=\"bookmark\">Weiterlesen &raquo;<span class=\"screen-reader-text\">Palomita Worsted<\/span><\/a><\/p>","protected":false},"featured_media":615,"comment_status":"open","ping_status":"closed","template":"","meta":{"neve_meta_sidebar":"","neve_meta_container":"","neve_meta_enable_content_width":"off","neve_meta_content_width":100,"neve_meta_title_alignment":"","neve_meta_author_avatar":"","neve_post_elements_order":"","neve_meta_disable_header":"","neve_meta_disable_footer":"","neve_meta_disable_title":""},"product_brand":[486],"product_cat":[29],"product_tag":[39,73,60,71],"class_list":{"0":"post-617","1":"product","2":"type-product","3":"status-publish","4":"has-post-thumbnail","6":"product_brand-casasol","7":"product_cat-hilados","8":"product_tag-algodon","9":"product_tag-casasol-filicolor","10":"product_tag-gris","11":"product_tag-palomita","12":"product_shipping_class-ropa-lanas-y-accesorios","13":"pa_color-camel","14":"pa_color-gris-claro","15":"pa_color-rosa-nude","17":"first","18":"instock","19":"purchasable","20":"product-type-variable"},"yoast_head":"<!-- This site is optimized with the Yoast SEO plugin v27.6 - https:\/\/yoast.com\/product\/yoast-seo-wordpress\/ -->\n<title>Palomita Worsted -<\/title>\n<meta name=\"description\" content=\"Palomitas, algod\u00f3n efecto lana compuesto por 100% algod\u00f3n con textura de lana, no abriga, se recomienda para primavera y oto\u00f1o.\" \/>\n<meta name=\"robots\" content=\"index, follow, max-snippet:-1, max-image-preview:large, max-video-preview:-1\" \/>\n<link rel=\"canonical\" href=\"https:\/\/cv-creativa.de\/de\/produkt\/palomita-worsted\/\" \/>\n<meta property=\"og:locale\" content=\"de_DE\" \/>\n<meta property=\"og:type\" content=\"article\" \/>\n<meta property=\"og:title\" content=\"Palomita Worsted -\" \/>\n<meta property=\"og:description\" content=\"Palomitas, algod\u00f3n efecto lana compuesto por 100% algod\u00f3n con textura de lana, no abriga, se recomienda para primavera y oto\u00f1o.\" \/>\n<meta property=\"og:url\" content=\"https:\/\/cv-creativa.de\/de\/produkt\/palomita-worsted\/\" \/>\n<meta property=\"article:publisher\" content=\"https:\/\/www.facebook.com\/claudia.vigorenasalomon\" \/>\n<meta property=\"article:modified_time\" content=\"2026-02-09T15:26:12+00:00\" \/>\n<meta property=\"og:image\" content=\"http:\/\/cv-creativa.de\/wp-content\/uploads\/2021\/02\/Palomita-Rosa-nude-Worsted.jpg\" \/>\n\t<meta property=\"og:image:width\" content=\"557\" \/>\n\t<meta property=\"og:image:height\" content=\"558\" \/>\n\t<meta property=\"og:image:type\" content=\"image\/jpeg\" \/>\n<meta name=\"twitter:card\" content=\"summary_large_image\" \/>\n<meta name=\"twitter:label1\" content=\"Gesch\u00e4tzte Lesezeit\" \/>\n\t<meta name=\"twitter:data1\" content=\"2\u00a0Minuten\" \/>\n<script type=\"application\/ld+json\" class=\"yoast-schema-graph\">{\"@context\":\"https:\\\/\\\/schema.org\",\"@graph\":[{\"@type\":[\"WebPage\",\"ItemPage\"],\"@id\":\"https:\\\/\\\/cv-creativa.de\\\/producto\\\/palomita-worsted\\\/\",\"url\":\"https:\\\/\\\/cv-creativa.de\\\/producto\\\/palomita-worsted\\\/\",\"name\":\"Palomita Worsted -\",\"isPartOf\":{\"@id\":\"https:\\\/\\\/cv-creativa.de\\\/#website\"},\"primaryImageOfPage\":{\"@id\":\"https:\\\/\\\/cv-creativa.de\\\/producto\\\/palomita-worsted\\\/#primaryimage\"},\"image\":{\"@id\":\"https:\\\/\\\/cv-creativa.de\\\/producto\\\/palomita-worsted\\\/#primaryimage\"},\"thumbnailUrl\":\"https:\\\/\\\/cv-creativa.de\\\/wp-content\\\/uploads\\\/2021\\\/02\\\/Palomita-Rosa-nude-Worsted.jpg\",\"datePublished\":\"2021-02-10T14:26:02+00:00\",\"dateModified\":\"2026-02-09T15:26:12+00:00\",\"description\":\"Palomitas, algod\u00f3n efecto lana compuesto por 100% algod\u00f3n con textura de lana, no abriga, se recomienda para primavera y oto\u00f1o.\",\"breadcrumb\":{\"@id\":\"https:\\\/\\\/cv-creativa.de\\\/producto\\\/palomita-worsted\\\/#breadcrumb\"},\"inLanguage\":\"de\",\"potentialAction\":[{\"@type\":\"ReadAction\",\"target\":[\"https:\\\/\\\/cv-creativa.de\\\/producto\\\/palomita-worsted\\\/\"]}]},{\"@type\":\"ImageObject\",\"inLanguage\":\"de\",\"@id\":\"https:\\\/\\\/cv-creativa.de\\\/producto\\\/palomita-worsted\\\/#primaryimage\",\"url\":\"https:\\\/\\\/cv-creativa.de\\\/wp-content\\\/uploads\\\/2021\\\/02\\\/Palomita-Rosa-nude-Worsted.jpg\",\"contentUrl\":\"https:\\\/\\\/cv-creativa.de\\\/wp-content\\\/uploads\\\/2021\\\/02\\\/Palomita-Rosa-nude-Worsted.jpg\",\"width\":557,\"height\":558},{\"@type\":\"BreadcrumbList\",\"@id\":\"https:\\\/\\\/cv-creativa.de\\\/producto\\\/palomita-worsted\\\/#breadcrumb\",\"itemListElement\":[{\"@type\":\"ListItem\",\"position\":1,\"name\":\"Portada\",\"item\":\"https:\\\/\\\/cv-creativa.de\\\/\"},{\"@type\":\"ListItem\",\"position\":2,\"name\":\"Tienda\",\"item\":\"https:\\\/\\\/cv-creativa.de\\\/tienda\\\/\"},{\"@type\":\"ListItem\",\"position\":3,\"name\":\"Palomita Worsted\"}]},{\"@type\":\"WebSite\",\"@id\":\"https:\\\/\\\/cv-creativa.de\\\/#website\",\"url\":\"https:\\\/\\\/cv-creativa.de\\\/\",\"name\":\"Crea tu mundo. Crea tu estilo.\",\"description\":\"\",\"publisher\":{\"@id\":\"https:\\\/\\\/cv-creativa.de\\\/#organization\"},\"potentialAction\":[{\"@type\":\"SearchAction\",\"target\":{\"@type\":\"EntryPoint\",\"urlTemplate\":\"https:\\\/\\\/cv-creativa.de\\\/?s={search_term_string}\"},\"query-input\":{\"@type\":\"PropertyValueSpecification\",\"valueRequired\":true,\"valueName\":\"search_term_string\"}}],\"inLanguage\":\"de\"},{\"@type\":\"Organization\",\"@id\":\"https:\\\/\\\/cv-creativa.de\\\/#organization\",\"name\":\"cv-creativa\",\"url\":\"https:\\\/\\\/cv-creativa.de\\\/\",\"logo\":{\"@type\":\"ImageObject\",\"inLanguage\":\"de\",\"@id\":\"https:\\\/\\\/cv-creativa.de\\\/#\\\/schema\\\/logo\\\/image\\\/\",\"url\":\"https:\\\/\\\/cv-creativa.de\\\/wp-content\\\/uploads\\\/2021\\\/01\\\/cropped-Logo-nuevo.jpg\",\"contentUrl\":\"https:\\\/\\\/cv-creativa.de\\\/wp-content\\\/uploads\\\/2021\\\/01\\\/cropped-Logo-nuevo.jpg\",\"width\":173,\"height\":175,\"caption\":\"cv-creativa\"},\"image\":{\"@id\":\"https:\\\/\\\/cv-creativa.de\\\/#\\\/schema\\\/logo\\\/image\\\/\"},\"sameAs\":[\"https:\\\/\\\/www.facebook.com\\\/claudia.vigorenasalomon\",\"https:\\\/\\\/www.instagram.com\\\/cv_creativa\\\/\",\"https:\\\/\\\/www.pinterest.de\\\/cv_vigorena\"]}]}<\/script>\n<!-- \/ Yoast SEO plugin. -->","yoast_head_json":{"title":"Palomita Worsted -","description":"Palomitas, algod\u00f3n efecto lana compuesto por 100% algod\u00f3n con textura de lana, no abriga, se recomienda para primavera y oto\u00f1o.","robots":{"index":"index","follow":"follow","max-snippet":"max-snippet:-1","max-image-preview":"max-image-preview:large","max-video-preview":"max-video-preview:-1"},"canonical":"https:\/\/cv-creativa.de\/de\/produkt\/palomita-worsted\/","og_locale":"de_DE","og_type":"article","og_title":"Palomita Worsted -","og_description":"Palomitas, algod\u00f3n efecto lana compuesto por 100% algod\u00f3n con textura de lana, no abriga, se recomienda para primavera y oto\u00f1o.","og_url":"https:\/\/cv-creativa.de\/de\/produkt\/palomita-worsted\/","article_publisher":"https:\/\/www.facebook.com\/claudia.vigorenasalomon","article_modified_time":"2026-02-09T15:26:12+00:00","og_image":[{"width":557,"height":558,"url":"http:\/\/cv-creativa.de\/wp-content\/uploads\/2021\/02\/Palomita-Rosa-nude-Worsted.jpg","type":"image\/jpeg"}],"twitter_card":"summary_large_image","twitter_misc":{"Gesch\u00e4tzte Lesezeit":"2\u00a0Minuten"},"schema":{"@context":"https:\/\/schema.org","@graph":[{"@type":["WebPage","ItemPage"],"@id":"https:\/\/cv-creativa.de\/producto\/palomita-worsted\/","url":"https:\/\/cv-creativa.de\/producto\/palomita-worsted\/","name":"Palomita Worsted -","isPartOf":{"@id":"https:\/\/cv-creativa.de\/#website"},"primaryImageOfPage":{"@id":"https:\/\/cv-creativa.de\/producto\/palomita-worsted\/#primaryimage"},"image":{"@id":"https:\/\/cv-creativa.de\/producto\/palomita-worsted\/#primaryimage"},"thumbnailUrl":"https:\/\/cv-creativa.de\/wp-content\/uploads\/2021\/02\/Palomita-Rosa-nude-Worsted.jpg","datePublished":"2021-02-10T14:26:02+00:00","dateModified":"2026-02-09T15:26:12+00:00","description":"Palomitas, algod\u00f3n efecto lana compuesto por 100% algod\u00f3n con textura de lana, no abriga, se recomienda para primavera y oto\u00f1o.","breadcrumb":{"@id":"https:\/\/cv-creativa.de\/producto\/palomita-worsted\/#breadcrumb"},"inLanguage":"de","potentialAction":[{"@type":"ReadAction","target":["https:\/\/cv-creativa.de\/producto\/palomita-worsted\/"]}]},{"@type":"ImageObject","inLanguage":"de","@id":"https:\/\/cv-creativa.de\/producto\/palomita-worsted\/#primaryimage","url":"https:\/\/cv-creativa.de\/wp-content\/uploads\/2021\/02\/Palomita-Rosa-nude-Worsted.jpg","contentUrl":"https:\/\/cv-creativa.de\/wp-content\/uploads\/2021\/02\/Palomita-Rosa-nude-Worsted.jpg","width":557,"height":558},{"@type":"BreadcrumbList","@id":"https:\/\/cv-creativa.de\/producto\/palomita-worsted\/#breadcrumb","itemListElement":[{"@type":"ListItem","position":1,"name":"Portada","item":"https:\/\/cv-creativa.de\/"},{"@type":"ListItem","position":2,"name":"Tienda","item":"https:\/\/cv-creativa.de\/tienda\/"},{"@type":"ListItem","position":3,"name":"Palomita Worsted"}]},{"@type":"WebSite","@id":"https:\/\/cv-creativa.de\/#website","url":"https:\/\/cv-creativa.de\/","name":"Crea tu mundo. Crea tu estilo.","description":"","publisher":{"@id":"https:\/\/cv-creativa.de\/#organization"},"potentialAction":[{"@type":"SearchAction","target":{"@type":"EntryPoint","urlTemplate":"https:\/\/cv-creativa.de\/?s={search_term_string}"},"query-input":{"@type":"PropertyValueSpecification","valueRequired":true,"valueName":"search_term_string"}}],"inLanguage":"de"},{"@type":"Organization","@id":"https:\/\/cv-creativa.de\/#organization","name":"cv-creativa","url":"https:\/\/cv-creativa.de\/","logo":{"@type":"ImageObject","inLanguage":"de","@id":"https:\/\/cv-creativa.de\/#\/schema\/logo\/image\/","url":"https:\/\/cv-creativa.de\/wp-content\/uploads\/2021\/01\/cropped-Logo-nuevo.jpg","contentUrl":"https:\/\/cv-creativa.de\/wp-content\/uploads\/2021\/01\/cropped-Logo-nuevo.jpg","width":173,"height":175,"caption":"cv-creativa"},"image":{"@id":"https:\/\/cv-creativa.de\/#\/schema\/logo\/image\/"},"sameAs":["https:\/\/www.facebook.com\/claudia.vigorenasalomon","https:\/\/www.instagram.com\/cv_creativa\/","https:\/\/www.pinterest.de\/cv_vigorena"]}]}},"_links":{"self":[{"href":"https:\/\/cv-creativa.de\/de\/wp-json\/wp\/v2\/product\/617","targetHints":{"allow":["GET"]}}],"collection":[{"href":"https:\/\/cv-creativa.de\/de\/wp-json\/wp\/v2\/product"}],"about":[{"href":"https:\/\/cv-creativa.de\/de\/wp-json\/wp\/v2\/types\/product"}],"replies":[{"embeddable":true,"href":"https:\/\/cv-creativa.de\/de\/wp-json\/wp\/v2\/comments?post=617"}],"wp:featuredmedia":[{"embeddable":true,"href":"https:\/\/cv-creativa.de\/de\/wp-json\/wp\/v2\/media\/615"}],"wp:attachment":[{"href":"https:\/\/cv-creativa.de\/de\/wp-json\/wp\/v2\/media?parent=617"}],"wp:term":[{"taxonomy":"product_brand","embeddable":true,"href":"https:\/\/cv-creativa.de\/de\/wp-json\/wp\/v2\/product_brand?post=617"},{"taxonomy":"product_cat","embeddable":true,"href":"https:\/\/cv-creativa.de\/de\/wp-json\/wp\/v2\/product_cat?post=617"},{"taxonomy":"product_tag","embeddable":true,"href":"https:\/\/cv-creativa.de\/de\/wp-json\/wp\/v2\/product_tag?post=617"}],"curies":[{"name":"wp","href":"https:\/\/api.w.org\/{rel}","templated":true}]}}