{"id":635,"date":"2021-02-11T08:22:54","date_gmt":"2021-02-11T07:22:54","guid":{"rendered":"http:\/\/cv-creativa.de\/?post_type=product&#038;p=635"},"modified":"2026-03-12T16:22:39","modified_gmt":"2026-03-12T15:22:39","slug":"algodon-peinado-pistacho-l","status":"publish","type":"product","link":"https:\/\/cv-creativa.de\/de\/produkt\/algodon-peinado-pistacho-l\/","title":{"rendered":"Algod\u00f3n peinado CASASOL"},"content":{"rendered":"<div class=\"wpb_text_column\">\n<div class=\"wpb_wrapper\">\n<div class=\"wpb_text_column\">\n<div class=\"wpb_wrapper\">\n<h1><strong>100 % gek\u00e4mmte Bio-Baumwolle Organic Detox<\/strong><\/h1>\n<\/div>\n<\/div>\n<div class=\"wpb_text_column\">\n<div class=\"wpb_wrapper\">\n<h4><strong>Technische Daten:<\/strong><\/h4>\n<\/div>\n<\/div>\n<div class=\"wpb_text_column\">\n<div class=\"wpb_wrapper\">\n<p><strong>Zusammensetzung:<\/strong>\u00a0100 % gek\u00e4mmte Bio-Baumwolle und Detox<\/p>\n<p><strong>Farben:<\/strong>\u00a030 Uni-Farben<\/p>\n<p><strong>Format:\u00a0<\/strong>Kegel<\/p>\n<p><strong>St\u00e4rke:<\/strong><\/p>\n<p><strong>M<\/strong>\u00a04-f\u00e4dig\u00a0<strong>(1 mm)<\/strong> 100 gramos\/300 metros. Aguja 2-3 mm<\/p>\n<p><strong>L<\/strong>\u00a06-f\u00e4dig\u00a0<strong>(1.5 mm)<\/strong> 200 gramos\/400 metros. Aguja 3-5 mm<\/p>\n<p><strong>XL<\/strong>\u00a0mit 12 Str\u00e4ngen\u00a0<strong>(2 mm)<\/strong> 200 gramos\/200metros. Aguja 4-6 mm<\/p>\n<p><strong>3XL<\/strong>\u00a036-f\u00e4dig\u00a0<strong>(3 mm)<\/strong> 250 gramos\/75metros. Aguja 7-9 mm<\/p>\n<p><strong>Anwendungen:\u00a0<\/strong>Kammgarn ist ein vielseitiges Material, das sich f\u00fcr verschiedene Techniken eignet: H\u00e4keln, Stricken, Makramee, Punch Needle, Sticken ...<\/p>\n<p><strong>M:\u00a0<\/strong>en 50 gr especial para amigurumis. En 100 gr prendas finas y delicadas.<\/p>\n<p><strong>L und XL:<\/strong>\u00a0Kleidungsst\u00fccke wie Schals, Pullover...<\/p>\n<p><strong>XL:<\/strong>\u00a0Accessoires oder Erg\u00e4nzungen wie Taschen, Kissen, Handtaschen, Decken.<\/p>\n<p><strong>3XL:<\/strong>\u00a0F\u00fcr Accessoires oder Erg\u00e4nzungen mit viel Volumen oder f\u00fcr Makramee.<\/p>\n<p>CASASOL-Baumwolle ist eine 100 % gek\u00e4mmte, biologische und entgiftete Baumwolle.<\/p>\n<\/div>\n<\/div>\n<h4><strong>100 % gek\u00e4mmte Bio-Baumwolle Organic Detox<\/strong><\/h4>\n<\/div>\n<\/div>\n<div class=\"wpb_text_column\">\n<div class=\"wpb_wrapper\">\n<p>&nbsp;<\/p>\n<\/div>\n<\/div>","protected":false},"excerpt":{"rendered":"<p>Gek\u00e4mmte Baumwolle L<\/p>\n<p>IDEAL F\u00dcR AMIGURUMIS UND BEKLEIDUNG<\/p>\n<p>200 gr \/ 400 m<\/p>\n<p>Agujas recomendadas: 2- 3 mm<\/p>","protected":false},"featured_media":1421,"comment_status":"open","ping_status":"closed","template":"","meta":{"neve_meta_sidebar":"","neve_meta_container":"","neve_meta_enable_content_width":"off","neve_meta_content_width":100,"neve_meta_title_alignment":"","neve_meta_author_avatar":"","neve_post_elements_order":"","neve_meta_disable_header":"","neve_meta_disable_footer":"","neve_meta_disable_title":""},"product_brand":[486],"product_cat":[29],"product_tag":[27,73,49],"class_list":{"0":"post-635","1":"product","2":"type-product","3":"status-publish","4":"has-post-thumbnail","6":"product_brand-casasol","7":"product_cat-hilados","8":"product_tag-algodon-peinado","9":"product_tag-casasol-filicolor","10":"product_tag-pistacho","11":"product_shipping_class-ropa-lanas-y-accesorios","12":"pa_color-azul-acero","13":"pa_color-choco-marron","14":"pa_color-malva","15":"pa_color-natural","16":"pa_color-negro","17":"pa_color-pistacho","18":"pa_color-rojo","19":"pa_color-turquesa","20":"pa_grosor-l","21":"pa_grosor-m","23":"first","24":"instock","25":"shipping-taxable","26":"purchasable","27":"product-type-variable"},"yoast_head":"<!-- This site is optimized with the Yoast SEO plugin v27.5 - https:\/\/yoast.com\/product\/yoast-seo-wordpress\/ -->\n<title>Algod\u00f3n peinado CASASOL -<\/title>\n<meta name=\"description\" content=\"Algod\u00f3n peinado Detox, de CASASOL, es un material vers\u00e1til que se puede adaptarse a diferentes t\u00e9cnicas: ganchillo, punto, macram\u00e9, punch needle, bordado\u2026\" \/>\n<meta name=\"robots\" content=\"index, follow, max-snippet:-1, max-image-preview:large, max-video-preview:-1\" \/>\n<link rel=\"canonical\" href=\"https:\/\/cv-creativa.de\/de\/produkt\/algodon-peinado-pistacho-l\/\" \/>\n<meta property=\"og:locale\" content=\"de_DE\" \/>\n<meta property=\"og:type\" content=\"article\" \/>\n<meta property=\"og:title\" content=\"Algod\u00f3n peinado CASASOL -\" \/>\n<meta property=\"og:description\" content=\"Algod\u00f3n peinado Detox, de CASASOL, es un material vers\u00e1til que se puede adaptarse a diferentes t\u00e9cnicas: ganchillo, punto, macram\u00e9, punch needle, bordado\u2026\" \/>\n<meta property=\"og:url\" content=\"https:\/\/cv-creativa.de\/de\/produkt\/algodon-peinado-pistacho-l\/\" \/>\n<meta property=\"article:publisher\" content=\"https:\/\/www.facebook.com\/claudia.vigorenasalomon\" \/>\n<meta property=\"article:modified_time\" content=\"2026-03-12T15:22:39+00:00\" \/>\n<meta property=\"og:image\" content=\"http:\/\/cv-creativa.de\/wp-content\/uploads\/2021\/02\/Screenshot_20230126_155319.png\" \/>\n\t<meta property=\"og:image:width\" content=\"305\" \/>\n\t<meta property=\"og:image:height\" content=\"253\" \/>\n\t<meta property=\"og:image:type\" content=\"image\/png\" \/>\n<meta name=\"twitter:card\" content=\"summary_large_image\" \/>\n<meta name=\"twitter:label1\" content=\"Gesch\u00e4tzte Lesezeit\" \/>\n\t<meta name=\"twitter:data1\" content=\"1\u00a0Minute\" \/>\n<script type=\"application\/ld+json\" class=\"yoast-schema-graph\">{\"@context\":\"https:\\\/\\\/schema.org\",\"@graph\":[{\"@type\":[\"WebPage\",\"ItemPage\"],\"@id\":\"https:\\\/\\\/cv-creativa.de\\\/producto\\\/algodon-peinado-pistacho-l\\\/\",\"url\":\"https:\\\/\\\/cv-creativa.de\\\/producto\\\/algodon-peinado-pistacho-l\\\/\",\"name\":\"Algod\u00f3n peinado CASASOL -\",\"isPartOf\":{\"@id\":\"https:\\\/\\\/cv-creativa.de\\\/#website\"},\"primaryImageOfPage\":{\"@id\":\"https:\\\/\\\/cv-creativa.de\\\/producto\\\/algodon-peinado-pistacho-l\\\/#primaryimage\"},\"image\":{\"@id\":\"https:\\\/\\\/cv-creativa.de\\\/producto\\\/algodon-peinado-pistacho-l\\\/#primaryimage\"},\"thumbnailUrl\":\"https:\\\/\\\/cv-creativa.de\\\/wp-content\\\/uploads\\\/2021\\\/02\\\/Screenshot_20230126_155319.png\",\"datePublished\":\"2021-02-11T07:22:54+00:00\",\"dateModified\":\"2026-03-12T15:22:39+00:00\",\"description\":\"Algod\u00f3n peinado Detox, de CASASOL, es un material vers\u00e1til que se puede adaptarse a diferentes t\u00e9cnicas: ganchillo, punto, macram\u00e9, punch needle, bordado\u2026\",\"breadcrumb\":{\"@id\":\"https:\\\/\\\/cv-creativa.de\\\/producto\\\/algodon-peinado-pistacho-l\\\/#breadcrumb\"},\"inLanguage\":\"de\",\"potentialAction\":[{\"@type\":\"ReadAction\",\"target\":[\"https:\\\/\\\/cv-creativa.de\\\/producto\\\/algodon-peinado-pistacho-l\\\/\"]}]},{\"@type\":\"ImageObject\",\"inLanguage\":\"de\",\"@id\":\"https:\\\/\\\/cv-creativa.de\\\/producto\\\/algodon-peinado-pistacho-l\\\/#primaryimage\",\"url\":\"https:\\\/\\\/cv-creativa.de\\\/wp-content\\\/uploads\\\/2021\\\/02\\\/Screenshot_20230126_155319.png\",\"contentUrl\":\"https:\\\/\\\/cv-creativa.de\\\/wp-content\\\/uploads\\\/2021\\\/02\\\/Screenshot_20230126_155319.png\",\"width\":305,\"height\":253},{\"@type\":\"BreadcrumbList\",\"@id\":\"https:\\\/\\\/cv-creativa.de\\\/producto\\\/algodon-peinado-pistacho-l\\\/#breadcrumb\",\"itemListElement\":[{\"@type\":\"ListItem\",\"position\":1,\"name\":\"Portada\",\"item\":\"https:\\\/\\\/cv-creativa.de\\\/\"},{\"@type\":\"ListItem\",\"position\":2,\"name\":\"Tienda\",\"item\":\"https:\\\/\\\/cv-creativa.de\\\/tienda\\\/\"},{\"@type\":\"ListItem\",\"position\":3,\"name\":\"Algod\u00f3n peinado CASASOL\"}]},{\"@type\":\"WebSite\",\"@id\":\"https:\\\/\\\/cv-creativa.de\\\/#website\",\"url\":\"https:\\\/\\\/cv-creativa.de\\\/\",\"name\":\"Crea tu mundo. Crea tu estilo.\",\"description\":\"\",\"publisher\":{\"@id\":\"https:\\\/\\\/cv-creativa.de\\\/#organization\"},\"potentialAction\":[{\"@type\":\"SearchAction\",\"target\":{\"@type\":\"EntryPoint\",\"urlTemplate\":\"https:\\\/\\\/cv-creativa.de\\\/?s={search_term_string}\"},\"query-input\":{\"@type\":\"PropertyValueSpecification\",\"valueRequired\":true,\"valueName\":\"search_term_string\"}}],\"inLanguage\":\"de\"},{\"@type\":\"Organization\",\"@id\":\"https:\\\/\\\/cv-creativa.de\\\/#organization\",\"name\":\"cv-creativa\",\"url\":\"https:\\\/\\\/cv-creativa.de\\\/\",\"logo\":{\"@type\":\"ImageObject\",\"inLanguage\":\"de\",\"@id\":\"https:\\\/\\\/cv-creativa.de\\\/#\\\/schema\\\/logo\\\/image\\\/\",\"url\":\"https:\\\/\\\/cv-creativa.de\\\/wp-content\\\/uploads\\\/2021\\\/01\\\/cropped-Logo-nuevo.jpg\",\"contentUrl\":\"https:\\\/\\\/cv-creativa.de\\\/wp-content\\\/uploads\\\/2021\\\/01\\\/cropped-Logo-nuevo.jpg\",\"width\":173,\"height\":175,\"caption\":\"cv-creativa\"},\"image\":{\"@id\":\"https:\\\/\\\/cv-creativa.de\\\/#\\\/schema\\\/logo\\\/image\\\/\"},\"sameAs\":[\"https:\\\/\\\/www.facebook.com\\\/claudia.vigorenasalomon\",\"https:\\\/\\\/www.instagram.com\\\/cv_creativa\\\/\",\"https:\\\/\\\/www.pinterest.de\\\/cv_vigorena\"]}]}<\/script>\n<!-- \/ Yoast SEO plugin. -->","yoast_head_json":{"title":"Algod\u00f3n peinado CASASOL -","description":"Algod\u00f3n peinado Detox, de CASASOL, es un material vers\u00e1til que se puede adaptarse a diferentes t\u00e9cnicas: ganchillo, punto, macram\u00e9, punch needle, bordado\u2026","robots":{"index":"index","follow":"follow","max-snippet":"max-snippet:-1","max-image-preview":"max-image-preview:large","max-video-preview":"max-video-preview:-1"},"canonical":"https:\/\/cv-creativa.de\/de\/produkt\/algodon-peinado-pistacho-l\/","og_locale":"de_DE","og_type":"article","og_title":"Algod\u00f3n peinado CASASOL -","og_description":"Algod\u00f3n peinado Detox, de CASASOL, es un material vers\u00e1til que se puede adaptarse a diferentes t\u00e9cnicas: ganchillo, punto, macram\u00e9, punch needle, bordado\u2026","og_url":"https:\/\/cv-creativa.de\/de\/produkt\/algodon-peinado-pistacho-l\/","article_publisher":"https:\/\/www.facebook.com\/claudia.vigorenasalomon","article_modified_time":"2026-03-12T15:22:39+00:00","og_image":[{"width":305,"height":253,"url":"http:\/\/cv-creativa.de\/wp-content\/uploads\/2021\/02\/Screenshot_20230126_155319.png","type":"image\/png"}],"twitter_card":"summary_large_image","twitter_misc":{"Gesch\u00e4tzte Lesezeit":"1\u00a0Minute"},"schema":{"@context":"https:\/\/schema.org","@graph":[{"@type":["WebPage","ItemPage"],"@id":"https:\/\/cv-creativa.de\/producto\/algodon-peinado-pistacho-l\/","url":"https:\/\/cv-creativa.de\/producto\/algodon-peinado-pistacho-l\/","name":"Algod\u00f3n peinado CASASOL -","isPartOf":{"@id":"https:\/\/cv-creativa.de\/#website"},"primaryImageOfPage":{"@id":"https:\/\/cv-creativa.de\/producto\/algodon-peinado-pistacho-l\/#primaryimage"},"image":{"@id":"https:\/\/cv-creativa.de\/producto\/algodon-peinado-pistacho-l\/#primaryimage"},"thumbnailUrl":"https:\/\/cv-creativa.de\/wp-content\/uploads\/2021\/02\/Screenshot_20230126_155319.png","datePublished":"2021-02-11T07:22:54+00:00","dateModified":"2026-03-12T15:22:39+00:00","description":"Algod\u00f3n peinado Detox, de CASASOL, es un material vers\u00e1til que se puede adaptarse a diferentes t\u00e9cnicas: ganchillo, punto, macram\u00e9, punch needle, bordado\u2026","breadcrumb":{"@id":"https:\/\/cv-creativa.de\/producto\/algodon-peinado-pistacho-l\/#breadcrumb"},"inLanguage":"de","potentialAction":[{"@type":"ReadAction","target":["https:\/\/cv-creativa.de\/producto\/algodon-peinado-pistacho-l\/"]}]},{"@type":"ImageObject","inLanguage":"de","@id":"https:\/\/cv-creativa.de\/producto\/algodon-peinado-pistacho-l\/#primaryimage","url":"https:\/\/cv-creativa.de\/wp-content\/uploads\/2021\/02\/Screenshot_20230126_155319.png","contentUrl":"https:\/\/cv-creativa.de\/wp-content\/uploads\/2021\/02\/Screenshot_20230126_155319.png","width":305,"height":253},{"@type":"BreadcrumbList","@id":"https:\/\/cv-creativa.de\/producto\/algodon-peinado-pistacho-l\/#breadcrumb","itemListElement":[{"@type":"ListItem","position":1,"name":"Portada","item":"https:\/\/cv-creativa.de\/"},{"@type":"ListItem","position":2,"name":"Tienda","item":"https:\/\/cv-creativa.de\/tienda\/"},{"@type":"ListItem","position":3,"name":"Algod\u00f3n peinado CASASOL"}]},{"@type":"WebSite","@id":"https:\/\/cv-creativa.de\/#website","url":"https:\/\/cv-creativa.de\/","name":"Crea tu mundo. Crea tu estilo.","description":"","publisher":{"@id":"https:\/\/cv-creativa.de\/#organization"},"potentialAction":[{"@type":"SearchAction","target":{"@type":"EntryPoint","urlTemplate":"https:\/\/cv-creativa.de\/?s={search_term_string}"},"query-input":{"@type":"PropertyValueSpecification","valueRequired":true,"valueName":"search_term_string"}}],"inLanguage":"de"},{"@type":"Organization","@id":"https:\/\/cv-creativa.de\/#organization","name":"cv-creativa","url":"https:\/\/cv-creativa.de\/","logo":{"@type":"ImageObject","inLanguage":"de","@id":"https:\/\/cv-creativa.de\/#\/schema\/logo\/image\/","url":"https:\/\/cv-creativa.de\/wp-content\/uploads\/2021\/01\/cropped-Logo-nuevo.jpg","contentUrl":"https:\/\/cv-creativa.de\/wp-content\/uploads\/2021\/01\/cropped-Logo-nuevo.jpg","width":173,"height":175,"caption":"cv-creativa"},"image":{"@id":"https:\/\/cv-creativa.de\/#\/schema\/logo\/image\/"},"sameAs":["https:\/\/www.facebook.com\/claudia.vigorenasalomon","https:\/\/www.instagram.com\/cv_creativa\/","https:\/\/www.pinterest.de\/cv_vigorena"]}]}},"_links":{"self":[{"href":"https:\/\/cv-creativa.de\/de\/wp-json\/wp\/v2\/product\/635","targetHints":{"allow":["GET"]}}],"collection":[{"href":"https:\/\/cv-creativa.de\/de\/wp-json\/wp\/v2\/product"}],"about":[{"href":"https:\/\/cv-creativa.de\/de\/wp-json\/wp\/v2\/types\/product"}],"replies":[{"embeddable":true,"href":"https:\/\/cv-creativa.de\/de\/wp-json\/wp\/v2\/comments?post=635"}],"wp:featuredmedia":[{"embeddable":true,"href":"https:\/\/cv-creativa.de\/de\/wp-json\/wp\/v2\/media\/1421"}],"wp:attachment":[{"href":"https:\/\/cv-creativa.de\/de\/wp-json\/wp\/v2\/media?parent=635"}],"wp:term":[{"taxonomy":"product_brand","embeddable":true,"href":"https:\/\/cv-creativa.de\/de\/wp-json\/wp\/v2\/product_brand?post=635"},{"taxonomy":"product_cat","embeddable":true,"href":"https:\/\/cv-creativa.de\/de\/wp-json\/wp\/v2\/product_cat?post=635"},{"taxonomy":"product_tag","embeddable":true,"href":"https:\/\/cv-creativa.de\/de\/wp-json\/wp\/v2\/product_tag?post=635"}],"curies":[{"name":"wp","href":"https:\/\/api.w.org\/{rel}","templated":true}]}}