{"id":641,"date":"2021-02-11T09:02:46","date_gmt":"2021-02-11T08:02:46","guid":{"rendered":"http:\/\/cv-creativa.de\/?post_type=product&#038;p=641"},"modified":"2026-03-11T10:08:05","modified_gmt":"2026-03-11T09:08:05","slug":"lino-flame-3-cabos","status":"publish","type":"product","link":"https:\/\/cv-creativa.de\/de\/produkt\/lino-flame-3-cabos\/","title":{"rendered":"Flam\u00e9-Leinen 3-fach"},"content":{"rendered":"<div class=\"wpb_text_column\">\n<div class=\"wpb_wrapper\">\n<h1><strong>Naturleinen \u2013 Flam\u00e9-Leinen<\/strong><\/h1>\n<\/div>\n<\/div>\n<div class=\"wpb_text_column\">\n<div class=\"wpb_wrapper\">\n<h4><strong>Technische Daten:<\/strong><\/h4>\n<\/div>\n<\/div>\n<div class=\"wpb_text_column\">\n<div class=\"wpb_wrapper\">\n<p><strong>Zusammensetzung:<\/strong>\u00a030 % Flammenleinen \u2013 70 % Viskose<\/p>\n<p><strong>Farben:<\/strong>\u00a015 Farben<\/p>\n<p><strong>Format:\u00a0<\/strong>Kn\u00e4uel<\/p>\n<p><strong>St\u00e4rke:<\/strong><\/p>\n<ul>\n<li>1 f\u00e4dig\u00a0<strong>(0,8 mm)<\/strong> 100 Gramm\/400 Meter. Nadelst\u00e4rke 2-3 mm<\/li>\n<li>3 f\u00e4dig\u00a0<strong>(1,5 mm)<\/strong> 200 Gramm\/300 Meter. Nadelst\u00e4rke 3-5 mm<\/li>\n<li>6 f\u00e4dig\u00a0<strong>(2 mm)<\/strong> 200 Gramm\/175 Meter. Nadelst\u00e4rke 5-7 mm<\/li>\n<\/ul>\n<p><strong>\u00a0<\/strong><strong>Anwendungen:\u00a0<\/strong>Leinen gemischt mit Viskose ist ein ideales Material f\u00fcr die Herstellung von Kleidungsst\u00fccken, da durch die Beimischung von Viskosefasern zum Leinen eine Weichheit, Elastizit\u00e4t und ein Fall erreicht werden, die Leinen allein nicht aufweist.<\/p>\n<p>Das Flammenzwirnen ist eine Technik, bei der das Leinen beim manuellen Spinnen mehr oder weniger dick gesponnen wird, wodurch die nat\u00fcrliche Faser hervorgehoben wird und ein flauschiges und luftiges Garn entsteht, das im Einklang mit der Natur dieser edlen Faser steht.<\/p>\n<\/div>\n<\/div>","protected":false},"excerpt":{"rendered":"<p>Es handelt sich um ein Garn aus 30 % Leinen und 70 % Viskose, das sich perfekt f\u00fcr Ihre Strick- und H\u00e4kelprojekte eignet.<\/p>\n<p>200gr\/300m<\/p>\n<p>Empfohlene Nadelst\u00e4rke: 3 - 5 mm<\/p>\n<p><strong>Oeko-Tex Standard 100 Produktklasse I<\/strong><\/p>","protected":false},"featured_media":645,"comment_status":"open","ping_status":"closed","template":"","meta":{"neve_meta_sidebar":"","neve_meta_container":"","neve_meta_enable_content_width":"off","neve_meta_content_width":100,"neve_meta_title_alignment":"","neve_meta_author_avatar":"","neve_post_elements_order":"","neve_meta_disable_header":"","neve_meta_disable_footer":"","neve_meta_disable_title":""},"product_brand":[486],"product_cat":[29],"product_tag":[83,73,82,84],"class_list":{"0":"post-641","1":"product","2":"type-product","3":"status-publish","4":"has-post-thumbnail","6":"product_brand-casasol","7":"product_cat-hilados","8":"product_tag-3-cabos","9":"product_tag-casasol-filicolor","10":"product_tag-lino-flame","11":"product_tag-mostaza","12":"product_shipping_class-ropa-lanas-y-accesorios","13":"pa_color-lino-crudo","14":"pa_color-lino-gris","15":"pa_color-lino-malva","16":"pa_color-lino-marino","17":"pa_color-lino-rosa-palo","18":"pa_color-lino-salmon","19":"pa_color-lino-sandia","20":"pa_color-linomostaza","22":"first","23":"instock","24":"purchasable","25":"product-type-variable"},"yoast_head":"<!-- This site is optimized with the Yoast SEO plugin v27.6 - https:\/\/yoast.com\/product\/yoast-seo-wordpress\/ -->\n<title>Lino flam\u00e9 3 cabos -<\/title>\n<meta name=\"description\" content=\"El lino mezclado con viscosa es un material ideal para tejer prendas de vestir, ya que la viscosa, le otorga suavidad, elasticidad y ca\u00edda al lino.\" \/>\n<meta name=\"robots\" content=\"index, follow, max-snippet:-1, max-image-preview:large, max-video-preview:-1\" \/>\n<link rel=\"canonical\" href=\"https:\/\/cv-creativa.de\/de\/produkt\/lino-flame-3-cabos\/\" \/>\n<meta property=\"og:locale\" content=\"de_DE\" \/>\n<meta property=\"og:type\" content=\"article\" \/>\n<meta property=\"og:title\" content=\"Lino flam\u00e9 3 cabos -\" \/>\n<meta property=\"og:description\" content=\"El lino mezclado con viscosa es un material ideal para tejer prendas de vestir, ya que la viscosa, le otorga suavidad, elasticidad y ca\u00edda al lino.\" \/>\n<meta property=\"og:url\" content=\"https:\/\/cv-creativa.de\/de\/produkt\/lino-flame-3-cabos\/\" \/>\n<meta property=\"article:publisher\" content=\"https:\/\/www.facebook.com\/claudia.vigorenasalomon\" \/>\n<meta property=\"article:modified_time\" content=\"2026-03-11T09:08:05+00:00\" \/>\n<meta property=\"og:image\" content=\"http:\/\/cv-creativa.de\/wp-content\/uploads\/2021\/02\/Lino-flame-3-grosores.jpg\" \/>\n\t<meta property=\"og:image:width\" content=\"479\" \/>\n\t<meta property=\"og:image:height\" content=\"484\" \/>\n\t<meta property=\"og:image:type\" content=\"image\/jpeg\" \/>\n<meta name=\"twitter:card\" content=\"summary_large_image\" \/>\n<meta name=\"twitter:label1\" content=\"Gesch\u00e4tzte Lesezeit\" \/>\n\t<meta name=\"twitter:data1\" content=\"1\u00a0Minute\" \/>\n<script type=\"application\/ld+json\" class=\"yoast-schema-graph\">{\"@context\":\"https:\\\/\\\/schema.org\",\"@graph\":[{\"@type\":[\"WebPage\",\"ItemPage\"],\"@id\":\"https:\\\/\\\/cv-creativa.de\\\/producto\\\/lino-flame-3-cabos\\\/\",\"url\":\"https:\\\/\\\/cv-creativa.de\\\/producto\\\/lino-flame-3-cabos\\\/\",\"name\":\"Lino flam\u00e9 3 cabos -\",\"isPartOf\":{\"@id\":\"https:\\\/\\\/cv-creativa.de\\\/#website\"},\"primaryImageOfPage\":{\"@id\":\"https:\\\/\\\/cv-creativa.de\\\/producto\\\/lino-flame-3-cabos\\\/#primaryimage\"},\"image\":{\"@id\":\"https:\\\/\\\/cv-creativa.de\\\/producto\\\/lino-flame-3-cabos\\\/#primaryimage\"},\"thumbnailUrl\":\"https:\\\/\\\/cv-creativa.de\\\/wp-content\\\/uploads\\\/2021\\\/02\\\/Lino-flame-3-grosores.jpg\",\"datePublished\":\"2021-02-11T08:02:46+00:00\",\"dateModified\":\"2026-03-11T09:08:05+00:00\",\"description\":\"El lino mezclado con viscosa es un material ideal para tejer prendas de vestir, ya que la viscosa, le otorga suavidad, elasticidad y ca\u00edda al lino.\",\"breadcrumb\":{\"@id\":\"https:\\\/\\\/cv-creativa.de\\\/producto\\\/lino-flame-3-cabos\\\/#breadcrumb\"},\"inLanguage\":\"de\",\"potentialAction\":[{\"@type\":\"ReadAction\",\"target\":[\"https:\\\/\\\/cv-creativa.de\\\/producto\\\/lino-flame-3-cabos\\\/\"]}]},{\"@type\":\"ImageObject\",\"inLanguage\":\"de\",\"@id\":\"https:\\\/\\\/cv-creativa.de\\\/producto\\\/lino-flame-3-cabos\\\/#primaryimage\",\"url\":\"https:\\\/\\\/cv-creativa.de\\\/wp-content\\\/uploads\\\/2021\\\/02\\\/Lino-flame-3-grosores.jpg\",\"contentUrl\":\"https:\\\/\\\/cv-creativa.de\\\/wp-content\\\/uploads\\\/2021\\\/02\\\/Lino-flame-3-grosores.jpg\",\"width\":479,\"height\":484},{\"@type\":\"BreadcrumbList\",\"@id\":\"https:\\\/\\\/cv-creativa.de\\\/producto\\\/lino-flame-3-cabos\\\/#breadcrumb\",\"itemListElement\":[{\"@type\":\"ListItem\",\"position\":1,\"name\":\"Portada\",\"item\":\"https:\\\/\\\/cv-creativa.de\\\/\"},{\"@type\":\"ListItem\",\"position\":2,\"name\":\"Tienda\",\"item\":\"https:\\\/\\\/cv-creativa.de\\\/tienda\\\/\"},{\"@type\":\"ListItem\",\"position\":3,\"name\":\"Lino flam\u00e9 3 cabos\"}]},{\"@type\":\"WebSite\",\"@id\":\"https:\\\/\\\/cv-creativa.de\\\/#website\",\"url\":\"https:\\\/\\\/cv-creativa.de\\\/\",\"name\":\"Crea tu mundo. Crea tu estilo.\",\"description\":\"\",\"publisher\":{\"@id\":\"https:\\\/\\\/cv-creativa.de\\\/#organization\"},\"potentialAction\":[{\"@type\":\"SearchAction\",\"target\":{\"@type\":\"EntryPoint\",\"urlTemplate\":\"https:\\\/\\\/cv-creativa.de\\\/?s={search_term_string}\"},\"query-input\":{\"@type\":\"PropertyValueSpecification\",\"valueRequired\":true,\"valueName\":\"search_term_string\"}}],\"inLanguage\":\"de\"},{\"@type\":\"Organization\",\"@id\":\"https:\\\/\\\/cv-creativa.de\\\/#organization\",\"name\":\"cv-creativa\",\"url\":\"https:\\\/\\\/cv-creativa.de\\\/\",\"logo\":{\"@type\":\"ImageObject\",\"inLanguage\":\"de\",\"@id\":\"https:\\\/\\\/cv-creativa.de\\\/#\\\/schema\\\/logo\\\/image\\\/\",\"url\":\"https:\\\/\\\/cv-creativa.de\\\/wp-content\\\/uploads\\\/2021\\\/01\\\/cropped-Logo-nuevo.jpg\",\"contentUrl\":\"https:\\\/\\\/cv-creativa.de\\\/wp-content\\\/uploads\\\/2021\\\/01\\\/cropped-Logo-nuevo.jpg\",\"width\":173,\"height\":175,\"caption\":\"cv-creativa\"},\"image\":{\"@id\":\"https:\\\/\\\/cv-creativa.de\\\/#\\\/schema\\\/logo\\\/image\\\/\"},\"sameAs\":[\"https:\\\/\\\/www.facebook.com\\\/claudia.vigorenasalomon\",\"https:\\\/\\\/www.instagram.com\\\/cv_creativa\\\/\",\"https:\\\/\\\/www.pinterest.de\\\/cv_vigorena\"]}]}<\/script>\n<!-- \/ Yoast SEO plugin. -->","yoast_head_json":{"title":"Lino flam\u00e9 3 cabos -","description":"El lino mezclado con viscosa es un material ideal para tejer prendas de vestir, ya que la viscosa, le otorga suavidad, elasticidad y ca\u00edda al lino.","robots":{"index":"index","follow":"follow","max-snippet":"max-snippet:-1","max-image-preview":"max-image-preview:large","max-video-preview":"max-video-preview:-1"},"canonical":"https:\/\/cv-creativa.de\/de\/produkt\/lino-flame-3-cabos\/","og_locale":"de_DE","og_type":"article","og_title":"Lino flam\u00e9 3 cabos -","og_description":"El lino mezclado con viscosa es un material ideal para tejer prendas de vestir, ya que la viscosa, le otorga suavidad, elasticidad y ca\u00edda al lino.","og_url":"https:\/\/cv-creativa.de\/de\/produkt\/lino-flame-3-cabos\/","article_publisher":"https:\/\/www.facebook.com\/claudia.vigorenasalomon","article_modified_time":"2026-03-11T09:08:05+00:00","og_image":[{"width":479,"height":484,"url":"http:\/\/cv-creativa.de\/wp-content\/uploads\/2021\/02\/Lino-flame-3-grosores.jpg","type":"image\/jpeg"}],"twitter_card":"summary_large_image","twitter_misc":{"Gesch\u00e4tzte Lesezeit":"1\u00a0Minute"},"schema":{"@context":"https:\/\/schema.org","@graph":[{"@type":["WebPage","ItemPage"],"@id":"https:\/\/cv-creativa.de\/producto\/lino-flame-3-cabos\/","url":"https:\/\/cv-creativa.de\/producto\/lino-flame-3-cabos\/","name":"Lino flam\u00e9 3 cabos -","isPartOf":{"@id":"https:\/\/cv-creativa.de\/#website"},"primaryImageOfPage":{"@id":"https:\/\/cv-creativa.de\/producto\/lino-flame-3-cabos\/#primaryimage"},"image":{"@id":"https:\/\/cv-creativa.de\/producto\/lino-flame-3-cabos\/#primaryimage"},"thumbnailUrl":"https:\/\/cv-creativa.de\/wp-content\/uploads\/2021\/02\/Lino-flame-3-grosores.jpg","datePublished":"2021-02-11T08:02:46+00:00","dateModified":"2026-03-11T09:08:05+00:00","description":"El lino mezclado con viscosa es un material ideal para tejer prendas de vestir, ya que la viscosa, le otorga suavidad, elasticidad y ca\u00edda al lino.","breadcrumb":{"@id":"https:\/\/cv-creativa.de\/producto\/lino-flame-3-cabos\/#breadcrumb"},"inLanguage":"de","potentialAction":[{"@type":"ReadAction","target":["https:\/\/cv-creativa.de\/producto\/lino-flame-3-cabos\/"]}]},{"@type":"ImageObject","inLanguage":"de","@id":"https:\/\/cv-creativa.de\/producto\/lino-flame-3-cabos\/#primaryimage","url":"https:\/\/cv-creativa.de\/wp-content\/uploads\/2021\/02\/Lino-flame-3-grosores.jpg","contentUrl":"https:\/\/cv-creativa.de\/wp-content\/uploads\/2021\/02\/Lino-flame-3-grosores.jpg","width":479,"height":484},{"@type":"BreadcrumbList","@id":"https:\/\/cv-creativa.de\/producto\/lino-flame-3-cabos\/#breadcrumb","itemListElement":[{"@type":"ListItem","position":1,"name":"Portada","item":"https:\/\/cv-creativa.de\/"},{"@type":"ListItem","position":2,"name":"Tienda","item":"https:\/\/cv-creativa.de\/tienda\/"},{"@type":"ListItem","position":3,"name":"Lino flam\u00e9 3 cabos"}]},{"@type":"WebSite","@id":"https:\/\/cv-creativa.de\/#website","url":"https:\/\/cv-creativa.de\/","name":"Crea tu mundo. Crea tu estilo.","description":"","publisher":{"@id":"https:\/\/cv-creativa.de\/#organization"},"potentialAction":[{"@type":"SearchAction","target":{"@type":"EntryPoint","urlTemplate":"https:\/\/cv-creativa.de\/?s={search_term_string}"},"query-input":{"@type":"PropertyValueSpecification","valueRequired":true,"valueName":"search_term_string"}}],"inLanguage":"de"},{"@type":"Organization","@id":"https:\/\/cv-creativa.de\/#organization","name":"cv-creativa","url":"https:\/\/cv-creativa.de\/","logo":{"@type":"ImageObject","inLanguage":"de","@id":"https:\/\/cv-creativa.de\/#\/schema\/logo\/image\/","url":"https:\/\/cv-creativa.de\/wp-content\/uploads\/2021\/01\/cropped-Logo-nuevo.jpg","contentUrl":"https:\/\/cv-creativa.de\/wp-content\/uploads\/2021\/01\/cropped-Logo-nuevo.jpg","width":173,"height":175,"caption":"cv-creativa"},"image":{"@id":"https:\/\/cv-creativa.de\/#\/schema\/logo\/image\/"},"sameAs":["https:\/\/www.facebook.com\/claudia.vigorenasalomon","https:\/\/www.instagram.com\/cv_creativa\/","https:\/\/www.pinterest.de\/cv_vigorena"]}]}},"_links":{"self":[{"href":"https:\/\/cv-creativa.de\/de\/wp-json\/wp\/v2\/product\/641","targetHints":{"allow":["GET"]}}],"collection":[{"href":"https:\/\/cv-creativa.de\/de\/wp-json\/wp\/v2\/product"}],"about":[{"href":"https:\/\/cv-creativa.de\/de\/wp-json\/wp\/v2\/types\/product"}],"replies":[{"embeddable":true,"href":"https:\/\/cv-creativa.de\/de\/wp-json\/wp\/v2\/comments?post=641"}],"wp:featuredmedia":[{"embeddable":true,"href":"https:\/\/cv-creativa.de\/de\/wp-json\/wp\/v2\/media\/645"}],"wp:attachment":[{"href":"https:\/\/cv-creativa.de\/de\/wp-json\/wp\/v2\/media?parent=641"}],"wp:term":[{"taxonomy":"product_brand","embeddable":true,"href":"https:\/\/cv-creativa.de\/de\/wp-json\/wp\/v2\/product_brand?post=641"},{"taxonomy":"product_cat","embeddable":true,"href":"https:\/\/cv-creativa.de\/de\/wp-json\/wp\/v2\/product_cat?post=641"},{"taxonomy":"product_tag","embeddable":true,"href":"https:\/\/cv-creativa.de\/de\/wp-json\/wp\/v2\/product_tag?post=641"}],"curies":[{"name":"wp","href":"https:\/\/api.w.org\/{rel}","templated":true}]}}