{"id":730,"date":"2021-02-13T09:49:41","date_gmt":"2021-02-13T08:49:41","guid":{"rendered":"http:\/\/cv-creativa.de\/?post_type=product&#038;p=730"},"modified":"2026-01-30T16:19:27","modified_gmt":"2026-01-30T15:19:27","slug":"alpaca-fino","status":"publish","type":"product","link":"https:\/\/cv-creativa.de\/de\/produkt\/alpaca-fino\/","title":{"rendered":"Alpaca Fino"},"content":{"rendered":"<h3><strong>Produktinformationen<\/strong><\/h3>\n<p>Alpaca Fino ist ein extrem feines und weiches Garn aus 100 % reiner Baby-Alpakawolle. Da es sich um ein leichtes Garn handelt, eignet es sich f\u00fcr jedes Strick- oder H\u00e4kelprojekt. Das Garn wird in Peru hergestellt und ist in 20 Farben erh\u00e4ltlich, die von Naturwei\u00df \u00fcber Hellrosa und leuchtendem Gelb bis hin zu Dunkelgrau reichen. Die Fasern stammen von Tieren aus dem Andenhochland Perus.<\/p>\n<p>Alpaca Fino ist ein 4-f\u00e4diges Garn. Das Garn hat eine sehr gleichm\u00e4\u00dfige Maschenstruktur. Es eignet sich perfekt f\u00fcr alle Arten von Mustern, sieht aber auch einfach in Jersey gestrickt sehr gut aus. Die Wolle hat einen weichen Flaum. Wie alle Alpaka-Garne ist Alpaca Fino trotz seiner Weichheit sehr robust. Die Kleidungsst\u00fccke behalten ihre Form, das Garn verfilzt kaum. (Es bilden sich keine Flusen.\n\n\u00dcbersetzt mit DeepL.com (kostenlose Version)<\/p>\n<p>Alpaca Fino eignet sich ideal f\u00fcr warme Oberteile wie Pullover und Jacken, kann aber auch zur Herstellung von Accessoires wie Schals, M\u00fctzen oder Decken verwendet werden. Das Garn wird auch von empfindlichen Menschen gut vertragen, und da Alpaka kaum Lanolin enth\u00e4lt, sogar von Menschen mit einer Wollallergie. Alpaka Fino ist weich und zart und kann direkt auf der Haut getragen werden, da es nicht kratzt.<\/p>\n<p>Feine Alpaka-Wolle ist wunderbar weich. Garn aus reiner Alpaka-Wolle. Mit einer DK-Garnst\u00e4rke eignet es sich hervorragend f\u00fcr weiche und kuschelige Strickwaren, sowohl f\u00fcr Stricknadeln als auch f\u00fcr H\u00e4kelnadeln.<\/p>","protected":false},"excerpt":{"rendered":"<p><strong>Technische Daten<\/strong><\/p>\n<p><strong>Gewicht:<\/strong> 50 g \/ 1,76 oz<\/p>\n<p><strong>L\u00e4nge:<\/strong> \u00a0100 m \/ 109 Yards.<\/p>\n<p><strong>Empfohlene Nadelst\u00e4rke:<\/strong> 4 \u2013 4,5 mm \/ 6 \u2013 7 US-Gr\u00f6\u00dfe \/ 6 \u2013 7 UK-Gr\u00f6\u00dfe<\/p>\n<p><strong>Empfohlene Maschenprobe<\/strong> 18 Punkte, 26 Reihen pro 10 cm<\/p>\n<p><strong>Pr\u00e4sentation:<\/strong> Sie werden in Str\u00e4ngen zu 50 g \/ 1,76 oz geliefert.<\/p>\n<p>F\u00fcr einen Pullover in Gr\u00f6\u00dfe 38 werden ~ 550 g (11 Str\u00e4nge) ben\u00f6tigt.<\/p>\n<div class=\"widget widget-text widget-none\">\n<div class=\"widget-inner bg-appearance\">\n<p>F\u00fcr dieses Garn wird eine Handw\u00e4sche mit lauwarmem Wasser und einer milden Seife empfohlen. Das Trocknen sollte flach erfolgen, am besten auf einem Handtuch, um zu verhindern, dass sich das Kleidungsst\u00fcck verformt. Nicht direkt \u00fcber einer W\u00e4rmequelle oder in der direkten Sonne trocknen.<\/p>\n<\/div>\n<\/div>","protected":false},"featured_media":1213,"comment_status":"open","ping_status":"closed","template":"","meta":{"neve_meta_sidebar":"","neve_meta_container":"","neve_meta_enable_content_width":"off","neve_meta_content_width":100,"neve_meta_title_alignment":"","neve_meta_author_avatar":"","neve_post_elements_order":"","neve_meta_disable_header":"","neve_meta_disable_footer":"","neve_meta_disable_title":""},"product_brand":[484],"product_cat":[29],"product_tag":[92,94,165,319,164,91,96],"class_list":{"0":"post-730","1":"product","2":"type-product","3":"status-publish","4":"has-post-thumbnail","6":"product_brand-pascuali","7":"product_cat-hilados","8":"product_tag-alpaca-fino","9":"product_tag-altrosa","10":"product_tag-azul-pizarra","11":"product_tag-crudo","12":"product_tag-mocca","13":"product_tag-pascuali-filati-naturali","14":"product_tag-rosa-antiguo","15":"product_shipping_class-ropa-lanas-y-accesorios","16":"pa_color-amarillo-sol","17":"pa_color-azul-pizarra","18":"pa_color-alfi","19":"pa_color-mocca","20":"pa_color-rosa-antiguo","21":"pa_color-turquesa-verde","22":"pa_por-marca-pascuali_filati_naturali","24":"first","25":"instock","26":"purchasable","27":"product-type-variable"},"yoast_head":"<!-- This site is optimized with the Yoast SEO plugin v27.6 - https:\/\/yoast.com\/product\/yoast-seo-wordpress\/ -->\n<title>Alpaca Fino para tus tejidos, lo m\u00e1s suave para tu piel.<\/title>\n<meta name=\"description\" content=\"La alpaca fina es suave. Hilo de pura lana de alpaca. Su grososr DK es genial para tejidos suaves esponjosos y acogedores.\" \/>\n<meta name=\"robots\" content=\"index, follow, max-snippet:-1, max-image-preview:large, max-video-preview:-1\" \/>\n<link rel=\"canonical\" href=\"https:\/\/cv-creativa.de\/de\/produkt\/alpaca-fino\/\" \/>\n<meta property=\"og:locale\" content=\"de_DE\" \/>\n<meta property=\"og:type\" content=\"article\" \/>\n<meta property=\"og:title\" content=\"Alpaca Fino para tus tejidos, lo m\u00e1s suave para tu piel.\" \/>\n<meta property=\"og:description\" content=\"La alpaca fina es suave. Hilo de pura lana de alpaca. Su grososr DK es genial para tejidos suaves esponjosos y acogedores.\" \/>\n<meta property=\"og:url\" content=\"https:\/\/cv-creativa.de\/de\/produkt\/alpaca-fino\/\" \/>\n<meta property=\"article:publisher\" content=\"https:\/\/www.facebook.com\/claudia.vigorenasalomon\" \/>\n<meta property=\"article:modified_time\" content=\"2026-01-30T15:19:27+00:00\" \/>\n<meta property=\"og:image\" content=\"http:\/\/cv-creativa.de\/wp-content\/uploads\/2022\/02\/PXL_20220208_134908350.PORTRAIT.jpg\" \/>\n\t<meta property=\"og:image:width\" content=\"514\" \/>\n\t<meta property=\"og:image:height\" content=\"913\" \/>\n\t<meta property=\"og:image:type\" content=\"image\/jpeg\" \/>\n<meta name=\"twitter:card\" content=\"summary_large_image\" \/>\n<meta name=\"twitter:label1\" content=\"Gesch\u00e4tzte Lesezeit\" \/>\n\t<meta name=\"twitter:data1\" content=\"2\u00a0Minuten\" \/>\n<script type=\"application\/ld+json\" class=\"yoast-schema-graph\">{\"@context\":\"https:\\\/\\\/schema.org\",\"@graph\":[{\"@type\":[\"WebPage\",\"ItemPage\"],\"@id\":\"https:\\\/\\\/cv-creativa.de\\\/producto\\\/alpaca-fino\\\/\",\"url\":\"https:\\\/\\\/cv-creativa.de\\\/producto\\\/alpaca-fino\\\/\",\"name\":\"Alpaca Fino para tus tejidos, lo m\u00e1s suave para tu piel.\",\"isPartOf\":{\"@id\":\"https:\\\/\\\/cv-creativa.de\\\/#website\"},\"primaryImageOfPage\":{\"@id\":\"https:\\\/\\\/cv-creativa.de\\\/producto\\\/alpaca-fino\\\/#primaryimage\"},\"image\":{\"@id\":\"https:\\\/\\\/cv-creativa.de\\\/producto\\\/alpaca-fino\\\/#primaryimage\"},\"thumbnailUrl\":\"https:\\\/\\\/cv-creativa.de\\\/wp-content\\\/uploads\\\/2022\\\/02\\\/PXL_20220208_134908350.PORTRAIT.jpg\",\"datePublished\":\"2021-02-13T08:49:41+00:00\",\"dateModified\":\"2026-01-30T15:19:27+00:00\",\"description\":\"La alpaca fina es suave. Hilo de pura lana de alpaca. Su grososr DK es genial para tejidos suaves esponjosos y acogedores.\",\"breadcrumb\":{\"@id\":\"https:\\\/\\\/cv-creativa.de\\\/producto\\\/alpaca-fino\\\/#breadcrumb\"},\"inLanguage\":\"de\",\"potentialAction\":[{\"@type\":\"ReadAction\",\"target\":[\"https:\\\/\\\/cv-creativa.de\\\/producto\\\/alpaca-fino\\\/\"]}]},{\"@type\":\"ImageObject\",\"inLanguage\":\"de\",\"@id\":\"https:\\\/\\\/cv-creativa.de\\\/producto\\\/alpaca-fino\\\/#primaryimage\",\"url\":\"https:\\\/\\\/cv-creativa.de\\\/wp-content\\\/uploads\\\/2022\\\/02\\\/PXL_20220208_134908350.PORTRAIT.jpg\",\"contentUrl\":\"https:\\\/\\\/cv-creativa.de\\\/wp-content\\\/uploads\\\/2022\\\/02\\\/PXL_20220208_134908350.PORTRAIT.jpg\",\"width\":514,\"height\":913},{\"@type\":\"BreadcrumbList\",\"@id\":\"https:\\\/\\\/cv-creativa.de\\\/producto\\\/alpaca-fino\\\/#breadcrumb\",\"itemListElement\":[{\"@type\":\"ListItem\",\"position\":1,\"name\":\"Portada\",\"item\":\"https:\\\/\\\/cv-creativa.de\\\/\"},{\"@type\":\"ListItem\",\"position\":2,\"name\":\"Tienda\",\"item\":\"https:\\\/\\\/cv-creativa.de\\\/tienda\\\/\"},{\"@type\":\"ListItem\",\"position\":3,\"name\":\"Alpaca Fino\"}]},{\"@type\":\"WebSite\",\"@id\":\"https:\\\/\\\/cv-creativa.de\\\/#website\",\"url\":\"https:\\\/\\\/cv-creativa.de\\\/\",\"name\":\"Crea tu mundo. Crea tu estilo.\",\"description\":\"\",\"publisher\":{\"@id\":\"https:\\\/\\\/cv-creativa.de\\\/#organization\"},\"potentialAction\":[{\"@type\":\"SearchAction\",\"target\":{\"@type\":\"EntryPoint\",\"urlTemplate\":\"https:\\\/\\\/cv-creativa.de\\\/?s={search_term_string}\"},\"query-input\":{\"@type\":\"PropertyValueSpecification\",\"valueRequired\":true,\"valueName\":\"search_term_string\"}}],\"inLanguage\":\"de\"},{\"@type\":\"Organization\",\"@id\":\"https:\\\/\\\/cv-creativa.de\\\/#organization\",\"name\":\"cv-creativa\",\"url\":\"https:\\\/\\\/cv-creativa.de\\\/\",\"logo\":{\"@type\":\"ImageObject\",\"inLanguage\":\"de\",\"@id\":\"https:\\\/\\\/cv-creativa.de\\\/#\\\/schema\\\/logo\\\/image\\\/\",\"url\":\"https:\\\/\\\/cv-creativa.de\\\/wp-content\\\/uploads\\\/2021\\\/01\\\/cropped-Logo-nuevo.jpg\",\"contentUrl\":\"https:\\\/\\\/cv-creativa.de\\\/wp-content\\\/uploads\\\/2021\\\/01\\\/cropped-Logo-nuevo.jpg\",\"width\":173,\"height\":175,\"caption\":\"cv-creativa\"},\"image\":{\"@id\":\"https:\\\/\\\/cv-creativa.de\\\/#\\\/schema\\\/logo\\\/image\\\/\"},\"sameAs\":[\"https:\\\/\\\/www.facebook.com\\\/claudia.vigorenasalomon\",\"https:\\\/\\\/www.instagram.com\\\/cv_creativa\\\/\",\"https:\\\/\\\/www.pinterest.de\\\/cv_vigorena\"]}]}<\/script>\n<!-- \/ Yoast SEO plugin. -->","yoast_head_json":{"title":"Alpaca Fino para tus tejidos, lo m\u00e1s suave para tu piel.","description":"La alpaca fina es suave. Hilo de pura lana de alpaca. Su grososr DK es genial para tejidos suaves esponjosos y acogedores.","robots":{"index":"index","follow":"follow","max-snippet":"max-snippet:-1","max-image-preview":"max-image-preview:large","max-video-preview":"max-video-preview:-1"},"canonical":"https:\/\/cv-creativa.de\/de\/produkt\/alpaca-fino\/","og_locale":"de_DE","og_type":"article","og_title":"Alpaca Fino para tus tejidos, lo m\u00e1s suave para tu piel.","og_description":"La alpaca fina es suave. Hilo de pura lana de alpaca. Su grososr DK es genial para tejidos suaves esponjosos y acogedores.","og_url":"https:\/\/cv-creativa.de\/de\/produkt\/alpaca-fino\/","article_publisher":"https:\/\/www.facebook.com\/claudia.vigorenasalomon","article_modified_time":"2026-01-30T15:19:27+00:00","og_image":[{"width":514,"height":913,"url":"http:\/\/cv-creativa.de\/wp-content\/uploads\/2022\/02\/PXL_20220208_134908350.PORTRAIT.jpg","type":"image\/jpeg"}],"twitter_card":"summary_large_image","twitter_misc":{"Gesch\u00e4tzte Lesezeit":"2\u00a0Minuten"},"schema":{"@context":"https:\/\/schema.org","@graph":[{"@type":["WebPage","ItemPage"],"@id":"https:\/\/cv-creativa.de\/producto\/alpaca-fino\/","url":"https:\/\/cv-creativa.de\/producto\/alpaca-fino\/","name":"Alpaca Fino para tus tejidos, lo m\u00e1s suave para tu piel.","isPartOf":{"@id":"https:\/\/cv-creativa.de\/#website"},"primaryImageOfPage":{"@id":"https:\/\/cv-creativa.de\/producto\/alpaca-fino\/#primaryimage"},"image":{"@id":"https:\/\/cv-creativa.de\/producto\/alpaca-fino\/#primaryimage"},"thumbnailUrl":"https:\/\/cv-creativa.de\/wp-content\/uploads\/2022\/02\/PXL_20220208_134908350.PORTRAIT.jpg","datePublished":"2021-02-13T08:49:41+00:00","dateModified":"2026-01-30T15:19:27+00:00","description":"La alpaca fina es suave. Hilo de pura lana de alpaca. Su grososr DK es genial para tejidos suaves esponjosos y acogedores.","breadcrumb":{"@id":"https:\/\/cv-creativa.de\/producto\/alpaca-fino\/#breadcrumb"},"inLanguage":"de","potentialAction":[{"@type":"ReadAction","target":["https:\/\/cv-creativa.de\/producto\/alpaca-fino\/"]}]},{"@type":"ImageObject","inLanguage":"de","@id":"https:\/\/cv-creativa.de\/producto\/alpaca-fino\/#primaryimage","url":"https:\/\/cv-creativa.de\/wp-content\/uploads\/2022\/02\/PXL_20220208_134908350.PORTRAIT.jpg","contentUrl":"https:\/\/cv-creativa.de\/wp-content\/uploads\/2022\/02\/PXL_20220208_134908350.PORTRAIT.jpg","width":514,"height":913},{"@type":"BreadcrumbList","@id":"https:\/\/cv-creativa.de\/producto\/alpaca-fino\/#breadcrumb","itemListElement":[{"@type":"ListItem","position":1,"name":"Portada","item":"https:\/\/cv-creativa.de\/"},{"@type":"ListItem","position":2,"name":"Tienda","item":"https:\/\/cv-creativa.de\/tienda\/"},{"@type":"ListItem","position":3,"name":"Alpaca Fino"}]},{"@type":"WebSite","@id":"https:\/\/cv-creativa.de\/#website","url":"https:\/\/cv-creativa.de\/","name":"Crea tu mundo. Crea tu estilo.","description":"","publisher":{"@id":"https:\/\/cv-creativa.de\/#organization"},"potentialAction":[{"@type":"SearchAction","target":{"@type":"EntryPoint","urlTemplate":"https:\/\/cv-creativa.de\/?s={search_term_string}"},"query-input":{"@type":"PropertyValueSpecification","valueRequired":true,"valueName":"search_term_string"}}],"inLanguage":"de"},{"@type":"Organization","@id":"https:\/\/cv-creativa.de\/#organization","name":"cv-creativa","url":"https:\/\/cv-creativa.de\/","logo":{"@type":"ImageObject","inLanguage":"de","@id":"https:\/\/cv-creativa.de\/#\/schema\/logo\/image\/","url":"https:\/\/cv-creativa.de\/wp-content\/uploads\/2021\/01\/cropped-Logo-nuevo.jpg","contentUrl":"https:\/\/cv-creativa.de\/wp-content\/uploads\/2021\/01\/cropped-Logo-nuevo.jpg","width":173,"height":175,"caption":"cv-creativa"},"image":{"@id":"https:\/\/cv-creativa.de\/#\/schema\/logo\/image\/"},"sameAs":["https:\/\/www.facebook.com\/claudia.vigorenasalomon","https:\/\/www.instagram.com\/cv_creativa\/","https:\/\/www.pinterest.de\/cv_vigorena"]}]}},"_links":{"self":[{"href":"https:\/\/cv-creativa.de\/de\/wp-json\/wp\/v2\/product\/730","targetHints":{"allow":["GET"]}}],"collection":[{"href":"https:\/\/cv-creativa.de\/de\/wp-json\/wp\/v2\/product"}],"about":[{"href":"https:\/\/cv-creativa.de\/de\/wp-json\/wp\/v2\/types\/product"}],"replies":[{"embeddable":true,"href":"https:\/\/cv-creativa.de\/de\/wp-json\/wp\/v2\/comments?post=730"}],"wp:featuredmedia":[{"embeddable":true,"href":"https:\/\/cv-creativa.de\/de\/wp-json\/wp\/v2\/media\/1213"}],"wp:attachment":[{"href":"https:\/\/cv-creativa.de\/de\/wp-json\/wp\/v2\/media?parent=730"}],"wp:term":[{"taxonomy":"product_brand","embeddable":true,"href":"https:\/\/cv-creativa.de\/de\/wp-json\/wp\/v2\/product_brand?post=730"},{"taxonomy":"product_cat","embeddable":true,"href":"https:\/\/cv-creativa.de\/de\/wp-json\/wp\/v2\/product_cat?post=730"},{"taxonomy":"product_tag","embeddable":true,"href":"https:\/\/cv-creativa.de\/de\/wp-json\/wp\/v2\/product_tag?post=730"}],"curies":[{"name":"wp","href":"https:\/\/api.w.org\/{rel}","templated":true}]}}