{"id":733,"date":"2021-02-13T12:36:53","date_gmt":"2021-02-13T11:36:53","guid":{"rendered":"http:\/\/cv-creativa.de\/?post_type=product&#038;p=733"},"modified":"2026-02-09T13:44:14","modified_gmt":"2026-02-09T12:44:14","slug":"cumbria","status":"publish","type":"product","link":"https:\/\/cv-creativa.de\/de\/produkt\/cumbria\/","title":{"rendered":"CUMBRIA"},"content":{"rendered":"<h2><strong>Produktinformationen<\/strong><\/h2>\n<p>Cumbria ist eine wunderbar zarte, seidige und gl\u00e4nzende Mischung aus hochwertiger Pima-Baumwolle und Bambusviskose.<\/p>\n<p>Die Fasermischung macht Cumbria zu einem wunderbar weichen Garn, das sich wie eine Merino-Seiden-Mischung anf\u00fchlt. Cumbria l\u00e4sst sich sehr leicht verarbeiten und eignet sich gleicherma\u00dfen f\u00fcr Strick- und H\u00e4kelprojekte.<\/p>\n<p>Die Eigenschaften der Faser verleihen Cumbria im Sommer einen k\u00fchlenden Effekt, w\u00e4hrend das leichte Vlies in der kalten Jahreszeit w\u00e4rmt. Das macht das vegane Garn zu einem gro\u00dfartigen Garn f\u00fcr das ganze Jahr.<\/p>\n<p>Cumbria beeindruckt auch durch seine besondere Leichtigkeit und Formbest\u00e4ndigkeit. Ein mit diesem Garn gestricktes Fertigteil verliert seine Form nicht!<\/p>\n<p>Cumbria eignet sich sowohl f\u00fcr Oberteile als auch f\u00fcr Accessoires wie Schals oder T\u00fccher, ist angenehm  weich und kann auch direkt auf der Haut getragen werden, was es ideal f\u00fcr Baby- und Kinderkleidung macht.<\/p>\n<p>Dieses Cumbria-Garn ist nach dem ehemaligen Wohnort  von Donald Watson benannt, der 1944 die Vegan Society gr\u00fcndete und das Wort \u201evegan\u201d erfand.<\/p>","protected":false},"excerpt":{"rendered":"<p><strong>Technische Daten<\/strong><\/p>\n<p><strong>Gewicht:<\/strong> 50 g  \/ 1,76 oz<\/p>\n<p><strong>L\u00e4nge:<\/strong> 150 m \/ 164 yds<\/p>\n<p><strong>Empfohlene Nadelst\u00e4rke:<\/strong> 3 mm \/ 3 US \/ 10 UK<\/p>\n<p><strong>Empfohlene Maschenprobe<\/strong> 25 Maschen, 34 Reihen pro 10 cm\/ 4 In<\/p>\n<p><strong>Pr\u00e4sentation:<\/strong> Erh\u00e4ltlich in Kn\u00e4ueln zu 50 g \/ 1,76 oz<\/p>\n<p>F\u00fcr einen Pullover in Gr\u00f6\u00dfe 38 werden 400 g ~ (8 Kn\u00e4uel) ben\u00f6tigt.<\/p>\n<p>Dieses Garn ist maschinenwaschbar. Es wird empfohlen, es mit einem milden Waschmittel  und einem Programm f\u00fcr Feinw\u00e4sche zu waschen. Trocknen Sie es flach liegend, vorzugsweise auf einem Frotteetuch, um Verformungen zu vermeiden. Nicht direkt auf einer W\u00e4rmequelle oder in der Sonne trocknen. Es kann bei niedriger Temperatur geb\u00fcgelt werden.<\/p>","protected":false},"featured_media":1540,"comment_status":"open","ping_status":"closed","template":"","meta":{"neve_meta_sidebar":"","neve_meta_container":"","neve_meta_enable_content_width":"off","neve_meta_content_width":100,"neve_meta_title_alignment":"","neve_meta_author_avatar":"","neve_post_elements_order":"","neve_meta_disable_header":"","neve_meta_disable_footer":"","neve_meta_disable_title":""},"product_brand":[484],"product_cat":[29],"product_tag":[101,102,100,97,91,99],"class_list":{"0":"post-733","1":"product","2":"type-product","3":"status-publish","4":"has-post-thumbnail","6":"product_brand-pascuali","7":"product_cat-hilados","8":"product_tag-algodon-pima","9":"product_tag-amarillo","10":"product_tag-bambu","11":"product_tag-cumbria","12":"product_tag-pascuali-filati-naturali","13":"product_tag-viscosa","14":"product_shipping_class-ropa-lanas-y-accesorios","15":"pa_color-butterblume-303","16":"pa_color-jeans-321","17":"pa_color-kurkuma-311","18":"pa_color-stein-333","19":"pa_color-zitrone-305","21":"first","22":"instock","23":"purchasable","24":"product-type-variable"},"yoast_head":"<!-- This site is optimized with the Yoast SEO plugin v27.6 - https:\/\/yoast.com\/product\/yoast-seo-wordpress\/ -->\n<title>CUMBRIA -<\/title>\n<meta name=\"description\" content=\"La mezcla de fibras maravillosamente suave. Cumbria es f\u00e1cil de trabajar y es iadecuado para proyectos a dos agujas o de crochet.\" \/>\n<meta name=\"robots\" content=\"index, follow, max-snippet:-1, max-image-preview:large, max-video-preview:-1\" \/>\n<link rel=\"canonical\" href=\"https:\/\/cv-creativa.de\/de\/produkt\/cumbria\/\" \/>\n<meta property=\"og:locale\" content=\"de_DE\" \/>\n<meta property=\"og:type\" content=\"article\" \/>\n<meta property=\"og:title\" content=\"CUMBRIA -\" \/>\n<meta property=\"og:description\" content=\"La mezcla de fibras maravillosamente suave. Cumbria es f\u00e1cil de trabajar y es iadecuado para proyectos a dos agujas o de crochet.\" \/>\n<meta property=\"og:url\" content=\"https:\/\/cv-creativa.de\/de\/produkt\/cumbria\/\" \/>\n<meta property=\"article:publisher\" content=\"https:\/\/www.facebook.com\/claudia.vigorenasalomon\" \/>\n<meta property=\"article:modified_time\" content=\"2026-02-09T12:44:14+00:00\" \/>\n<meta property=\"og:image\" content=\"http:\/\/cv-creativa.de\/wp-content\/uploads\/2021\/02\/IMG_3887.jpg\" \/>\n\t<meta property=\"og:image:width\" content=\"994\" \/>\n\t<meta property=\"og:image:height\" content=\"784\" \/>\n\t<meta property=\"og:image:type\" content=\"image\/jpeg\" \/>\n<meta name=\"twitter:card\" content=\"summary_large_image\" \/>\n<meta name=\"twitter:label1\" content=\"Gesch\u00e4tzte Lesezeit\" \/>\n\t<meta name=\"twitter:data1\" content=\"2\u00a0Minuten\" \/>\n<script type=\"application\/ld+json\" class=\"yoast-schema-graph\">{\"@context\":\"https:\\\/\\\/schema.org\",\"@graph\":[{\"@type\":[\"WebPage\",\"ItemPage\"],\"@id\":\"https:\\\/\\\/cv-creativa.de\\\/producto\\\/cumbria\\\/\",\"url\":\"https:\\\/\\\/cv-creativa.de\\\/producto\\\/cumbria\\\/\",\"name\":\"CUMBRIA -\",\"isPartOf\":{\"@id\":\"https:\\\/\\\/cv-creativa.de\\\/#website\"},\"primaryImageOfPage\":{\"@id\":\"https:\\\/\\\/cv-creativa.de\\\/producto\\\/cumbria\\\/#primaryimage\"},\"image\":{\"@id\":\"https:\\\/\\\/cv-creativa.de\\\/producto\\\/cumbria\\\/#primaryimage\"},\"thumbnailUrl\":\"https:\\\/\\\/cv-creativa.de\\\/wp-content\\\/uploads\\\/2021\\\/02\\\/IMG_3887.jpg\",\"datePublished\":\"2021-02-13T11:36:53+00:00\",\"dateModified\":\"2026-02-09T12:44:14+00:00\",\"description\":\"La mezcla de fibras maravillosamente suave. Cumbria es f\u00e1cil de trabajar y es iadecuado para proyectos a dos agujas o de crochet.\",\"breadcrumb\":{\"@id\":\"https:\\\/\\\/cv-creativa.de\\\/producto\\\/cumbria\\\/#breadcrumb\"},\"inLanguage\":\"de\",\"potentialAction\":[{\"@type\":\"ReadAction\",\"target\":[\"https:\\\/\\\/cv-creativa.de\\\/producto\\\/cumbria\\\/\"]}]},{\"@type\":\"ImageObject\",\"inLanguage\":\"de\",\"@id\":\"https:\\\/\\\/cv-creativa.de\\\/producto\\\/cumbria\\\/#primaryimage\",\"url\":\"https:\\\/\\\/cv-creativa.de\\\/wp-content\\\/uploads\\\/2021\\\/02\\\/IMG_3887.jpg\",\"contentUrl\":\"https:\\\/\\\/cv-creativa.de\\\/wp-content\\\/uploads\\\/2021\\\/02\\\/IMG_3887.jpg\",\"width\":994,\"height\":784},{\"@type\":\"BreadcrumbList\",\"@id\":\"https:\\\/\\\/cv-creativa.de\\\/producto\\\/cumbria\\\/#breadcrumb\",\"itemListElement\":[{\"@type\":\"ListItem\",\"position\":1,\"name\":\"Portada\",\"item\":\"https:\\\/\\\/cv-creativa.de\\\/\"},{\"@type\":\"ListItem\",\"position\":2,\"name\":\"Tienda\",\"item\":\"https:\\\/\\\/cv-creativa.de\\\/tienda\\\/\"},{\"@type\":\"ListItem\",\"position\":3,\"name\":\"CUMBRIA\"}]},{\"@type\":\"WebSite\",\"@id\":\"https:\\\/\\\/cv-creativa.de\\\/#website\",\"url\":\"https:\\\/\\\/cv-creativa.de\\\/\",\"name\":\"Crea tu mundo. Crea tu estilo.\",\"description\":\"\",\"publisher\":{\"@id\":\"https:\\\/\\\/cv-creativa.de\\\/#organization\"},\"potentialAction\":[{\"@type\":\"SearchAction\",\"target\":{\"@type\":\"EntryPoint\",\"urlTemplate\":\"https:\\\/\\\/cv-creativa.de\\\/?s={search_term_string}\"},\"query-input\":{\"@type\":\"PropertyValueSpecification\",\"valueRequired\":true,\"valueName\":\"search_term_string\"}}],\"inLanguage\":\"de\"},{\"@type\":\"Organization\",\"@id\":\"https:\\\/\\\/cv-creativa.de\\\/#organization\",\"name\":\"cv-creativa\",\"url\":\"https:\\\/\\\/cv-creativa.de\\\/\",\"logo\":{\"@type\":\"ImageObject\",\"inLanguage\":\"de\",\"@id\":\"https:\\\/\\\/cv-creativa.de\\\/#\\\/schema\\\/logo\\\/image\\\/\",\"url\":\"https:\\\/\\\/cv-creativa.de\\\/wp-content\\\/uploads\\\/2021\\\/01\\\/cropped-Logo-nuevo.jpg\",\"contentUrl\":\"https:\\\/\\\/cv-creativa.de\\\/wp-content\\\/uploads\\\/2021\\\/01\\\/cropped-Logo-nuevo.jpg\",\"width\":173,\"height\":175,\"caption\":\"cv-creativa\"},\"image\":{\"@id\":\"https:\\\/\\\/cv-creativa.de\\\/#\\\/schema\\\/logo\\\/image\\\/\"},\"sameAs\":[\"https:\\\/\\\/www.facebook.com\\\/claudia.vigorenasalomon\",\"https:\\\/\\\/www.instagram.com\\\/cv_creativa\\\/\",\"https:\\\/\\\/www.pinterest.de\\\/cv_vigorena\"]}]}<\/script>\n<!-- \/ Yoast SEO plugin. -->","yoast_head_json":{"title":"CUMBRIA -","description":"La mezcla de fibras maravillosamente suave. Cumbria es f\u00e1cil de trabajar y es iadecuado para proyectos a dos agujas o de crochet.","robots":{"index":"index","follow":"follow","max-snippet":"max-snippet:-1","max-image-preview":"max-image-preview:large","max-video-preview":"max-video-preview:-1"},"canonical":"https:\/\/cv-creativa.de\/de\/produkt\/cumbria\/","og_locale":"de_DE","og_type":"article","og_title":"CUMBRIA -","og_description":"La mezcla de fibras maravillosamente suave. Cumbria es f\u00e1cil de trabajar y es iadecuado para proyectos a dos agujas o de crochet.","og_url":"https:\/\/cv-creativa.de\/de\/produkt\/cumbria\/","article_publisher":"https:\/\/www.facebook.com\/claudia.vigorenasalomon","article_modified_time":"2026-02-09T12:44:14+00:00","og_image":[{"width":994,"height":784,"url":"http:\/\/cv-creativa.de\/wp-content\/uploads\/2021\/02\/IMG_3887.jpg","type":"image\/jpeg"}],"twitter_card":"summary_large_image","twitter_misc":{"Gesch\u00e4tzte Lesezeit":"2\u00a0Minuten"},"schema":{"@context":"https:\/\/schema.org","@graph":[{"@type":["WebPage","ItemPage"],"@id":"https:\/\/cv-creativa.de\/producto\/cumbria\/","url":"https:\/\/cv-creativa.de\/producto\/cumbria\/","name":"CUMBRIA -","isPartOf":{"@id":"https:\/\/cv-creativa.de\/#website"},"primaryImageOfPage":{"@id":"https:\/\/cv-creativa.de\/producto\/cumbria\/#primaryimage"},"image":{"@id":"https:\/\/cv-creativa.de\/producto\/cumbria\/#primaryimage"},"thumbnailUrl":"https:\/\/cv-creativa.de\/wp-content\/uploads\/2021\/02\/IMG_3887.jpg","datePublished":"2021-02-13T11:36:53+00:00","dateModified":"2026-02-09T12:44:14+00:00","description":"La mezcla de fibras maravillosamente suave. Cumbria es f\u00e1cil de trabajar y es iadecuado para proyectos a dos agujas o de crochet.","breadcrumb":{"@id":"https:\/\/cv-creativa.de\/producto\/cumbria\/#breadcrumb"},"inLanguage":"de","potentialAction":[{"@type":"ReadAction","target":["https:\/\/cv-creativa.de\/producto\/cumbria\/"]}]},{"@type":"ImageObject","inLanguage":"de","@id":"https:\/\/cv-creativa.de\/producto\/cumbria\/#primaryimage","url":"https:\/\/cv-creativa.de\/wp-content\/uploads\/2021\/02\/IMG_3887.jpg","contentUrl":"https:\/\/cv-creativa.de\/wp-content\/uploads\/2021\/02\/IMG_3887.jpg","width":994,"height":784},{"@type":"BreadcrumbList","@id":"https:\/\/cv-creativa.de\/producto\/cumbria\/#breadcrumb","itemListElement":[{"@type":"ListItem","position":1,"name":"Portada","item":"https:\/\/cv-creativa.de\/"},{"@type":"ListItem","position":2,"name":"Tienda","item":"https:\/\/cv-creativa.de\/tienda\/"},{"@type":"ListItem","position":3,"name":"CUMBRIA"}]},{"@type":"WebSite","@id":"https:\/\/cv-creativa.de\/#website","url":"https:\/\/cv-creativa.de\/","name":"Crea tu mundo. Crea tu estilo.","description":"","publisher":{"@id":"https:\/\/cv-creativa.de\/#organization"},"potentialAction":[{"@type":"SearchAction","target":{"@type":"EntryPoint","urlTemplate":"https:\/\/cv-creativa.de\/?s={search_term_string}"},"query-input":{"@type":"PropertyValueSpecification","valueRequired":true,"valueName":"search_term_string"}}],"inLanguage":"de"},{"@type":"Organization","@id":"https:\/\/cv-creativa.de\/#organization","name":"cv-creativa","url":"https:\/\/cv-creativa.de\/","logo":{"@type":"ImageObject","inLanguage":"de","@id":"https:\/\/cv-creativa.de\/#\/schema\/logo\/image\/","url":"https:\/\/cv-creativa.de\/wp-content\/uploads\/2021\/01\/cropped-Logo-nuevo.jpg","contentUrl":"https:\/\/cv-creativa.de\/wp-content\/uploads\/2021\/01\/cropped-Logo-nuevo.jpg","width":173,"height":175,"caption":"cv-creativa"},"image":{"@id":"https:\/\/cv-creativa.de\/#\/schema\/logo\/image\/"},"sameAs":["https:\/\/www.facebook.com\/claudia.vigorenasalomon","https:\/\/www.instagram.com\/cv_creativa\/","https:\/\/www.pinterest.de\/cv_vigorena"]}]}},"_links":{"self":[{"href":"https:\/\/cv-creativa.de\/de\/wp-json\/wp\/v2\/product\/733","targetHints":{"allow":["GET"]}}],"collection":[{"href":"https:\/\/cv-creativa.de\/de\/wp-json\/wp\/v2\/product"}],"about":[{"href":"https:\/\/cv-creativa.de\/de\/wp-json\/wp\/v2\/types\/product"}],"replies":[{"embeddable":true,"href":"https:\/\/cv-creativa.de\/de\/wp-json\/wp\/v2\/comments?post=733"}],"wp:featuredmedia":[{"embeddable":true,"href":"https:\/\/cv-creativa.de\/de\/wp-json\/wp\/v2\/media\/1540"}],"wp:attachment":[{"href":"https:\/\/cv-creativa.de\/de\/wp-json\/wp\/v2\/media?parent=733"}],"wp:term":[{"taxonomy":"product_brand","embeddable":true,"href":"https:\/\/cv-creativa.de\/de\/wp-json\/wp\/v2\/product_brand?post=733"},{"taxonomy":"product_cat","embeddable":true,"href":"https:\/\/cv-creativa.de\/de\/wp-json\/wp\/v2\/product_cat?post=733"},{"taxonomy":"product_tag","embeddable":true,"href":"https:\/\/cv-creativa.de\/de\/wp-json\/wp\/v2\/product_tag?post=733"}],"curies":[{"name":"wp","href":"https:\/\/api.w.org\/{rel}","templated":true}]}}