{"id":734,"date":"2021-02-13T14:24:34","date_gmt":"2021-02-13T13:24:34","guid":{"rendered":"http:\/\/cv-creativa.de\/?post_type=product&#038;p=734"},"modified":"2026-02-02T09:27:14","modified_gmt":"2026-02-02T08:27:14","slug":"alpaca-lace","status":"publish","type":"product","link":"https:\/\/cv-creativa.de\/de\/produkt\/alpaca-lace\/","title":{"rendered":"Alpaca Lace"},"content":{"rendered":"<h3><strong>Produktinformationen<\/strong><\/h3>\n<p>Alpaca Lace ist ein luxuri\u00f6ses Garn, das wunderbar weich und dennoch sehr strapazierf\u00e4hig ist. Es besteht aus reiner Alpaka-Wolle. In der St\u00e4rke Lace ist es unglaublich leicht und eignet sich f\u00fcr alle Arten von Mustern und Spitzen- oder Ajour-Stichen.<\/p>\n<p>Das Alpaka-Lace-Garn besteht zu 100 Prozent aus Baby-Alpakahaare. Diese besonders weichen und zarten Fasern stammen aus der ersten Schur junger Tiere aus den Anden Perus.<\/p>\n<p>Alpaca Lace ist ein 2-f\u00e4diges Garn. Das feine, leichte Garn hat einen leichten Flaum, fusselt aber nicht.<\/p>\n<p>Alpakagarn eignet sich ideal f\u00fcr leichte Oberteile mit zarten Spitzenmustern und ist perfekt f\u00fcr Accessoires wie Schals und T\u00fccher. Es hat hervorragende w\u00e4rmeregulierende Eigenschaften und ist extrem hautfreundlich. Da Alpakawolle kaum Lanolin enth\u00e4lt, wird sie auch von empfindlichen Menschen gut vertragen und kann sogar von Menschen mit Wollallergie getragen werden.  Sie eignet sich auch ideal f\u00fcr Babykleidung.<\/p>","protected":false},"excerpt":{"rendered":"<p><strong>Technische Daten<\/strong><\/p>\n<p><strong>Gewicht:<\/strong> 50 g ~ 1.76 oz<\/p>\n<p><strong>L\u00e4nge:\u00a0<\/strong>\u00a0400 m~ 437 yds<\/p>\n<p><strong>Empfohlene Nadelst\u00e4rke:<\/strong> 3 mm \/ 3 US \/ 11 UK<\/p>\n<p><strong>Empfohlene Maschenprobe<\/strong> 36 puntos, 48 filas por 10 cm<\/p>\n<p><strong>Pr\u00e4sentation:<\/strong> Sie werden in Str\u00e4ngen zu 50 g \/ 1,76 oz geliefert.<\/p>\n<p>F\u00fcr einen Pullover in Gr\u00f6\u00dfe 38  ben\u00f6tigt man ~300 gr<\/p>\n<p>F\u00fcr dieses Garn wird eine Handw\u00e4sche mit lauwarmem Wasser und einer milden Seife empfohlen. Das Trocknen sollte flach erfolgen, am besten auf einem Handtuch, um zu verhindern, dass sich das Kleidungsst\u00fcck verformt. Nicht direkt \u00fcber einer W\u00e4rmequelle oder in der direkten Sonne trocknen.<\/p>","protected":false},"featured_media":723,"comment_status":"open","ping_status":"closed","template":"","meta":{"neve_meta_sidebar":"","neve_meta_container":"","neve_meta_enable_content_width":"off","neve_meta_content_width":100,"neve_meta_title_alignment":"","neve_meta_author_avatar":"","neve_post_elements_order":"","neve_meta_disable_header":"","neve_meta_disable_footer":"","neve_meta_disable_title":""},"product_brand":[484],"product_cat":[29],"product_tag":[104,103,91],"class_list":{"0":"post-734","1":"product","2":"type-product","3":"status-publish","4":"has-post-thumbnail","6":"product_brand-pascuali","7":"product_cat-hilados","8":"product_tag-alpaca-lace","9":"product_tag-gris-plata","10":"product_tag-pascuali-filati-naturali","11":"product_shipping_class-ropa-lanas-y-accesorios","12":"pa_color-anthrazit-11","13":"pa_color-gelb-24","14":"pa_color-marmor-09","16":"first","17":"instock","18":"purchasable","19":"product-type-variable"},"yoast_head":"<!-- This site is optimized with the Yoast SEO plugin v27.6 - https:\/\/yoast.com\/product\/yoast-seo-wordpress\/ -->\n<title>Alpaca Lace para tus tejidos, lo m\u00e1s suave para tu piel.<\/title>\n<meta name=\"description\" content=\"La Alpaca Lace es un hilo lujoso y\u00a0 suave y muy resistente. Hecho de pura lana de alpaca. En el grosor Lace, es ligero y apto para punto.\" \/>\n<meta name=\"robots\" content=\"index, follow, max-snippet:-1, max-image-preview:large, max-video-preview:-1\" \/>\n<link rel=\"canonical\" href=\"https:\/\/cv-creativa.de\/de\/produkt\/alpaca-lace\/\" \/>\n<meta property=\"og:locale\" content=\"de_DE\" \/>\n<meta property=\"og:type\" content=\"article\" \/>\n<meta property=\"og:title\" content=\"Alpaca Lace para tus tejidos, lo m\u00e1s suave para tu piel.\" \/>\n<meta property=\"og:description\" content=\"La Alpaca Lace es un hilo lujoso y\u00a0 suave y muy resistente. Hecho de pura lana de alpaca. En el grosor Lace, es ligero y apto para punto.\" \/>\n<meta property=\"og:url\" content=\"https:\/\/cv-creativa.de\/de\/produkt\/alpaca-lace\/\" \/>\n<meta property=\"article:publisher\" content=\"https:\/\/www.facebook.com\/claudia.vigorenasalomon\" \/>\n<meta property=\"article:modified_time\" content=\"2026-02-02T08:27:14+00:00\" \/>\n<meta property=\"og:image\" content=\"http:\/\/cv-creativa.de\/wp-content\/uploads\/2021\/02\/P2110621-scaled.jpg\" \/>\n\t<meta property=\"og:image:width\" content=\"2560\" \/>\n\t<meta property=\"og:image:height\" content=\"1920\" \/>\n\t<meta property=\"og:image:type\" content=\"image\/jpeg\" \/>\n<meta name=\"twitter:card\" content=\"summary_large_image\" \/>\n<meta name=\"twitter:label1\" content=\"Gesch\u00e4tzte Lesezeit\" \/>\n\t<meta name=\"twitter:data1\" content=\"1\u00a0Minute\" \/>\n<script type=\"application\/ld+json\" class=\"yoast-schema-graph\">{\"@context\":\"https:\\\/\\\/schema.org\",\"@graph\":[{\"@type\":[\"WebPage\",\"ItemPage\"],\"@id\":\"https:\\\/\\\/cv-creativa.de\\\/producto\\\/alpaca-lace\\\/\",\"url\":\"https:\\\/\\\/cv-creativa.de\\\/producto\\\/alpaca-lace\\\/\",\"name\":\"Alpaca Lace para tus tejidos, lo m\u00e1s suave para tu piel.\",\"isPartOf\":{\"@id\":\"https:\\\/\\\/cv-creativa.de\\\/#website\"},\"primaryImageOfPage\":{\"@id\":\"https:\\\/\\\/cv-creativa.de\\\/producto\\\/alpaca-lace\\\/#primaryimage\"},\"image\":{\"@id\":\"https:\\\/\\\/cv-creativa.de\\\/producto\\\/alpaca-lace\\\/#primaryimage\"},\"thumbnailUrl\":\"https:\\\/\\\/cv-creativa.de\\\/wp-content\\\/uploads\\\/2021\\\/02\\\/P2110621-scaled.jpg\",\"datePublished\":\"2021-02-13T13:24:34+00:00\",\"dateModified\":\"2026-02-02T08:27:14+00:00\",\"description\":\"La Alpaca Lace es un hilo lujoso y\u00a0 suave y muy resistente. Hecho de pura lana de alpaca. En el grosor Lace, es ligero y apto para punto.\",\"breadcrumb\":{\"@id\":\"https:\\\/\\\/cv-creativa.de\\\/producto\\\/alpaca-lace\\\/#breadcrumb\"},\"inLanguage\":\"de\",\"potentialAction\":[{\"@type\":\"ReadAction\",\"target\":[\"https:\\\/\\\/cv-creativa.de\\\/producto\\\/alpaca-lace\\\/\"]}]},{\"@type\":\"ImageObject\",\"inLanguage\":\"de\",\"@id\":\"https:\\\/\\\/cv-creativa.de\\\/producto\\\/alpaca-lace\\\/#primaryimage\",\"url\":\"https:\\\/\\\/cv-creativa.de\\\/wp-content\\\/uploads\\\/2021\\\/02\\\/P2110621-scaled.jpg\",\"contentUrl\":\"https:\\\/\\\/cv-creativa.de\\\/wp-content\\\/uploads\\\/2021\\\/02\\\/P2110621-scaled.jpg\",\"width\":2560,\"height\":1920},{\"@type\":\"BreadcrumbList\",\"@id\":\"https:\\\/\\\/cv-creativa.de\\\/producto\\\/alpaca-lace\\\/#breadcrumb\",\"itemListElement\":[{\"@type\":\"ListItem\",\"position\":1,\"name\":\"Portada\",\"item\":\"https:\\\/\\\/cv-creativa.de\\\/\"},{\"@type\":\"ListItem\",\"position\":2,\"name\":\"Tienda\",\"item\":\"https:\\\/\\\/cv-creativa.de\\\/tienda\\\/\"},{\"@type\":\"ListItem\",\"position\":3,\"name\":\"Alpaca Lace\"}]},{\"@type\":\"WebSite\",\"@id\":\"https:\\\/\\\/cv-creativa.de\\\/#website\",\"url\":\"https:\\\/\\\/cv-creativa.de\\\/\",\"name\":\"Crea tu mundo. Crea tu estilo.\",\"description\":\"\",\"publisher\":{\"@id\":\"https:\\\/\\\/cv-creativa.de\\\/#organization\"},\"potentialAction\":[{\"@type\":\"SearchAction\",\"target\":{\"@type\":\"EntryPoint\",\"urlTemplate\":\"https:\\\/\\\/cv-creativa.de\\\/?s={search_term_string}\"},\"query-input\":{\"@type\":\"PropertyValueSpecification\",\"valueRequired\":true,\"valueName\":\"search_term_string\"}}],\"inLanguage\":\"de\"},{\"@type\":\"Organization\",\"@id\":\"https:\\\/\\\/cv-creativa.de\\\/#organization\",\"name\":\"cv-creativa\",\"url\":\"https:\\\/\\\/cv-creativa.de\\\/\",\"logo\":{\"@type\":\"ImageObject\",\"inLanguage\":\"de\",\"@id\":\"https:\\\/\\\/cv-creativa.de\\\/#\\\/schema\\\/logo\\\/image\\\/\",\"url\":\"https:\\\/\\\/cv-creativa.de\\\/wp-content\\\/uploads\\\/2021\\\/01\\\/cropped-Logo-nuevo.jpg\",\"contentUrl\":\"https:\\\/\\\/cv-creativa.de\\\/wp-content\\\/uploads\\\/2021\\\/01\\\/cropped-Logo-nuevo.jpg\",\"width\":173,\"height\":175,\"caption\":\"cv-creativa\"},\"image\":{\"@id\":\"https:\\\/\\\/cv-creativa.de\\\/#\\\/schema\\\/logo\\\/image\\\/\"},\"sameAs\":[\"https:\\\/\\\/www.facebook.com\\\/claudia.vigorenasalomon\",\"https:\\\/\\\/www.instagram.com\\\/cv_creativa\\\/\",\"https:\\\/\\\/www.pinterest.de\\\/cv_vigorena\"]}]}<\/script>\n<!-- \/ Yoast SEO plugin. -->","yoast_head_json":{"title":"Alpaca Lace para tus tejidos, lo m\u00e1s suave para tu piel.","description":"La Alpaca Lace es un hilo lujoso y\u00a0 suave y muy resistente. Hecho de pura lana de alpaca. En el grosor Lace, es ligero y apto para punto.","robots":{"index":"index","follow":"follow","max-snippet":"max-snippet:-1","max-image-preview":"max-image-preview:large","max-video-preview":"max-video-preview:-1"},"canonical":"https:\/\/cv-creativa.de\/de\/produkt\/alpaca-lace\/","og_locale":"de_DE","og_type":"article","og_title":"Alpaca Lace para tus tejidos, lo m\u00e1s suave para tu piel.","og_description":"La Alpaca Lace es un hilo lujoso y\u00a0 suave y muy resistente. Hecho de pura lana de alpaca. En el grosor Lace, es ligero y apto para punto.","og_url":"https:\/\/cv-creativa.de\/de\/produkt\/alpaca-lace\/","article_publisher":"https:\/\/www.facebook.com\/claudia.vigorenasalomon","article_modified_time":"2026-02-02T08:27:14+00:00","og_image":[{"width":2560,"height":1920,"url":"http:\/\/cv-creativa.de\/wp-content\/uploads\/2021\/02\/P2110621-scaled.jpg","type":"image\/jpeg"}],"twitter_card":"summary_large_image","twitter_misc":{"Gesch\u00e4tzte Lesezeit":"1\u00a0Minute"},"schema":{"@context":"https:\/\/schema.org","@graph":[{"@type":["WebPage","ItemPage"],"@id":"https:\/\/cv-creativa.de\/producto\/alpaca-lace\/","url":"https:\/\/cv-creativa.de\/producto\/alpaca-lace\/","name":"Alpaca Lace para tus tejidos, lo m\u00e1s suave para tu piel.","isPartOf":{"@id":"https:\/\/cv-creativa.de\/#website"},"primaryImageOfPage":{"@id":"https:\/\/cv-creativa.de\/producto\/alpaca-lace\/#primaryimage"},"image":{"@id":"https:\/\/cv-creativa.de\/producto\/alpaca-lace\/#primaryimage"},"thumbnailUrl":"https:\/\/cv-creativa.de\/wp-content\/uploads\/2021\/02\/P2110621-scaled.jpg","datePublished":"2021-02-13T13:24:34+00:00","dateModified":"2026-02-02T08:27:14+00:00","description":"La Alpaca Lace es un hilo lujoso y\u00a0 suave y muy resistente. Hecho de pura lana de alpaca. En el grosor Lace, es ligero y apto para punto.","breadcrumb":{"@id":"https:\/\/cv-creativa.de\/producto\/alpaca-lace\/#breadcrumb"},"inLanguage":"de","potentialAction":[{"@type":"ReadAction","target":["https:\/\/cv-creativa.de\/producto\/alpaca-lace\/"]}]},{"@type":"ImageObject","inLanguage":"de","@id":"https:\/\/cv-creativa.de\/producto\/alpaca-lace\/#primaryimage","url":"https:\/\/cv-creativa.de\/wp-content\/uploads\/2021\/02\/P2110621-scaled.jpg","contentUrl":"https:\/\/cv-creativa.de\/wp-content\/uploads\/2021\/02\/P2110621-scaled.jpg","width":2560,"height":1920},{"@type":"BreadcrumbList","@id":"https:\/\/cv-creativa.de\/producto\/alpaca-lace\/#breadcrumb","itemListElement":[{"@type":"ListItem","position":1,"name":"Portada","item":"https:\/\/cv-creativa.de\/"},{"@type":"ListItem","position":2,"name":"Tienda","item":"https:\/\/cv-creativa.de\/tienda\/"},{"@type":"ListItem","position":3,"name":"Alpaca Lace"}]},{"@type":"WebSite","@id":"https:\/\/cv-creativa.de\/#website","url":"https:\/\/cv-creativa.de\/","name":"Crea tu mundo. Crea tu estilo.","description":"","publisher":{"@id":"https:\/\/cv-creativa.de\/#organization"},"potentialAction":[{"@type":"SearchAction","target":{"@type":"EntryPoint","urlTemplate":"https:\/\/cv-creativa.de\/?s={search_term_string}"},"query-input":{"@type":"PropertyValueSpecification","valueRequired":true,"valueName":"search_term_string"}}],"inLanguage":"de"},{"@type":"Organization","@id":"https:\/\/cv-creativa.de\/#organization","name":"cv-creativa","url":"https:\/\/cv-creativa.de\/","logo":{"@type":"ImageObject","inLanguage":"de","@id":"https:\/\/cv-creativa.de\/#\/schema\/logo\/image\/","url":"https:\/\/cv-creativa.de\/wp-content\/uploads\/2021\/01\/cropped-Logo-nuevo.jpg","contentUrl":"https:\/\/cv-creativa.de\/wp-content\/uploads\/2021\/01\/cropped-Logo-nuevo.jpg","width":173,"height":175,"caption":"cv-creativa"},"image":{"@id":"https:\/\/cv-creativa.de\/#\/schema\/logo\/image\/"},"sameAs":["https:\/\/www.facebook.com\/claudia.vigorenasalomon","https:\/\/www.instagram.com\/cv_creativa\/","https:\/\/www.pinterest.de\/cv_vigorena"]}]}},"_links":{"self":[{"href":"https:\/\/cv-creativa.de\/de\/wp-json\/wp\/v2\/product\/734","targetHints":{"allow":["GET"]}}],"collection":[{"href":"https:\/\/cv-creativa.de\/de\/wp-json\/wp\/v2\/product"}],"about":[{"href":"https:\/\/cv-creativa.de\/de\/wp-json\/wp\/v2\/types\/product"}],"replies":[{"embeddable":true,"href":"https:\/\/cv-creativa.de\/de\/wp-json\/wp\/v2\/comments?post=734"}],"wp:featuredmedia":[{"embeddable":true,"href":"https:\/\/cv-creativa.de\/de\/wp-json\/wp\/v2\/media\/723"}],"wp:attachment":[{"href":"https:\/\/cv-creativa.de\/de\/wp-json\/wp\/v2\/media?parent=734"}],"wp:term":[{"taxonomy":"product_brand","embeddable":true,"href":"https:\/\/cv-creativa.de\/de\/wp-json\/wp\/v2\/product_brand?post=734"},{"taxonomy":"product_cat","embeddable":true,"href":"https:\/\/cv-creativa.de\/de\/wp-json\/wp\/v2\/product_cat?post=734"},{"taxonomy":"product_tag","embeddable":true,"href":"https:\/\/cv-creativa.de\/de\/wp-json\/wp\/v2\/product_tag?post=734"}],"curies":[{"name":"wp","href":"https:\/\/api.w.org\/{rel}","templated":true}]}}