{"id":755,"date":"2021-02-14T15:28:50","date_gmt":"2021-02-14T14:28:50","guid":{"rendered":"http:\/\/cv-creativa.de\/?post_type=product&#038;p=755"},"modified":"2026-02-02T09:41:56","modified_gmt":"2026-02-02T08:41:56","slug":"alpaca-royal-cremita","status":"publish","type":"product","link":"https:\/\/cv-creativa.de\/de\/produkt\/alpaca-royal-cremita\/","title":{"rendered":"ALPACA ROYAL cremita"},"content":{"rendered":"<p>Alpaca Royal ist eine perfekte Kombination aus Luxus, Natur und Nachhaltigkeit. Ein wunderbar weiches, zartes und festes Garn aus reiner Alpaka-Wolle. Die St\u00e4rke ist superfein\/fingering. Alpaca Royal ist unglaublich leicht und weich.<\/p>\n<p>Royal ist die Bezeichnung f\u00fcr Alpakahaare mit einem Durchmesser von weniger als 19,5 Mikrometern. Nur die besten jungen wei\u00dfen Alpakas verf\u00fcgen \u00fcber diese Feinheit. Um diese wundersch\u00f6ne Farbpalette anbieten zu k\u00f6nnen, hat Pascuali filati naturali das wei\u00dfe Haar des Royal-Alpakas mit 20 Prozent weichem Baby-Alpakahaar in verschiedenen nat\u00fcrlichen Farbt\u00f6nen gemischt. Die Fasern stammen von Tieren aus den Anden Perus.<\/p>\n<p>Alpaca Royal ist ein Zweifachgarn. Das feine, leichte Garn ist kaum von Kaschmir zu unterscheiden . Die gro\u00dfz\u00fcgige L\u00e4nge erm\u00f6glicht die Herstellung extrem leichter Kleidungsst\u00fccke. F\u00fcr einen Pullover werden nur etwa 250 g ben\u00f6tigt.<\/p>\n<p>Alpaca Royal eignet sich ideal f\u00fcr leichte, aber warme Oberteile und ist auch perfekt f\u00fcr Accessoires wie Schals oder T\u00fccher. Es hat hervorragende w\u00e4rmeregulierende Eigenschaften und ist extrem hautfreundlich. Es wird auch von Menschen mit empfindlicher Haut gut vertragen, und da Alpaka kaum Lanolin enth\u00e4lt, k\u00f6nnen es sogar Menschen mit einer Wollallergie tragen.<\/p>","protected":false},"excerpt":{"rendered":"<p><strong>Technische Daten<\/strong><\/p>\n<p><strong>Gewicht:<\/strong> 25 g ~ 0.88 oz<\/p>\n<p><strong>L\u00e4nge:\u00a0<\/strong> 133 m~ 145 yds<\/p>\n<p><strong>Empfohlene Nadelst\u00e4rke:<\/strong> 2-2,25 mm \/ 1 US \/ 13 UK<\/p>\n<p><strong>Empfohlene Maschenprobe<\/strong> 31 puntos, 42 filas por 10 cm<\/p>\n<p><strong>Pr\u00e4sentation:<\/strong> vienen en ovillos de 25 g \/ 0.88 oz<\/p>\n<p>F\u00fcr einen Pullover in Gr\u00f6\u00dfe 38  ben\u00f6tigt man ~250 g (10 Kn\u00e4uel).<\/p>\n<p>F\u00fcr dieses Garn wird eine Handw\u00e4sche mit lauwarmem Wasser und einer milden Seife empfohlen. Das Trocknen sollte flach erfolgen, am besten auf einem Handtuch, um zu verhindern, dass sich das Kleidungsst\u00fcck verformt. Nicht direkt \u00fcber einer W\u00e4rmequelle oder in der direkten Sonne trocknen.<\/p>\n<p>&nbsp;<\/p>","protected":false},"featured_media":729,"comment_status":"open","ping_status":"closed","template":"","meta":{"neve_meta_sidebar":"","neve_meta_container":"","neve_meta_enable_content_width":"off","neve_meta_content_width":100,"neve_meta_title_alignment":"","neve_meta_author_avatar":"","neve_post_elements_order":"","neve_meta_disable_header":"","neve_meta_disable_footer":"","neve_meta_disable_title":""},"product_brand":[484],"product_cat":[29],"product_tag":[110,111,91],"class_list":{"0":"post-755","1":"product","2":"type-product","3":"status-publish","4":"has-post-thumbnail","6":"product_brand-pascuali","7":"product_cat-hilados","8":"product_tag-alpaca-royal","9":"product_tag-crema","10":"product_tag-pascuali-filati-naturali","11":"product_shipping_class-ropa-lanas-y-accesorios","13":"first","14":"instock","15":"purchasable","16":"product-type-simple"},"yoast_head":"<!-- This site is optimized with the Yoast SEO plugin v27.6 - https:\/\/yoast.com\/product\/yoast-seo-wordpress\/ -->\n<title>Alpaca royal para tus tejidos, lo m\u00e1s suave para tu piel.<\/title>\n<meta name=\"description\" content=\"Alpaca Royal es un hilado de Pascuali que combina lujo, naturalidad y sotenibilidad. Un hilado suave, delicado y firme hecho de pura lana de aplaca.\" \/>\n<meta name=\"robots\" content=\"index, follow, max-snippet:-1, max-image-preview:large, max-video-preview:-1\" \/>\n<link rel=\"canonical\" href=\"https:\/\/cv-creativa.de\/de\/produkt\/alpaca-royal-cremita\/\" \/>\n<meta property=\"og:locale\" content=\"de_DE\" \/>\n<meta property=\"og:type\" content=\"article\" \/>\n<meta property=\"og:title\" content=\"Alpaca royal para tus tejidos, lo m\u00e1s suave para tu piel.\" \/>\n<meta property=\"og:description\" content=\"Alpaca Royal es un hilado de Pascuali que combina lujo, naturalidad y sotenibilidad. Un hilado suave, delicado y firme hecho de pura lana de aplaca.\" \/>\n<meta property=\"og:url\" content=\"https:\/\/cv-creativa.de\/de\/produkt\/alpaca-royal-cremita\/\" \/>\n<meta property=\"article:publisher\" content=\"https:\/\/www.facebook.com\/claudia.vigorenasalomon\" \/>\n<meta property=\"article:modified_time\" content=\"2026-02-02T08:41:56+00:00\" \/>\n<meta property=\"og:image\" content=\"http:\/\/cv-creativa.de\/wp-content\/uploads\/2021\/02\/P2110628-scaled.jpg\" \/>\n\t<meta property=\"og:image:width\" content=\"2560\" \/>\n\t<meta property=\"og:image:height\" content=\"1920\" \/>\n\t<meta property=\"og:image:type\" content=\"image\/jpeg\" \/>\n<meta name=\"twitter:card\" content=\"summary_large_image\" \/>\n<meta name=\"twitter:label1\" content=\"Gesch\u00e4tzte Lesezeit\" \/>\n\t<meta name=\"twitter:data1\" content=\"2\u00a0Minuten\" \/>\n<script type=\"application\/ld+json\" class=\"yoast-schema-graph\">{\"@context\":\"https:\\\/\\\/schema.org\",\"@graph\":[{\"@type\":[\"WebPage\",\"ItemPage\"],\"@id\":\"https:\\\/\\\/cv-creativa.de\\\/producto\\\/alpaca-royal-cremita\\\/\",\"url\":\"https:\\\/\\\/cv-creativa.de\\\/producto\\\/alpaca-royal-cremita\\\/\",\"name\":\"Alpaca royal para tus tejidos, lo m\u00e1s suave para tu piel.\",\"isPartOf\":{\"@id\":\"https:\\\/\\\/cv-creativa.de\\\/#website\"},\"primaryImageOfPage\":{\"@id\":\"https:\\\/\\\/cv-creativa.de\\\/producto\\\/alpaca-royal-cremita\\\/#primaryimage\"},\"image\":{\"@id\":\"https:\\\/\\\/cv-creativa.de\\\/producto\\\/alpaca-royal-cremita\\\/#primaryimage\"},\"thumbnailUrl\":\"https:\\\/\\\/cv-creativa.de\\\/wp-content\\\/uploads\\\/2021\\\/02\\\/P2110628-scaled.jpg\",\"datePublished\":\"2021-02-14T14:28:50+00:00\",\"dateModified\":\"2026-02-02T08:41:56+00:00\",\"description\":\"Alpaca Royal es un hilado de Pascuali que combina lujo, naturalidad y sotenibilidad. Un hilado suave, delicado y firme hecho de pura lana de aplaca.\",\"breadcrumb\":{\"@id\":\"https:\\\/\\\/cv-creativa.de\\\/producto\\\/alpaca-royal-cremita\\\/#breadcrumb\"},\"inLanguage\":\"de\",\"potentialAction\":[{\"@type\":\"ReadAction\",\"target\":[\"https:\\\/\\\/cv-creativa.de\\\/producto\\\/alpaca-royal-cremita\\\/\"]}]},{\"@type\":\"ImageObject\",\"inLanguage\":\"de\",\"@id\":\"https:\\\/\\\/cv-creativa.de\\\/producto\\\/alpaca-royal-cremita\\\/#primaryimage\",\"url\":\"https:\\\/\\\/cv-creativa.de\\\/wp-content\\\/uploads\\\/2021\\\/02\\\/P2110628-scaled.jpg\",\"contentUrl\":\"https:\\\/\\\/cv-creativa.de\\\/wp-content\\\/uploads\\\/2021\\\/02\\\/P2110628-scaled.jpg\",\"width\":2560,\"height\":1920},{\"@type\":\"BreadcrumbList\",\"@id\":\"https:\\\/\\\/cv-creativa.de\\\/producto\\\/alpaca-royal-cremita\\\/#breadcrumb\",\"itemListElement\":[{\"@type\":\"ListItem\",\"position\":1,\"name\":\"Portada\",\"item\":\"https:\\\/\\\/cv-creativa.de\\\/\"},{\"@type\":\"ListItem\",\"position\":2,\"name\":\"Tienda\",\"item\":\"https:\\\/\\\/cv-creativa.de\\\/tienda\\\/\"},{\"@type\":\"ListItem\",\"position\":3,\"name\":\"ALPACA ROYAL cremita\"}]},{\"@type\":\"WebSite\",\"@id\":\"https:\\\/\\\/cv-creativa.de\\\/#website\",\"url\":\"https:\\\/\\\/cv-creativa.de\\\/\",\"name\":\"Crea tu mundo. Crea tu estilo.\",\"description\":\"\",\"publisher\":{\"@id\":\"https:\\\/\\\/cv-creativa.de\\\/#organization\"},\"potentialAction\":[{\"@type\":\"SearchAction\",\"target\":{\"@type\":\"EntryPoint\",\"urlTemplate\":\"https:\\\/\\\/cv-creativa.de\\\/?s={search_term_string}\"},\"query-input\":{\"@type\":\"PropertyValueSpecification\",\"valueRequired\":true,\"valueName\":\"search_term_string\"}}],\"inLanguage\":\"de\"},{\"@type\":\"Organization\",\"@id\":\"https:\\\/\\\/cv-creativa.de\\\/#organization\",\"name\":\"cv-creativa\",\"url\":\"https:\\\/\\\/cv-creativa.de\\\/\",\"logo\":{\"@type\":\"ImageObject\",\"inLanguage\":\"de\",\"@id\":\"https:\\\/\\\/cv-creativa.de\\\/#\\\/schema\\\/logo\\\/image\\\/\",\"url\":\"https:\\\/\\\/cv-creativa.de\\\/wp-content\\\/uploads\\\/2021\\\/01\\\/cropped-Logo-nuevo.jpg\",\"contentUrl\":\"https:\\\/\\\/cv-creativa.de\\\/wp-content\\\/uploads\\\/2021\\\/01\\\/cropped-Logo-nuevo.jpg\",\"width\":173,\"height\":175,\"caption\":\"cv-creativa\"},\"image\":{\"@id\":\"https:\\\/\\\/cv-creativa.de\\\/#\\\/schema\\\/logo\\\/image\\\/\"},\"sameAs\":[\"https:\\\/\\\/www.facebook.com\\\/claudia.vigorenasalomon\",\"https:\\\/\\\/www.instagram.com\\\/cv_creativa\\\/\",\"https:\\\/\\\/www.pinterest.de\\\/cv_vigorena\"]}]}<\/script>\n<!-- \/ Yoast SEO plugin. -->","yoast_head_json":{"title":"Alpaca royal para tus tejidos, lo m\u00e1s suave para tu piel.","description":"Alpaca Royal es un hilado de Pascuali que combina lujo, naturalidad y sotenibilidad. Un hilado suave, delicado y firme hecho de pura lana de aplaca.","robots":{"index":"index","follow":"follow","max-snippet":"max-snippet:-1","max-image-preview":"max-image-preview:large","max-video-preview":"max-video-preview:-1"},"canonical":"https:\/\/cv-creativa.de\/de\/produkt\/alpaca-royal-cremita\/","og_locale":"de_DE","og_type":"article","og_title":"Alpaca royal para tus tejidos, lo m\u00e1s suave para tu piel.","og_description":"Alpaca Royal es un hilado de Pascuali que combina lujo, naturalidad y sotenibilidad. Un hilado suave, delicado y firme hecho de pura lana de aplaca.","og_url":"https:\/\/cv-creativa.de\/de\/produkt\/alpaca-royal-cremita\/","article_publisher":"https:\/\/www.facebook.com\/claudia.vigorenasalomon","article_modified_time":"2026-02-02T08:41:56+00:00","og_image":[{"width":2560,"height":1920,"url":"http:\/\/cv-creativa.de\/wp-content\/uploads\/2021\/02\/P2110628-scaled.jpg","type":"image\/jpeg"}],"twitter_card":"summary_large_image","twitter_misc":{"Gesch\u00e4tzte Lesezeit":"2\u00a0Minuten"},"schema":{"@context":"https:\/\/schema.org","@graph":[{"@type":["WebPage","ItemPage"],"@id":"https:\/\/cv-creativa.de\/producto\/alpaca-royal-cremita\/","url":"https:\/\/cv-creativa.de\/producto\/alpaca-royal-cremita\/","name":"Alpaca royal para tus tejidos, lo m\u00e1s suave para tu piel.","isPartOf":{"@id":"https:\/\/cv-creativa.de\/#website"},"primaryImageOfPage":{"@id":"https:\/\/cv-creativa.de\/producto\/alpaca-royal-cremita\/#primaryimage"},"image":{"@id":"https:\/\/cv-creativa.de\/producto\/alpaca-royal-cremita\/#primaryimage"},"thumbnailUrl":"https:\/\/cv-creativa.de\/wp-content\/uploads\/2021\/02\/P2110628-scaled.jpg","datePublished":"2021-02-14T14:28:50+00:00","dateModified":"2026-02-02T08:41:56+00:00","description":"Alpaca Royal es un hilado de Pascuali que combina lujo, naturalidad y sotenibilidad. Un hilado suave, delicado y firme hecho de pura lana de aplaca.","breadcrumb":{"@id":"https:\/\/cv-creativa.de\/producto\/alpaca-royal-cremita\/#breadcrumb"},"inLanguage":"de","potentialAction":[{"@type":"ReadAction","target":["https:\/\/cv-creativa.de\/producto\/alpaca-royal-cremita\/"]}]},{"@type":"ImageObject","inLanguage":"de","@id":"https:\/\/cv-creativa.de\/producto\/alpaca-royal-cremita\/#primaryimage","url":"https:\/\/cv-creativa.de\/wp-content\/uploads\/2021\/02\/P2110628-scaled.jpg","contentUrl":"https:\/\/cv-creativa.de\/wp-content\/uploads\/2021\/02\/P2110628-scaled.jpg","width":2560,"height":1920},{"@type":"BreadcrumbList","@id":"https:\/\/cv-creativa.de\/producto\/alpaca-royal-cremita\/#breadcrumb","itemListElement":[{"@type":"ListItem","position":1,"name":"Portada","item":"https:\/\/cv-creativa.de\/"},{"@type":"ListItem","position":2,"name":"Tienda","item":"https:\/\/cv-creativa.de\/tienda\/"},{"@type":"ListItem","position":3,"name":"ALPACA ROYAL cremita"}]},{"@type":"WebSite","@id":"https:\/\/cv-creativa.de\/#website","url":"https:\/\/cv-creativa.de\/","name":"Crea tu mundo. Crea tu estilo.","description":"","publisher":{"@id":"https:\/\/cv-creativa.de\/#organization"},"potentialAction":[{"@type":"SearchAction","target":{"@type":"EntryPoint","urlTemplate":"https:\/\/cv-creativa.de\/?s={search_term_string}"},"query-input":{"@type":"PropertyValueSpecification","valueRequired":true,"valueName":"search_term_string"}}],"inLanguage":"de"},{"@type":"Organization","@id":"https:\/\/cv-creativa.de\/#organization","name":"cv-creativa","url":"https:\/\/cv-creativa.de\/","logo":{"@type":"ImageObject","inLanguage":"de","@id":"https:\/\/cv-creativa.de\/#\/schema\/logo\/image\/","url":"https:\/\/cv-creativa.de\/wp-content\/uploads\/2021\/01\/cropped-Logo-nuevo.jpg","contentUrl":"https:\/\/cv-creativa.de\/wp-content\/uploads\/2021\/01\/cropped-Logo-nuevo.jpg","width":173,"height":175,"caption":"cv-creativa"},"image":{"@id":"https:\/\/cv-creativa.de\/#\/schema\/logo\/image\/"},"sameAs":["https:\/\/www.facebook.com\/claudia.vigorenasalomon","https:\/\/www.instagram.com\/cv_creativa\/","https:\/\/www.pinterest.de\/cv_vigorena"]}]}},"_links":{"self":[{"href":"https:\/\/cv-creativa.de\/de\/wp-json\/wp\/v2\/product\/755","targetHints":{"allow":["GET"]}}],"collection":[{"href":"https:\/\/cv-creativa.de\/de\/wp-json\/wp\/v2\/product"}],"about":[{"href":"https:\/\/cv-creativa.de\/de\/wp-json\/wp\/v2\/types\/product"}],"replies":[{"embeddable":true,"href":"https:\/\/cv-creativa.de\/de\/wp-json\/wp\/v2\/comments?post=755"}],"wp:featuredmedia":[{"embeddable":true,"href":"https:\/\/cv-creativa.de\/de\/wp-json\/wp\/v2\/media\/729"}],"wp:attachment":[{"href":"https:\/\/cv-creativa.de\/de\/wp-json\/wp\/v2\/media?parent=755"}],"wp:term":[{"taxonomy":"product_brand","embeddable":true,"href":"https:\/\/cv-creativa.de\/de\/wp-json\/wp\/v2\/product_brand?post=755"},{"taxonomy":"product_cat","embeddable":true,"href":"https:\/\/cv-creativa.de\/de\/wp-json\/wp\/v2\/product_cat?post=755"},{"taxonomy":"product_tag","embeddable":true,"href":"https:\/\/cv-creativa.de\/de\/wp-json\/wp\/v2\/product_tag?post=755"}],"curies":[{"name":"wp","href":"https:\/\/api.w.org\/{rel}","templated":true}]}}