{"id":758,"date":"2021-02-16T18:09:36","date_gmt":"2021-02-16T17:09:36","guid":{"rendered":"http:\/\/cv-creativa.de\/?post_type=product&#038;p=758"},"modified":"2026-01-30T09:22:29","modified_gmt":"2026-01-30T08:22:29","slug":"camino-de-mesa-atardecer","status":"publish","type":"product","link":"https:\/\/cv-creativa.de\/de\/produkt\/camino-de-mesa-atardecer\/","title":{"rendered":"Tischl\u00e4ufer Sonnenuntergang"},"content":{"rendered":"<h1><strong>Inhaltsstoffe des Produkts<\/strong><\/h1>\n<p>Dieses Tischl\u00e4ufer ist gewebt in der <strong>Tischwebstuhl<\/strong> oder <strong>Webstuhl Mar\u00eda<\/strong>. Die Kette besteht aus 1 mm starker Baumwolle der Marke Casasol.filicolor, und der Schuss ist ein italienisches Garn aus 60 % Alpaka, 20 % Wolle und 20 % Acryl.<\/p>\n<p>Diese Wolle hat eine Dicke<strong> Fingerin.<\/strong><\/p>\n<p>Zum Waschen dieses Produkts wird eine Seife f\u00fcr empfindliche Textilien empfohlen. Es kann in der Waschmaschine im Schonwaschgang gewaschen werden. \u00dcbersch\u00fcssiges Wasser mit einem Handtuch entfernen.  Flach trocknen, niemals auf einer W\u00e4rmequelle oder in direkter Sonneneinstrahlung.<\/p>","protected":false},"excerpt":{"rendered":"<h2><strong>Ma\u00dfe des Endprodukts:<\/strong><\/h2>\n<p>Dieser Tischl\u00e4ufer ist 193 cm lang (ohne Fransen) und ca. 25,5 cm breit.<\/p>\n<p><span style=\"color: #999999;\">Gem\u00e4\u00df \u00a7 19 Umsatzsteuergesetz (UStG) wird keine Umsatzsteuer erhoben.<strong> +<\/strong> Gastos de env\u00edo<\/span><\/p>","protected":false},"featured_media":760,"comment_status":"open","ping_status":"closed","template":"","meta":{"neve_meta_sidebar":"","neve_meta_container":"","neve_meta_enable_content_width":"off","neve_meta_content_width":100,"neve_meta_title_alignment":"","neve_meta_author_avatar":"","neve_post_elements_order":"","neve_meta_disable_header":"","neve_meta_disable_footer":"","neve_meta_disable_title":""},"product_brand":[],"product_cat":[24],"product_tag":[112,113],"class_list":{"0":"post-758","1":"product","2":"type-product","3":"status-publish","4":"has-post-thumbnail","6":"product_cat-telar","7":"product_tag-camino-de-mesa","8":"product_tag-telar","9":"product_shipping_class-ropa-lanas-y-accesorios","11":"first","12":"instock","13":"purchasable","14":"product-type-simple"},"yoast_head":"<!-- This site is optimized with the Yoast SEO plugin v27.6 - https:\/\/yoast.com\/product\/yoast-seo-wordpress\/ -->\n<title>Camino de mesa atardecer -<\/title>\n<meta name=\"robots\" content=\"index, follow, max-snippet:-1, max-image-preview:large, max-video-preview:-1\" \/>\n<link rel=\"canonical\" href=\"https:\/\/cv-creativa.de\/de\/produkt\/camino-de-mesa-atardecer\/\" \/>\n<meta property=\"og:locale\" content=\"de_DE\" \/>\n<meta property=\"og:type\" content=\"article\" \/>\n<meta property=\"og:title\" content=\"Camino de mesa atardecer -\" \/>\n<meta property=\"og:description\" content=\"Medidas del Producto Final: Este camino de mesa mide 193cm de largo (sin contar los flecos) y 25,5cm de ancho aprox.  De conformidad con el art\u00edculo 19 de la Ley alemana del impuesto sobre el valor a\u00f1adido (UStG), no se aplicar\u00e1 el impuesto sobre el valor a\u00f1adido. + Gastos de env\u00edo\" \/>\n<meta property=\"og:url\" content=\"https:\/\/cv-creativa.de\/de\/produkt\/camino-de-mesa-atardecer\/\" \/>\n<meta property=\"article:publisher\" content=\"https:\/\/www.facebook.com\/claudia.vigorenasalomon\" \/>\n<meta property=\"article:modified_time\" content=\"2026-01-30T08:22:29+00:00\" \/>\n<meta property=\"og:image\" content=\"http:\/\/cv-creativa.de\/wp-content\/uploads\/2021\/02\/Camino-de-mesa-atardecer1-scaled.jpg\" \/>\n\t<meta property=\"og:image:width\" content=\"2560\" \/>\n\t<meta property=\"og:image:height\" content=\"2560\" \/>\n\t<meta property=\"og:image:type\" content=\"image\/jpeg\" \/>\n<meta name=\"twitter:card\" content=\"summary_large_image\" \/>\n<meta name=\"twitter:label1\" content=\"Gesch\u00e4tzte Lesezeit\" \/>\n\t<meta name=\"twitter:data1\" content=\"1\u00a0Minute\" \/>\n<script type=\"application\/ld+json\" class=\"yoast-schema-graph\">{\"@context\":\"https:\\\/\\\/schema.org\",\"@graph\":[{\"@type\":[\"WebPage\",\"ItemPage\"],\"@id\":\"https:\\\/\\\/cv-creativa.de\\\/producto\\\/camino-de-mesa-atardecer\\\/\",\"url\":\"https:\\\/\\\/cv-creativa.de\\\/producto\\\/camino-de-mesa-atardecer\\\/\",\"name\":\"Camino de mesa atardecer -\",\"isPartOf\":{\"@id\":\"https:\\\/\\\/cv-creativa.de\\\/#website\"},\"primaryImageOfPage\":{\"@id\":\"https:\\\/\\\/cv-creativa.de\\\/producto\\\/camino-de-mesa-atardecer\\\/#primaryimage\"},\"image\":{\"@id\":\"https:\\\/\\\/cv-creativa.de\\\/producto\\\/camino-de-mesa-atardecer\\\/#primaryimage\"},\"thumbnailUrl\":\"https:\\\/\\\/cv-creativa.de\\\/wp-content\\\/uploads\\\/2021\\\/02\\\/Camino-de-mesa-atardecer1-scaled.jpg\",\"datePublished\":\"2021-02-16T17:09:36+00:00\",\"dateModified\":\"2026-01-30T08:22:29+00:00\",\"breadcrumb\":{\"@id\":\"https:\\\/\\\/cv-creativa.de\\\/producto\\\/camino-de-mesa-atardecer\\\/#breadcrumb\"},\"inLanguage\":\"de\",\"potentialAction\":[{\"@type\":\"ReadAction\",\"target\":[\"https:\\\/\\\/cv-creativa.de\\\/producto\\\/camino-de-mesa-atardecer\\\/\"]}]},{\"@type\":\"ImageObject\",\"inLanguage\":\"de\",\"@id\":\"https:\\\/\\\/cv-creativa.de\\\/producto\\\/camino-de-mesa-atardecer\\\/#primaryimage\",\"url\":\"https:\\\/\\\/cv-creativa.de\\\/wp-content\\\/uploads\\\/2021\\\/02\\\/Camino-de-mesa-atardecer1-scaled.jpg\",\"contentUrl\":\"https:\\\/\\\/cv-creativa.de\\\/wp-content\\\/uploads\\\/2021\\\/02\\\/Camino-de-mesa-atardecer1-scaled.jpg\",\"width\":2560,\"height\":2560},{\"@type\":\"BreadcrumbList\",\"@id\":\"https:\\\/\\\/cv-creativa.de\\\/producto\\\/camino-de-mesa-atardecer\\\/#breadcrumb\",\"itemListElement\":[{\"@type\":\"ListItem\",\"position\":1,\"name\":\"Portada\",\"item\":\"https:\\\/\\\/cv-creativa.de\\\/\"},{\"@type\":\"ListItem\",\"position\":2,\"name\":\"Tienda\",\"item\":\"https:\\\/\\\/cv-creativa.de\\\/tienda\\\/\"},{\"@type\":\"ListItem\",\"position\":3,\"name\":\"Camino de mesa atardecer\"}]},{\"@type\":\"WebSite\",\"@id\":\"https:\\\/\\\/cv-creativa.de\\\/#website\",\"url\":\"https:\\\/\\\/cv-creativa.de\\\/\",\"name\":\"Crea tu mundo. Crea tu estilo.\",\"description\":\"\",\"publisher\":{\"@id\":\"https:\\\/\\\/cv-creativa.de\\\/#organization\"},\"potentialAction\":[{\"@type\":\"SearchAction\",\"target\":{\"@type\":\"EntryPoint\",\"urlTemplate\":\"https:\\\/\\\/cv-creativa.de\\\/?s={search_term_string}\"},\"query-input\":{\"@type\":\"PropertyValueSpecification\",\"valueRequired\":true,\"valueName\":\"search_term_string\"}}],\"inLanguage\":\"de\"},{\"@type\":\"Organization\",\"@id\":\"https:\\\/\\\/cv-creativa.de\\\/#organization\",\"name\":\"cv-creativa\",\"url\":\"https:\\\/\\\/cv-creativa.de\\\/\",\"logo\":{\"@type\":\"ImageObject\",\"inLanguage\":\"de\",\"@id\":\"https:\\\/\\\/cv-creativa.de\\\/#\\\/schema\\\/logo\\\/image\\\/\",\"url\":\"https:\\\/\\\/cv-creativa.de\\\/wp-content\\\/uploads\\\/2021\\\/01\\\/cropped-Logo-nuevo.jpg\",\"contentUrl\":\"https:\\\/\\\/cv-creativa.de\\\/wp-content\\\/uploads\\\/2021\\\/01\\\/cropped-Logo-nuevo.jpg\",\"width\":173,\"height\":175,\"caption\":\"cv-creativa\"},\"image\":{\"@id\":\"https:\\\/\\\/cv-creativa.de\\\/#\\\/schema\\\/logo\\\/image\\\/\"},\"sameAs\":[\"https:\\\/\\\/www.facebook.com\\\/claudia.vigorenasalomon\",\"https:\\\/\\\/www.instagram.com\\\/cv_creativa\\\/\",\"https:\\\/\\\/www.pinterest.de\\\/cv_vigorena\"]}]}<\/script>\n<!-- \/ Yoast SEO plugin. -->","yoast_head_json":{"title":"Camino de mesa atardecer -","robots":{"index":"index","follow":"follow","max-snippet":"max-snippet:-1","max-image-preview":"max-image-preview:large","max-video-preview":"max-video-preview:-1"},"canonical":"https:\/\/cv-creativa.de\/de\/produkt\/camino-de-mesa-atardecer\/","og_locale":"de_DE","og_type":"article","og_title":"Camino de mesa atardecer -","og_description":"Medidas del Producto Final: Este camino de mesa mide 193cm de largo (sin contar los flecos) y 25,5cm de ancho aprox.  De conformidad con el art\u00edculo 19 de la Ley alemana del impuesto sobre el valor a\u00f1adido (UStG), no se aplicar\u00e1 el impuesto sobre el valor a\u00f1adido. + Gastos de env\u00edo","og_url":"https:\/\/cv-creativa.de\/de\/produkt\/camino-de-mesa-atardecer\/","article_publisher":"https:\/\/www.facebook.com\/claudia.vigorenasalomon","article_modified_time":"2026-01-30T08:22:29+00:00","og_image":[{"width":2560,"height":2560,"url":"http:\/\/cv-creativa.de\/wp-content\/uploads\/2021\/02\/Camino-de-mesa-atardecer1-scaled.jpg","type":"image\/jpeg"}],"twitter_card":"summary_large_image","twitter_misc":{"Gesch\u00e4tzte Lesezeit":"1\u00a0Minute"},"schema":{"@context":"https:\/\/schema.org","@graph":[{"@type":["WebPage","ItemPage"],"@id":"https:\/\/cv-creativa.de\/producto\/camino-de-mesa-atardecer\/","url":"https:\/\/cv-creativa.de\/producto\/camino-de-mesa-atardecer\/","name":"Camino de mesa atardecer -","isPartOf":{"@id":"https:\/\/cv-creativa.de\/#website"},"primaryImageOfPage":{"@id":"https:\/\/cv-creativa.de\/producto\/camino-de-mesa-atardecer\/#primaryimage"},"image":{"@id":"https:\/\/cv-creativa.de\/producto\/camino-de-mesa-atardecer\/#primaryimage"},"thumbnailUrl":"https:\/\/cv-creativa.de\/wp-content\/uploads\/2021\/02\/Camino-de-mesa-atardecer1-scaled.jpg","datePublished":"2021-02-16T17:09:36+00:00","dateModified":"2026-01-30T08:22:29+00:00","breadcrumb":{"@id":"https:\/\/cv-creativa.de\/producto\/camino-de-mesa-atardecer\/#breadcrumb"},"inLanguage":"de","potentialAction":[{"@type":"ReadAction","target":["https:\/\/cv-creativa.de\/producto\/camino-de-mesa-atardecer\/"]}]},{"@type":"ImageObject","inLanguage":"de","@id":"https:\/\/cv-creativa.de\/producto\/camino-de-mesa-atardecer\/#primaryimage","url":"https:\/\/cv-creativa.de\/wp-content\/uploads\/2021\/02\/Camino-de-mesa-atardecer1-scaled.jpg","contentUrl":"https:\/\/cv-creativa.de\/wp-content\/uploads\/2021\/02\/Camino-de-mesa-atardecer1-scaled.jpg","width":2560,"height":2560},{"@type":"BreadcrumbList","@id":"https:\/\/cv-creativa.de\/producto\/camino-de-mesa-atardecer\/#breadcrumb","itemListElement":[{"@type":"ListItem","position":1,"name":"Portada","item":"https:\/\/cv-creativa.de\/"},{"@type":"ListItem","position":2,"name":"Tienda","item":"https:\/\/cv-creativa.de\/tienda\/"},{"@type":"ListItem","position":3,"name":"Camino de mesa atardecer"}]},{"@type":"WebSite","@id":"https:\/\/cv-creativa.de\/#website","url":"https:\/\/cv-creativa.de\/","name":"Crea tu mundo. Crea tu estilo.","description":"","publisher":{"@id":"https:\/\/cv-creativa.de\/#organization"},"potentialAction":[{"@type":"SearchAction","target":{"@type":"EntryPoint","urlTemplate":"https:\/\/cv-creativa.de\/?s={search_term_string}"},"query-input":{"@type":"PropertyValueSpecification","valueRequired":true,"valueName":"search_term_string"}}],"inLanguage":"de"},{"@type":"Organization","@id":"https:\/\/cv-creativa.de\/#organization","name":"cv-creativa","url":"https:\/\/cv-creativa.de\/","logo":{"@type":"ImageObject","inLanguage":"de","@id":"https:\/\/cv-creativa.de\/#\/schema\/logo\/image\/","url":"https:\/\/cv-creativa.de\/wp-content\/uploads\/2021\/01\/cropped-Logo-nuevo.jpg","contentUrl":"https:\/\/cv-creativa.de\/wp-content\/uploads\/2021\/01\/cropped-Logo-nuevo.jpg","width":173,"height":175,"caption":"cv-creativa"},"image":{"@id":"https:\/\/cv-creativa.de\/#\/schema\/logo\/image\/"},"sameAs":["https:\/\/www.facebook.com\/claudia.vigorenasalomon","https:\/\/www.instagram.com\/cv_creativa\/","https:\/\/www.pinterest.de\/cv_vigorena"]}]}},"_links":{"self":[{"href":"https:\/\/cv-creativa.de\/de\/wp-json\/wp\/v2\/product\/758","targetHints":{"allow":["GET"]}}],"collection":[{"href":"https:\/\/cv-creativa.de\/de\/wp-json\/wp\/v2\/product"}],"about":[{"href":"https:\/\/cv-creativa.de\/de\/wp-json\/wp\/v2\/types\/product"}],"replies":[{"embeddable":true,"href":"https:\/\/cv-creativa.de\/de\/wp-json\/wp\/v2\/comments?post=758"}],"wp:featuredmedia":[{"embeddable":true,"href":"https:\/\/cv-creativa.de\/de\/wp-json\/wp\/v2\/media\/760"}],"wp:attachment":[{"href":"https:\/\/cv-creativa.de\/de\/wp-json\/wp\/v2\/media?parent=758"}],"wp:term":[{"taxonomy":"product_brand","embeddable":true,"href":"https:\/\/cv-creativa.de\/de\/wp-json\/wp\/v2\/product_brand?post=758"},{"taxonomy":"product_cat","embeddable":true,"href":"https:\/\/cv-creativa.de\/de\/wp-json\/wp\/v2\/product_cat?post=758"},{"taxonomy":"product_tag","embeddable":true,"href":"https:\/\/cv-creativa.de\/de\/wp-json\/wp\/v2\/product_tag?post=758"}],"curies":[{"name":"wp","href":"https:\/\/api.w.org\/{rel}","templated":true}]}}