{"id":849,"date":"2021-02-18T13:58:18","date_gmt":"2021-02-18T12:58:18","guid":{"rendered":"http:\/\/cv-creativa.de\/?post_type=product&#038;p=849"},"modified":"2026-01-30T09:20:06","modified_gmt":"2026-01-30T08:20:06","slug":"aros-cabuchon","status":"publish","type":"product","link":"https:\/\/cv-creativa.de\/de\/produkt\/aros-cabuchon\/","title":{"rendered":"Cabochon-Ohrringe"},"content":{"rendered":"<p><strong>Beschreibung<\/strong><\/p>\n<p>Platinfarbene Cabochon-Ohrringe. Das Material ist Messing und Glas.<\/p>\n<p>Die Gesamtl\u00e4nge des Ohrrings betr\u00e4gt 2,4 cm und die Breite 1,4 cm.<\/p>\n<p>Das Motiv ist in kr\u00e4ftigen, auff\u00e4lligen Farben gehalten.  Die Hauptfarbe ist Magenta, aus der an einer Seite diese kr\u00e4ftigen, aber dunkleren Bl\u00fctenbl\u00e4tter hervortreten, die einen ausgewogenen Kontrast im Bild bilden.<\/p>\n<p>Es gibt weitere Designs in Gr\u00fcn, Blau und Pistaziengr\u00fcn. Au\u00dferdem gibt es thematische Designs, beispielsweise f\u00fcr den Fr\u00fchling, Weihnachten oder Halloween.<\/p>\n<p>Diese Ohrringe sind auch in der <strong>Farbvariante Platin.<\/strong><\/p>","protected":false},"excerpt":{"rendered":"<div class=\"image-col wt-order-xs-1 wt-mb-lg-6\">\n<div class=\"wt-display-flex-lg wt-position-relative wt-flex-lg-6 wt-flex-direction-row-lg wt-mb-xs-2 wt-mb-lg-0 wt-pl-md-4 wt-pl-lg-5 wt-pl-xs-2 wt-pr-xs-2 wt-pr-xl-2 wt-pr-md-4 wt-pr-lg-0\">\n<div class=\"wt-position-relative wt-flex-lg-6 wt-flex-direction-row-lg wt-mb-md-2 wt-mb-lg-0 wt-mr-lg-3 wt-pr-xl-2\">\n<div class=\"image-wrapper wt-position-relative carousel-container-responsive\">\n<div class=\"listing-page-image-carousel-component wt-display-flex-xs is-initialized\" data-component=\"listing-page-image-carousel\" data-palette-listing-id=\"725724569\" data-shop-id=\"7522801\">\n<div class=\"carousel-pagination-item-v2 wt-position-absolute wt-position-bottom wt-position-left wt-z-index-9\" data-thumbnail-scroll-down=\"\">Es wird empfohlen, nicht mit den Ohrringen zu duschen, da das Glas festgeklebt ist.<\/div>\n<\/div>\n<div data-thumbnail-scroll-down=\"\">Es un producto dise\u00f1ado y armado por cv_creativa.<\/div>\n<\/div>\n<\/div>\n<\/div>\n<\/div>\n<div class=\"cart-col wt-order-xs-2 wt-mb-lg-6\">\n<div id=\"listing-page-cart\" class=\"wt-display-flex-lg wt-flex-direction-column-md wt-flex-lg-3 wt-pl-md-4 wt-pr-md-4 wt-pl-lg-0 wt-pr-lg-5 wt-pl-xs-2 wt-pr-xs-2\">\n<div class=\"wt-mb-lg-0 wt-mb-xs-6\" data-buy-box=\"\">\n<div class=\"wt-mb-xs-1\">\n<div>\n<div class=\"wt-display-inline-flex-xs wt-align-items-center wt-mb-xs-2 wt-flex-wrap\"><\/div>\n<\/div>\n<\/div>\n<div data-nudger=\"\">\n<div>\n<div class=\"wt-display-flex-xs wt-align-items-center\">\n<div>\n<div class=\"wt-mt-xs-1\">\n<h4 class=\"wt-text-caption wt-text-gray\">Details<\/h4>\n<\/div>\n<\/div>\n<\/div>\n<\/div>\n<\/div>\n<\/div>\n<\/div>\n<\/div>\n<div class=\"listing-info info-col description-right wt-order-xs-5\">\n<div class=\"wt-flex-lg-3 wt-order-xs-1 wt-order-lg-3 wt-max-width-full wt-pl-md-4 wt-pr-md-4 wt-pl-lg-0 wt-pr-lg-5 wt-pl-xs-2 wt-pr-xs-2\">\n<div>\n<div id=\"product-details-content-toggle\" class=\"wt-content-toggle__body wt-mb-xs-3\" aria-hidden=\"false\">\n<div>\n<ul class=\"wt-text-body-01 wt-pl-xs-3\">\n<li class=\"\">\n<div class=\"\">Handgefertigtes Produkt<\/div>\n<\/li>\n<li class=\"\">\n<div class=\"\">Materialien: Messing<\/div>\n<\/li>\n<li class=\"\">\n<div class=\"\">Ubicaci\u00f3n: L\u00f3bulo<\/div>\n<\/li>\n<li class=\"\">\n<div class=\"\">Verschluss: Balestilla<\/div>\n<\/li>\n<li class=\"\">\n<div class=\"\">Stil: Boho und Hippie<\/div>\n<\/li>\n<\/ul>\n<p><span style=\"color: #999999;\">Gem\u00e4\u00df \u00a7 19 Umsatzsteuergesetz (UStG) wird keine Umsatzsteuer erhoben.<strong> +<\/strong> Gastos de env\u00edo<\/span><\/p>\n<\/div>\n<\/div>\n<\/div>\n<\/div>\n<\/div>","protected":false},"featured_media":847,"comment_status":"open","ping_status":"closed","template":"","meta":{"neve_meta_sidebar":"","neve_meta_container":"","neve_meta_enable_content_width":"off","neve_meta_content_width":100,"neve_meta_title_alignment":"","neve_meta_author_avatar":"","neve_post_elements_order":"","neve_meta_disable_header":"","neve_meta_disable_footer":"","neve_meta_disable_title":""},"product_brand":[],"product_cat":[31],"product_tag":[114,117,115,239,242,119,241,120,121,240,243],"class_list":{"0":"post-849","1":"product","2":"type-product","3":"status-publish","4":"has-post-thumbnail","6":"product_cat-joyas","7":"product_tag-aros","8":"product_tag-bronce","9":"product_tag-cabuchon","10":"product_tag-caro","11":"product_tag-halloween","12":"product_tag-lima","13":"product_tag-navidad","14":"product_tag-ola","15":"product_tag-petalo","16":"product_tag-pluma","17":"product_tag-promareva","18":"product_shipping_class-bijouterie","19":"pa_color-metal-bronce","20":"pa_color-metal-platino","22":"first","23":"instock","24":"purchasable","25":"product-type-variable"},"yoast_head":"<!-- This site is optimized with the Yoast SEO plugin v27.4 - https:\/\/yoast.com\/product\/yoast-seo-wordpress\/ -->\n<title>Aros cabuchon -<\/title>\n<meta name=\"description\" content=\"Dise\u00f1os de colores verdes, azules, pistacho. Tambi\u00e9n los hay tem\u00e1ticos, como por ejemplo primaverales, navide\u00f1os o Halloween, por ejemplo.\" \/>\n<meta name=\"robots\" content=\"index, follow, max-snippet:-1, max-image-preview:large, max-video-preview:-1\" \/>\n<link rel=\"canonical\" href=\"https:\/\/cv-creativa.de\/de\/produkt\/aros-cabuchon\/\" \/>\n<meta property=\"og:locale\" content=\"de_DE\" \/>\n<meta property=\"og:type\" content=\"article\" \/>\n<meta property=\"og:title\" content=\"Aros cabuchon -\" \/>\n<meta property=\"og:description\" content=\"Dise\u00f1os de colores verdes, azules, pistacho. Tambi\u00e9n los hay tem\u00e1ticos, como por ejemplo primaverales, navide\u00f1os o Halloween, por ejemplo.\" \/>\n<meta property=\"og:url\" content=\"https:\/\/cv-creativa.de\/de\/produkt\/aros-cabuchon\/\" \/>\n<meta property=\"article:publisher\" content=\"https:\/\/www.facebook.com\/claudia.vigorenasalomon\" \/>\n<meta property=\"article:modified_time\" content=\"2026-01-30T08:20:06+00:00\" \/>\n<meta property=\"og:image\" content=\"http:\/\/cv-creativa.de\/wp-content\/uploads\/2021\/02\/Aros-cabuchon-cobre-petalo3-scaled.jpg\" \/>\n\t<meta property=\"og:image:width\" content=\"2560\" \/>\n\t<meta property=\"og:image:height\" content=\"2392\" \/>\n\t<meta property=\"og:image:type\" content=\"image\/jpeg\" \/>\n<meta name=\"twitter:card\" content=\"summary_large_image\" \/>\n<meta name=\"twitter:label1\" content=\"Gesch\u00e4tzte Lesezeit\" \/>\n\t<meta name=\"twitter:data1\" content=\"1\u00a0Minute\" \/>\n<script type=\"application\/ld+json\" class=\"yoast-schema-graph\">{\"@context\":\"https:\\\/\\\/schema.org\",\"@graph\":[{\"@type\":[\"WebPage\",\"ItemPage\"],\"@id\":\"https:\\\/\\\/cv-creativa.de\\\/producto\\\/aros-cabuchon\\\/\",\"url\":\"https:\\\/\\\/cv-creativa.de\\\/producto\\\/aros-cabuchon\\\/\",\"name\":\"Aros cabuchon -\",\"isPartOf\":{\"@id\":\"https:\\\/\\\/cv-creativa.de\\\/#website\"},\"primaryImageOfPage\":{\"@id\":\"https:\\\/\\\/cv-creativa.de\\\/producto\\\/aros-cabuchon\\\/#primaryimage\"},\"image\":{\"@id\":\"https:\\\/\\\/cv-creativa.de\\\/producto\\\/aros-cabuchon\\\/#primaryimage\"},\"thumbnailUrl\":\"https:\\\/\\\/cv-creativa.de\\\/wp-content\\\/uploads\\\/2021\\\/02\\\/Aros-cabuchon-cobre-petalo3-scaled.jpg\",\"datePublished\":\"2021-02-18T12:58:18+00:00\",\"dateModified\":\"2026-01-30T08:20:06+00:00\",\"description\":\"Dise\u00f1os de colores verdes, azules, pistacho. Tambi\u00e9n los hay tem\u00e1ticos, como por ejemplo primaverales, navide\u00f1os o Halloween, por ejemplo.\",\"breadcrumb\":{\"@id\":\"https:\\\/\\\/cv-creativa.de\\\/producto\\\/aros-cabuchon\\\/#breadcrumb\"},\"inLanguage\":\"de\",\"potentialAction\":[{\"@type\":\"ReadAction\",\"target\":[\"https:\\\/\\\/cv-creativa.de\\\/producto\\\/aros-cabuchon\\\/\"]}]},{\"@type\":\"ImageObject\",\"inLanguage\":\"de\",\"@id\":\"https:\\\/\\\/cv-creativa.de\\\/producto\\\/aros-cabuchon\\\/#primaryimage\",\"url\":\"https:\\\/\\\/cv-creativa.de\\\/wp-content\\\/uploads\\\/2021\\\/02\\\/Aros-cabuchon-cobre-petalo3-scaled.jpg\",\"contentUrl\":\"https:\\\/\\\/cv-creativa.de\\\/wp-content\\\/uploads\\\/2021\\\/02\\\/Aros-cabuchon-cobre-petalo3-scaled.jpg\",\"width\":2560,\"height\":2392},{\"@type\":\"BreadcrumbList\",\"@id\":\"https:\\\/\\\/cv-creativa.de\\\/producto\\\/aros-cabuchon\\\/#breadcrumb\",\"itemListElement\":[{\"@type\":\"ListItem\",\"position\":1,\"name\":\"Portada\",\"item\":\"https:\\\/\\\/cv-creativa.de\\\/\"},{\"@type\":\"ListItem\",\"position\":2,\"name\":\"Tienda\",\"item\":\"https:\\\/\\\/cv-creativa.de\\\/tienda\\\/\"},{\"@type\":\"ListItem\",\"position\":3,\"name\":\"Aros cabuchon\"}]},{\"@type\":\"WebSite\",\"@id\":\"https:\\\/\\\/cv-creativa.de\\\/#website\",\"url\":\"https:\\\/\\\/cv-creativa.de\\\/\",\"name\":\"Crea tu mundo. Crea tu estilo.\",\"description\":\"\",\"publisher\":{\"@id\":\"https:\\\/\\\/cv-creativa.de\\\/#organization\"},\"potentialAction\":[{\"@type\":\"SearchAction\",\"target\":{\"@type\":\"EntryPoint\",\"urlTemplate\":\"https:\\\/\\\/cv-creativa.de\\\/?s={search_term_string}\"},\"query-input\":{\"@type\":\"PropertyValueSpecification\",\"valueRequired\":true,\"valueName\":\"search_term_string\"}}],\"inLanguage\":\"de\"},{\"@type\":\"Organization\",\"@id\":\"https:\\\/\\\/cv-creativa.de\\\/#organization\",\"name\":\"cv-creativa\",\"url\":\"https:\\\/\\\/cv-creativa.de\\\/\",\"logo\":{\"@type\":\"ImageObject\",\"inLanguage\":\"de\",\"@id\":\"https:\\\/\\\/cv-creativa.de\\\/#\\\/schema\\\/logo\\\/image\\\/\",\"url\":\"https:\\\/\\\/cv-creativa.de\\\/wp-content\\\/uploads\\\/2021\\\/01\\\/cropped-Logo-nuevo.jpg\",\"contentUrl\":\"https:\\\/\\\/cv-creativa.de\\\/wp-content\\\/uploads\\\/2021\\\/01\\\/cropped-Logo-nuevo.jpg\",\"width\":173,\"height\":175,\"caption\":\"cv-creativa\"},\"image\":{\"@id\":\"https:\\\/\\\/cv-creativa.de\\\/#\\\/schema\\\/logo\\\/image\\\/\"},\"sameAs\":[\"https:\\\/\\\/www.facebook.com\\\/claudia.vigorenasalomon\",\"https:\\\/\\\/www.instagram.com\\\/cv_creativa\\\/\",\"https:\\\/\\\/www.pinterest.de\\\/cv_vigorena\"]}]}<\/script>\n<!-- \/ Yoast SEO plugin. -->","yoast_head_json":{"title":"Aros cabuchon -","description":"Dise\u00f1os de colores verdes, azules, pistacho. Tambi\u00e9n los hay tem\u00e1ticos, como por ejemplo primaverales, navide\u00f1os o Halloween, por ejemplo.","robots":{"index":"index","follow":"follow","max-snippet":"max-snippet:-1","max-image-preview":"max-image-preview:large","max-video-preview":"max-video-preview:-1"},"canonical":"https:\/\/cv-creativa.de\/de\/produkt\/aros-cabuchon\/","og_locale":"de_DE","og_type":"article","og_title":"Aros cabuchon -","og_description":"Dise\u00f1os de colores verdes, azules, pistacho. Tambi\u00e9n los hay tem\u00e1ticos, como por ejemplo primaverales, navide\u00f1os o Halloween, por ejemplo.","og_url":"https:\/\/cv-creativa.de\/de\/produkt\/aros-cabuchon\/","article_publisher":"https:\/\/www.facebook.com\/claudia.vigorenasalomon","article_modified_time":"2026-01-30T08:20:06+00:00","og_image":[{"width":2560,"height":2392,"url":"http:\/\/cv-creativa.de\/wp-content\/uploads\/2021\/02\/Aros-cabuchon-cobre-petalo3-scaled.jpg","type":"image\/jpeg"}],"twitter_card":"summary_large_image","twitter_misc":{"Gesch\u00e4tzte Lesezeit":"1\u00a0Minute"},"schema":{"@context":"https:\/\/schema.org","@graph":[{"@type":["WebPage","ItemPage"],"@id":"https:\/\/cv-creativa.de\/producto\/aros-cabuchon\/","url":"https:\/\/cv-creativa.de\/producto\/aros-cabuchon\/","name":"Aros cabuchon -","isPartOf":{"@id":"https:\/\/cv-creativa.de\/#website"},"primaryImageOfPage":{"@id":"https:\/\/cv-creativa.de\/producto\/aros-cabuchon\/#primaryimage"},"image":{"@id":"https:\/\/cv-creativa.de\/producto\/aros-cabuchon\/#primaryimage"},"thumbnailUrl":"https:\/\/cv-creativa.de\/wp-content\/uploads\/2021\/02\/Aros-cabuchon-cobre-petalo3-scaled.jpg","datePublished":"2021-02-18T12:58:18+00:00","dateModified":"2026-01-30T08:20:06+00:00","description":"Dise\u00f1os de colores verdes, azules, pistacho. Tambi\u00e9n los hay tem\u00e1ticos, como por ejemplo primaverales, navide\u00f1os o Halloween, por ejemplo.","breadcrumb":{"@id":"https:\/\/cv-creativa.de\/producto\/aros-cabuchon\/#breadcrumb"},"inLanguage":"de","potentialAction":[{"@type":"ReadAction","target":["https:\/\/cv-creativa.de\/producto\/aros-cabuchon\/"]}]},{"@type":"ImageObject","inLanguage":"de","@id":"https:\/\/cv-creativa.de\/producto\/aros-cabuchon\/#primaryimage","url":"https:\/\/cv-creativa.de\/wp-content\/uploads\/2021\/02\/Aros-cabuchon-cobre-petalo3-scaled.jpg","contentUrl":"https:\/\/cv-creativa.de\/wp-content\/uploads\/2021\/02\/Aros-cabuchon-cobre-petalo3-scaled.jpg","width":2560,"height":2392},{"@type":"BreadcrumbList","@id":"https:\/\/cv-creativa.de\/producto\/aros-cabuchon\/#breadcrumb","itemListElement":[{"@type":"ListItem","position":1,"name":"Portada","item":"https:\/\/cv-creativa.de\/"},{"@type":"ListItem","position":2,"name":"Tienda","item":"https:\/\/cv-creativa.de\/tienda\/"},{"@type":"ListItem","position":3,"name":"Aros cabuchon"}]},{"@type":"WebSite","@id":"https:\/\/cv-creativa.de\/#website","url":"https:\/\/cv-creativa.de\/","name":"Crea tu mundo. Crea tu estilo.","description":"","publisher":{"@id":"https:\/\/cv-creativa.de\/#organization"},"potentialAction":[{"@type":"SearchAction","target":{"@type":"EntryPoint","urlTemplate":"https:\/\/cv-creativa.de\/?s={search_term_string}"},"query-input":{"@type":"PropertyValueSpecification","valueRequired":true,"valueName":"search_term_string"}}],"inLanguage":"de"},{"@type":"Organization","@id":"https:\/\/cv-creativa.de\/#organization","name":"cv-creativa","url":"https:\/\/cv-creativa.de\/","logo":{"@type":"ImageObject","inLanguage":"de","@id":"https:\/\/cv-creativa.de\/#\/schema\/logo\/image\/","url":"https:\/\/cv-creativa.de\/wp-content\/uploads\/2021\/01\/cropped-Logo-nuevo.jpg","contentUrl":"https:\/\/cv-creativa.de\/wp-content\/uploads\/2021\/01\/cropped-Logo-nuevo.jpg","width":173,"height":175,"caption":"cv-creativa"},"image":{"@id":"https:\/\/cv-creativa.de\/#\/schema\/logo\/image\/"},"sameAs":["https:\/\/www.facebook.com\/claudia.vigorenasalomon","https:\/\/www.instagram.com\/cv_creativa\/","https:\/\/www.pinterest.de\/cv_vigorena"]}]}},"_links":{"self":[{"href":"https:\/\/cv-creativa.de\/de\/wp-json\/wp\/v2\/product\/849","targetHints":{"allow":["GET"]}}],"collection":[{"href":"https:\/\/cv-creativa.de\/de\/wp-json\/wp\/v2\/product"}],"about":[{"href":"https:\/\/cv-creativa.de\/de\/wp-json\/wp\/v2\/types\/product"}],"replies":[{"embeddable":true,"href":"https:\/\/cv-creativa.de\/de\/wp-json\/wp\/v2\/comments?post=849"}],"wp:featuredmedia":[{"embeddable":true,"href":"https:\/\/cv-creativa.de\/de\/wp-json\/wp\/v2\/media\/847"}],"wp:attachment":[{"href":"https:\/\/cv-creativa.de\/de\/wp-json\/wp\/v2\/media?parent=849"}],"wp:term":[{"taxonomy":"product_brand","embeddable":true,"href":"https:\/\/cv-creativa.de\/de\/wp-json\/wp\/v2\/product_brand?post=849"},{"taxonomy":"product_cat","embeddable":true,"href":"https:\/\/cv-creativa.de\/de\/wp-json\/wp\/v2\/product_cat?post=849"},{"taxonomy":"product_tag","embeddable":true,"href":"https:\/\/cv-creativa.de\/de\/wp-json\/wp\/v2\/product_tag?post=849"}],"curies":[{"name":"wp","href":"https:\/\/api.w.org\/{rel}","templated":true}]}}