{"id":851,"date":"2021-02-18T16:56:12","date_gmt":"2021-02-18T15:56:12","guid":{"rendered":"http:\/\/cv-creativa.de\/?post_type=product&#038;p=851"},"modified":"2026-01-30T09:18:48","modified_gmt":"2026-01-30T08:18:48","slug":"movil-pajaritos-amigurumi","status":"publish","type":"product","link":"https:\/\/cv-creativa.de\/de\/produkt\/movil-pajaritos-amigurumi\/","title":{"rendered":"Amigurumi-V\u00f6gelchen-Mobile"},"content":{"rendered":"<h1>Decoraci\u00f3n con amigurumis<\/h1>\n<h3><strong>M\u00f3vil Pajaritos<\/strong><\/h3>\n<p>Para decorar la habitaci\u00f3n de nuestros hijos nos tomamos nuestro tiempo, y tratamos de escoger algo especial, algo que les llame la atenci\u00f3n. As\u00ed est\u00e1 pensado este m\u00f3vil, puede ser tanto para ni\u00f1os como para ni\u00f1as. Tejido con mucho cari\u00f1o, para alegrar el ambiente de un ni\u00f1o.<\/p>\n<p>Es un producto 100% hecho a mano, con algod\u00f3n natural y relleno con algod\u00f3n sint\u00e9tico especial para amigurumis, hipoalerg\u00e9nico. Los pajaitos est\u00e1n tejidos con colores vivos, ideal para la decoraci\u00f3n de un dormitorio de un beb\u00e9 o ni\u00f1os en general. La rama es natural, sin ning\u00fan tratamiento qu\u00edmico.<\/p>\n<p>El m\u00f3vil mide aproximadamente 42 cm. de alto, por 64 cm. de ancho. Los pajaritos tienen aproximadamente 22cm. de di\u00e1metro. Como se trata de un producto completamente hecho a mano, no todos los pajaros tienen exactamente las mismas dimensiones, pero muy similares.<br \/>\nEl m\u00f3vil est\u00e1 presentado de manera opcional. Cada pieza no est\u00e1 pegada en la rama. Eso quiere decir, que el orden en la que se coloquen los pajaritos o el largo que quede la cadeneta con flores, va a depender de cada uno.<\/p>\n<p>&nbsp;<\/p>\n<p>Mi pasi\u00f3n son las manualidades. Siempre he tejido, y ahora que mis hijos est\u00e1n m\u00e1s grandes, estoy retomandolas. Como madre de 4 hijos, tengo una tendencia a pensar siempre en los ni\u00f1os y constantemente invento alg\u00fan detalle de decoraci\u00f3n que de la sensaci\u00f3n de renovaci\u00f3n en su entorno.Me gusta tambi\u00e9n mucho estar en contacto con la naturaleza. Este m\u00f3vil fue creado durante nuestras vacaciones entre las monta\u00f1as y r\u00edos.<\/p>\n<p>El objetivo es no s\u00f3lo decorar, sino que transmitir ese cari\u00f1o por la naturaleza, llamar la atenci\u00f3n por el colorido, tener algo especial, contar una historia. Cada uno de estos pajaritos puede tener su propia historia. Es \u00fanico, diferente al del lado, ya que cada uno de nosotros es diferente.<\/p>\n<p>Se puede mandar a hacer en alg\u00fan color o tama\u00f1o distinto. Cualquier pregunta escr\u00edbeme y te la contestar\u00e9 lo antes posible. \ud83d\ude42<\/p>","protected":false},"excerpt":{"rendered":"<p>Este es un m\u00f3vil que va colgado a la muralla. La madera es independiente de los tejidos, por lo que se pueden colgar al gusto de cada uno los pajaritos y la guirnalda de flores.<\/p>\n<p>&nbsp;<\/p>\n<p><span style=\"color: #999999;\">Gem\u00e4\u00df \u00a7 19 Umsatzsteuergesetz (UStG) wird keine Umsatzsteuer erhoben.<strong> +<\/strong> Gastos de env\u00edo<\/span><\/p>","protected":false},"featured_media":865,"comment_status":"open","ping_status":"closed","template":"","meta":{"neve_meta_sidebar":"","neve_meta_container":"","neve_meta_enable_content_width":"off","neve_meta_content_width":100,"neve_meta_title_alignment":"","neve_meta_author_avatar":"","neve_post_elements_order":"","neve_meta_disable_header":"","neve_meta_disable_footer":"","neve_meta_disable_title":""},"product_brand":[],"product_cat":[30],"product_tag":[122,123],"class_list":{"0":"post-851","1":"product","2":"type-product","3":"status-publish","4":"has-post-thumbnail","6":"product_cat-croche","7":"product_tag-movil","8":"product_tag-pajaritos","9":"product_shipping_class-ropa-lanas-y-accesorios","11":"first","12":"outofstock","13":"purchasable","14":"product-type-simple"},"yoast_head":"<!-- This site is optimized with the Yoast SEO plugin v27.6 - https:\/\/yoast.com\/product\/yoast-seo-wordpress\/ -->\n<title>M\u00f3vil pajaritos amigurumi -<\/title>\n<meta name=\"description\" content=\"Decorar con amigurumis la habitaci\u00f3n de tus hijos, con un m\u00f3vil de pajaritos. tejido con mucho cari\u00f1o y dedicaci\u00f3n.\" \/>\n<meta name=\"robots\" content=\"index, follow, max-snippet:-1, max-image-preview:large, max-video-preview:-1\" \/>\n<link rel=\"canonical\" href=\"https:\/\/cv-creativa.de\/de\/produkt\/movil-pajaritos-amigurumi\/\" \/>\n<meta property=\"og:locale\" content=\"de_DE\" \/>\n<meta property=\"og:type\" content=\"article\" \/>\n<meta property=\"og:title\" content=\"M\u00f3vil pajaritos amigurumi -\" \/>\n<meta property=\"og:description\" content=\"Decorar con amigurumis la habitaci\u00f3n de tus hijos, con un m\u00f3vil de pajaritos. tejido con mucho cari\u00f1o y dedicaci\u00f3n.\" \/>\n<meta property=\"og:url\" content=\"https:\/\/cv-creativa.de\/de\/produkt\/movil-pajaritos-amigurumi\/\" \/>\n<meta property=\"article:publisher\" content=\"https:\/\/www.facebook.com\/claudia.vigorenasalomon\" \/>\n<meta property=\"article:modified_time\" content=\"2026-01-30T08:18:48+00:00\" \/>\n<meta property=\"og:image\" content=\"http:\/\/cv-creativa.de\/wp-content\/uploads\/2021\/02\/Movil-pajaritos-scaled.jpg\" \/>\n\t<meta property=\"og:image:width\" content=\"2560\" \/>\n\t<meta property=\"og:image:height\" content=\"1584\" \/>\n\t<meta property=\"og:image:type\" content=\"image\/jpeg\" \/>\n<meta name=\"twitter:card\" content=\"summary_large_image\" \/>\n<meta name=\"twitter:label1\" content=\"Gesch\u00e4tzte Lesezeit\" \/>\n\t<meta name=\"twitter:data1\" content=\"2\u00a0Minuten\" \/>\n<script type=\"application\/ld+json\" class=\"yoast-schema-graph\">{\"@context\":\"https:\\\/\\\/schema.org\",\"@graph\":[{\"@type\":[\"WebPage\",\"ItemPage\"],\"@id\":\"https:\\\/\\\/cv-creativa.de\\\/producto\\\/movil-pajaritos-amigurumi\\\/\",\"url\":\"https:\\\/\\\/cv-creativa.de\\\/producto\\\/movil-pajaritos-amigurumi\\\/\",\"name\":\"M\u00f3vil pajaritos amigurumi -\",\"isPartOf\":{\"@id\":\"https:\\\/\\\/cv-creativa.de\\\/#website\"},\"primaryImageOfPage\":{\"@id\":\"https:\\\/\\\/cv-creativa.de\\\/producto\\\/movil-pajaritos-amigurumi\\\/#primaryimage\"},\"image\":{\"@id\":\"https:\\\/\\\/cv-creativa.de\\\/producto\\\/movil-pajaritos-amigurumi\\\/#primaryimage\"},\"thumbnailUrl\":\"https:\\\/\\\/cv-creativa.de\\\/wp-content\\\/uploads\\\/2021\\\/02\\\/Movil-pajaritos-scaled.jpg\",\"datePublished\":\"2021-02-18T15:56:12+00:00\",\"dateModified\":\"2026-01-30T08:18:48+00:00\",\"description\":\"Decorar con amigurumis la habitaci\u00f3n de tus hijos, con un m\u00f3vil de pajaritos. tejido con mucho cari\u00f1o y dedicaci\u00f3n.\",\"breadcrumb\":{\"@id\":\"https:\\\/\\\/cv-creativa.de\\\/producto\\\/movil-pajaritos-amigurumi\\\/#breadcrumb\"},\"inLanguage\":\"de\",\"potentialAction\":[{\"@type\":\"ReadAction\",\"target\":[\"https:\\\/\\\/cv-creativa.de\\\/producto\\\/movil-pajaritos-amigurumi\\\/\"]}]},{\"@type\":\"ImageObject\",\"inLanguage\":\"de\",\"@id\":\"https:\\\/\\\/cv-creativa.de\\\/producto\\\/movil-pajaritos-amigurumi\\\/#primaryimage\",\"url\":\"https:\\\/\\\/cv-creativa.de\\\/wp-content\\\/uploads\\\/2021\\\/02\\\/Movil-pajaritos-scaled.jpg\",\"contentUrl\":\"https:\\\/\\\/cv-creativa.de\\\/wp-content\\\/uploads\\\/2021\\\/02\\\/Movil-pajaritos-scaled.jpg\",\"width\":2560,\"height\":1584},{\"@type\":\"BreadcrumbList\",\"@id\":\"https:\\\/\\\/cv-creativa.de\\\/producto\\\/movil-pajaritos-amigurumi\\\/#breadcrumb\",\"itemListElement\":[{\"@type\":\"ListItem\",\"position\":1,\"name\":\"Portada\",\"item\":\"https:\\\/\\\/cv-creativa.de\\\/\"},{\"@type\":\"ListItem\",\"position\":2,\"name\":\"Tienda\",\"item\":\"https:\\\/\\\/cv-creativa.de\\\/tienda\\\/\"},{\"@type\":\"ListItem\",\"position\":3,\"name\":\"M\u00f3vil pajaritos amigurumi\"}]},{\"@type\":\"WebSite\",\"@id\":\"https:\\\/\\\/cv-creativa.de\\\/#website\",\"url\":\"https:\\\/\\\/cv-creativa.de\\\/\",\"name\":\"Crea tu mundo. Crea tu estilo.\",\"description\":\"\",\"publisher\":{\"@id\":\"https:\\\/\\\/cv-creativa.de\\\/#organization\"},\"potentialAction\":[{\"@type\":\"SearchAction\",\"target\":{\"@type\":\"EntryPoint\",\"urlTemplate\":\"https:\\\/\\\/cv-creativa.de\\\/?s={search_term_string}\"},\"query-input\":{\"@type\":\"PropertyValueSpecification\",\"valueRequired\":true,\"valueName\":\"search_term_string\"}}],\"inLanguage\":\"de\"},{\"@type\":\"Organization\",\"@id\":\"https:\\\/\\\/cv-creativa.de\\\/#organization\",\"name\":\"cv-creativa\",\"url\":\"https:\\\/\\\/cv-creativa.de\\\/\",\"logo\":{\"@type\":\"ImageObject\",\"inLanguage\":\"de\",\"@id\":\"https:\\\/\\\/cv-creativa.de\\\/#\\\/schema\\\/logo\\\/image\\\/\",\"url\":\"https:\\\/\\\/cv-creativa.de\\\/wp-content\\\/uploads\\\/2021\\\/01\\\/cropped-Logo-nuevo.jpg\",\"contentUrl\":\"https:\\\/\\\/cv-creativa.de\\\/wp-content\\\/uploads\\\/2021\\\/01\\\/cropped-Logo-nuevo.jpg\",\"width\":173,\"height\":175,\"caption\":\"cv-creativa\"},\"image\":{\"@id\":\"https:\\\/\\\/cv-creativa.de\\\/#\\\/schema\\\/logo\\\/image\\\/\"},\"sameAs\":[\"https:\\\/\\\/www.facebook.com\\\/claudia.vigorenasalomon\",\"https:\\\/\\\/www.instagram.com\\\/cv_creativa\\\/\",\"https:\\\/\\\/www.pinterest.de\\\/cv_vigorena\"]}]}<\/script>\n<!-- \/ Yoast SEO plugin. -->","yoast_head_json":{"title":"M\u00f3vil pajaritos amigurumi -","description":"Decorar con amigurumis la habitaci\u00f3n de tus hijos, con un m\u00f3vil de pajaritos. tejido con mucho cari\u00f1o y dedicaci\u00f3n.","robots":{"index":"index","follow":"follow","max-snippet":"max-snippet:-1","max-image-preview":"max-image-preview:large","max-video-preview":"max-video-preview:-1"},"canonical":"https:\/\/cv-creativa.de\/de\/produkt\/movil-pajaritos-amigurumi\/","og_locale":"de_DE","og_type":"article","og_title":"M\u00f3vil pajaritos amigurumi -","og_description":"Decorar con amigurumis la habitaci\u00f3n de tus hijos, con un m\u00f3vil de pajaritos. tejido con mucho cari\u00f1o y dedicaci\u00f3n.","og_url":"https:\/\/cv-creativa.de\/de\/produkt\/movil-pajaritos-amigurumi\/","article_publisher":"https:\/\/www.facebook.com\/claudia.vigorenasalomon","article_modified_time":"2026-01-30T08:18:48+00:00","og_image":[{"width":2560,"height":1584,"url":"http:\/\/cv-creativa.de\/wp-content\/uploads\/2021\/02\/Movil-pajaritos-scaled.jpg","type":"image\/jpeg"}],"twitter_card":"summary_large_image","twitter_misc":{"Gesch\u00e4tzte Lesezeit":"2\u00a0Minuten"},"schema":{"@context":"https:\/\/schema.org","@graph":[{"@type":["WebPage","ItemPage"],"@id":"https:\/\/cv-creativa.de\/producto\/movil-pajaritos-amigurumi\/","url":"https:\/\/cv-creativa.de\/producto\/movil-pajaritos-amigurumi\/","name":"M\u00f3vil pajaritos amigurumi -","isPartOf":{"@id":"https:\/\/cv-creativa.de\/#website"},"primaryImageOfPage":{"@id":"https:\/\/cv-creativa.de\/producto\/movil-pajaritos-amigurumi\/#primaryimage"},"image":{"@id":"https:\/\/cv-creativa.de\/producto\/movil-pajaritos-amigurumi\/#primaryimage"},"thumbnailUrl":"https:\/\/cv-creativa.de\/wp-content\/uploads\/2021\/02\/Movil-pajaritos-scaled.jpg","datePublished":"2021-02-18T15:56:12+00:00","dateModified":"2026-01-30T08:18:48+00:00","description":"Decorar con amigurumis la habitaci\u00f3n de tus hijos, con un m\u00f3vil de pajaritos. tejido con mucho cari\u00f1o y dedicaci\u00f3n.","breadcrumb":{"@id":"https:\/\/cv-creativa.de\/producto\/movil-pajaritos-amigurumi\/#breadcrumb"},"inLanguage":"de","potentialAction":[{"@type":"ReadAction","target":["https:\/\/cv-creativa.de\/producto\/movil-pajaritos-amigurumi\/"]}]},{"@type":"ImageObject","inLanguage":"de","@id":"https:\/\/cv-creativa.de\/producto\/movil-pajaritos-amigurumi\/#primaryimage","url":"https:\/\/cv-creativa.de\/wp-content\/uploads\/2021\/02\/Movil-pajaritos-scaled.jpg","contentUrl":"https:\/\/cv-creativa.de\/wp-content\/uploads\/2021\/02\/Movil-pajaritos-scaled.jpg","width":2560,"height":1584},{"@type":"BreadcrumbList","@id":"https:\/\/cv-creativa.de\/producto\/movil-pajaritos-amigurumi\/#breadcrumb","itemListElement":[{"@type":"ListItem","position":1,"name":"Portada","item":"https:\/\/cv-creativa.de\/"},{"@type":"ListItem","position":2,"name":"Tienda","item":"https:\/\/cv-creativa.de\/tienda\/"},{"@type":"ListItem","position":3,"name":"M\u00f3vil pajaritos amigurumi"}]},{"@type":"WebSite","@id":"https:\/\/cv-creativa.de\/#website","url":"https:\/\/cv-creativa.de\/","name":"Crea tu mundo. Crea tu estilo.","description":"","publisher":{"@id":"https:\/\/cv-creativa.de\/#organization"},"potentialAction":[{"@type":"SearchAction","target":{"@type":"EntryPoint","urlTemplate":"https:\/\/cv-creativa.de\/?s={search_term_string}"},"query-input":{"@type":"PropertyValueSpecification","valueRequired":true,"valueName":"search_term_string"}}],"inLanguage":"de"},{"@type":"Organization","@id":"https:\/\/cv-creativa.de\/#organization","name":"cv-creativa","url":"https:\/\/cv-creativa.de\/","logo":{"@type":"ImageObject","inLanguage":"de","@id":"https:\/\/cv-creativa.de\/#\/schema\/logo\/image\/","url":"https:\/\/cv-creativa.de\/wp-content\/uploads\/2021\/01\/cropped-Logo-nuevo.jpg","contentUrl":"https:\/\/cv-creativa.de\/wp-content\/uploads\/2021\/01\/cropped-Logo-nuevo.jpg","width":173,"height":175,"caption":"cv-creativa"},"image":{"@id":"https:\/\/cv-creativa.de\/#\/schema\/logo\/image\/"},"sameAs":["https:\/\/www.facebook.com\/claudia.vigorenasalomon","https:\/\/www.instagram.com\/cv_creativa\/","https:\/\/www.pinterest.de\/cv_vigorena"]}]}},"_links":{"self":[{"href":"https:\/\/cv-creativa.de\/de\/wp-json\/wp\/v2\/product\/851","targetHints":{"allow":["GET"]}}],"collection":[{"href":"https:\/\/cv-creativa.de\/de\/wp-json\/wp\/v2\/product"}],"about":[{"href":"https:\/\/cv-creativa.de\/de\/wp-json\/wp\/v2\/types\/product"}],"replies":[{"embeddable":true,"href":"https:\/\/cv-creativa.de\/de\/wp-json\/wp\/v2\/comments?post=851"}],"wp:featuredmedia":[{"embeddable":true,"href":"https:\/\/cv-creativa.de\/de\/wp-json\/wp\/v2\/media\/865"}],"wp:attachment":[{"href":"https:\/\/cv-creativa.de\/de\/wp-json\/wp\/v2\/media?parent=851"}],"wp:term":[{"taxonomy":"product_brand","embeddable":true,"href":"https:\/\/cv-creativa.de\/de\/wp-json\/wp\/v2\/product_brand?post=851"},{"taxonomy":"product_cat","embeddable":true,"href":"https:\/\/cv-creativa.de\/de\/wp-json\/wp\/v2\/product_cat?post=851"},{"taxonomy":"product_tag","embeddable":true,"href":"https:\/\/cv-creativa.de\/de\/wp-json\/wp\/v2\/product_tag?post=851"}],"curies":[{"name":"wp","href":"https:\/\/api.w.org\/{rel}","templated":true}]}}