{"id":939,"date":"2021-04-01T17:45:26","date_gmt":"2021-04-01T15:45:26","guid":{"rendered":"https:\/\/cv-creativa.de\/?post_type=product&#038;p=939"},"modified":"2026-01-30T09:14:49","modified_gmt":"2026-01-30T08:14:49","slug":"echarpe-cherry-blossom","status":"publish","type":"product","link":"https:\/\/cv-creativa.de\/de\/produkt\/echarpe-cherry-blossom\/","title":{"rendered":"Schal \u201eCherry Blossom\u201c"},"content":{"rendered":"<h2>Schal \u201eCherry Blossom\u201c<\/h2>\n<p>Echarpe o chal de lana con seda y moahir en tonos rosa y lila. Es un precioso echarpe que sirve para toda ocaci\u00f3n, por su delicadeza y exquisita ca\u00edda, es muy agradable de usar. Tiene colores suaves, pero a la misma vez vistosos. Se logr\u00f3 un juego de texturas que lo hace interesante. Esta tejido en telar de peine con tres lanas diferentes: una es de oveja 100% de Islandia, la otra es una mezcla compuesta por un 80% la lana de oveja de Falkland y un 20 % seda mulberry y por \u00faltimo una mezcla compuesta por un 70% mohair y un 30% mulberry.<\/p>\n<p>En primavera y verano, mis accesorios prefeferidos son los chales, los echarpes, mantas, etc. Sobre todo aqu\u00ed en Alemania, donde a veces hace mucho calor como para un sweater, pero muy fresco como para no usarlo. Lo ideal en estos casos son este tipo de prendas de vestir!<\/p>\n<p>En el telar de peine uno puede mezclar varios tipos de hilado, creando de esta manera texturas muy interesantes. Yo estoy muy feliz con el resultado. Porque la verdad es que uno generalmente no hace una muestra como en el tejido, ya que la caida en una pieza grande es deferente a la caida en una pieza m\u00e1s peque\u00f1a. As\u00ed es que el resultado se va viendo a medida que uno va tejiendo.<\/p>\n<p>La combinaci\u00f3n de los dos hilados m\u00e1s delgados, son los que tienen seda, estos a su vez los junt\u00e9 como si fueran una sola fibra. Ya que las dos son muy delgadas en compraraci\u00f3n con la lana 100% de oveja. La diferencia entre los dos hilados con seda, es que uno escompletamente liso, y el otro peludito, por el mohair, lo que le da una textura muy acogedora.<\/p>\n<p>Las dimensiones de este echarpe son de 195cm de largo, m\u00e1s 12 cm por lado de flecos. Tiene un ancho de 52cm.<\/p>\n<p>Se recominda lavarlo a mano con una jab\u00f3n especial para<strong><span style=\"color: #f4d1d1;\"> ropa delicada.<\/span><\/strong><\/p>\n<p>&nbsp;<\/p>\n<p><strong><a href=\"http:\/\/cv-creativa.de\/wp-content\/uploads\/2021\/04\/Echarpe-Cherry-Blossom.mp4\"><span style=\"color: #f4d1d1;\">Video<\/span><\/a><\/strong><\/p>\n<p>&nbsp;<\/p>","protected":false},"excerpt":{"rendered":"<p>El echarpe Cherry Blossom es un complemeto de vestuario ideal para cualquier \u00e9poca del a\u00f1o, ya que es liviana, calentita para el invierno, por la lana de oveja, pero no excesivamente calurosa gracias a la seda, lo que lo hace perfecto para la primavera o tardes de verano. Con una ca\u00edda y suavidad muy agradable. La textura lograda gracias a la combinaci\u00f3n de tres tipos de hilados y grosores diferentes, es interesante y hace que la prenda tenga una <strong><span style=\"color: #f4d1d1;\"><a style=\"color: #f4d1d1;\" href=\"http:\/\/cv-creativa.de\/wp-content\/uploads\/2021\/04\/Echarpe-Cherry-Blossom.mp4\">apariencia interesante<\/a>.\u00a0<\/span><\/strong><\/p>\n<p>&nbsp;<\/p>\n<p><span style=\"color: #999999;\">Gem\u00e4\u00df \u00a7 19 Umsatzsteuergesetz (UStG) wird keine Umsatzsteuer erhoben.<strong> +<\/strong> Gastos de env\u00edo<\/span><\/p>","protected":false},"featured_media":942,"comment_status":"open","ping_status":"closed","template":"","meta":{"neve_meta_sidebar":"","neve_meta_container":"","neve_meta_enable_content_width":"off","neve_meta_content_width":100,"neve_meta_title_alignment":"","neve_meta_author_avatar":"","neve_post_elements_order":"","neve_meta_disable_header":"","neve_meta_disable_footer":"","neve_meta_disable_title":""},"product_brand":[],"product_cat":[24],"product_tag":[134,129,128,131,130,132,72,133],"class_list":{"0":"post-939","1":"product","2":"type-product","3":"status-publish","4":"has-post-thumbnail","6":"product_cat-telar","7":"product_tag-accesorio","8":"product_tag-chal","9":"product_tag-echarpe","10":"product_tag-lana","11":"product_tag-loila","12":"product_tag-mohair","13":"product_tag-rosa","14":"product_tag-seda","15":"product_shipping_class-ropa-lanas-y-accesorios","17":"first","18":"instock","19":"purchasable","20":"product-type-simple"},"yoast_head":"<!-- This site is optimized with the Yoast SEO plugin v27.5 - https:\/\/yoast.com\/product\/yoast-seo-wordpress\/ -->\n<title>Echarpe Cherry Blossom -<\/title>\n<meta name=\"description\" content=\"El echarpe Cherry Blossom es un complemeto de vestuario ideal para cualquier \u00e9poca del a\u00f1o Con una combinaci\u00f3n de tres hilados diferentes.\" \/>\n<meta name=\"robots\" content=\"index, follow, max-snippet:-1, max-image-preview:large, max-video-preview:-1\" \/>\n<link rel=\"canonical\" href=\"https:\/\/cv-creativa.de\/de\/produkt\/echarpe-cherry-blossom\/\" \/>\n<meta property=\"og:locale\" content=\"de_DE\" \/>\n<meta property=\"og:type\" content=\"article\" \/>\n<meta property=\"og:title\" content=\"Echarpe Cherry Blossom -\" \/>\n<meta property=\"og:description\" content=\"El echarpe Cherry Blossom es un complemeto de vestuario ideal para cualquier \u00e9poca del a\u00f1o Con una combinaci\u00f3n de tres hilados diferentes.\" \/>\n<meta property=\"og:url\" content=\"https:\/\/cv-creativa.de\/de\/produkt\/echarpe-cherry-blossom\/\" \/>\n<meta property=\"article:publisher\" content=\"https:\/\/www.facebook.com\/claudia.vigorenasalomon\" \/>\n<meta property=\"article:modified_time\" content=\"2026-01-30T08:14:49+00:00\" \/>\n<meta property=\"og:image\" content=\"http:\/\/cv-creativa.de\/wp-content\/uploads\/2021\/04\/echarpe-Cherry-Blossom3-scaled.jpg\" \/>\n\t<meta property=\"og:image:width\" content=\"2560\" \/>\n\t<meta property=\"og:image:height\" content=\"2048\" \/>\n\t<meta property=\"og:image:type\" content=\"image\/jpeg\" \/>\n<meta name=\"twitter:card\" content=\"summary_large_image\" \/>\n<meta name=\"twitter:label1\" content=\"Gesch\u00e4tzte Lesezeit\" \/>\n\t<meta name=\"twitter:data1\" content=\"2\u00a0Minuten\" \/>\n<script type=\"application\/ld+json\" class=\"yoast-schema-graph\">{\"@context\":\"https:\\\/\\\/schema.org\",\"@graph\":[{\"@type\":[\"WebPage\",\"ItemPage\"],\"@id\":\"https:\\\/\\\/cv-creativa.de\\\/producto\\\/echarpe-cherry-blossom\\\/\",\"url\":\"https:\\\/\\\/cv-creativa.de\\\/producto\\\/echarpe-cherry-blossom\\\/\",\"name\":\"Echarpe Cherry Blossom -\",\"isPartOf\":{\"@id\":\"https:\\\/\\\/cv-creativa.de\\\/#website\"},\"primaryImageOfPage\":{\"@id\":\"https:\\\/\\\/cv-creativa.de\\\/producto\\\/echarpe-cherry-blossom\\\/#primaryimage\"},\"image\":{\"@id\":\"https:\\\/\\\/cv-creativa.de\\\/producto\\\/echarpe-cherry-blossom\\\/#primaryimage\"},\"thumbnailUrl\":\"https:\\\/\\\/cv-creativa.de\\\/wp-content\\\/uploads\\\/2021\\\/04\\\/echarpe-Cherry-Blossom3-scaled.jpg\",\"datePublished\":\"2021-04-01T15:45:26+00:00\",\"dateModified\":\"2026-01-30T08:14:49+00:00\",\"description\":\"El echarpe Cherry Blossom es un complemeto de vestuario ideal para cualquier \u00e9poca del a\u00f1o Con una combinaci\u00f3n de tres hilados diferentes.\",\"breadcrumb\":{\"@id\":\"https:\\\/\\\/cv-creativa.de\\\/producto\\\/echarpe-cherry-blossom\\\/#breadcrumb\"},\"inLanguage\":\"de\",\"potentialAction\":[{\"@type\":\"ReadAction\",\"target\":[\"https:\\\/\\\/cv-creativa.de\\\/producto\\\/echarpe-cherry-blossom\\\/\"]}]},{\"@type\":\"ImageObject\",\"inLanguage\":\"de\",\"@id\":\"https:\\\/\\\/cv-creativa.de\\\/producto\\\/echarpe-cherry-blossom\\\/#primaryimage\",\"url\":\"https:\\\/\\\/cv-creativa.de\\\/wp-content\\\/uploads\\\/2021\\\/04\\\/echarpe-Cherry-Blossom3-scaled.jpg\",\"contentUrl\":\"https:\\\/\\\/cv-creativa.de\\\/wp-content\\\/uploads\\\/2021\\\/04\\\/echarpe-Cherry-Blossom3-scaled.jpg\",\"width\":2560,\"height\":2048,\"caption\":\"Mostrar el echarpe en uso y sus dimensiones\"},{\"@type\":\"BreadcrumbList\",\"@id\":\"https:\\\/\\\/cv-creativa.de\\\/producto\\\/echarpe-cherry-blossom\\\/#breadcrumb\",\"itemListElement\":[{\"@type\":\"ListItem\",\"position\":1,\"name\":\"Portada\",\"item\":\"https:\\\/\\\/cv-creativa.de\\\/\"},{\"@type\":\"ListItem\",\"position\":2,\"name\":\"Tienda\",\"item\":\"https:\\\/\\\/cv-creativa.de\\\/tienda\\\/\"},{\"@type\":\"ListItem\",\"position\":3,\"name\":\"Echarpe Cherry Blossom\"}]},{\"@type\":\"WebSite\",\"@id\":\"https:\\\/\\\/cv-creativa.de\\\/#website\",\"url\":\"https:\\\/\\\/cv-creativa.de\\\/\",\"name\":\"Crea tu mundo. Crea tu estilo.\",\"description\":\"\",\"publisher\":{\"@id\":\"https:\\\/\\\/cv-creativa.de\\\/#organization\"},\"potentialAction\":[{\"@type\":\"SearchAction\",\"target\":{\"@type\":\"EntryPoint\",\"urlTemplate\":\"https:\\\/\\\/cv-creativa.de\\\/?s={search_term_string}\"},\"query-input\":{\"@type\":\"PropertyValueSpecification\",\"valueRequired\":true,\"valueName\":\"search_term_string\"}}],\"inLanguage\":\"de\"},{\"@type\":\"Organization\",\"@id\":\"https:\\\/\\\/cv-creativa.de\\\/#organization\",\"name\":\"cv-creativa\",\"url\":\"https:\\\/\\\/cv-creativa.de\\\/\",\"logo\":{\"@type\":\"ImageObject\",\"inLanguage\":\"de\",\"@id\":\"https:\\\/\\\/cv-creativa.de\\\/#\\\/schema\\\/logo\\\/image\\\/\",\"url\":\"https:\\\/\\\/cv-creativa.de\\\/wp-content\\\/uploads\\\/2021\\\/01\\\/cropped-Logo-nuevo.jpg\",\"contentUrl\":\"https:\\\/\\\/cv-creativa.de\\\/wp-content\\\/uploads\\\/2021\\\/01\\\/cropped-Logo-nuevo.jpg\",\"width\":173,\"height\":175,\"caption\":\"cv-creativa\"},\"image\":{\"@id\":\"https:\\\/\\\/cv-creativa.de\\\/#\\\/schema\\\/logo\\\/image\\\/\"},\"sameAs\":[\"https:\\\/\\\/www.facebook.com\\\/claudia.vigorenasalomon\",\"https:\\\/\\\/www.instagram.com\\\/cv_creativa\\\/\",\"https:\\\/\\\/www.pinterest.de\\\/cv_vigorena\"]}]}<\/script>\n<!-- \/ Yoast SEO plugin. -->","yoast_head_json":{"title":"Echarpe Cherry Blossom -","description":"El echarpe Cherry Blossom es un complemeto de vestuario ideal para cualquier \u00e9poca del a\u00f1o Con una combinaci\u00f3n de tres hilados diferentes.","robots":{"index":"index","follow":"follow","max-snippet":"max-snippet:-1","max-image-preview":"max-image-preview:large","max-video-preview":"max-video-preview:-1"},"canonical":"https:\/\/cv-creativa.de\/de\/produkt\/echarpe-cherry-blossom\/","og_locale":"de_DE","og_type":"article","og_title":"Echarpe Cherry Blossom -","og_description":"El echarpe Cherry Blossom es un complemeto de vestuario ideal para cualquier \u00e9poca del a\u00f1o Con una combinaci\u00f3n de tres hilados diferentes.","og_url":"https:\/\/cv-creativa.de\/de\/produkt\/echarpe-cherry-blossom\/","article_publisher":"https:\/\/www.facebook.com\/claudia.vigorenasalomon","article_modified_time":"2026-01-30T08:14:49+00:00","og_image":[{"width":2560,"height":2048,"url":"http:\/\/cv-creativa.de\/wp-content\/uploads\/2021\/04\/echarpe-Cherry-Blossom3-scaled.jpg","type":"image\/jpeg"}],"twitter_card":"summary_large_image","twitter_misc":{"Gesch\u00e4tzte Lesezeit":"2\u00a0Minuten"},"schema":{"@context":"https:\/\/schema.org","@graph":[{"@type":["WebPage","ItemPage"],"@id":"https:\/\/cv-creativa.de\/producto\/echarpe-cherry-blossom\/","url":"https:\/\/cv-creativa.de\/producto\/echarpe-cherry-blossom\/","name":"Echarpe Cherry Blossom -","isPartOf":{"@id":"https:\/\/cv-creativa.de\/#website"},"primaryImageOfPage":{"@id":"https:\/\/cv-creativa.de\/producto\/echarpe-cherry-blossom\/#primaryimage"},"image":{"@id":"https:\/\/cv-creativa.de\/producto\/echarpe-cherry-blossom\/#primaryimage"},"thumbnailUrl":"https:\/\/cv-creativa.de\/wp-content\/uploads\/2021\/04\/echarpe-Cherry-Blossom3-scaled.jpg","datePublished":"2021-04-01T15:45:26+00:00","dateModified":"2026-01-30T08:14:49+00:00","description":"El echarpe Cherry Blossom es un complemeto de vestuario ideal para cualquier \u00e9poca del a\u00f1o Con una combinaci\u00f3n de tres hilados diferentes.","breadcrumb":{"@id":"https:\/\/cv-creativa.de\/producto\/echarpe-cherry-blossom\/#breadcrumb"},"inLanguage":"de","potentialAction":[{"@type":"ReadAction","target":["https:\/\/cv-creativa.de\/producto\/echarpe-cherry-blossom\/"]}]},{"@type":"ImageObject","inLanguage":"de","@id":"https:\/\/cv-creativa.de\/producto\/echarpe-cherry-blossom\/#primaryimage","url":"https:\/\/cv-creativa.de\/wp-content\/uploads\/2021\/04\/echarpe-Cherry-Blossom3-scaled.jpg","contentUrl":"https:\/\/cv-creativa.de\/wp-content\/uploads\/2021\/04\/echarpe-Cherry-Blossom3-scaled.jpg","width":2560,"height":2048,"caption":"Mostrar el echarpe en uso y sus dimensiones"},{"@type":"BreadcrumbList","@id":"https:\/\/cv-creativa.de\/producto\/echarpe-cherry-blossom\/#breadcrumb","itemListElement":[{"@type":"ListItem","position":1,"name":"Portada","item":"https:\/\/cv-creativa.de\/"},{"@type":"ListItem","position":2,"name":"Tienda","item":"https:\/\/cv-creativa.de\/tienda\/"},{"@type":"ListItem","position":3,"name":"Echarpe Cherry Blossom"}]},{"@type":"WebSite","@id":"https:\/\/cv-creativa.de\/#website","url":"https:\/\/cv-creativa.de\/","name":"Crea tu mundo. Crea tu estilo.","description":"","publisher":{"@id":"https:\/\/cv-creativa.de\/#organization"},"potentialAction":[{"@type":"SearchAction","target":{"@type":"EntryPoint","urlTemplate":"https:\/\/cv-creativa.de\/?s={search_term_string}"},"query-input":{"@type":"PropertyValueSpecification","valueRequired":true,"valueName":"search_term_string"}}],"inLanguage":"de"},{"@type":"Organization","@id":"https:\/\/cv-creativa.de\/#organization","name":"cv-creativa","url":"https:\/\/cv-creativa.de\/","logo":{"@type":"ImageObject","inLanguage":"de","@id":"https:\/\/cv-creativa.de\/#\/schema\/logo\/image\/","url":"https:\/\/cv-creativa.de\/wp-content\/uploads\/2021\/01\/cropped-Logo-nuevo.jpg","contentUrl":"https:\/\/cv-creativa.de\/wp-content\/uploads\/2021\/01\/cropped-Logo-nuevo.jpg","width":173,"height":175,"caption":"cv-creativa"},"image":{"@id":"https:\/\/cv-creativa.de\/#\/schema\/logo\/image\/"},"sameAs":["https:\/\/www.facebook.com\/claudia.vigorenasalomon","https:\/\/www.instagram.com\/cv_creativa\/","https:\/\/www.pinterest.de\/cv_vigorena"]}]}},"_links":{"self":[{"href":"https:\/\/cv-creativa.de\/de\/wp-json\/wp\/v2\/product\/939","targetHints":{"allow":["GET"]}}],"collection":[{"href":"https:\/\/cv-creativa.de\/de\/wp-json\/wp\/v2\/product"}],"about":[{"href":"https:\/\/cv-creativa.de\/de\/wp-json\/wp\/v2\/types\/product"}],"replies":[{"embeddable":true,"href":"https:\/\/cv-creativa.de\/de\/wp-json\/wp\/v2\/comments?post=939"}],"wp:featuredmedia":[{"embeddable":true,"href":"https:\/\/cv-creativa.de\/de\/wp-json\/wp\/v2\/media\/942"}],"wp:attachment":[{"href":"https:\/\/cv-creativa.de\/de\/wp-json\/wp\/v2\/media?parent=939"}],"wp:term":[{"taxonomy":"product_brand","embeddable":true,"href":"https:\/\/cv-creativa.de\/de\/wp-json\/wp\/v2\/product_brand?post=939"},{"taxonomy":"product_cat","embeddable":true,"href":"https:\/\/cv-creativa.de\/de\/wp-json\/wp\/v2\/product_cat?post=939"},{"taxonomy":"product_tag","embeddable":true,"href":"https:\/\/cv-creativa.de\/de\/wp-json\/wp\/v2\/product_tag?post=939"}],"curies":[{"name":"wp","href":"https:\/\/api.w.org\/{rel}","templated":true}]}}