{"id":954,"date":"2021-04-17T18:35:53","date_gmt":"2021-04-17T16:35:53","guid":{"rendered":"https:\/\/cv-creativa.de\/?post_type=product&#038;p=954"},"modified":"2026-01-30T09:13:49","modified_gmt":"2026-01-30T08:13:49","slug":"bloqueadores-de-peine-knitpro","status":"publish","type":"product","link":"https:\/\/cv-creativa.de\/de\/produkt\/bloqueadores-de-peine-knitpro\/","title":{"rendered":"KnitPro Knit Blockers"},"content":{"rendered":"<h1>Agujas bloqueadoras KnitPro<\/h1>\n<h2 class=\"product_title entry-title\">Bloqueadores en forma de peine de Knit pro<\/h2>\n<p>Las\u00a0<strong>agujas bloqueadoras de Knit Pro<\/strong>\u00a0son unas pr\u00e1cticas agujas que te ayudar\u00e1n a bloquear la labor para otorgarle el mejor de los resultados. Son muy \u00fatiles para conseguir la forma deseada en una labor sin necesidad del planchado. Son muy practicas para dar forma a bufandas, chales, pashminas, cuellos.<\/p>\n<p>En total el set ofrece 20 bloqueadores KnitPro en dos tama\u00f1os diferentes para utilizar en distintas formas y tama\u00f1os de tu labor. El tama\u00f1o m\u00e1s peque\u00f1o ser\u00e1 \u00fatil para zonas m\u00e1s espec\u00edficas y peque\u00f1as de la labor.<\/p>\n<p>&nbsp;<\/p>","protected":false},"excerpt":{"rendered":"<p><span class=\"a-list-item\"><span class=\"a-text-bold\">Dimensiones del producto :\u00a0<\/span>11.5 x 8 x 5 cm; 230 gramos<\/span><\/p>\n<p>Paquete con peines de colores para bloquear de la marca Knit pro<\/p>\n<p><span lang=\"ES\">Contiene\u00a0<\/span><span lang=\"ES\">12 unidades grandes\u00a0de 8 p\u00faas y 8 unidades peque\u00f1as de 4 p\u00faas<\/span><\/p>\n<p>&nbsp;<\/p>\n<p><span style=\"color: #999999;\">Gem\u00e4\u00df \u00a7 19 Umsatzsteuergesetz (UStG) wird keine Umsatzsteuer erhoben.<strong> +<\/strong> Gastos de env\u00edo<\/span><\/p>","protected":false},"featured_media":930,"comment_status":"open","ping_status":"closed","template":"","meta":{"neve_meta_sidebar":"","neve_meta_container":"","neve_meta_enable_content_width":"off","neve_meta_content_width":100,"neve_meta_title_alignment":"","neve_meta_author_avatar":"","neve_post_elements_order":"","neve_meta_disable_header":"","neve_meta_disable_footer":"","neve_meta_disable_title":""},"product_brand":[],"product_cat":[33],"product_tag":[136,137],"class_list":{"0":"post-954","1":"product","2":"type-product","3":"status-publish","4":"has-post-thumbnail","6":"product_cat-varios","7":"product_tag-agujas-bloqueo","8":"product_tag-arcoiris","9":"product_shipping_class-ropa-lanas-y-accesorios","11":"first","12":"instock","13":"purchasable","14":"product-type-simple"},"yoast_head":"<!-- This site is optimized with the Yoast SEO plugin v27.6 - https:\/\/yoast.com\/product\/yoast-seo-wordpress\/ -->\n<title>Bloqueadores de peine KnitPro -<\/title>\n<meta name=\"description\" content=\"Las agujas bloqueadoras de Knit Pro son unas pr\u00e1cticas agujas que te ayudar\u00e1n a bloquear la labor para otorgarle el mejor de los resultados.\" \/>\n<meta name=\"robots\" content=\"index, follow, max-snippet:-1, max-image-preview:large, max-video-preview:-1\" \/>\n<link rel=\"canonical\" href=\"https:\/\/cv-creativa.de\/de\/produkt\/bloqueadores-de-peine-knitpro\/\" \/>\n<meta property=\"og:locale\" content=\"de_DE\" \/>\n<meta property=\"og:type\" content=\"article\" \/>\n<meta property=\"og:title\" content=\"Bloqueadores de peine KnitPro -\" \/>\n<meta property=\"og:description\" content=\"Las agujas bloqueadoras de Knit Pro son unas pr\u00e1cticas agujas que te ayudar\u00e1n a bloquear la labor para otorgarle el mejor de los resultados.\" \/>\n<meta property=\"og:url\" content=\"https:\/\/cv-creativa.de\/de\/produkt\/bloqueadores-de-peine-knitpro\/\" \/>\n<meta property=\"article:publisher\" content=\"https:\/\/www.facebook.com\/claudia.vigorenasalomon\" \/>\n<meta property=\"article:modified_time\" content=\"2026-01-30T08:13:49+00:00\" \/>\n<meta property=\"og:image\" content=\"http:\/\/cv-creativa.de\/wp-content\/uploads\/2021\/03\/Caja-de-agujas-Knit-Pro-Comb.jpg\" \/>\n\t<meta property=\"og:image:width\" content=\"349\" \/>\n\t<meta property=\"og:image:height\" content=\"268\" \/>\n\t<meta property=\"og:image:type\" content=\"image\/jpeg\" \/>\n<meta name=\"twitter:card\" content=\"summary_large_image\" \/>\n<meta name=\"twitter:label1\" content=\"Gesch\u00e4tzte Lesezeit\" \/>\n\t<meta name=\"twitter:data1\" content=\"1\u00a0Minute\" \/>\n<script type=\"application\/ld+json\" class=\"yoast-schema-graph\">{\"@context\":\"https:\\\/\\\/schema.org\",\"@graph\":[{\"@type\":[\"WebPage\",\"ItemPage\"],\"@id\":\"https:\\\/\\\/cv-creativa.de\\\/producto\\\/bloqueadores-de-peine-knitpro\\\/\",\"url\":\"https:\\\/\\\/cv-creativa.de\\\/producto\\\/bloqueadores-de-peine-knitpro\\\/\",\"name\":\"Bloqueadores de peine KnitPro -\",\"isPartOf\":{\"@id\":\"https:\\\/\\\/cv-creativa.de\\\/#website\"},\"primaryImageOfPage\":{\"@id\":\"https:\\\/\\\/cv-creativa.de\\\/producto\\\/bloqueadores-de-peine-knitpro\\\/#primaryimage\"},\"image\":{\"@id\":\"https:\\\/\\\/cv-creativa.de\\\/producto\\\/bloqueadores-de-peine-knitpro\\\/#primaryimage\"},\"thumbnailUrl\":\"https:\\\/\\\/cv-creativa.de\\\/wp-content\\\/uploads\\\/2021\\\/03\\\/Caja-de-agujas-Knit-Pro-Comb.jpg\",\"datePublished\":\"2021-04-17T16:35:53+00:00\",\"dateModified\":\"2026-01-30T08:13:49+00:00\",\"description\":\"Las agujas bloqueadoras de Knit Pro son unas pr\u00e1cticas agujas que te ayudar\u00e1n a bloquear la labor para otorgarle el mejor de los resultados.\",\"breadcrumb\":{\"@id\":\"https:\\\/\\\/cv-creativa.de\\\/producto\\\/bloqueadores-de-peine-knitpro\\\/#breadcrumb\"},\"inLanguage\":\"de\",\"potentialAction\":[{\"@type\":\"ReadAction\",\"target\":[\"https:\\\/\\\/cv-creativa.de\\\/producto\\\/bloqueadores-de-peine-knitpro\\\/\"]}]},{\"@type\":\"ImageObject\",\"inLanguage\":\"de\",\"@id\":\"https:\\\/\\\/cv-creativa.de\\\/producto\\\/bloqueadores-de-peine-knitpro\\\/#primaryimage\",\"url\":\"https:\\\/\\\/cv-creativa.de\\\/wp-content\\\/uploads\\\/2021\\\/03\\\/Caja-de-agujas-Knit-Pro-Comb.jpg\",\"contentUrl\":\"https:\\\/\\\/cv-creativa.de\\\/wp-content\\\/uploads\\\/2021\\\/03\\\/Caja-de-agujas-Knit-Pro-Comb.jpg\",\"width\":349,\"height\":268},{\"@type\":\"BreadcrumbList\",\"@id\":\"https:\\\/\\\/cv-creativa.de\\\/producto\\\/bloqueadores-de-peine-knitpro\\\/#breadcrumb\",\"itemListElement\":[{\"@type\":\"ListItem\",\"position\":1,\"name\":\"Portada\",\"item\":\"https:\\\/\\\/cv-creativa.de\\\/\"},{\"@type\":\"ListItem\",\"position\":2,\"name\":\"Tienda\",\"item\":\"https:\\\/\\\/cv-creativa.de\\\/tienda\\\/\"},{\"@type\":\"ListItem\",\"position\":3,\"name\":\"Bloqueadores de peine KnitPro\"}]},{\"@type\":\"WebSite\",\"@id\":\"https:\\\/\\\/cv-creativa.de\\\/#website\",\"url\":\"https:\\\/\\\/cv-creativa.de\\\/\",\"name\":\"Crea tu mundo. Crea tu estilo.\",\"description\":\"\",\"publisher\":{\"@id\":\"https:\\\/\\\/cv-creativa.de\\\/#organization\"},\"potentialAction\":[{\"@type\":\"SearchAction\",\"target\":{\"@type\":\"EntryPoint\",\"urlTemplate\":\"https:\\\/\\\/cv-creativa.de\\\/?s={search_term_string}\"},\"query-input\":{\"@type\":\"PropertyValueSpecification\",\"valueRequired\":true,\"valueName\":\"search_term_string\"}}],\"inLanguage\":\"de\"},{\"@type\":\"Organization\",\"@id\":\"https:\\\/\\\/cv-creativa.de\\\/#organization\",\"name\":\"cv-creativa\",\"url\":\"https:\\\/\\\/cv-creativa.de\\\/\",\"logo\":{\"@type\":\"ImageObject\",\"inLanguage\":\"de\",\"@id\":\"https:\\\/\\\/cv-creativa.de\\\/#\\\/schema\\\/logo\\\/image\\\/\",\"url\":\"https:\\\/\\\/cv-creativa.de\\\/wp-content\\\/uploads\\\/2021\\\/01\\\/cropped-Logo-nuevo.jpg\",\"contentUrl\":\"https:\\\/\\\/cv-creativa.de\\\/wp-content\\\/uploads\\\/2021\\\/01\\\/cropped-Logo-nuevo.jpg\",\"width\":173,\"height\":175,\"caption\":\"cv-creativa\"},\"image\":{\"@id\":\"https:\\\/\\\/cv-creativa.de\\\/#\\\/schema\\\/logo\\\/image\\\/\"},\"sameAs\":[\"https:\\\/\\\/www.facebook.com\\\/claudia.vigorenasalomon\",\"https:\\\/\\\/www.instagram.com\\\/cv_creativa\\\/\",\"https:\\\/\\\/www.pinterest.de\\\/cv_vigorena\"]}]}<\/script>\n<!-- \/ Yoast SEO plugin. -->","yoast_head_json":{"title":"Bloqueadores de peine KnitPro -","description":"Las agujas bloqueadoras de Knit Pro son unas pr\u00e1cticas agujas que te ayudar\u00e1n a bloquear la labor para otorgarle el mejor de los resultados.","robots":{"index":"index","follow":"follow","max-snippet":"max-snippet:-1","max-image-preview":"max-image-preview:large","max-video-preview":"max-video-preview:-1"},"canonical":"https:\/\/cv-creativa.de\/de\/produkt\/bloqueadores-de-peine-knitpro\/","og_locale":"de_DE","og_type":"article","og_title":"Bloqueadores de peine KnitPro -","og_description":"Las agujas bloqueadoras de Knit Pro son unas pr\u00e1cticas agujas que te ayudar\u00e1n a bloquear la labor para otorgarle el mejor de los resultados.","og_url":"https:\/\/cv-creativa.de\/de\/produkt\/bloqueadores-de-peine-knitpro\/","article_publisher":"https:\/\/www.facebook.com\/claudia.vigorenasalomon","article_modified_time":"2026-01-30T08:13:49+00:00","og_image":[{"width":349,"height":268,"url":"http:\/\/cv-creativa.de\/wp-content\/uploads\/2021\/03\/Caja-de-agujas-Knit-Pro-Comb.jpg","type":"image\/jpeg"}],"twitter_card":"summary_large_image","twitter_misc":{"Gesch\u00e4tzte Lesezeit":"1\u00a0Minute"},"schema":{"@context":"https:\/\/schema.org","@graph":[{"@type":["WebPage","ItemPage"],"@id":"https:\/\/cv-creativa.de\/producto\/bloqueadores-de-peine-knitpro\/","url":"https:\/\/cv-creativa.de\/producto\/bloqueadores-de-peine-knitpro\/","name":"Bloqueadores de peine KnitPro -","isPartOf":{"@id":"https:\/\/cv-creativa.de\/#website"},"primaryImageOfPage":{"@id":"https:\/\/cv-creativa.de\/producto\/bloqueadores-de-peine-knitpro\/#primaryimage"},"image":{"@id":"https:\/\/cv-creativa.de\/producto\/bloqueadores-de-peine-knitpro\/#primaryimage"},"thumbnailUrl":"https:\/\/cv-creativa.de\/wp-content\/uploads\/2021\/03\/Caja-de-agujas-Knit-Pro-Comb.jpg","datePublished":"2021-04-17T16:35:53+00:00","dateModified":"2026-01-30T08:13:49+00:00","description":"Las agujas bloqueadoras de Knit Pro son unas pr\u00e1cticas agujas que te ayudar\u00e1n a bloquear la labor para otorgarle el mejor de los resultados.","breadcrumb":{"@id":"https:\/\/cv-creativa.de\/producto\/bloqueadores-de-peine-knitpro\/#breadcrumb"},"inLanguage":"de","potentialAction":[{"@type":"ReadAction","target":["https:\/\/cv-creativa.de\/producto\/bloqueadores-de-peine-knitpro\/"]}]},{"@type":"ImageObject","inLanguage":"de","@id":"https:\/\/cv-creativa.de\/producto\/bloqueadores-de-peine-knitpro\/#primaryimage","url":"https:\/\/cv-creativa.de\/wp-content\/uploads\/2021\/03\/Caja-de-agujas-Knit-Pro-Comb.jpg","contentUrl":"https:\/\/cv-creativa.de\/wp-content\/uploads\/2021\/03\/Caja-de-agujas-Knit-Pro-Comb.jpg","width":349,"height":268},{"@type":"BreadcrumbList","@id":"https:\/\/cv-creativa.de\/producto\/bloqueadores-de-peine-knitpro\/#breadcrumb","itemListElement":[{"@type":"ListItem","position":1,"name":"Portada","item":"https:\/\/cv-creativa.de\/"},{"@type":"ListItem","position":2,"name":"Tienda","item":"https:\/\/cv-creativa.de\/tienda\/"},{"@type":"ListItem","position":3,"name":"Bloqueadores de peine KnitPro"}]},{"@type":"WebSite","@id":"https:\/\/cv-creativa.de\/#website","url":"https:\/\/cv-creativa.de\/","name":"Crea tu mundo. Crea tu estilo.","description":"","publisher":{"@id":"https:\/\/cv-creativa.de\/#organization"},"potentialAction":[{"@type":"SearchAction","target":{"@type":"EntryPoint","urlTemplate":"https:\/\/cv-creativa.de\/?s={search_term_string}"},"query-input":{"@type":"PropertyValueSpecification","valueRequired":true,"valueName":"search_term_string"}}],"inLanguage":"de"},{"@type":"Organization","@id":"https:\/\/cv-creativa.de\/#organization","name":"cv-creativa","url":"https:\/\/cv-creativa.de\/","logo":{"@type":"ImageObject","inLanguage":"de","@id":"https:\/\/cv-creativa.de\/#\/schema\/logo\/image\/","url":"https:\/\/cv-creativa.de\/wp-content\/uploads\/2021\/01\/cropped-Logo-nuevo.jpg","contentUrl":"https:\/\/cv-creativa.de\/wp-content\/uploads\/2021\/01\/cropped-Logo-nuevo.jpg","width":173,"height":175,"caption":"cv-creativa"},"image":{"@id":"https:\/\/cv-creativa.de\/#\/schema\/logo\/image\/"},"sameAs":["https:\/\/www.facebook.com\/claudia.vigorenasalomon","https:\/\/www.instagram.com\/cv_creativa\/","https:\/\/www.pinterest.de\/cv_vigorena"]}]}},"_links":{"self":[{"href":"https:\/\/cv-creativa.de\/de\/wp-json\/wp\/v2\/product\/954","targetHints":{"allow":["GET"]}}],"collection":[{"href":"https:\/\/cv-creativa.de\/de\/wp-json\/wp\/v2\/product"}],"about":[{"href":"https:\/\/cv-creativa.de\/de\/wp-json\/wp\/v2\/types\/product"}],"replies":[{"embeddable":true,"href":"https:\/\/cv-creativa.de\/de\/wp-json\/wp\/v2\/comments?post=954"}],"wp:featuredmedia":[{"embeddable":true,"href":"https:\/\/cv-creativa.de\/de\/wp-json\/wp\/v2\/media\/930"}],"wp:attachment":[{"href":"https:\/\/cv-creativa.de\/de\/wp-json\/wp\/v2\/media?parent=954"}],"wp:term":[{"taxonomy":"product_brand","embeddable":true,"href":"https:\/\/cv-creativa.de\/de\/wp-json\/wp\/v2\/product_brand?post=954"},{"taxonomy":"product_cat","embeddable":true,"href":"https:\/\/cv-creativa.de\/de\/wp-json\/wp\/v2\/product_cat?post=954"},{"taxonomy":"product_tag","embeddable":true,"href":"https:\/\/cv-creativa.de\/de\/wp-json\/wp\/v2\/product_tag?post=954"}],"curies":[{"name":"wp","href":"https:\/\/api.w.org\/{rel}","templated":true}]}}