{"id":957,"date":"2021-04-17T19:29:06","date_gmt":"2021-04-17T17:29:06","guid":{"rendered":"https:\/\/cv-creativa.de\/?post_type=product&#038;p=957"},"modified":"2026-01-30T09:12:43","modified_gmt":"2026-01-30T08:12:43","slug":"patron-cuello-kotaix","status":"publish","type":"product","link":"https:\/\/cv-creativa.de\/de\/produkt\/patron-cuello-kotaix\/","title":{"rendered":"Anleitung Kotaix Kragen"},"content":{"rendered":"<h1>Patr\u00f3n cuello Kotaix<\/h1>\n<p><b>Kotaix<\/b>\u00a0(o Halah\u00e1ches) es el esp\u00edritu\u00a0<b>selknam<\/b> m\u00e1s conocido por sus cuernos, y representaba a un payaso. Era el \u00fanico capaz de controlar a Xalpen, la diosa del inframundo. O m\u00e1s bien el contrario de Xalpen. Es un espiritu masculino del cielo. Le quitaba la supremac\u00eda a Xalpen. Cuando \u00e9l aparece en el Hain, ella vuelve inmediatamente a las profundidades de la tierra.<\/p>\n<p>Es muy interesante conocer a esta cultura polite\u00edsta que vivi\u00f3 en la patagonia, que se cre\u00eda, que como muri\u00f3 la \u00faltima mujer Selknam, este pueblo se hab\u00eda extinguido. Pero, al igual que en casi todas las culturas, ellos se fueron mezclando con otras culturas. Claro, ya no quedan 100% Selknam, pero, es improtante eso?<\/p>\n<p>Esta pueblo era uno de los pocos que funcionaba como <b>matriarcado<\/b>, hasta que, seg\u00fan la <b>leyenda<\/b>, los hombres descubrieron un enga\u00f1o y asesinaron a todas las mujeres del pueblo. S\u00f3lo logr\u00f3 escaparse una. Si te interesa saber un poco m\u00e1s, puedes encontrar mucho material en youtube. (Mucho m\u00e1s de lo que te puedes imaginar). S\u00f3lo debes escribir \u201c<b>cultura Selknam<\/b>\u201d o simplemente <b>Selknam<\/b>.<\/p>\n<p>Conversando en familia sobre diferentes culturas ind\u00edgenas, llegamos a los nativos que habitaban la regi\u00f3n donde yo nac\u00ed, Magallanes. Sobre estas culturas se estudia muy poco, y por lo tanto son poco conocidas.<\/p>\n<p>Estoy muy contenta de\u00a0 publicar por primera vez un patr\u00f3n escrito por m\u00ed. Espero que te guste!<\/p>","protected":false},"excerpt":{"rendered":"<h1>Cuello Kotaix<\/h1>\n<p>Es un cuello que se teje con la t\u00e9cnica de Jacquard.<\/p>\n<p><span style=\"color: #999999;\">Gem\u00e4\u00df \u00a7 19 Umsatzsteuergesetz (UStG) wird keine Umsatzsteuer erhoben.<strong> +<\/strong> Gastos de env\u00edo<\/span><\/p>","protected":false},"featured_media":961,"comment_status":"open","ping_status":"closed","template":"","meta":{"neve_meta_sidebar":"","neve_meta_container":"","neve_meta_enable_content_width":"off","neve_meta_content_width":100,"neve_meta_title_alignment":"","neve_meta_author_avatar":"","neve_post_elements_order":"","neve_meta_disable_header":"","neve_meta_disable_footer":"","neve_meta_disable_title":""},"product_brand":[],"product_cat":[143],"product_tag":[142,138,139,141,140],"class_list":{"0":"post-957","1":"product","2":"type-product","3":"status-publish","4":"has-post-thumbnail","6":"product_cat-patrones","7":"product_tag-circulares","8":"product_tag-cuello","9":"product_tag-cultura","10":"product_tag-dos-agujas","11":"product_tag-merino","13":"first","14":"instock","15":"downloadable","16":"purchasable","17":"product-type-simple"},"yoast_head":"<!-- This site is optimized with the Yoast SEO plugin v27.6 - https:\/\/yoast.com\/product\/yoast-seo-wordpress\/ -->\n<title>Patr\u00f3n Cuello Kotaix -<\/title>\n<meta name=\"description\" content=\"Kotaix\u00a0es el esp\u00edritu\u00a0selknam\u00a0m\u00e1s conocido por sus cuernos, y representaba a un payaso. Este es un cuello inspirado en la cultura de la patagonia chilena.\" \/>\n<meta name=\"robots\" content=\"index, follow, max-snippet:-1, max-image-preview:large, max-video-preview:-1\" \/>\n<link rel=\"canonical\" href=\"https:\/\/cv-creativa.de\/de\/produkt\/patron-cuello-kotaix\/\" \/>\n<meta property=\"og:locale\" content=\"de_DE\" \/>\n<meta property=\"og:type\" content=\"article\" \/>\n<meta property=\"og:title\" content=\"Patr\u00f3n Cuello Kotaix -\" \/>\n<meta property=\"og:description\" content=\"Kotaix\u00a0es el esp\u00edritu\u00a0selknam\u00a0m\u00e1s conocido por sus cuernos, y representaba a un payaso. Este es un cuello inspirado en la cultura de la patagonia chilena.\" \/>\n<meta property=\"og:url\" content=\"https:\/\/cv-creativa.de\/de\/produkt\/patron-cuello-kotaix\/\" \/>\n<meta property=\"article:publisher\" content=\"https:\/\/www.facebook.com\/claudia.vigorenasalomon\" \/>\n<meta property=\"article:modified_time\" content=\"2026-01-30T08:12:43+00:00\" \/>\n<meta property=\"og:image\" content=\"http:\/\/cv-creativa.de\/wp-content\/uploads\/2021\/04\/PXL_20210221_130947042.PORTRAIT-scaled.jpg\" \/>\n\t<meta property=\"og:image:width\" content=\"1920\" \/>\n\t<meta property=\"og:image:height\" content=\"2560\" \/>\n\t<meta property=\"og:image:type\" content=\"image\/jpeg\" \/>\n<meta name=\"twitter:card\" content=\"summary_large_image\" \/>\n<meta name=\"twitter:label1\" content=\"Gesch\u00e4tzte Lesezeit\" \/>\n\t<meta name=\"twitter:data1\" content=\"2\u00a0Minuten\" \/>\n<script type=\"application\/ld+json\" class=\"yoast-schema-graph\">{\"@context\":\"https:\\\/\\\/schema.org\",\"@graph\":[{\"@type\":[\"WebPage\",\"ItemPage\"],\"@id\":\"https:\\\/\\\/cv-creativa.de\\\/producto\\\/patron-cuello-kotaix\\\/\",\"url\":\"https:\\\/\\\/cv-creativa.de\\\/producto\\\/patron-cuello-kotaix\\\/\",\"name\":\"Patr\u00f3n Cuello Kotaix -\",\"isPartOf\":{\"@id\":\"https:\\\/\\\/cv-creativa.de\\\/#website\"},\"primaryImageOfPage\":{\"@id\":\"https:\\\/\\\/cv-creativa.de\\\/producto\\\/patron-cuello-kotaix\\\/#primaryimage\"},\"image\":{\"@id\":\"https:\\\/\\\/cv-creativa.de\\\/producto\\\/patron-cuello-kotaix\\\/#primaryimage\"},\"thumbnailUrl\":\"https:\\\/\\\/cv-creativa.de\\\/wp-content\\\/uploads\\\/2021\\\/04\\\/PXL_20210221_130947042.PORTRAIT-scaled.jpg\",\"datePublished\":\"2021-04-17T17:29:06+00:00\",\"dateModified\":\"2026-01-30T08:12:43+00:00\",\"description\":\"Kotaix\u00a0es el esp\u00edritu\u00a0selknam\u00a0m\u00e1s conocido por sus cuernos, y representaba a un payaso. Este es un cuello inspirado en la cultura de la patagonia chilena.\",\"breadcrumb\":{\"@id\":\"https:\\\/\\\/cv-creativa.de\\\/producto\\\/patron-cuello-kotaix\\\/#breadcrumb\"},\"inLanguage\":\"de\",\"potentialAction\":[{\"@type\":\"ReadAction\",\"target\":[\"https:\\\/\\\/cv-creativa.de\\\/producto\\\/patron-cuello-kotaix\\\/\"]}]},{\"@type\":\"ImageObject\",\"inLanguage\":\"de\",\"@id\":\"https:\\\/\\\/cv-creativa.de\\\/producto\\\/patron-cuello-kotaix\\\/#primaryimage\",\"url\":\"https:\\\/\\\/cv-creativa.de\\\/wp-content\\\/uploads\\\/2021\\\/04\\\/PXL_20210221_130947042.PORTRAIT-scaled.jpg\",\"contentUrl\":\"https:\\\/\\\/cv-creativa.de\\\/wp-content\\\/uploads\\\/2021\\\/04\\\/PXL_20210221_130947042.PORTRAIT-scaled.jpg\",\"width\":1920,\"height\":2560},{\"@type\":\"BreadcrumbList\",\"@id\":\"https:\\\/\\\/cv-creativa.de\\\/producto\\\/patron-cuello-kotaix\\\/#breadcrumb\",\"itemListElement\":[{\"@type\":\"ListItem\",\"position\":1,\"name\":\"Portada\",\"item\":\"https:\\\/\\\/cv-creativa.de\\\/\"},{\"@type\":\"ListItem\",\"position\":2,\"name\":\"Tienda\",\"item\":\"https:\\\/\\\/cv-creativa.de\\\/tienda\\\/\"},{\"@type\":\"ListItem\",\"position\":3,\"name\":\"Patr\u00f3n Cuello Kotaix\"}]},{\"@type\":\"WebSite\",\"@id\":\"https:\\\/\\\/cv-creativa.de\\\/#website\",\"url\":\"https:\\\/\\\/cv-creativa.de\\\/\",\"name\":\"Crea tu mundo. Crea tu estilo.\",\"description\":\"\",\"publisher\":{\"@id\":\"https:\\\/\\\/cv-creativa.de\\\/#organization\"},\"potentialAction\":[{\"@type\":\"SearchAction\",\"target\":{\"@type\":\"EntryPoint\",\"urlTemplate\":\"https:\\\/\\\/cv-creativa.de\\\/?s={search_term_string}\"},\"query-input\":{\"@type\":\"PropertyValueSpecification\",\"valueRequired\":true,\"valueName\":\"search_term_string\"}}],\"inLanguage\":\"de\"},{\"@type\":\"Organization\",\"@id\":\"https:\\\/\\\/cv-creativa.de\\\/#organization\",\"name\":\"cv-creativa\",\"url\":\"https:\\\/\\\/cv-creativa.de\\\/\",\"logo\":{\"@type\":\"ImageObject\",\"inLanguage\":\"de\",\"@id\":\"https:\\\/\\\/cv-creativa.de\\\/#\\\/schema\\\/logo\\\/image\\\/\",\"url\":\"https:\\\/\\\/cv-creativa.de\\\/wp-content\\\/uploads\\\/2021\\\/01\\\/cropped-Logo-nuevo.jpg\",\"contentUrl\":\"https:\\\/\\\/cv-creativa.de\\\/wp-content\\\/uploads\\\/2021\\\/01\\\/cropped-Logo-nuevo.jpg\",\"width\":173,\"height\":175,\"caption\":\"cv-creativa\"},\"image\":{\"@id\":\"https:\\\/\\\/cv-creativa.de\\\/#\\\/schema\\\/logo\\\/image\\\/\"},\"sameAs\":[\"https:\\\/\\\/www.facebook.com\\\/claudia.vigorenasalomon\",\"https:\\\/\\\/www.instagram.com\\\/cv_creativa\\\/\",\"https:\\\/\\\/www.pinterest.de\\\/cv_vigorena\"]}]}<\/script>\n<!-- \/ Yoast SEO plugin. -->","yoast_head_json":{"title":"Patr\u00f3n Cuello Kotaix -","description":"Kotaix\u00a0es el esp\u00edritu\u00a0selknam\u00a0m\u00e1s conocido por sus cuernos, y representaba a un payaso. Este es un cuello inspirado en la cultura de la patagonia chilena.","robots":{"index":"index","follow":"follow","max-snippet":"max-snippet:-1","max-image-preview":"max-image-preview:large","max-video-preview":"max-video-preview:-1"},"canonical":"https:\/\/cv-creativa.de\/de\/produkt\/patron-cuello-kotaix\/","og_locale":"de_DE","og_type":"article","og_title":"Patr\u00f3n Cuello Kotaix -","og_description":"Kotaix\u00a0es el esp\u00edritu\u00a0selknam\u00a0m\u00e1s conocido por sus cuernos, y representaba a un payaso. Este es un cuello inspirado en la cultura de la patagonia chilena.","og_url":"https:\/\/cv-creativa.de\/de\/produkt\/patron-cuello-kotaix\/","article_publisher":"https:\/\/www.facebook.com\/claudia.vigorenasalomon","article_modified_time":"2026-01-30T08:12:43+00:00","og_image":[{"width":1920,"height":2560,"url":"http:\/\/cv-creativa.de\/wp-content\/uploads\/2021\/04\/PXL_20210221_130947042.PORTRAIT-scaled.jpg","type":"image\/jpeg"}],"twitter_card":"summary_large_image","twitter_misc":{"Gesch\u00e4tzte Lesezeit":"2\u00a0Minuten"},"schema":{"@context":"https:\/\/schema.org","@graph":[{"@type":["WebPage","ItemPage"],"@id":"https:\/\/cv-creativa.de\/producto\/patron-cuello-kotaix\/","url":"https:\/\/cv-creativa.de\/producto\/patron-cuello-kotaix\/","name":"Patr\u00f3n Cuello Kotaix -","isPartOf":{"@id":"https:\/\/cv-creativa.de\/#website"},"primaryImageOfPage":{"@id":"https:\/\/cv-creativa.de\/producto\/patron-cuello-kotaix\/#primaryimage"},"image":{"@id":"https:\/\/cv-creativa.de\/producto\/patron-cuello-kotaix\/#primaryimage"},"thumbnailUrl":"https:\/\/cv-creativa.de\/wp-content\/uploads\/2021\/04\/PXL_20210221_130947042.PORTRAIT-scaled.jpg","datePublished":"2021-04-17T17:29:06+00:00","dateModified":"2026-01-30T08:12:43+00:00","description":"Kotaix\u00a0es el esp\u00edritu\u00a0selknam\u00a0m\u00e1s conocido por sus cuernos, y representaba a un payaso. Este es un cuello inspirado en la cultura de la patagonia chilena.","breadcrumb":{"@id":"https:\/\/cv-creativa.de\/producto\/patron-cuello-kotaix\/#breadcrumb"},"inLanguage":"de","potentialAction":[{"@type":"ReadAction","target":["https:\/\/cv-creativa.de\/producto\/patron-cuello-kotaix\/"]}]},{"@type":"ImageObject","inLanguage":"de","@id":"https:\/\/cv-creativa.de\/producto\/patron-cuello-kotaix\/#primaryimage","url":"https:\/\/cv-creativa.de\/wp-content\/uploads\/2021\/04\/PXL_20210221_130947042.PORTRAIT-scaled.jpg","contentUrl":"https:\/\/cv-creativa.de\/wp-content\/uploads\/2021\/04\/PXL_20210221_130947042.PORTRAIT-scaled.jpg","width":1920,"height":2560},{"@type":"BreadcrumbList","@id":"https:\/\/cv-creativa.de\/producto\/patron-cuello-kotaix\/#breadcrumb","itemListElement":[{"@type":"ListItem","position":1,"name":"Portada","item":"https:\/\/cv-creativa.de\/"},{"@type":"ListItem","position":2,"name":"Tienda","item":"https:\/\/cv-creativa.de\/tienda\/"},{"@type":"ListItem","position":3,"name":"Patr\u00f3n Cuello Kotaix"}]},{"@type":"WebSite","@id":"https:\/\/cv-creativa.de\/#website","url":"https:\/\/cv-creativa.de\/","name":"Crea tu mundo. Crea tu estilo.","description":"","publisher":{"@id":"https:\/\/cv-creativa.de\/#organization"},"potentialAction":[{"@type":"SearchAction","target":{"@type":"EntryPoint","urlTemplate":"https:\/\/cv-creativa.de\/?s={search_term_string}"},"query-input":{"@type":"PropertyValueSpecification","valueRequired":true,"valueName":"search_term_string"}}],"inLanguage":"de"},{"@type":"Organization","@id":"https:\/\/cv-creativa.de\/#organization","name":"cv-creativa","url":"https:\/\/cv-creativa.de\/","logo":{"@type":"ImageObject","inLanguage":"de","@id":"https:\/\/cv-creativa.de\/#\/schema\/logo\/image\/","url":"https:\/\/cv-creativa.de\/wp-content\/uploads\/2021\/01\/cropped-Logo-nuevo.jpg","contentUrl":"https:\/\/cv-creativa.de\/wp-content\/uploads\/2021\/01\/cropped-Logo-nuevo.jpg","width":173,"height":175,"caption":"cv-creativa"},"image":{"@id":"https:\/\/cv-creativa.de\/#\/schema\/logo\/image\/"},"sameAs":["https:\/\/www.facebook.com\/claudia.vigorenasalomon","https:\/\/www.instagram.com\/cv_creativa\/","https:\/\/www.pinterest.de\/cv_vigorena"]}]}},"_links":{"self":[{"href":"https:\/\/cv-creativa.de\/de\/wp-json\/wp\/v2\/product\/957","targetHints":{"allow":["GET"]}}],"collection":[{"href":"https:\/\/cv-creativa.de\/de\/wp-json\/wp\/v2\/product"}],"about":[{"href":"https:\/\/cv-creativa.de\/de\/wp-json\/wp\/v2\/types\/product"}],"replies":[{"embeddable":true,"href":"https:\/\/cv-creativa.de\/de\/wp-json\/wp\/v2\/comments?post=957"}],"wp:featuredmedia":[{"embeddable":true,"href":"https:\/\/cv-creativa.de\/de\/wp-json\/wp\/v2\/media\/961"}],"wp:attachment":[{"href":"https:\/\/cv-creativa.de\/de\/wp-json\/wp\/v2\/media?parent=957"}],"wp:term":[{"taxonomy":"product_brand","embeddable":true,"href":"https:\/\/cv-creativa.de\/de\/wp-json\/wp\/v2\/product_brand?post=957"},{"taxonomy":"product_cat","embeddable":true,"href":"https:\/\/cv-creativa.de\/de\/wp-json\/wp\/v2\/product_cat?post=957"},{"taxonomy":"product_tag","embeddable":true,"href":"https:\/\/cv-creativa.de\/de\/wp-json\/wp\/v2\/product_tag?post=957"}],"curies":[{"name":"wp","href":"https:\/\/api.w.org\/{rel}","templated":true}]}}